{"id":25946,"date":"2021-05-28T14:45:38","date_gmt":"2021-05-28T12:45:38","guid":{"rendered":"https:\/\/www.climatecoating.com\/iglesia\/"},"modified":"2021-05-28T14:45:38","modified_gmt":"2021-05-28T12:45:38","slug":"iglesia","status":"publish","type":"page","link":"https:\/\/www.climatecoating.com\/es\/referencias\/iglesia\/","title":{"rendered":"Iglesia"},"content":{"rendered":"<div class=\"wpb-content-wrapper\"><p>[vc_row row_type=&#8221;row&#8221; use_row_as_full_screen_section=&#8221;no&#8221; type=&#8221;full_width&#8221; text_align=&#8221;left&#8221; background_animation=&#8221;none&#8221; padding_top=&#8221;14&#8243; padding_bottom=&#8221;100&#8243; css_animation=&#8221;&#8221;][vc_column][vc_column_text]<\/p>\n<h1>Referencias &#8211; Iglesia<\/h1>\n<p>[\/vc_column_text]<div class='projects_holder_outer v3 portfolio_with_space portfolio_with_hover_text  qode-filter-position-left'>\n\t    \t<div class='projects_holder clearfix v3 hover_text portfolio_default_image '>\n\t\t<article class=\"mix portfolio_category_741\">\n    <div class='image_holder elegant_hover'>\n        \n<span class='image'><img loading=\"lazy\" decoding=\"async\" width=\"550\" height=\"498\" src=\"https:\/\/www.climatecoating.com\/wp-content\/uploads\/2020\/07\/Kirche-in-Blokzijl_01-550x498.jpg\" class=\"attachment-portfolio-default size-portfolio-default wp-post-image\" alt=\"Iglesia de Blokzijl 01\" srcset=\"https:\/\/www.climatecoating.com\/wp-content\/uploads\/2020\/07\/Kirche-in-Blokzijl_01-550x498.jpg 550w, https:\/\/www.climatecoating.com\/wp-content\/uploads\/2020\/07\/Kirche-in-Blokzijl_01-480x434.jpg 480w, https:\/\/www.climatecoating.com\/wp-content\/uploads\/2020\/07\/Kirche-in-Blokzijl_01-125x112.jpg 125w\" sizes=\"auto, (max-width: 550px) 100vw, 550px\" \/><\/span>\n                    <a class='portfolio_link_class' href='https:\/\/www.climatecoating.com\/es\/referencias\/referencia\/iglesia-de-blokzijl\/' target='_self'><\/a>\n\t\t\n        <div class=\"portfolio_shader\"><\/div>\n<div class=\"text_holder\">\n\t<div class=\"text_holder_inner\">\n\t\t<div class=\"text_holder_inner2\">\n\t\t\t<h4 class=\"portfolio_title\" > Iglesia de Blokzijl<\/h4><h6 class=\"portfolio_subtitle\"> <\/h6>\t\t<\/div>\n\t<\/div>\n<\/div>\n\n\n\t    \n    <\/div>\n<\/article>\n<article class=\"mix portfolio_category_741\">\n    <div class='image_holder elegant_hover'>\n        \n<span class='image'><img loading=\"lazy\" decoding=\"async\" width=\"550\" height=\"498\" src=\"https:\/\/www.climatecoating.com\/wp-content\/uploads\/2021\/02\/Sankt-Petri-Kirche-in-Moenkebude_01-550x498.jpg\" class=\"attachment-portfolio-default size-portfolio-default wp-post-image\" alt=\"Iglesia de San Pedro en M\u00f6nkebude 01\" srcset=\"https:\/\/www.climatecoating.com\/wp-content\/uploads\/2021\/02\/Sankt-Petri-Kirche-in-Moenkebude_01-550x498.jpg 550w, https:\/\/www.climatecoating.com\/wp-content\/uploads\/2021\/02\/Sankt-Petri-Kirche-in-Moenkebude_01-480x434.jpg 480w, https:\/\/www.climatecoating.com\/wp-content\/uploads\/2021\/02\/Sankt-Petri-Kirche-in-Moenkebude_01-125x112.jpg 125w\" sizes=\"auto, (max-width: 550px) 100vw, 550px\" \/><\/span>\n                    <a class='portfolio_link_class' href='https:\/\/www.climatecoating.com\/es\/referencias\/referencia\/iglesia-de-san-pedro-en-moenkebude\/' target='_self'><\/a>\n\t\t\n        <div class=\"portfolio_shader\"><\/div>\n<div class=\"text_holder\">\n\t<div class=\"text_holder_inner\">\n\t\t<div class=\"text_holder_inner2\">\n\t\t\t<h4 class=\"portfolio_title\" > Iglesia de San Pedro en M\u00f6nkebude<\/h4><h6 class=\"portfolio_subtitle\"> <\/h6>\t\t<\/div>\n\t<\/div>\n<\/div>\n\n\n\t    \n    <\/div>\n<\/article>\n<article class=\"mix portfolio_category_741\">\n    <div class='image_holder elegant_hover'>\n        \n<span class='image'><img loading=\"lazy\" decoding=\"async\" width=\"550\" height=\"498\" src=\"https:\/\/www.climatecoating.com\/wp-content\/uploads\/2020\/07\/Kirche-Schermerhorn_13-550x498.jpg\" class=\"attachment-portfolio-default size-portfolio-default wp-post-image\" alt=\"Iglesia Schermerhorn 13\" srcset=\"https:\/\/www.climatecoating.com\/wp-content\/uploads\/2020\/07\/Kirche-Schermerhorn_13-550x498.jpg 550w, https:\/\/www.climatecoating.com\/wp-content\/uploads\/2020\/07\/Kirche-Schermerhorn_13-480x434.jpg 480w, https:\/\/www.climatecoating.com\/wp-content\/uploads\/2020\/07\/Kirche-Schermerhorn_13-125x112.jpg 125w\" sizes=\"auto, (max-width: 550px) 100vw, 550px\" \/><\/span>\n                    <a class='portfolio_link_class' href='https:\/\/www.climatecoating.com\/es\/referencias\/referencia\/iglesia-schermerhorn\/' target='_self'><\/a>\n\t\t\n        <div class=\"portfolio_shader\"><\/div>\n<div class=\"text_holder\">\n\t<div class=\"text_holder_inner\">\n\t\t<div class=\"text_holder_inner2\">\n\t\t\t<h4 class=\"portfolio_title\" > Iglesia Schermerhorn<\/h4><h6 class=\"portfolio_subtitle\"> <\/h6>\t\t<\/div>\n\t<\/div>\n<\/div>\n\n\n\t    \n    <\/div>\n<\/article>\n\t\t\t\t\t<div class='filler'><\/div>\n\t\t\t\t\t\t\t\t\t<div class='filler'><\/div>\n\t\t\t\t\t\t\t\t\t<div class='filler'><\/div>\n\t\t\t\t\t<\/div>\n\n    \n\t<\/div>\n[\/vc_column][\/vc_row][vc_row row_type=&#8221;row&#8221; use_row_as_full_screen_section=&#8221;no&#8221; type=&#8221;full_width&#8221; text_align=&#8221;left&#8221; background_animation=&#8221;none&#8221; css_animation=&#8221;&#8221;][vc_column][\/vc_column][\/vc_row]<\/p>\n<\/div>","protected":false},"excerpt":{"rendered":"Adhesi\u00f3n, comportamiento ante la humedad Despu\u00e9s de una prueba de 3 a\u00f1os entre 2013 y 2016, en la que se midi\u00f3 la adherencia de ClimateCoating\u00ae ThermoPlus y el cambio en los niveles de humedad en los s\u00f3lidos muros de la iglesia, se decidi\u00f3 tratar el...","protected":false},"author":1,"featured_media":0,"parent":26140,"menu_order":460,"comment_status":"closed","ping_status":"closed","template":"","meta":{"footnotes":""},"class_list":["post-25946","page","type-page","status-publish","hentry"],"_links":{"self":[{"href":"https:\/\/www.climatecoating.com\/es\/wp-json\/wp\/v2\/pages\/25946","targetHints":{"allow":["GET"]}}],"collection":[{"href":"https:\/\/www.climatecoating.com\/es\/wp-json\/wp\/v2\/pages"}],"about":[{"href":"https:\/\/www.climatecoating.com\/es\/wp-json\/wp\/v2\/types\/page"}],"author":[{"embeddable":true,"href":"https:\/\/www.climatecoating.com\/es\/wp-json\/wp\/v2\/users\/1"}],"replies":[{"embeddable":true,"href":"https:\/\/www.climatecoating.com\/es\/wp-json\/wp\/v2\/comments?post=25946"}],"version-history":[{"count":0,"href":"https:\/\/www.climatecoating.com\/es\/wp-json\/wp\/v2\/pages\/25946\/revisions"}],"up":[{"embeddable":true,"href":"https:\/\/www.climatecoating.com\/es\/wp-json\/wp\/v2\/pages\/26140"}],"wp:attachment":[{"href":"https:\/\/www.climatecoating.com\/es\/wp-json\/wp\/v2\/media?parent=25946"}],"curies":[{"name":"wp","href":"https:\/\/api.w.org\/{rel}","templated":true}]}}