{"id":26040,"date":"2021-05-28T14:47:30","date_gmt":"2021-05-28T12:47:30","guid":{"rendered":"https:\/\/www.climatecoating.com\/glosario\/"},"modified":"2026-03-16T15:32:17","modified_gmt":"2026-03-16T14:32:17","slug":"glosario","status":"publish","type":"page","link":"https:\/\/www.climatecoating.com\/es\/area-de-clientes\/glosario\/","title":{"rendered":"Glosario"},"content":{"rendered":"<div class=\"wpb-content-wrapper\"><p>[vc_row row_type=&#8221;row&#8221; use_row_as_full_screen_section=&#8221;no&#8221; type=&#8221;full_width&#8221; text_align=&#8221;left&#8221; background_animation=&#8221;none&#8221; padding_bottom=&#8221;45&#8243; css_animation=&#8221;&#8221;][vc_column width=&#8221;1\/4&#8243;]<div class=\"ult_row_spacer\"><div class=\"ult-sticky-anchor\"><div class=\"ult-sticky-section ult-sticky \"  data-gutter= '100' data-stick_behaviour= 'stick_with_scroll_row'  data-sticky_position= 'top' data-mobile='no' data-support='no'>[vc_raw_html css=&#8221;&#8221;]JTVCY213aXphcmQlMjB3aWRnZXQlM0QyJTJGJTVE[\/vc_raw_html]<\/div><div class=\"ult-space\"><\/div><\/div><\/div>[\/vc_column][vc_column width=&#8221;3\/4&#8243;][vc_column_text]<\/p>\n<h1>Glosario<\/h1>\n<p>[\/vc_column_text][vc_separator type=&#8221;normal&#8221; border_style=&#8221;&#8221; down=&#8221;30&#8243;][vc_column_text css=&#8221;.vc_custom_1612193477827{padding-bottom: 30px !important;}&#8221;]<\/p>\n<h2>Entrop\u00eda<\/h2>\n<p>Hay que pensar en la entrop\u00eda como una cantidad (contenido energ\u00e9tico) que puede fluir o estar contenida en los cuerpos: De dos cuerpos por lo dem\u00e1s iguales, el que tiene mayor temperatura contiene m\u00e1s entrop\u00eda. Si dos cuerpos de diferente temperatura est\u00e1n en contacto, la entrop\u00eda fluye del cuerpo m\u00e1s caliente al m\u00e1s fr\u00edo; como resultado, las temperaturas de los dos cuerpos tambi\u00e9n se igualan.<\/p>\n<p><em>(Fuente: Wikipedia)<\/em>[\/vc_column_text][vc_separator type=&#8221;normal&#8221; border_style=&#8221;&#8221; down=&#8221;30&#8243;][vc_column_text css=&#8221;.vc_custom_1612193572760{padding-bottom: 30px !important;}&#8221;]<\/p>\n<h2>Corrientes de convecci\u00f3n<\/h2>\n<p>El t\u00e9rmino convecci\u00f3n procede del lat\u00edn tard\u00edo <em>convectio<\/em>, que puede traducirse como &#8220;traer&#8221;, &#8220;llevar&#8221;. En esta referencia, el t\u00e9rmino denota aqu\u00ed un movimiento f\u00edsico de flujo que tiene lugar dentro de un medio gaseoso (fluido) y, por otra parte, el fen\u00f3meno de que las part\u00edculas m\u00e1s peque\u00f1as de un flujo llevan consigo energ\u00eda, como la energ\u00eda t\u00e9rmica. Las corrientes de convecci\u00f3n pueden deberse a que el aire de la parte inferior de una vivienda se calienta con un calefactor, creando una diferencia de temperatura entre el piso superior y el inferior.<\/p>\n<p>Las partes calientes que fluyen hacia arriba se enfr\u00edan aqu\u00ed y se hunden de nuevo. Esto crea un flujo de convecci\u00f3n. Este proceso tiene lugar tanto dentro como fuera de los muros. El calor se transfiere, en el interior a la superficie de la pared, en el exterior al aire ambiente.[\/vc_column_text][vc_separator type=&#8221;normal&#8221; border_style=&#8221;&#8221; down=&#8221;30&#8243;][vc_column_text css=&#8221;.vc_custom_1612193484977{padding-bottom: 30px !important;}&#8221;]<\/p>\n<h2>Difusi\u00f3n variable<\/h2>\n<p>La presi\u00f3n de vapor del aire depende de la cantidad de agua en el aire y de la temperatura. A medida que aumenta la temperatura, la presi\u00f3n del vapor aumenta, lo sabemos por la tetera que silba cuando el agua est\u00e1 suficientemente caliente. Debido a la humedad y a las temperaturas, la presi\u00f3n de vapor dentro y fuera es diferente. El vapor de agua se desplaza de la alta a la baja presi\u00f3n, tambi\u00e9n sigue este gradiente a trav\u00e9s de la pared exterior, se difunde. En verano, el vapor se desplaza hacia el interior, y en invierno, hacia el exterior. Por ello, las paredes exteriores se humedecen en verano y se secan en invierno. La membrana reflectante dificulta la migraci\u00f3n del vapor de agua al interior del edificio en verano y facilita la salida del vapor al exterior en invierno. Esta propiedad (difusi\u00f3n variable) hace que las paredes sean m\u00e1s secas.[\/vc_column_text][vc_separator type=&#8221;normal&#8221; border_style=&#8221;&#8221; down=&#8221;30&#8243;][vc_column_text css=&#8221;.vc_custom_1624455815588{padding-bottom: 30px !important;}&#8221;]<\/p>\n<h2>Diodo h\u00edgrico<\/h2>\n<p>El concepto de diodo en el sentido convencional: El diodo (griego: <em>di,<\/em> &#8216;dos&#8217;, &#8216;doble&#8217;; <em>hodos<\/em> &#8216;camino&#8217;) es un componente electr\u00f3nico con dos polos. El t\u00e9rmino diodo se utiliza como sin\u00f3nimo del t\u00e9rmino &#8220;rectificador no controlado&#8221;. Un diodo h\u00edgrico, por ejemplo, es una membrana que tiene un efecto de confinamiento en el transporte de agua. El transporte de agua es rectificado (unidireccional), ya que el agua s\u00f3lo puede pasar por el diodo h\u00edgrico en una direcci\u00f3n. Por lo tanto, el diodo h\u00edgrico puede compararse con una v\u00e1lvula de retenci\u00f3n mec\u00e1nica, ya que esta \u00faltima s\u00f3lo permite el flujo de masa en una direcci\u00f3n.[\/vc_column_text][vc_separator type=&#8221;normal&#8221; border_style=&#8221;&#8221; down=&#8221;30&#8243;][vc_column_text css=&#8221;.vc_custom_1612193815973{padding-bottom: 30px !important;}&#8221;]<\/p>\n<h2>L\u00edmites de referencia de luminosidad<\/h2>\n<p>El valor de luminosidad es el grado de reflexi\u00f3n de un determinado tono de color entre el negro = 0 y el blanco = 100. Indica lo lejos que est\u00e1 el tono en cuesti\u00f3n del punto blanco o negro en su luminosidad. En las gu\u00edas de color, el valor de luminosidad se indica junto al n\u00famero de color. Ni el nivel de brillo ni el aglutinante utilizado son decisivos para el valor de luminosidad, sino s\u00f3lo el tipo y el nivel de la pigmentaci\u00f3n del color.[\/vc_column_text][vc_separator type=&#8221;normal&#8221; border_style=&#8221;&#8221; down=&#8221;30&#8243;][vc_column_text css=&#8221;.vc_custom_1612193850797{padding-bottom: 30px !important;}&#8221;]<\/p>\n<h2>Membrana reflectante<\/h2>\n<p>se considera un t\u00e9rmino resumido para una dispersi\u00f3n de alta calidad, enriquecida con esferas huecas de cer\u00e1mica y activadores de s\u00f3lo 20-120 micr\u00f3metros de tama\u00f1o, que -en combinaci\u00f3n con la mamposter\u00eda monol\u00edtica- desencadena procesos complejos de f\u00edsica de la construcci\u00f3n mutuamente dependientes. Estos tienen un efecto positivo en el transporte de humedad y calor y, por tanto, en el balance energ\u00e9tico.[\/vc_column_text][vc_separator type=&#8221;normal&#8221; border_style=&#8221;&#8221; down=&#8221;30&#8243;][vc_column_text css=&#8221;.vc_custom_1612193662536{padding-bottom: 30px !important;}&#8221;]<\/p>\n<h2>Nebulizaci\u00f3n<\/h2>\n<p>Deposici\u00f3n de part\u00edculas oscuras (polvo negro) en las paredes interiores. En los casos graves, se crea la impresi\u00f3n de holl\u00edn. Las causas a\u00fan no est\u00e1n claras. Sin embargo, dado que este efecto se produce con mayor frecuencia durante el periodo de calentamiento, se supone que los dep\u00f3sitos de compuestos org\u00e1nicos poco vol\u00e1tiles (los llamados plastificantes) y otros emisores son arremolinados por las corrientes de convecci\u00f3n (v\u00e9ase: Corrientes de convecci\u00f3n) y se depositan en las paredes y los techos.[\/vc_column_text][vc_separator type=&#8221;normal&#8221; border_style=&#8221;&#8221; down=&#8221;30&#8243;][vc_column_text css=&#8221;.vc_custom_1612193782235{padding-bottom: 30px !important;}&#8221;]<\/p>\n<h2>Procesos endot\u00e9rmicos<\/h2>\n<p>Sin\u00f3nimo de los procesos que tienen lugar en <em>los revestimientos ClimateCoating<sup>\u00ae<\/sup><\/em>y que var\u00edan en funci\u00f3n de las influencias externas, como la temperatura y la humedad. En qu\u00edmica, endot\u00e9rmico significa que se absorbe o se gana energ\u00eda.[\/vc_column_text][vc_separator type=&#8221;normal&#8221; border_style=&#8221;&#8221; down=&#8221;30&#8243;][vc_column_text css=&#8221;.vc_custom_1612193635299{padding-bottom: 30px !important;}&#8221;]<\/p>\n<h2>Puentes t\u00e9rmicos<\/h2>\n<p>Un puente t\u00e9rmico (a menudo denominado coloquialmente puente fr\u00edo) es una zona de los componentes del edificio a trav\u00e9s de la cual el calor se transporta al exterior m\u00e1s r\u00e1pidamente que a trav\u00e9s de los componentes adyacentes. Se distingue entre puentes t\u00e9rmicos constructivos y geom\u00e9tricos. Los puentes t\u00e9rmicos constructivos son el resultado de construcciones con materiales de diferente conductividad t\u00e9rmica. Ejemplos de ello son las juntas de las losas de hormig\u00f3n armado con los muros exteriores, las vigas anulares o los nichos para radiadores.<\/p>\n<p>Los puentes t\u00e9rmicos geom\u00e9tricos se producen cuando la superficie interior no es la misma que la exterior, por ejemplo, debido a salientes o esquinas en un componente por lo dem\u00e1s homog\u00e9neo. Un ejemplo de ello es la esquina exterior de la casa, donde la relaci\u00f3n entre la pared exterior fr\u00eda y la pared interior caliente aumenta.<\/p>\n<p><em>(Fuente: Wikipedia)<\/em>[\/vc_column_text][vc_separator type=&#8221;normal&#8221; border_style=&#8221;&#8221; down=&#8221;30&#8243;][vc_column_text css=&#8221;.vc_custom_1612193528279{padding-bottom: 30px !important;}&#8221;]<\/p>\n<h2>Reflejo IR<\/h2>\n<p>El IR es la parte no visible de la radiaci\u00f3n t\u00e9rmica de onda larga entre la luz visible y las microondas. Las longitudes de onda del IR son de 780 nm a 1.000 \u00b5m. El rango de 3 a 50 \u00b5m se denomina MIR (middle IR) como parte del IR-C. De ellos, es relevante el rango de 9,25 a 11,45 \u00b5m, que corresponde a temperaturas de +40 a -20\u00b0C. La radiaci\u00f3n t\u00e9rmica es absorbida y reflejada por los componentes opacos (A + R = 1). A diferencia de las pinturas convencionales, en la membrana reflectante tienen lugar procesos de f\u00edsica \u00f3ptica (f\u00edsica de la radiaci\u00f3n) debido a las perlas huecas de cer\u00e1mica. Estos procesos se simplifican y se denominan reflexi\u00f3n IR. El resultado es una temperatura superficial m\u00e1s alta y uniforme en el interior y una reducci\u00f3n de las p\u00e9rdidas por radiaci\u00f3n en el exterior, lo que supone un mayor confort t\u00e9rmico y una menor necesidad de energ\u00eda para calefacci\u00f3n.[\/vc_column_text][vc_separator type=&#8221;normal&#8221; border_style=&#8221;&#8221; down=&#8221;30&#8243;][vc_column_text css=&#8221;.vc_custom_1612193752962{padding-bottom: 30px !important;}&#8221;]<\/p>\n<h2>Secado por capilaridad<\/h2>\n<p>La capilaridad es el t\u00e9rmino utilizado para describir el comportamiento de los l\u00edquidos en los capilares, tambi\u00e9n conocidos como tubos capilares. Si las fuerzas de adhesi\u00f3n entre el l\u00edquido y la pared capilar son mayores que las fuerzas de cohesi\u00f3n entre las mol\u00e9culas del l\u00edquido, el l\u00edquido se &#8220;arrastra&#8221; hacia el capilar, incluso en contra de la gravedad y cuanto m\u00e1s se estrechan los capilares. Si el l\u00edquido es transportado por este proceso desde el material (por ejemplo, la mamposter\u00eda) hasta la superficie, donde luego se evapora, esto se llama secado capilar. El revoque exterior tiene un sistema capilar m\u00e1s fino que la mamposter\u00eda, y la membrana reflectante tiene un sistema capilar m\u00e1s fino que el revoque exterior. Esto crea un transporte direccional, lo que resulta en paredes m\u00e1s secas.[\/vc_column_text][vc_separator type=&#8221;normal&#8221; border_style=&#8221;&#8221; down=&#8221;30&#8243;][vc_column_text css=&#8221;.vc_custom_1773671534369{padding-bottom: 30px !important;}&#8221;]<\/p>\n<h2>Tecnolog\u00eda de membrana reflectante<\/h2>\n<p>Este t\u00e9rmino describe el mecanismo de acci\u00f3n de la pintura funcional, que contiene microesferas de vitrocer\u00e1mica especialmente desarrolladas que encierran un vac\u00edo. Estas microesferas de vitrocer\u00e1mica se combinan con una dispersi\u00f3n de alta adherencia, tambi\u00e9n especialmente desarrollada, y con activadores seleccionados. Tras la aplicaci\u00f3n, es decir, una vez extendida sobre el sustrato, la capa forma lo que se conoce como una membrana reflectante. Tambi\u00e9n se podr\u00eda hablar de una \u00abpiel transpirable\u00bb, por poner un ejemplo comprensible.<\/p>\n<p>El efecto y las ventajas de la pintura se basan en estos procesos f\u00edsicos de la construcci\u00f3n: reflexi\u00f3n de la luz solar, evaporaci\u00f3n dirigida por capilaridad, distribuci\u00f3n del calor y propiedades antiest\u00e1ticas.<\/p>\n<p>El gr\u00e1fico muestra los procesos f\u00edsicos de refrigeraci\u00f3n por evaporaci\u00f3n mediante el transporte capilar de la humedad, as\u00ed como la reflexi\u00f3n de la luz solar (protecci\u00f3n t\u00e9rmica en verano).<\/p>\n<p><img loading=\"lazy\" decoding=\"async\" class=\"aligncenter wp-image-64585 size-full\" title=\"Refrigeraci\u00f3n evaporativa ThermoProtect\" src=\"https:\/\/www.climatecoating.com\/wp-content\/uploads\/2026\/03\/ThermoProtect_Verdunstungskuehlung_ES.png\" alt=\"Refrigeraci\u00f3n evaporativa ThermoProtect\" width=\"1500\" height=\"1024\" srcset=\"https:\/\/www.climatecoating.com\/wp-content\/uploads\/2026\/03\/ThermoProtect_Verdunstungskuehlung_ES.png 1500w, https:\/\/www.climatecoating.com\/wp-content\/uploads\/2026\/03\/ThermoProtect_Verdunstungskuehlung_ES-300x205.png 300w, https:\/\/www.climatecoating.com\/wp-content\/uploads\/2026\/03\/ThermoProtect_Verdunstungskuehlung_ES-1024x699.png 1024w, https:\/\/www.climatecoating.com\/wp-content\/uploads\/2026\/03\/ThermoProtect_Verdunstungskuehlung_ES-768x524.png 768w, https:\/\/www.climatecoating.com\/wp-content\/uploads\/2026\/03\/ThermoProtect_Verdunstungskuehlung_ES-700x478.png 700w, https:\/\/www.climatecoating.com\/wp-content\/uploads\/2026\/03\/ThermoProtect_Verdunstungskuehlung_ES-1100x751.png 1100w, https:\/\/www.climatecoating.com\/wp-content\/uploads\/2026\/03\/ThermoProtect_Verdunstungskuehlung_ES-600x410.png 600w\" sizes=\"auto, (max-width: 1500px) 100vw, 1500px\" \/>[\/vc_column_text][vc_separator type=&#8221;normal&#8221; border_style=&#8221;&#8221; down=&#8221;30&#8243;][vc_column_text css=&#8221;.vc_custom_1612193724677{padding-bottom: 30px !important;}&#8221;]<\/p>\n<h2>Transporte de calor por transmisi\u00f3n\/p\u00e9rdidas de calor por transmisi\u00f3n<\/h2>\n<p>Transporte de energ\u00eda (t\u00e9rmica) entre zonas de diferente temperatura debido a la conducci\u00f3n de calor en cuerpos s\u00f3lidos como la pared (las mol\u00e9culas chocan entre s\u00ed). El flujo de calor siempre fluye de las zonas de mayor energ\u00eda a las de menor energ\u00eda, es decir, aqu\u00ed: del calor al fr\u00edo. La p\u00e9rdida de energ\u00eda en este transporte tambi\u00e9n se denomina p\u00e9rdida de calor por transmisi\u00f3n. Estos est\u00e1n determinados por el coeficiente de transferencia de calor. Otras formas de transferencia de energ\u00eda son la convecci\u00f3n y la radiaci\u00f3n. La transmisi\u00f3n puede reducirse disminuyendo la radiaci\u00f3n en la fachada.[\/vc_column_text][\/vc_column][\/vc_row]<\/p>\n<\/div>","protected":false},"excerpt":{"rendered":"<p>[vc_row row_type=&#8221;row&#8221; use_row_as_full_screen_section=&#8221;no&#8221; type=&#8221;full_width&#8221; text_align=&#8221;left&#8221; background_animation=&#8221;none&#8221; padding_bottom=&#8221;45&#8243; css_animation=&#8221;&#8221;][vc_column width=&#8221;1\/4&#8243;][\/vc_column][vc_column width=&#8221;3\/4&#8243;][vc_column_text] Glosario [\/vc_column_text][vc_separator type=&#8221;normal&#8221; border_style=&#8221;&#8221; down=&#8221;30&#8243;][vc_column_text css=&#8221;.vc_custom_1612193477827{padding-bottom: 30px !important;}&#8221;] Entrop\u00eda Hay que pensar en la entrop\u00eda como una cantidad (contenido energ\u00e9tico) que puede fluir o estar contenida en los cuerpos: De dos cuerpos por lo dem\u00e1s&#8230;<\/p>\n","protected":false},"author":1,"featured_media":0,"parent":61493,"menu_order":690,"comment_status":"closed","ping_status":"closed","template":"","meta":{"footnotes":""},"class_list":["post-26040","page","type-page","status-publish","hentry"],"_links":{"self":[{"href":"https:\/\/www.climatecoating.com\/es\/wp-json\/wp\/v2\/pages\/26040","targetHints":{"allow":["GET"]}}],"collection":[{"href":"https:\/\/www.climatecoating.com\/es\/wp-json\/wp\/v2\/pages"}],"about":[{"href":"https:\/\/www.climatecoating.com\/es\/wp-json\/wp\/v2\/types\/page"}],"author":[{"embeddable":true,"href":"https:\/\/www.climatecoating.com\/es\/wp-json\/wp\/v2\/users\/1"}],"replies":[{"embeddable":true,"href":"https:\/\/www.climatecoating.com\/es\/wp-json\/wp\/v2\/comments?post=26040"}],"version-history":[{"count":9,"href":"https:\/\/www.climatecoating.com\/es\/wp-json\/wp\/v2\/pages\/26040\/revisions"}],"predecessor-version":[{"id":64805,"href":"https:\/\/www.climatecoating.com\/es\/wp-json\/wp\/v2\/pages\/26040\/revisions\/64805"}],"up":[{"embeddable":true,"href":"https:\/\/www.climatecoating.com\/es\/wp-json\/wp\/v2\/pages\/61493"}],"wp:attachment":[{"href":"https:\/\/www.climatecoating.com\/es\/wp-json\/wp\/v2\/media?parent=26040"}],"curies":[{"name":"wp","href":"https:\/\/api.w.org\/{rel}","templated":true}]}}