{"id":26045,"date":"2021-05-28T14:47:35","date_gmt":"2021-05-28T12:47:35","guid":{"rendered":"https:\/\/www.climatecoating.com\/empresa\/"},"modified":"2023-05-24T19:50:54","modified_gmt":"2023-05-24T17:50:54","slug":"empresa","status":"publish","type":"page","link":"https:\/\/www.climatecoating.com\/es\/empresa\/","title":{"rendered":"Empresa"},"content":{"rendered":"<div class=\"wpb-content-wrapper\"><p>[vc_row row_type=&#8221;row&#8221; use_row_as_full_screen_section=&#8221;no&#8221; type=&#8221;full_width&#8221; text_align=&#8221;left&#8221; background_animation=&#8221;none&#8221; padding_bottom=&#8221;45&#8243; css_animation=&#8221;&#8221;][vc_column][vc_single_image image=&#8221;26144&#8243; img_size=&#8221;full&#8221; qode_css_animation=&#8221;&#8221; css=&#8221;.vc_custom_1612614583248{padding-bottom: 30px !important;}&#8221;][vc_row_inner row_type=&#8221;row&#8221; type=&#8221;full_width&#8221; use_row_as_full_screen_section_slide=&#8221;no&#8221; text_align=&#8221;left&#8221; css_animation=&#8221;&#8221;][vc_column_inner width=&#8221;1\/4&#8243;]<div class=\"ult_row_spacer\"><div class=\"ult-sticky-anchor\"><div class=\"ult-sticky-section ult-sticky \"  data-gutter= '100' data-stick_behaviour= 'stick_with_scroll_row'  data-sticky_position= 'top' data-mobile='no' data-support='no'><div class=\"templatera_shortcode\"><div     class=\"vc_row wpb_row section vc_row-fluid backlink\" style=' text-align:left;'><div class=\" full_section_inner clearfix\"><div class=\"wpb_column vc_column_container vc_col-sm-12\"><div class=\"vc_column-inner\"><div class=\"wpb_wrapper\"><div class=\"ult_row_spacer\"><div class=\"ult-sticky-anchor\"><div class=\"ult-sticky-section ult-sticky \"  data-gutter= '100' data-stick_behaviour= 'stick_with_scroll_row'  data-sticky_position= 'top' data-mobile='no' data-support='no'><div  class=\"wpb_widgetised_column wpb_content_element\">\n\t\t<div class=\"wpb_wrapper\">\n\t\t\t\n\t\t\t\n\t\t<\/div>\n\t<\/div>\n<\/div><div class=\"ult-space\"><\/div><\/div><\/div><\/div><\/div><\/div><\/div><\/div><\/div><\/div><div class=\"ult-space\"><\/div><\/div><\/div>[\/vc_column_inner][vc_column_inner width=&#8221;3\/4&#8243;][vc_column_text]<\/p>\n<h1>Empresa<\/h1>\n<p>SICC Coatings GmbH, de Berl\u00edn, es uno de los principales proveedores especializados en revestimientos clim\u00e1ticamente activos, con la mayor experiencia en todas las zonas clim\u00e1ticas y \u00e1reas de aplicaci\u00f3n. Los revestimientos funcionales se basan en la tecnolog\u00eda de membranas reflectantes. Por el efecto de ahorro de energ\u00eda de la tecnolog\u00eda, SICC Coatings recibi\u00f3 el &#8220;Premio Alem\u00e1n a la Innovaci\u00f3n&#8221; en 2018 y el &#8220;Premio a la Eficiencia Energ\u00e9tica&#8221; en Singapur, entre otros.<\/p>\n<ul>\n<li>2003 Fundaci\u00f3n de la empresa como SICC GmbH<\/li>\n<li>Desarrollo y producci\u00f3n de productos en Alemania<\/li>\n<li>14 empleados en la sede de Berl\u00edn<\/li>\n<li>representaci\u00f3n mundial de las empresas asociadas<\/li>\n<li>Grupos objetivo: Arquitectos, planificadores, constructores comerciales, empresas de construcci\u00f3n de viviendas, empresas industriales, empresas de transformaci\u00f3n, comerciantes especializados.<\/li>\n<li>2018 Cambio de nombre a SICC Coatings GmbH<\/li>\n<\/ul>\n<p>[\/vc_column_text][\/vc_column_inner][\/vc_row_inner][\/vc_column][\/vc_row]<\/p>\n<\/div>","protected":false},"excerpt":{"rendered":"Empresa SICC Coatings GmbH, de Berl\u00edn, es uno de los principales proveedores especializados en revestimientos clim\u00e1ticamente activos, con la mayor experiencia en todas las zonas clim\u00e1ticas y \u00e1reas de aplicaci\u00f3n. Los revestimientos funcionales se basan en la tecnolog\u00eda de membranas reflectantes. Por el efecto de...","protected":false},"author":1,"featured_media":0,"parent":0,"menu_order":600,"comment_status":"closed","ping_status":"closed","template":"","meta":{"footnotes":""},"class_list":["post-26045","page","type-page","status-publish","hentry"],"_links":{"self":[{"href":"https:\/\/www.climatecoating.com\/es\/wp-json\/wp\/v2\/pages\/26045","targetHints":{"allow":["GET"]}}],"collection":[{"href":"https:\/\/www.climatecoating.com\/es\/wp-json\/wp\/v2\/pages"}],"about":[{"href":"https:\/\/www.climatecoating.com\/es\/wp-json\/wp\/v2\/types\/page"}],"author":[{"embeddable":true,"href":"https:\/\/www.climatecoating.com\/es\/wp-json\/wp\/v2\/users\/1"}],"replies":[{"embeddable":true,"href":"https:\/\/www.climatecoating.com\/es\/wp-json\/wp\/v2\/comments?post=26045"}],"version-history":[{"count":0,"href":"https:\/\/www.climatecoating.com\/es\/wp-json\/wp\/v2\/pages\/26045\/revisions"}],"wp:attachment":[{"href":"https:\/\/www.climatecoating.com\/es\/wp-json\/wp\/v2\/media?parent=26045"}],"curies":[{"name":"wp","href":"https:\/\/api.w.org\/{rel}","templated":true}]}}