{"id":26099,"date":"2021-05-28T14:48:33","date_gmt":"2021-05-28T12:48:33","guid":{"rendered":"https:\/\/www.climatecoating.com\/legal\/pie-de-imprenta\/"},"modified":"2021-06-23T15:25:28","modified_gmt":"2021-06-23T13:25:28","slug":"legal","status":"publish","type":"page","link":"https:\/\/www.climatecoating.com\/es\/legal\/legal\/","title":{"rendered":"Legal"},"content":{"rendered":"<div class=\"wpb-content-wrapper\"><p>[vc_row row_type=&#8221;row&#8221; use_row_as_full_screen_section=&#8221;no&#8221; type=&#8221;full_width&#8221; text_align=&#8221;left&#8221; background_animation=&#8221;none&#8221; padding_bottom=&#8221;45&#8243; css_animation=&#8221;&#8221;][vc_column][vc_column_text]<\/p>\n<h1>Legal<\/h1>\n<p><strong>SICC Coatings GmbH<\/strong><br \/>\nWackenbergstrasse 78 &#8211; 82<br \/>\nDE-13156 Berl\u00edn<\/p>\n<p>Tel\u00e9fono: +49 (0) 30 \/ 50 01 96-0<br \/>\nFax: +49 (0) 30 \/ 50 01 96-20<br \/>\nCorreo electr\u00f3nico: <span id=\"cloakd78a1e11def09a9b63740395e79511bf\"><br \/>\n  <a href=\"mailto:info@sicc.de\">info@sicc.de<\/a><br \/>\n<\/span><\/p>\n<p><strong>Director General:<\/strong> Waldemar Walczok<br \/>\n<strong>Tribunal de registro:<\/strong> Tribunal local de Berl\u00edn-Charlottenburg<br \/>\n<strong>N\u00famero de registro:<\/strong> HRB 88630<br \/>\n<strong>N\u00famero de identificaci\u00f3n fiscal:<\/strong> DE813670303<\/p>\n<p><strong>Cr\u00e9ditos de las im\u00e1genes<\/strong><br \/>\n\u00a92010 Terry J Alcorn, Inc.[\/vc_column_text][vc_separator type=&#8221;transparent&#8221; border_style=&#8221;&#8221; up=&#8221;20&#8243; down=&#8221;0&#8243; icon_pack=&#8221;font_awesome&#8221;][vc_column_text]<\/p>\n<h2 class=\"\">DESCARGO DE RESPONSABILIDAD<\/h2>\n<h3 class=\"\">Responsabilidad por el contenido<\/h3>\n<p class=\"hyp hyphenate\">El contenido de nuestras p\u00e1ginas se ha creado con el mayor cuidado. Sin embargo, no podemos asumir ninguna responsabilidad por la exactitud, integridad y actualidad de los contenidos. Como proveedor de servicios, somos responsables de nuestro propio contenido en estas p\u00e1ginas de acuerdo con las leyes generales. Sin embargo, como proveedor de servicios no estamos obligados a controlar la informaci\u00f3n transmitida o almacenada de terceros ni a investigar circunstancias que indiquen una actividad ilegal. Las obligaciones de eliminar o bloquear el uso de la informaci\u00f3n seg\u00fan las leyes generales no se ven afectadas. Sin embargo, la responsabilidad a este respecto s\u00f3lo es posible a partir del momento en que se tiene conocimiento de una infracci\u00f3n concreta. Si tenemos conocimiento de tales infracciones, eliminaremos el contenido correspondiente inmediatamente.<\/p>\n<h3>Responsabilidad de los enlaces<\/h3>\n<p class=\"hyp hyphenate\">Nuestra oferta contiene enlaces a p\u00e1ginas web externas de terceros, sobre cuyos contenidos no tenemos ninguna influencia. Por lo tanto, no podemos asumir ninguna garant\u00eda para estos contenidos extranjeros. El respectivo proveedor u operador de las p\u00e1ginas es siempre responsable del contenido de las p\u00e1ginas enlazadas. Las p\u00e1ginas enlazadas fueron revisadas para detectar posibles infracciones legales en el momento de enlazarlas. Los contenidos ilegales no eran reconocibles en el momento de la vinculaci\u00f3n. Sin embargo, un control permanente de los contenidos de las p\u00e1ginas enlazadas no es razonable sin pruebas concretas de una violaci\u00f3n de la ley. Si tenemos conocimiento de alguna infracci\u00f3n de la ley, eliminaremos dichos enlaces inmediatamente.<\/p>\n<h3>Copyright<\/h3>\n<p class=\"hyp hyphenate\">Los contenidos y obras creados por los operadores del sitio en estas p\u00e1ginas est\u00e1n sujetos a la legislaci\u00f3n alemana sobre derechos de autor. La duplicaci\u00f3n, el procesamiento, la distribuci\u00f3n o cualquier forma de comercializaci\u00f3n de dicho material m\u00e1s all\u00e1 del alcance de la ley de derechos de autor requerir\u00e1 el consentimiento previo por escrito de su respectivo autor o creador. Las descargas y copias de este sitio s\u00f3lo se permiten para uso privado y no comercial. En la medida en que el contenido de este sitio no haya sido creado por el operador, se respetan los derechos de autor de terceros. En particular, los contenidos de terceros se identifican como tales. No obstante, si tiene conocimiento de una infracci\u00f3n de los derechos de autor, le rogamos que nos informe al respecto. Si tenemos conocimiento de alguna infracci\u00f3n, eliminaremos dicho contenido inmediatamente.<\/p>\n<h3>Cr\u00e9ditos de las fotos<\/h3>\n<p class=\"hyp hyphenate\">Im\u00e1genes propias, Photodune.net, iStockphoto.com, \u00a9Kadmy &#8211; Fotolia.de<\/p>\n<h3>Plataforma de resoluci\u00f3n de litigios en l\u00ednea (Plataforma OS)<\/h3>\n<p class=\"hyp hyphenate\">La Comisi\u00f3n Europea ha creado un sitio web para la resoluci\u00f3n de litigios en l\u00ednea entre empresarios y consumidores (plataforma ODR), al que puede acceder en <a href=\"http:\/\/ec.europa.eu\/consumers\/odr\/\" target=\"_blank\" rel=\"noopener noreferrer\">http:\/\/ec.europa.eu\/consumers\/odr\/<\/a>.<\/p>\n<p>[\/vc_column_text][\/vc_column][\/vc_row]<\/p>\n<\/div>","protected":false},"excerpt":{"rendered":"<p>[vc_row row_type=&#8221;row&#8221; use_row_as_full_screen_section=&#8221;no&#8221; type=&#8221;full_width&#8221; text_align=&#8221;left&#8221; background_animation=&#8221;none&#8221; padding_bottom=&#8221;45&#8243; css_animation=&#8221;&#8221;][vc_column][vc_column_text] Legal SICC Coatings GmbH Wackenbergstrasse 78 &#8211; 82 DE-13156 Berl\u00edn Tel\u00e9fono: +49 (0) 30 \/ 50 01 96-0 Fax: +49 (0) 30 \/ 50 01 96-20 Correo electr\u00f3nico: info@sicc.de Director General: Waldemar Walczok Tribunal de registro: Tribunal&#8230;<\/p>\n","protected":false},"author":1,"featured_media":0,"parent":25942,"menu_order":810,"comment_status":"closed","ping_status":"closed","template":"","meta":{"footnotes":""},"class_list":["post-26099","page","type-page","status-publish","hentry"],"_links":{"self":[{"href":"https:\/\/www.climatecoating.com\/es\/wp-json\/wp\/v2\/pages\/26099","targetHints":{"allow":["GET"]}}],"collection":[{"href":"https:\/\/www.climatecoating.com\/es\/wp-json\/wp\/v2\/pages"}],"about":[{"href":"https:\/\/www.climatecoating.com\/es\/wp-json\/wp\/v2\/types\/page"}],"author":[{"embeddable":true,"href":"https:\/\/www.climatecoating.com\/es\/wp-json\/wp\/v2\/users\/1"}],"replies":[{"embeddable":true,"href":"https:\/\/www.climatecoating.com\/es\/wp-json\/wp\/v2\/comments?post=26099"}],"version-history":[{"count":0,"href":"https:\/\/www.climatecoating.com\/es\/wp-json\/wp\/v2\/pages\/26099\/revisions"}],"up":[{"embeddable":true,"href":"https:\/\/www.climatecoating.com\/es\/wp-json\/wp\/v2\/pages\/25942"}],"wp:attachment":[{"href":"https:\/\/www.climatecoating.com\/es\/wp-json\/wp\/v2\/media?parent=26099"}],"curies":[{"name":"wp","href":"https:\/\/api.w.org\/{rel}","templated":true}]}}