{"id":26208,"date":"2021-05-28T14:49:39","date_gmt":"2021-05-28T12:49:39","guid":{"rendered":"https:\/\/www.climatecoating.com\/legal\/politica-de-privacidad-ue\/"},"modified":"2021-06-04T00:30:05","modified_gmt":"2021-06-03T22:30:05","slug":"politica-de-privacidad-ue","status":"publish","type":"page","link":"https:\/\/www.climatecoating.com\/es\/legal\/politica-de-privacidad-ue\/","title":{"rendered":"Pol\u00edtica de privacidad (UE)"},"content":{"rendered":"<div class=\"wpb-content-wrapper\"><p>[vc_row row_type=&#8221;row&#8221; use_row_as_full_screen_section=&#8221;no&#8221; type=&#8221;full_width&#8221; text_align=&#8221;left&#8221; background_animation=&#8221;none&#8221; css_animation=&#8221;&#8221;][vc_column][vc_column_text]<\/p>\n<h1>Pol\u00edtica de privacidad (UE)<\/h1>\n<p>\n<!-- Legal document generated by Complianz | GDPR\/CCPA Cookie Consent https:\/\/wordpress.org\/plugins\/complianz-gdpr -->\n<div id=\"cmplz-document\" class=\"cmplz-document privacy-statement cmplz-document-eu\"><p><i>Esta declaraci\u00f3n de privacidad se actualiz\u00f3 por \u00faltima vez el 13 de enero de 2026 y se aplica a los ciudadanos y residentes legales permanentes del Espacio Econ\u00f3mico Europeo y Suiza.<\/i><br \/><br \/><\/p><p><p>En esta declaraci\u00f3n de privacidad, explicamos lo que hacemos con los datos que obtenemos sobre usted a trav\u00e9s de <a href=\"https:\/\/www.climatecoating.com\/es\/\">https:\/\/www.climatecoating.com\/es\/<\/a>. Le recomendamos que lea atentamente esta declaraci\u00f3n. En nuestro tratamiento cumplimos con los requisitos de la legislaci\u00f3n sobre privacidad. Esto significa, entre otras cosas, que:<\/p><ul>\n                <li>indicamos claramente los fines para los que procesamos los datos personales. Hacemos esto por medio de esta declaraci\u00f3n de privacidad.<\/li>\n                <li>nos proponemos limitar nuestra recopilaci\u00f3n de datos personales a los datos personales necesarios para fines leg\u00edtimos;<\/li>\n                <li>en primer lugar, solicitamos su consentimiento expl\u00edcito para el tratamiento de sus datos personales en los casos en que sea necesario.<\/li>\n                <li>tomamos las medidas de seguridad adecuadas para proteger sus datos personales y tambi\u00e9n lo exigimos a las partes que procesan datos personales en nuestro nombre;<\/li>\n                <li>respetamos su derecho a acceder, rectificar o cancelar sus datos personales previa solicitud.<\/li>\n            <\/ul><p>Si tiene alguna pregunta o quiere saber exactamente qu\u00e9 datos guardamos de usted, p\u00f3ngase en contacto con nosotros.<\/p><\/p><h2>1. Prop\u00f3sito, datos y periodo de retenci\u00f3n<\/h2>Podemos recopilar o recibir informaci\u00f3n personal para un n\u00famero de prop\u00f3sitos relacionados con nuestras operaciones comerciales, que pueden incluir lo siguiente: (haga clic para expandir) <details class=\"cmplz-dropdown dropdown-privacy-statement\"><summary><div><h3>1.1 Contacto - Por tel\u00e9fono, correo, correo electr\u00f3nico y\/o formularios en el sitio<\/h3><\/div><\/summary><p class=\"cmplz-subtitle\">Para ello utilizamos los siguientes datos:<\/p><p><ul><li>Un nombre y apellido<\/li><li>Nombre de cuenta o alias<\/li><li>Una direcci\u00f3n de casa u otra direcci\u00f3n f\u00edsica, incluyendo el nombre de la calle y el nombre de una ciudad o pueblo<\/li><li>Una direcci\u00f3n de correo electr\u00f3nico<\/li><li>Un n\u00famero de tel\u00e9fono<\/li><li>Direcci\u00f3n IP<\/li><li>Sexo<\/li><\/ul><\/p><p class=\"cmplz-subtitle\">La base sobre la que podemos procesar estos datos es:<\/p><p><a target=\"_blank\" rel=\"noopener noreferrer nofollow\" href=\"https:\/\/cookiedatabase.org\/legal-bases\/#consent\">Tras la prestaci\u00f3n del consentimiento. <\/a><\/p><p class=\"cmplz-subtitle\">Per\u00edodo de retenci\u00f3n<\/p><p>Retendremos estos datos hasta que el servicio sea cancelado.<\/p><\/details><details class=\"cmplz-dropdown dropdown-privacy-statement\"><summary><div><h3>1.2 Pagos<\/h3><\/div><\/summary><p class=\"cmplz-subtitle\">Para ello utilizamos los siguientes datos:<\/p><p><ul><li>Un nombre y apellido<\/li><li>Una direcci\u00f3n de casa u otra direcci\u00f3n f\u00edsica, incluyendo el nombre de la calle y el nombre de una ciudad o pueblo<\/li><li>Una direcci\u00f3n de correo electr\u00f3nico<\/li><li>Nombre de cuenta o alias<\/li><li>Sexo<\/li><li>Direcci\u00f3n IP<\/li><li>Un n\u00famero de tel\u00e9fono<\/li><\/ul><\/p><p class=\"cmplz-subtitle\">La base sobre la que podemos procesar estos datos es:<\/p><p><a target=\"_blank\" rel=\"noopener noreferrer nofollow\" href=\"https:\/\/cookiedatabase.org\/legal-bases\/#consent\">Tras la prestaci\u00f3n del consentimiento. <\/a><\/p><p class=\"cmplz-subtitle\">Per\u00edodo de retenci\u00f3n<\/p><p>Retendremos estos datos hasta que el servicio sea cancelado.<\/p><\/details><details class=\"cmplz-dropdown dropdown-privacy-statement\"><summary><div><h3>1.3 Registrando una cuenta<\/h3><\/div><\/summary><p class=\"cmplz-subtitle\">Para ello utilizamos los siguientes datos:<\/p><p><ul><li>Un nombre y apellido<\/li><li>Una direcci\u00f3n de casa u otra direcci\u00f3n f\u00edsica, incluyendo el nombre de la calle y el nombre de una ciudad o pueblo<\/li><li>Una direcci\u00f3n de correo electr\u00f3nico<\/li><li>Nombre de cuenta o alias<\/li><li>Sexo<\/li><li>Direcci\u00f3n IP<\/li><li>Un n\u00famero de tel\u00e9fono<\/li><\/ul><\/p><p class=\"cmplz-subtitle\">La base sobre la que podemos procesar estos datos es:<\/p><p><a target=\"_blank\" rel=\"noopener noreferrer nofollow\" href=\"https:\/\/cookiedatabase.org\/legal-bases\/#consent\">Tras la prestaci\u00f3n del consentimiento. <\/a><\/p><p class=\"cmplz-subtitle\">Per\u00edodo de retenci\u00f3n<\/p><p>Retendremos estos datos hasta que el servicio sea cancelado.<\/p><\/details><details class=\"cmplz-dropdown dropdown-privacy-statement\"><summary><div><h3>1.4 Para dar soporte a servicios o productos que un cliente quiere comprar o ha comprado<\/h3><\/div><\/summary><p class=\"cmplz-subtitle\">Para ello utilizamos los siguientes datos:<\/p><p><ul><li>Un nombre y apellido<\/li><li>Nombre de cuenta o alias<\/li><li>Una direcci\u00f3n de casa u otra direcci\u00f3n f\u00edsica, incluyendo el nombre de la calle y el nombre de una ciudad o pueblo<\/li><li>Una direcci\u00f3n de correo electr\u00f3nico<\/li><li>Un n\u00famero de tel\u00e9fono<\/li><li>Direcci\u00f3n IP<\/li><li>Fecha de nacimiento<\/li><li>Sexo<\/li><\/ul><\/p><p class=\"cmplz-subtitle\">La base sobre la que podemos procesar estos datos es:<\/p><p><a target=\"_blank\" rel=\"noopener noreferrer nofollow\" href=\"https:\/\/cookiedatabase.org\/legal-bases\/#consent\">Tras la prestaci\u00f3n del consentimiento. <\/a><\/p><p class=\"cmplz-subtitle\">Per\u00edodo de retenci\u00f3n<\/p><p>Retendremos estos datos hasta que el servicio sea cancelado.<\/p><\/details><details class=\"cmplz-dropdown dropdown-privacy-statement\"><summary><div><h3>1.5 Para poder cumplir con las obligaciones legales<\/h3><\/div><\/summary><p class=\"cmplz-subtitle\">Para ello utilizamos los siguientes datos:<\/p><p><ul><li>Un nombre y apellido<\/li><li>Una direcci\u00f3n de casa u otra direcci\u00f3n f\u00edsica, incluyendo el nombre de la calle y el nombre de una ciudad o pueblo<\/li><li>Una direcci\u00f3n de correo electr\u00f3nico<\/li><li>Un n\u00famero de tel\u00e9fono<\/li><\/ul><\/p><p class=\"cmplz-subtitle\">La base sobre la que podemos procesar estos datos es:<\/p><p><a target=\"_blank\" rel=\"noopener noreferrer nofollow\" href=\"https:\/\/cookiedatabase.org\/legal-bases\/#consent\">Tras la prestaci\u00f3n del consentimiento. <\/a><\/p><p class=\"cmplz-subtitle\">Per\u00edodo de retenci\u00f3n<\/p><p>Retendremos estos datos hasta que el servicio sea cancelado.<\/p><\/details><details class=\"cmplz-dropdown dropdown-privacy-statement\"><summary><div><h3>1.6 Entregas<\/h3><\/div><\/summary><p class=\"cmplz-subtitle\">Para ello utilizamos los siguientes datos:<\/p><p><ul><li>Un nombre y apellido<\/li><li>Una direcci\u00f3n de casa u otra direcci\u00f3n f\u00edsica, incluyendo el nombre de la calle y el nombre de una ciudad o pueblo<\/li><li>Una direcci\u00f3n de correo electr\u00f3nico<\/li><li>Nombre de cuenta o alias<\/li><li>Sexo<\/li><li>Un n\u00famero de tel\u00e9fono<\/li><\/ul><\/p><p class=\"cmplz-subtitle\">La base sobre la que podemos procesar estos datos es:<\/p><p><a target=\"_blank\" rel=\"noopener noreferrer nofollow\" href=\"https:\/\/cookiedatabase.org\/legal-bases\/#consent\">Tras la prestaci\u00f3n del consentimiento. <\/a><\/p><p class=\"cmplz-subtitle\">Per\u00edodo de retenci\u00f3n<\/p><p>Retendremos estos datos hasta que el servicio sea cancelado.<\/p><\/details><h2>2. Compartir con otras partes<\/h2><p>S\u00f3lo compartimos o divulgamos estos datos a los encargados del tratamiento de datos para los siguientes prop\u00f3sitos:<\/p><p class=\"cmplz-subtitle\">Encargados del tratamiento de datos<\/p><p><b>Nombre:<\/b>&nbsp;<br \/>\n            <b>Pa\u00eds:<\/b>&nbsp;<br \/>\n            <b>Prop\u00f3sito:<\/b>&nbsp;<br \/>\n            <\/p><h2>3. Cookies<\/h2><p>Nuestra web utiliza cookies. Para m\u00e1s informaci\u00f3n acerca de las cookies, por favor consulte nuestra <a href=\"https:\/\/www.climatecoating.com\/es\/legal\/directiva-sobre-cookies-ue\/\">Pol\u00edtica de cookies<\/a>.&nbsp;<\/p><h2>4. Pr\u00e1cticas de divulgaci\u00f3n<\/h2><p><p>Divulgamos informaci\u00f3n personal si nos lo exige la ley o una orden judicial, en respuesta a un organismo encargado de hacer cumplir la ley, en la medida en que lo permitan otras disposiciones legales, para proporcionar informaci\u00f3n o para una investigaci\u00f3n sobre un asunto relacionado con la seguridad p\u00fablica.<\/p><p>Si nuestro sitio web o nuestra organizaci\u00f3n son adquiridos, vendidos o participan en una fusi\u00f3n o adquisici\u00f3n, sus datos podr\u00e1n ser revelados a nuestros asesores y a los posibles compradores, y se transmitir\u00e1n a los nuevos propietarios.<\/p><\/p><p>Tenemos un Acuerdo de procesamiento de datos con Google.<\/p><p>Google no puede utilizar los datos para otros servicios de Google.<\/p><p>La inclusi\u00f3n de direcciones IP completas est\u00e1 bloqueada por nosotros.<\/p><h2>5. Seguridad<\/h2><p>Estamos comprometidos con la seguridad de los datos personales. Tomamos las medidas de seguridad adecuadas para limitar el abuso y el acceso no autorizado a los datos personales. Esto asegura que s\u00f3lo las personas necesarias tengan acceso a sus datos, que el acceso a los datos est\u00e9 protegido y que nuestras medidas de seguridad sean revisadas regularmente.<\/p><h2>6. Webs de terceros<\/h2><p>Esta declaraci\u00f3n de privacidad no se aplica a las webs de terceros conectados mediante enlaces en nuestra web. No podemos garantizar que estas terceras partes manejen sus datos personales de forma fiable o segura. Le recomendamos que lea las declaraciones de privacidad de estas webs antes de utilizarlos.<\/p><h2>7. Modificaciones de esta declaraci\u00f3n de privacidad<\/h2><p>Nos reservamos el derecho de hacer enmiendas a esta declaraci\u00f3n de privacidad. Se recomienda que consulte esta declaraci\u00f3n de privacidad regularmente para estar al tanto de cualquier cambio. Adem\u00e1s, le informaremos activamente siempre que sea posible.<\/p><h2>8. Acceso y modificaci\u00f3n de sus datos<\/h2><p>Si tiene alguna pregunta o desea saber qu\u00e9 datos personales tenemos sobre usted, p\u00f3ngase en contacto con nosotros. Puede ponerse en contacto con nosotros utilizando la siguiente informaci\u00f3n. Usted tiene los siguientes derechos:<\/p><ul>\n                <li>Usted tiene derecho a saber por qu\u00e9 se necesitan sus datos personales, qu\u00e9 pasar\u00e1 con ellos y durante cu\u00e1nto tiempo se conservar\u00e1n.<\/li>\n                <li>Derecho de acceso: Tiene derecho a acceder a los datos personales que conocemos sobre usted.<\/li>\n                <li>Derecho de rectificaci\u00f3n: tiene derecho a completar, rectificar, borrar o bloquear sus datos personales cuando lo desee.<\/li>\n                <li>Si usted nos da su consentimiento para procesar sus datos, tiene derecho a revocar dicho consentimiento y a que se eliminen sus datos personales.<\/li>\n                <li>Derecho de cesi\u00f3n de sus datos: tiene derecho a solicitar todos sus datos personales al responsable y a transferirlos \u00edntegramente a otro responsable del tratamiento de datos.<\/li>\n                <li>Derecho de oposici\u00f3n: usted puede oponerse al tratamiento de sus datos. Nosotros cumplimos con esto, a menos que existan motivos justificados para el tratamiento.<\/li>\n            <\/ul><p>Por favor, aseg\u00farese de indicar siempre claramente qui\u00e9n es usted, para que podamos estar seguros de que no modificamos o eliminamos ning\u00fan dato de la persona equivocada.<\/p><h2>9. Enviando una reclamaci\u00f3n<\/h2><p>Si no est\u00e1 satisfecho con la forma en que tratamos o procesamos sus datos personales, tiene derecho a presentar una queja a la Autoridad de protecci\u00f3n de datos.<\/p><h2>10. Responsable de la protecci\u00f3n de datos<\/h2><p>Nuestro Responsable de la protecci\u00f3n de datos ha sido registrado ante la autoridad de protecci\u00f3n de datos de un Estado miembro de la UE. Si tiene alguna pregunta o solicitud con respecto a esta declaraci\u00f3n de privacidad o para el Responsable de la Protecci\u00f3n de Datos, puede ponerse en contacto con STR Rechtssicher.Org UG (haftungsbeschr\u00e4nkt), a trav\u00e9s de https:\/\/www.rechtssicher.org o extdsb@rechtssicher.org o por tel\u00e9fono en +49 4537 701185<\/p><h2>11. Datos de contacto<\/h2><p>SICC Coatings GmbH<br \/>\n        Wackenbergstra\u00dfe 78 \u2013 82<br \/>\r\nDE-13156 Berlin<br \/>\n        Alemania<br \/>\n        Web: <a href=\"https:\/\/www.climatecoating.com\/es\/\">https:\/\/www.climatecoating.com\/es\/<\/a> <br \/>\n        Correo electr\u00f3nico: <span class=\"cmplz-obfuscate\">&#105;&#110;&#102;&#111;@<span class=\"cmplz-fmail-domain\">&#101;x&#046;&#099;om<\/span>&#115;&#105;&#099;&#099;.d&#101;<\/span> <br \/>\n        N\u00famero de tel\u00e9fono: +49 (0) 30 \/ 50 01 96-0<\/p><h2>Anexo<\/h2><p><h3>WPML<\/h3>\nWPML utiliza cookies para determinar el idioma actual del visitante, el \u00faltimo idioma visitado y el idioma de los usuarios que han iniciado sesi\u00f3n.\n\nA medida que usa el complemento, WPML compartir\u00e1 datos relacionados con el sitio a trav\u00e9s del instalador. El propio usuario no comparte datos.\n<h3>WooCommerce<\/h3>\n<div class=\"wp-suggested-text\">\n<p class=\"privacy-policy-tutorial\">Este ejemplo muestra informaci\u00f3n b\u00e1sica sobre qu\u00e9 informaci\u00f3n personal podr\u00eda recopilar, almacenar y compartir su tienda, y qui\u00e9n podr\u00eda tener acceso a esa informaci\u00f3n. Dependiendo de la configuraci\u00f3n activada y los complementos adicionales utilizados, la informaci\u00f3n espec\u00edfica que utiliza su tienda ser\u00e1 diferente. Recomendamos asesoramiento legal para aclarar qu\u00e9 informaci\u00f3n debe incluirse en su pol\u00edtica de privacidad.<\/p>\nRecopilamos informaci\u00f3n sobre usted durante el proceso de pedido en nuestra tienda.\n<h2>Lo que recopilamos y almacenamos<\/h2>\nMientras visita nuestro sitio web, registramos:\n<ul>\n <li>Productos vistos: Aqu\u00ed le mostramos productos que ha visto recientemente.<\/li>\n <li>Ubicaci\u00f3n, direcci\u00f3n IP y tipo de navegador: Usamos esto para prop\u00f3sitos como calcular impuestos y costos de env\u00edo<\/li>\n <li>Direcci\u00f3n de env\u00edo: le pediremos que proporcione esto para que podamos, por ejemplo, determinar los costos de env\u00edo antes de realizar un pedido y poder envi\u00e1rselo.<\/li>\n<\/ul>\nTambi\u00e9n utilizamos cookies para rastrear el contenido de su carrito de compras mientras navega por nuestro sitio web.\n<p class=\"privacy-policy-tutorial\">Nota: debe actualizar su pol\u00edtica de cookies con m\u00e1s detalles y enlazar a esta secci\u00f3n aqu\u00ed.<\/p>\nCuando compre con nosotros, le pediremos que proporcione informaci\u00f3n como su nombre, direcciones de facturaci\u00f3n y env\u00edo, direcci\u00f3n de correo electr\u00f3nico y n\u00famero de tel\u00e9fono, tarjeta de cr\u00e9dito\/detalles de pago e informaci\u00f3n de cuenta opcional, como nombre de usuario y contrase\u00f1a. Utilizamos esta informaci\u00f3n para los siguientes prop\u00f3sitos:\n<ul>\n <li>Env\u00edo de informaci\u00f3n sobre su cuenta y pedido<\/li>\n <li>Respuesta a sus consultas, incluidos reembolsos y quejas<\/li>\n <li>Procesamiento de transacciones de pago y prevenci\u00f3n del fraude<\/li>\n <li>Configure su cuenta para nuestra tienda<\/li>\n <li>Cumplimiento de todas las obligaciones legales, como el c\u00e1lculo de impuestos<\/li>\n <li>Mejorando las ofertas de nuestra tienda<\/li>\n <li>Env\u00ede mensajes de marketing si elige recibirlos<\/li>\n<\/ul>\nCuando crea una cuenta con nosotros, almacenamos su nombre, direcci\u00f3n, direcci\u00f3n de correo electr\u00f3nico y n\u00famero de tel\u00e9fono. Esta informaci\u00f3n se utilizar\u00e1 para completar la informaci\u00f3n de pago para pedidos futuros.\n\nPor lo general, almacenamos informaci\u00f3n sobre usted durante el tiempo que la necesitamos con el fin de recopilarla y usarla, y estamos obligados a almacenarla. Por ejemplo, almacenamos informaci\u00f3n de pedidos durante XXX a\u00f1os por motivos fiscales y de facturaci\u00f3n. Esto incluye su nombre, su direcci\u00f3n de correo electr\u00f3nico y su direcci\u00f3n de facturaci\u00f3n y env\u00edo.\n\nTambi\u00e9n almacenamos comentarios o calificaciones si elige dejarlos.\n<h2>Qui\u00e9n en nuestro equipo tiene acceso<\/h2>\nLos miembros de nuestro equipo tienen acceso a la informaci\u00f3n que nos proporciona. Por ejemplo, tanto los administradores como los gerentes de tiendas pueden acceder a:\n<ul>\n <li>Informaci\u00f3n del pedido, como los productos comprados, el momento de la compra y la direcci\u00f3n de env\u00edo, y<\/li>\n <li>Informaci\u00f3n del cliente, como su nombre, direcci\u00f3n de correo electr\u00f3nico e informaci\u00f3n de facturaci\u00f3n y env\u00edo.<\/li>\n<\/ul>\nLos miembros de nuestro equipo tienen acceso a esta informaci\u00f3n para procesar pedidos, emitir reembolsos y brindarle asistencia.\n<h2>Lo que compartimos con los dem\u00e1s<\/h2>\n<p class=\"privacy-policy-tutorial\">En esta secci\u00f3n, debe indicar con qui\u00e9n est\u00e1 compartiendo informaci\u00f3n y con qu\u00e9 prop\u00f3sito. Esto puede incluir, entre otros, an\u00e1lisis, marketing, pasarelas de pago, proveedores de env\u00edo y elementos de terceros.<\/p>\nCompartimos informaci\u00f3n con terceros que nos ayudan a entregarle nuestros pedidos y servicios. Por ejemplo --\n<h3>Pagos<\/h3>\n<p class=\"privacy-policy-tutorial\">En esta subsecci\u00f3n, debe enumerar qu\u00e9 procesadores de pagos externos procesan los pagos en su tienda, ya que pueden procesar datos de clientes. Usamos PayPal como ejemplo, pero si no usa PayPal, debe eliminarlo.<\/p>\nAceptamos pagos con PayPal. Durante el procesamiento del pago, algunos de sus datos se transmitir\u00e1n a PayPal. Solo se transmite la informaci\u00f3n necesaria para procesar o realizar el pago, como el precio total de compra y la informaci\u00f3n de pago.\n\nPuede ver la <a href=\"https:\/\/www.paypal.com\/us\/webapps\/mpp\/ua\/privacy-full\">Pol\u00edtica de privacidad de PayPal<\/a> aqu\u00ed.\n\n<\/div>\n<h3>Traducci\u00f3n de medios WPML<\/h3>\nWPML Media Translation enviar\u00e1 la direcci\u00f3n de correo electr\u00f3nico y el nombre de cada administrador, el traductor asignado, as\u00ed como el contenido mismo al Editor de traducci\u00f3n avanzado y los servicios de traducci\u00f3n contratados.\n<h3>WooCommerce multiling\u00fce<\/h3>\nWooCommerce Multilingual usa cookies para comprender la informaci\u00f3n en el carrito de compras cuando se usan idiomas en los dominios y para transferir datos entre los dominios.\n\nWooCommerce Multilingual tambi\u00e9n utiliza cookies para identificar el idioma y la moneda del pedido de cada cliente, as\u00ed como el idioma de los informes generados por WooCommerce. WooCommerce Multilingual ampl\u00eda estos informes al agregar informaci\u00f3n sobre la moneda.\n<h3>Administraci\u00f3n de traducciones de WPML<\/h3>\nWPML Translation Management enviar\u00e1 la direcci\u00f3n de correo electr\u00f3nico y el nombre de cada administrador, as\u00ed como el traductor asignado y el contenido mismo al editor de traducci\u00f3n avanzado y los servicios de traducci\u00f3n implementados.\n<h3>Traducci\u00f3n de cadenas WPML<\/h3>\nWPML String Translation enviar\u00e1 todas las cadenas al editor de traducci\u00f3n avanzado de WPML ya los servicios de traducci\u00f3n implementados.\n<h3>SSL realmente simple<\/h3>\nLos complementos Really Simple SSL y Really Simple SSL no procesan ning\u00fan dato personal, por lo que el RGPD no se aplica a estos complementos ni al uso de estos complementos en su sitio web. Puede encontrar nuestra declaraci\u00f3n de privacidad <a href=\"https:\/\/really-simple-ssl.com\/privacy-statement\/\" target=\"_blank\" rel=\"noopener\">aqu\u00ed<\/a>.\n<h3>Complementos YITH<\/h3>\n<div class=\"wp-suggested-text\">\n<p class=\"privacy-policy-tutorial\">Este lenguaje de muestra incluye los conceptos b\u00e1sicos sobre qu\u00e9 datos personales puede recopilar, almacenar y compartir su tienda, as\u00ed como qui\u00e9n puede tener acceso a esos datos. Dependiendo de qu\u00e9 configuraciones est\u00e9n habilitadas y qu\u00e9 complementos adicionales se usen, la informaci\u00f3n espec\u00edfica compartida por su tienda variar\u00e1. Recomendamos consultar con un abogado al decidir qu\u00e9 informaci\u00f3n divulgar en su pol\u00edtica de privacidad.<\/p>\n\n<\/div><\/div>[\/vc_column_text][\/vc_column][\/vc_row]<\/p>\n<\/div>","protected":false},"excerpt":{"rendered":"<p>[vc_row row_type=&#8221;row&#8221; use_row_as_full_screen_section=&#8221;no&#8221; type=&#8221;full_width&#8221; text_align=&#8221;left&#8221; background_animation=&#8221;none&#8221; css_animation=&#8221;&#8221;][vc_column][vc_column_text] Pol\u00edtica de privacidad (UE) [\/vc_column_text][\/vc_column][\/vc_row]<\/p>\n","protected":false},"author":1,"featured_media":0,"parent":25942,"menu_order":820,"comment_status":"closed","ping_status":"closed","template":"","meta":{"footnotes":""},"class_list":["post-26208","page","type-page","status-publish","hentry"],"_links":{"self":[{"href":"https:\/\/www.climatecoating.com\/es\/wp-json\/wp\/v2\/pages\/26208","targetHints":{"allow":["GET"]}}],"collection":[{"href":"https:\/\/www.climatecoating.com\/es\/wp-json\/wp\/v2\/pages"}],"about":[{"href":"https:\/\/www.climatecoating.com\/es\/wp-json\/wp\/v2\/types\/page"}],"author":[{"embeddable":true,"href":"https:\/\/www.climatecoating.com\/es\/wp-json\/wp\/v2\/users\/1"}],"replies":[{"embeddable":true,"href":"https:\/\/www.climatecoating.com\/es\/wp-json\/wp\/v2\/comments?post=26208"}],"version-history":[{"count":0,"href":"https:\/\/www.climatecoating.com\/es\/wp-json\/wp\/v2\/pages\/26208\/revisions"}],"up":[{"embeddable":true,"href":"https:\/\/www.climatecoating.com\/es\/wp-json\/wp\/v2\/pages\/25942"}],"wp:attachment":[{"href":"https:\/\/www.climatecoating.com\/es\/wp-json\/wp\/v2\/media?parent=26208"}],"curies":[{"name":"wp","href":"https:\/\/api.w.org\/{rel}","templated":true}]}}