{"id":26220,"date":"2021-05-28T14:49:44","date_gmt":"2021-05-28T12:49:44","guid":{"rendered":"https:\/\/www.climatecoating.com\/jardin-y-ocio\/"},"modified":"2026-03-06T14:18:24","modified_gmt":"2026-03-06T13:18:24","slug":"jardines-y-espacios-de-ocio","status":"publish","type":"page","link":"https:\/\/www.climatecoating.com\/es\/ambitos-de-aplicacion\/jardines-y-espacios-de-ocio\/","title":{"rendered":"Jard\u00edn y Ocio"},"content":{"rendered":"<div class=\"wpb-content-wrapper\"><p>[vc_row row_type=&#8221;row&#8221; use_row_as_full_screen_section=&#8221;no&#8221; type=&#8221;full_width&#8221; text_align=&#8221;left&#8221; background_animation=&#8221;none&#8221; padding_bottom=&#8221;45&#8243; css_animation=&#8221;&#8221;][vc_column][vc_single_image image=&#8221;27154&#8243; img_size=&#8221;full&#8221; css=&#8221;.vc_custom_1605018940325{padding-bottom: 30px !important;}&#8221; qode_css_animation=&#8221;&#8221;][vc_column_text]<\/p>\n<h1>Jard\u00edn y Ocio<\/h1>\n<p>[\/vc_column_text][vc_column_text css=&#8221;.vc_custom_1772803081731{padding-bottom: 30px !important;}&#8221;]<span style=\"font-size: 20px;\">Con ClimateCoating<sup>\u00ae<\/sup><sup>\u00a0<\/sup><\/span><span style=\"font-size: 20px;\">&#8211; Protecci\u00f3n de la madera. Resistencia a los rayos UV. Protecci\u00f3n de superficies. <\/span><\/p>\n<p>Los revestimientos de alta tecnolog\u00eda de ClimateCoating<sup>\u00ae<\/sup> para elementos de madera de exterior consiguen lo que otros no suelen: una protecci\u00f3n a largo plazo superior a la media que no se descascarilla. El <em>acabado perfecto para p\u00e9rgolas, vallas, casetas finlandesas y muebles de jard\u00edn.<\/em><\/p>\n<p><strong>El material m\u00e1s bello del mundo <\/strong><br \/>\nNing\u00fan otro material re\u00fane m\u00e1s ventajas que la madera en cuanto a variedad, dise\u00f1o, funcionalidad, emoci\u00f3n, ecolog\u00eda y calidad de vida. La madera es el material de construcci\u00f3n m\u00e1s antiguo y natural conocido por el hombre. Pero como la madera est\u00e1 tan viva, reacciona con sensibilidad a las influencias clim\u00e1ticas, como la humedad, la radiaci\u00f3n UV y la contaminaci\u00f3n del aire, as\u00ed como a los hongos, las plagas y los insectos. Por lo tanto, la madera necesita cuidados regulares para conservar su belleza y funcionalidad a largo plazo.<\/p>\n<p><strong>Ejemplos de aplicaci\u00f3n<br \/>\n<\/strong>Ofrecemos revestimientos opacos y transparentes para todos los componentes de madera dimensionalmente estables y no dimensionalmente estables en exteriores. <em>Protege y embellece<\/em> tablas machihembradas, entramados de madera, contraventanas, balaustradas de balcones, tejas, muebles de jard\u00edn, p\u00e9rgolas y vallas, por ejemplo. \u00bfQuieres saber m\u00e1s? Echa un vistazo a estos <a href=\"https:\/\/www.climatecoating.com\/es\/referencias\/casa-de-madera\/\" target=\"_blank\" rel=\"noopener\">proyectos<\/a> o env\u00edanos tu <a href=\"https:\/\/www.climatecoating.com\/es\/produkt\/nature\/\" target=\"_blank\" rel=\"noopener\">consulta sobre ClimateCoating<sup>\u00ae<\/sup>&#8211; Nature. <\/a>[\/vc_column_text][vc_row_inner row_type=&#8221;row&#8221; type=&#8221;full_width&#8221; use_row_as_full_screen_section_slide=&#8221;no&#8221; text_align=&#8221;left&#8221; css_animation=&#8221;&#8221;][vc_column_inner width=&#8221;1\/4&#8243;][vc_column_text]PROTECCI\u00d3N DE LA MADERA DE COLOR[\/vc_column_text][vc_gallery interval=&#8221;3&#8243; images=&#8221;27171,27170,27172&#8243; img_size=&#8221;full&#8221; onclick=&#8221;&#8221; el_class=&#8221;flex-noarrows&#8221;][vc_separator type=&#8221;small&#8221; position=&#8221;left&#8221; border_style=&#8221;&#8221; up=&#8221;18&#8243; down=&#8221;20&#8243; color=&#8221;#d6202d&#8221;][\/vc_column_inner][vc_column_inner width=&#8221;3\/4&#8243;][\/vc_column_inner][\/vc_row_inner][vc_column_text]Protecci\u00f3n a largo plazo de la madera contra la intemperie[\/vc_column_text][\/vc_column][\/vc_row][vc_row row_type=&#8221;row&#8221; use_row_as_full_screen_section=&#8221;no&#8221; type=&#8221;full_width&#8221; text_align=&#8221;left&#8221; background_animation=&#8221;none&#8221; css_animation=&#8221;&#8221;][vc_column][\/vc_column][\/vc_row]<\/p>\n<\/div>","protected":false},"excerpt":{"rendered":"Jard\u00edn y Ocio Con ClimateCoating\u00ae\u00a0- Protecci\u00f3n de la madera. Resistencia a los rayos UV. Protecci\u00f3n de superficies. Los revestimientos de alta tecnolog\u00eda de ClimateCoating\u00ae para elementos de madera de exterior consiguen lo que otros no suelen: una protecci\u00f3n a largo plazo superior a la media...","protected":false},"author":1,"featured_media":0,"parent":26430,"menu_order":135,"comment_status":"closed","ping_status":"closed","template":"","meta":{"footnotes":""},"class_list":["post-26220","page","type-page","status-publish","hentry"],"_links":{"self":[{"href":"https:\/\/www.climatecoating.com\/es\/wp-json\/wp\/v2\/pages\/26220","targetHints":{"allow":["GET"]}}],"collection":[{"href":"https:\/\/www.climatecoating.com\/es\/wp-json\/wp\/v2\/pages"}],"about":[{"href":"https:\/\/www.climatecoating.com\/es\/wp-json\/wp\/v2\/types\/page"}],"author":[{"embeddable":true,"href":"https:\/\/www.climatecoating.com\/es\/wp-json\/wp\/v2\/users\/1"}],"replies":[{"embeddable":true,"href":"https:\/\/www.climatecoating.com\/es\/wp-json\/wp\/v2\/comments?post=26220"}],"version-history":[{"count":6,"href":"https:\/\/www.climatecoating.com\/es\/wp-json\/wp\/v2\/pages\/26220\/revisions"}],"predecessor-version":[{"id":64544,"href":"https:\/\/www.climatecoating.com\/es\/wp-json\/wp\/v2\/pages\/26220\/revisions\/64544"}],"up":[{"embeddable":true,"href":"https:\/\/www.climatecoating.com\/es\/wp-json\/wp\/v2\/pages\/26430"}],"wp:attachment":[{"href":"https:\/\/www.climatecoating.com\/es\/wp-json\/wp\/v2\/media?parent=26220"}],"curies":[{"name":"wp","href":"https:\/\/api.w.org\/{rel}","templated":true}]}}