{"id":26230,"date":"2021-05-28T14:49:50","date_gmt":"2021-05-28T12:49:50","guid":{"rendered":"https:\/\/www.climatecoating.com\/industria-y-soluciones-especiales\/"},"modified":"2026-03-09T10:12:54","modified_gmt":"2026-03-09T09:12:54","slug":"industria-y-soluciones-especiales","status":"publish","type":"page","link":"https:\/\/www.climatecoating.com\/es\/ambitos-de-aplicacion\/industria-y-soluciones-especiales\/","title":{"rendered":"Industria y soluciones especiales"},"content":{"rendered":"<div class=\"wpb-content-wrapper\"><p>[vc_row row_type=&#8221;row&#8221; use_row_as_full_screen_section=&#8221;no&#8221; type=&#8221;full_width&#8221; text_align=&#8221;left&#8221; background_animation=&#8221;none&#8221; padding_bottom=&#8221;45&#8243; css_animation=&#8221;&#8221;][vc_column][vc_single_image image=&#8221;27152&#8243; img_size=&#8221;full&#8221; css=&#8221;.vc_custom_1605019348238{padding-bottom: 30px !important;}&#8221; qode_css_animation=&#8221;&#8221;][vc_column_text]<\/p>\n<h1>Industria y soluciones especiales<\/h1>\n<p>[\/vc_column_text][vc_column_text css=&#8221;.vc_custom_1773047560609{padding-bottom: 30px !important;}&#8221;]<span style=\"font-size: 20px;\">Con ClimateCoating<sup>\u00ae <\/sup><\/span><span style=\"font-size: 20px;\">&#8211; Protecci\u00f3n del material. Diversidad funcional. Soluciones personalizadas. <\/span><\/p>\n<p>Algunos requisitos no pueden clasificarse en categor\u00edas est\u00e1ndar, como el revestimiento de <em>pl\u00e1sticos, textiles u otros materiales especiales<\/em>. Tambi\u00e9n pueden requerirse propiedades o efectos especiales, como <em>ac\u00fastica, flexibilidad o cat\u00e1lisis<\/em>. ClimateCoating<sup>\u00ae <\/sup>ofrece revestimientos funcionales personalizados que se adaptan con precisi\u00f3n a tus necesidades. Esto significa que <em>incluso las tareas m\u00e1s inusuales pueden resolverse de forma fiable<\/em>, optimizar las propiedades de los materiales y realizar nuevas funciones. No importa qu\u00e9 problema quieras abordar: ClimateCoating<sup>\u00ae <\/sup>te ayuda con <em>soluciones personalizadas para todos los sectores<\/em>. <a href=\"https:\/\/www.climatecoating.com\/es\/contactar\/\" target=\"_blank\" rel=\"noopener\">Ponte en contacto con nosotros.<\/a>[\/vc_column_text][\/vc_column][\/vc_row][vc_row row_type=&#8221;row&#8221; use_row_as_full_screen_section=&#8221;no&#8221; type=&#8221;full_width&#8221; text_align=&#8221;left&#8221; background_animation=&#8221;none&#8221; css_animation=&#8221;&#8221;][vc_column][\/vc_column][\/vc_row]<\/p>\n<\/div>","protected":false},"excerpt":{"rendered":"Industria y soluciones especiales Con ClimateCoating\u00ae - Protecci\u00f3n del material. Diversidad funcional. Soluciones personalizadas. Algunos requisitos no pueden clasificarse en categor\u00edas est\u00e1ndar, como el revestimiento de pl\u00e1sticos, textiles u otros materiales especiales. Tambi\u00e9n pueden requerirse propiedades o efectos especiales, como ac\u00fastica, flexibilidad o cat\u00e1lisis. ClimateCoating\u00ae...","protected":false},"author":1,"featured_media":0,"parent":26430,"menu_order":160,"comment_status":"closed","ping_status":"closed","template":"","meta":{"footnotes":""},"class_list":["post-26230","page","type-page","status-publish","hentry"],"_links":{"self":[{"href":"https:\/\/www.climatecoating.com\/es\/wp-json\/wp\/v2\/pages\/26230","targetHints":{"allow":["GET"]}}],"collection":[{"href":"https:\/\/www.climatecoating.com\/es\/wp-json\/wp\/v2\/pages"}],"about":[{"href":"https:\/\/www.climatecoating.com\/es\/wp-json\/wp\/v2\/types\/page"}],"author":[{"embeddable":true,"href":"https:\/\/www.climatecoating.com\/es\/wp-json\/wp\/v2\/users\/1"}],"replies":[{"embeddable":true,"href":"https:\/\/www.climatecoating.com\/es\/wp-json\/wp\/v2\/comments?post=26230"}],"version-history":[{"count":5,"href":"https:\/\/www.climatecoating.com\/es\/wp-json\/wp\/v2\/pages\/26230\/revisions"}],"predecessor-version":[{"id":64578,"href":"https:\/\/www.climatecoating.com\/es\/wp-json\/wp\/v2\/pages\/26230\/revisions\/64578"}],"up":[{"embeddable":true,"href":"https:\/\/www.climatecoating.com\/es\/wp-json\/wp\/v2\/pages\/26430"}],"wp:attachment":[{"href":"https:\/\/www.climatecoating.com\/es\/wp-json\/wp\/v2\/media?parent=26230"}],"curies":[{"name":"wp","href":"https:\/\/api.w.org\/{rel}","templated":true}]}}