{"id":26234,"date":"2021-05-28T14:49:52","date_gmt":"2021-05-28T12:49:52","guid":{"rendered":"https:\/\/www.climatecoating.com\/referencias\/proyectos-de-tejados\/"},"modified":"2021-05-28T14:49:53","modified_gmt":"2021-05-28T12:49:53","slug":"proyectos-de-tejados","status":"publish","type":"page","link":"https:\/\/www.climatecoating.com\/es\/referencias\/proyectos-de-tejados\/","title":{"rendered":"Proyectos de tejados"},"content":{"rendered":"<div class=\"wpb-content-wrapper\"><p>[vc_row row_type=&#8221;row&#8221; use_row_as_full_screen_section=&#8221;no&#8221; type=&#8221;full_width&#8221; text_align=&#8221;left&#8221; background_animation=&#8221;none&#8221; padding_top=&#8221;14&#8243; padding_bottom=&#8221;100&#8243; css_animation=&#8221;&#8221;][vc_column][vc_column_text]<\/p>\n<h1>Referencias &#8211; Proyectos de tejados<\/h1>\n<p>[\/vc_column_text]<div class='projects_holder_outer v3 portfolio_with_space portfolio_with_hover_text  qode-filter-position-left'>\n\t    \t<div class='projects_holder clearfix v3 hover_text portfolio_default_image '>\n\t\t<article class=\"mix portfolio_category_876\">\n    <div class='image_holder elegant_hover'>\n        \n<span class='image'><img loading=\"lazy\" decoding=\"async\" width=\"550\" height=\"498\" src=\"https:\/\/www.climatecoating.com\/wp-content\/uploads\/2020\/10\/ThermoActive_Roof_SK_2650x1440px-550x498.jpg\" class=\"attachment-portfolio-default size-portfolio-default wp-post-image\" alt=\"Revestimiento de techo ThermoActive\" srcset=\"https:\/\/www.climatecoating.com\/wp-content\/uploads\/2020\/10\/ThermoActive_Roof_SK_2650x1440px-550x498.jpg 550w, https:\/\/www.climatecoating.com\/wp-content\/uploads\/2020\/10\/ThermoActive_Roof_SK_2650x1440px-480x434.jpg 480w, https:\/\/www.climatecoating.com\/wp-content\/uploads\/2020\/10\/ThermoActive_Roof_SK_2650x1440px-125x112.jpg 125w\" sizes=\"auto, (max-width: 550px) 100vw, 550px\" \/><\/span>\n                    <a class='portfolio_link_class' href='https:\/\/www.climatecoating.com\/es\/referencias\/referencia\/fabrica-de-schindler-en-eslovaquia\/' target='_self'><\/a>\n\t\t\n        <div class=\"portfolio_shader\"><\/div>\n<div class=\"text_holder\">\n\t<div class=\"text_holder_inner\">\n\t\t<div class=\"text_holder_inner2\">\n\t\t\t<h4 class=\"portfolio_title\" > F\u00e1brica de Schindler en Eslovaquia<\/h4><h6 class=\"portfolio_subtitle\"> <\/h6>\t\t<\/div>\n\t<\/div>\n<\/div>\n\n\n\t    \n    <\/div>\n<\/article>\n\t\t\t\t\t<div class='filler'><\/div>\n\t\t\t\t\t\t\t\t\t<div class='filler'><\/div>\n\t\t\t\t\t\t\t\t\t<div class='filler'><\/div>\n\t\t\t\t\t<\/div>\n\n    \n\t<\/div>\n[\/vc_column][\/vc_row][vc_row row_type=&#8221;row&#8221; use_row_as_full_screen_section=&#8221;no&#8221; type=&#8221;full_width&#8221; text_align=&#8221;left&#8221; background_animation=&#8221;none&#8221; css_animation=&#8221;&#8221;][vc_column][\/vc_column][\/vc_row]<\/p>\n<\/div>","protected":false},"excerpt":{"rendered":"En Dunskaj\u00e1 Streda (Eslovaquia), unos 14.000 m\u00b2 de superficie de techo del fabricante de ascensores Schindler v\u00fdtahy a eskal\u00e1tory a.s. se recubrieron con ThermoActive en 2019. El socio ejecutor fue la empresa HOFER SK, s.r.o., 01001 \u017dilina. El problema Altas temperaturas en las naves de...","protected":false},"author":3,"featured_media":0,"parent":26140,"menu_order":410,"comment_status":"closed","ping_status":"closed","template":"","meta":{"footnotes":""},"class_list":["post-26234","page","type-page","status-publish","hentry"],"_links":{"self":[{"href":"https:\/\/www.climatecoating.com\/es\/wp-json\/wp\/v2\/pages\/26234","targetHints":{"allow":["GET"]}}],"collection":[{"href":"https:\/\/www.climatecoating.com\/es\/wp-json\/wp\/v2\/pages"}],"about":[{"href":"https:\/\/www.climatecoating.com\/es\/wp-json\/wp\/v2\/types\/page"}],"author":[{"embeddable":true,"href":"https:\/\/www.climatecoating.com\/es\/wp-json\/wp\/v2\/users\/3"}],"replies":[{"embeddable":true,"href":"https:\/\/www.climatecoating.com\/es\/wp-json\/wp\/v2\/comments?post=26234"}],"version-history":[{"count":0,"href":"https:\/\/www.climatecoating.com\/es\/wp-json\/wp\/v2\/pages\/26234\/revisions"}],"up":[{"embeddable":true,"href":"https:\/\/www.climatecoating.com\/es\/wp-json\/wp\/v2\/pages\/26140"}],"wp:attachment":[{"href":"https:\/\/www.climatecoating.com\/es\/wp-json\/wp\/v2\/media?parent=26234"}],"curies":[{"name":"wp","href":"https:\/\/api.w.org\/{rel}","templated":true}]}}