{"id":26239,"date":"2021-05-28T14:50:00","date_gmt":"2021-05-28T12:50:00","guid":{"rendered":"https:\/\/www.climatecoating.com\/industria-alimentaria\/"},"modified":"2026-03-06T13:43:29","modified_gmt":"2026-03-06T12:43:29","slug":"industria-alimentaria","status":"publish","type":"page","link":"https:\/\/www.climatecoating.com\/es\/ambitos-de-aplicacion\/industria-alimentaria\/","title":{"rendered":"Industria alimentaria"},"content":{"rendered":"<div class=\"wpb-content-wrapper\"><p>[vc_row row_type=&#8221;row&#8221; use_row_as_full_screen_section=&#8221;no&#8221; type=&#8221;full_width&#8221; text_align=&#8221;left&#8221; background_animation=&#8221;none&#8221; padding_bottom=&#8221;45&#8243; css_animation=&#8221;&#8221;][vc_column][vc_single_image image=&#8221;27158&#8243; img_size=&#8221;full&#8221; css=&#8221;.vc_custom_1605018080810{padding-bottom: 30px !important;}&#8221; qode_css_animation=&#8221;&#8221;][vc_column_text]<\/p>\n<h1>Industria alimentaria<\/h1>\n<p>[\/vc_column_text][vc_column_text css=&#8221;.vc_custom_1772800978749{padding-bottom: 30px !important;}&#8221;]<span style=\"font-size: 20px;\">Con ClimateCoating<sup>\u00ae<\/sup> <\/span><span style=\"font-size: 20px;\">&#8211; Alta higiene. Costes de refrigeraci\u00f3n reducidos. Resistencia superficial. <\/span><\/p>\n<p>La higiene es una prioridad m\u00e1xima en la industria alimentaria: todas las superficies deben cumplir los requisitos m\u00e1s estrictos de limpieza y desinfecci\u00f3n. Los revestimientos funcionales ClimateCoating<sup>\u00ae<\/sup> te ayudan a <em>cumplir estas normas de forma fiable<\/em>. Reducen la acumulaci\u00f3n de suciedad y humedad y facilitan la limpieza. Al mismo tiempo, ayudan a <em>reducir los costes de refrigeraci\u00f3n y energ\u00eda a largo plazo<\/em>, minimizando la p\u00e9rdida de calor y reduciendo el consumo de electricidad. Nuestros revestimientos duraderos son resistentes a los agentes de limpieza agresivos, a la humedad y a las temperaturas extremas, lo que permite <em>un funcionamiento seguro, limpio y energ\u00e9ticamente eficiente<\/em>. Deja que te asesoremos y descubre c\u00f3mo la ClimateCoating<sup>\u00ae<\/sup>\u00a0 puede hacer que tu <em>empresa sea m\u00e1s higi\u00e9nica y econ\u00f3mica a largo plazo.<\/em>[\/vc_column_text][vc_row_inner row_type=&#8221;row&#8221; type=&#8221;full_width&#8221; use_row_as_full_screen_section_slide=&#8221;no&#8221; text_align=&#8221;left&#8221; css_animation=&#8221;&#8221;][vc_column_inner width=&#8221;1\/2&#8243;][vc_column_text]HIGIENE[\/vc_column_text][vc_gallery interval=&#8221;3&#8243; images=&#8221;26460,27165,64504&#8243; img_size=&#8221;full&#8221; onclick=&#8221;&#8221; css=&#8221;&#8221; el_class=&#8221;flex-noarrows&#8221;][vc_separator type=&#8221;small&#8221; position=&#8221;left&#8221; border_style=&#8221;&#8221; up=&#8221;18&#8243; down=&#8221;20&#8243; color=&#8221;#d6202d&#8221;][vc_column_text css=&#8221;&#8221;]<a href=\"https:\/\/www.climatecoating.com\/es\/ambitos-de-aplicacion\/proteccion-contra-el-moho\/\" target=\"_blank\" rel=\"noopener\">Protecci\u00f3n contra el moho<\/a><\/p>\n<p>Higiene de las habitaciones<\/p>\n<p>Prevenci\u00f3n de la condensaci\u00f3n<\/p>\n<p>Regulaci\u00f3n de la humedad<\/p>\n<p>Neutralidad de los olores<\/p>\n<p>Resistencia a la suciedad<\/p>\n<p>Ahorro de energ\u00eda<\/p>\n<p>Eliminaci\u00f3n de la suciedad mediante fotocat\u00e1lisis<\/p>\n<p>Aclaraci\u00f3n de la habitaci\u00f3n mediante la reflexi\u00f3n de la luz<\/p>\n<p>Actualizaci\u00f3n de techos[\/vc_column_text][\/vc_column_inner][vc_column_inner width=&#8221;1\/2&#8243;][vc_column_text]REFRIGERACI\u00d3N DE EDIFICIOS[\/vc_column_text][vc_gallery interval=&#8221;3&#8243; images=&#8221;26187,27060,26396&#8243; img_size=&#8221;medium&#8221; onclick=&#8221;&#8221; css=&#8221;&#8221; el_class=&#8221;flex-noarrows&#8221;][vc_separator type=&#8221;small&#8221; position=&#8221;left&#8221; border_style=&#8221;&#8221; up=&#8221;18&#8243; down=&#8221;20&#8243; color=&#8221;#d6202d&#8221;][vc_column_text]Ahorro de energ\u00eda<\/p>\n<p>Longevidad<\/p>\n<p>Sin grietas<\/p>\n<p>Robustez<\/p>\n<p>Repelencia a la suciedad<\/p>\n<p>Gesti\u00f3n de la humedad<\/p>\n<p>Retraso del fuego<\/p>\n<p>Refrigeraci\u00f3n y reducci\u00f3n de costes de refrigeraci\u00f3n<\/p>\n<p>Protecci\u00f3n contra la intemperie<\/p>\n<p>Tightness<\/p>\n<p>Relajaci\u00f3n t\u00e9rmica[\/vc_column_text][\/vc_column_inner][\/vc_row_inner][\/vc_column][\/vc_row][vc_row row_type=&#8221;row&#8221; use_row_as_full_screen_section=&#8221;no&#8221; type=&#8221;full_width&#8221; text_align=&#8221;left&#8221; background_animation=&#8221;none&#8221; css_animation=&#8221;&#8221;][vc_column][\/vc_column][\/vc_row]<\/p>\n<\/div>","protected":false},"excerpt":{"rendered":"Industria alimentaria Con ClimateCoating\u00ae - Alta higiene. Costes de refrigeraci\u00f3n reducidos. Resistencia superficial. La higiene es una prioridad m\u00e1xima en la industria alimentaria: todas las superficies deben cumplir los requisitos m\u00e1s estrictos de limpieza y desinfecci\u00f3n. Los revestimientos funcionales ClimateCoating\u00ae te ayudan a cumplir estas...","protected":false},"author":1,"featured_media":0,"parent":26430,"menu_order":115,"comment_status":"closed","ping_status":"closed","template":"","meta":{"footnotes":""},"class_list":["post-26239","page","type-page","status-publish","hentry"],"_links":{"self":[{"href":"https:\/\/www.climatecoating.com\/es\/wp-json\/wp\/v2\/pages\/26239","targetHints":{"allow":["GET"]}}],"collection":[{"href":"https:\/\/www.climatecoating.com\/es\/wp-json\/wp\/v2\/pages"}],"about":[{"href":"https:\/\/www.climatecoating.com\/es\/wp-json\/wp\/v2\/types\/page"}],"author":[{"embeddable":true,"href":"https:\/\/www.climatecoating.com\/es\/wp-json\/wp\/v2\/users\/1"}],"replies":[{"embeddable":true,"href":"https:\/\/www.climatecoating.com\/es\/wp-json\/wp\/v2\/comments?post=26239"}],"version-history":[{"count":6,"href":"https:\/\/www.climatecoating.com\/es\/wp-json\/wp\/v2\/pages\/26239\/revisions"}],"predecessor-version":[{"id":64521,"href":"https:\/\/www.climatecoating.com\/es\/wp-json\/wp\/v2\/pages\/26239\/revisions\/64521"}],"up":[{"embeddable":true,"href":"https:\/\/www.climatecoating.com\/es\/wp-json\/wp\/v2\/pages\/26430"}],"wp:attachment":[{"href":"https:\/\/www.climatecoating.com\/es\/wp-json\/wp\/v2\/media?parent=26239"}],"curies":[{"name":"wp","href":"https:\/\/api.w.org\/{rel}","templated":true}]}}