{"id":26274,"date":"2021-05-28T14:50:08","date_gmt":"2021-05-28T12:50:08","guid":{"rendered":"https:\/\/www.climatecoating.com\/construir-y-vivir\/"},"modified":"2026-03-06T13:10:05","modified_gmt":"2026-03-06T12:10:05","slug":"residencial","status":"publish","type":"page","link":"https:\/\/www.climatecoating.com\/es\/ambitos-de-aplicacion\/residencial\/","title":{"rendered":"Residencial"},"content":{"rendered":"<div class=\"wpb-content-wrapper\"><p>[vc_row row_type=&#8221;row&#8221; use_row_as_full_screen_section=&#8221;no&#8221; type=&#8221;full_width&#8221; text_align=&#8221;left&#8221; background_animation=&#8221;none&#8221; padding_bottom=&#8221;45&#8243; css_animation=&#8221;&#8221;][vc_column][vc_single_image image=&#8221;56254&#8243; img_size=&#8221;full&#8221; css=&#8221;.vc_custom_1762171540303{padding-bottom: 30px !important;}&#8221; qode_css_animation=&#8221;&#8221;][vc_column_text]<\/p>\n<h1>Residencial<\/h1>\n<p>[\/vc_column_text][vc_column_text css=&#8221;.vc_custom_1772798992194{padding-bottom: 30px !important;}&#8221;]ClimateCoating<sup>\u00ae<\/sup> \u2013 Clima interior saud\u00e1vel. Poupan\u00e7a de energia. Superf\u00edcies duradouras.<\/p>\n<p>Imagine uma casa totalmente confort\u00e1vel, saud\u00e1vel e energeticamente eficiente \u2013 \u00e9 exatamente isso que o ClimateCoating<sup>\u00ae<\/sup> permite. As nossas <em>tintas funcionais reduzem as perdas de calor, diminuem significativamente os custos de aquecimento e energia<\/em> e garantem um clima interior agrad\u00e1vel e saud\u00e1vel gra\u00e7as a temperaturas superficiais mais elevadas. As superf\u00edcies duradouras mant\u00eam a sua casa em \u00f3timas condi\u00e7\u00f5es durante anos e tornam as <em>renova\u00e7\u00f5es dispendiosas<\/em> menos frequentes. A distribui\u00e7\u00e3o uniforme da temperatura garante ao mesmo tempo que todas as divis\u00f5es sejam confort\u00e1veis \u2013 da sala de estar ao quarto. Seja em apartamentos alugados ou pr\u00f3prios, em edif\u00edcios novos ou antigos: o ClimateCoating<sup>\u00ae<\/sup> pode ser facilmente aplicado em todas as superf\u00edcies \u2013 <em>sem trabalhos de constru\u00e7\u00e3o dispendiosos<\/em>. Assim, combina <em>conforto, efici\u00eancia de custos e habita\u00e7\u00e3o sustent\u00e1vel numa \u00fanica pintura<\/em> \u2013 para uma casa onde se sente completamente \u00e0 vontade.[\/vc_column_text][vc_row_inner row_type=&#8221;row&#8221; type=&#8221;full_width&#8221; use_row_as_full_screen_section_slide=&#8221;no&#8221; text_align=&#8221;left&#8221; css_animation=&#8221;&#8221;][vc_column_inner width=&#8221;1\/4&#8243;][vc_column_text]APLICACIONES<br \/>\nINTERIOR[\/vc_column_text][vc_gallery interval=&#8221;3&#8243; images=&#8221;64504,26460,64505&#8243; img_size=&#8221;full&#8221; onclick=&#8221;&#8221; css=&#8221;&#8221; el_class=&#8221;flex-noarrows&#8221;][vc_separator type=&#8221;small&#8221; position=&#8221;left&#8221; border_style=&#8221;&#8221; up=&#8221;18&#8243; down=&#8221;20&#8243; color=&#8221;#d6202d&#8221;][vc_column_text]<a href=\"https:\/\/www.climatecoating.com\/es\/ambitos-de-aplicacion\/proteccion-contra-el-moho\/\">Protecci\u00f3n contra el moho<\/a><\/p>\n<p>Higiene de las habitaciones<\/p>\n<p>Prevenci\u00f3n de la condensaci\u00f3n<\/p>\n<p>Regulaci\u00f3n de la humedad<\/p>\n<p>Mejora del clima de la sala<\/p>\n<p>Confort de vida<\/p>\n<p>Neutralidad de los olores<\/p>\n<p>Resistencia a la suciedad<\/p>\n<p>Ahorro de energ\u00eda<\/p>\n<p>Estabilidad del color<\/p>\n<p>Mejora ac\u00fastica<\/p>\n<p>Eliminaci\u00f3n de la suciedad mediante fotocat\u00e1lisis<\/p>\n<p><span style=\"font-weight: 400;\">Mejora de la iluminaci\u00f3n de la estancia por reflexi\u00f3n de lum\u00ednica<\/span><\/p>\n<p><span style=\"font-weight: 400;\">Refrigeraci\u00f3n del techo<\/span><\/p>\n<p>Revestimiento de protecci\u00f3n para la espuma de PU[\/vc_column_text][\/vc_column_inner][vc_column_inner width=&#8221;1\/4&#8243;][vc_column_text]APLICACIONES<br \/>\n<span style=\"font-weight: 400;\">EXTERIOR<\/span>[\/vc_column_text][vc_gallery interval=&#8221;3&#8243; images=&#8221;27060,27071,27068&#8243; img_size=&#8221;full&#8221; onclick=&#8221;&#8221; css=&#8221;&#8221; el_class=&#8221;flex-noarrows&#8221;][vc_separator type=&#8221;small&#8221; position=&#8221;left&#8221; border_style=&#8221;&#8221; up=&#8221;18&#8243; down=&#8221;20&#8243; color=&#8221;#d6202d&#8221;][vc_column_text]Ahorro de energ\u00eda<\/p>\n<p>Longevidad<\/p>\n<p>Sin grietas<\/p>\n<p>Robustez<\/p>\n<p>Repelencia a la suciedad<\/p>\n<p>Gesti\u00f3n de la humedad<\/p>\n<p>Retraso del fuego<\/p>\n<p>Deshumidificaci\u00f3n suave de fachadas hist\u00f3ricas<\/p>\n<p>Conservaci\u00f3n del valor de las fachadas hist\u00f3ricas<\/p>\n<p>Revestimiento de protecci\u00f3n para la espuma de PU[\/vc_column_text][\/vc_column_inner][vc_column_inner width=&#8221;1\/4&#8243;][vc_column_text]APLICACIONES<br \/>\nTECHO[\/vc_column_text][vc_gallery interval=&#8221;3&#8243; images=&#8221;26187,26463,26417&#8243; img_size=&#8221;full&#8221; onclick=&#8221;&#8221; el_class=&#8221;flex-noarrows&#8221;][vc_separator type=&#8221;small&#8221; position=&#8221;left&#8221; border_style=&#8221;&#8221; up=&#8221;18&#8243; down=&#8221;20&#8243; color=&#8221;#d6202d&#8221;][vc_column_text css=&#8221;&#8221;]<a href=\"https:\/\/www.climatecoating.com\/es\/ambitos-de-aplicacion\/refrigeracion-y-reduccion-de-costes-de-refrigeracion\/\" target=\"_blank\" rel=\"noopener\">Refrigeraci\u00f3n y reducci\u00f3n de costes de refrigeraci\u00f3n<\/a><\/p>\n<p>Protecci\u00f3n contra la intemperie<\/p>\n<p>Robustez<\/p>\n<p>Relajaci\u00f3n t\u00e9rmica[\/vc_column_text][\/vc_column_inner][vc_column_inner width=&#8221;1\/4&#8243;][vc_column_text]APLICACIONES<br \/>\nMADERA[\/vc_column_text][vc_gallery interval=&#8221;3&#8243; images=&#8221;27171,27170,27172&#8243; img_size=&#8221;full&#8221; onclick=&#8221;&#8221; el_class=&#8221;flex-noarrows&#8221;][vc_separator type=&#8221;small&#8221; position=&#8221;left&#8221; border_style=&#8221;&#8221; up=&#8221;18&#8243; down=&#8221;20&#8243; color=&#8221;#d6202d&#8221;][vc_column_text]Protecci\u00f3n a largo plazo de la madera contra la intemperie[\/vc_column_text][\/vc_column_inner][\/vc_row_inner][\/vc_column][\/vc_row][vc_row row_type=&#8221;row&#8221; use_row_as_full_screen_section=&#8221;no&#8221; type=&#8221;full_width&#8221; text_align=&#8221;left&#8221; background_animation=&#8221;none&#8221; css_animation=&#8221;&#8221;][vc_column]<div class=\"templatera_shortcode\"><div     class=\"vc_row wpb_row section vc_row-fluid backlink\" style=' text-align:left;'><div class=\" full_section_inner clearfix\"><div class=\"wpb_column vc_column_container vc_col-sm-12\"><div class=\"vc_column-inner\"><div class=\"wpb_wrapper\">\n\t<div class=\"wpb_text_column wpb_content_element \">\n\t\t<div class=\"wpb_wrapper\">\n\t\t\t<p style=\"text-align: center;\"><strong><a href=\"https:\/\/www.climatecoating.com\/es\/ambitos-de-aplicacion\/\">&lt;&lt; Volver al resumen de las \u00e1reas de aplicaci\u00f3n<\/a><\/strong><\/p>\n\n\t\t<\/div>\n\t<\/div><\/div><\/div><\/div><\/div><\/div><\/div>[\/vc_column][\/vc_row]<\/p>\n<\/div>","protected":false},"excerpt":{"rendered":"Residencial ClimateCoating\u00ae \u2013 Clima interior saud\u00e1vel. Poupan\u00e7a de energia. Superf\u00edcies duradouras. Imagine uma casa totalmente confort\u00e1vel, saud\u00e1vel e energeticamente eficiente \u2013 \u00e9 exatamente isso que o ClimateCoating\u00ae permite. As nossas tintas funcionais reduzem as perdas de calor, diminuem significativamente os custos de aquecimento e energia...","protected":false},"author":1,"featured_media":0,"parent":26430,"menu_order":105,"comment_status":"closed","ping_status":"closed","template":"","meta":{"footnotes":""},"class_list":["post-26274","page","type-page","status-publish","hentry"],"_links":{"self":[{"href":"https:\/\/www.climatecoating.com\/es\/wp-json\/wp\/v2\/pages\/26274","targetHints":{"allow":["GET"]}}],"collection":[{"href":"https:\/\/www.climatecoating.com\/es\/wp-json\/wp\/v2\/pages"}],"about":[{"href":"https:\/\/www.climatecoating.com\/es\/wp-json\/wp\/v2\/types\/page"}],"author":[{"embeddable":true,"href":"https:\/\/www.climatecoating.com\/es\/wp-json\/wp\/v2\/users\/1"}],"replies":[{"embeddable":true,"href":"https:\/\/www.climatecoating.com\/es\/wp-json\/wp\/v2\/comments?post=26274"}],"version-history":[{"count":5,"href":"https:\/\/www.climatecoating.com\/es\/wp-json\/wp\/v2\/pages\/26274\/revisions"}],"predecessor-version":[{"id":64509,"href":"https:\/\/www.climatecoating.com\/es\/wp-json\/wp\/v2\/pages\/26274\/revisions\/64509"}],"up":[{"embeddable":true,"href":"https:\/\/www.climatecoating.com\/es\/wp-json\/wp\/v2\/pages\/26430"}],"wp:attachment":[{"href":"https:\/\/www.climatecoating.com\/es\/wp-json\/wp\/v2\/media?parent=26274"}],"curies":[{"name":"wp","href":"https:\/\/api.w.org\/{rel}","templated":true}]}}