{"id":26344,"date":"2021-05-28T14:50:44","date_gmt":"2021-05-28T12:50:44","guid":{"rendered":"https:\/\/www.climatecoating.com\/transporte-y-trafico\/"},"modified":"2026-03-06T14:12:44","modified_gmt":"2026-03-06T13:12:44","slug":"transporte-y-trafico","status":"publish","type":"page","link":"https:\/\/www.climatecoating.com\/es\/ambitos-de-aplicacion\/transporte-y-trafico\/","title":{"rendered":"Transporte y tr\u00e1fico"},"content":{"rendered":"<div class=\"wpb-content-wrapper\"><p>[vc_row row_type=&#8221;row&#8221; use_row_as_full_screen_section=&#8221;no&#8221; type=&#8221;full_width&#8221; text_align=&#8221;left&#8221; background_animation=&#8221;none&#8221; padding_bottom=&#8221;45&#8243; css_animation=&#8221;&#8221;][vc_column][vc_single_image image=&#8221;27162&#8243; img_size=&#8221;full&#8221; css=&#8221;.vc_custom_1605018699445{padding-bottom: 30px !important;}&#8221; qode_css_animation=&#8221;&#8221;][vc_column_text]<\/p>\n<h1>Transporte y tr\u00e1fico<\/h1>\n<p>[\/vc_column_text][vc_column_text css=&#8221;.vc_custom_1772802653680{padding-bottom: 30px !important;}&#8221;]<span style=\"font-size: 20px;\">Con ClimateCoating<sup>\u00ae<\/sup><sup>\u00a0<\/sup><\/span><span style=\"font-size: 20px;\">&#8211; Protecci\u00f3n contra la condensaci\u00f3n. Estabilizaci\u00f3n de la temperatura. Resistencia a temperaturas extremas. <\/span><\/p>\n<p>En el sector del transporte y el tr\u00e1fico, las temperaturas extremas, la humedad elevada, la condensaci\u00f3n y la carga electrost\u00e1tica plantean exigencias especiales a las superficies. Los revestimientos funcionales ClimateCoating<sup>\u00ae<\/sup> ofrecen soluciones fiables para ello.<em> Evitan la condensaci\u00f3n, estabilizan las temperaturas<\/em> en veh\u00edculos, contenedores o zonas de almacenamiento y <em>protegen contra los efectos electrost\u00e1ticos<\/em>. Al mismo tiempo, proporcionan <em>protecci\u00f3n t\u00e9rmica y superficies duraderas<\/em>, incluso a temperaturas extremas de -40 \u00b0C a +150 \u00b0C. De este modo, permiten <em>superficies<\/em> seguras, <em>energ\u00e9ticamente eficientes y resistentes<\/em>, garantizando as\u00ed la m\u00e1xima seguridad operativa y <em>reduciendo los costes de mantenimiento.<\/em>[\/vc_column_text][vc_row_inner row_type=&#8221;row&#8221; type=&#8221;full_width&#8221; use_row_as_full_screen_section_slide=&#8221;no&#8221; text_align=&#8221;left&#8221; css_animation=&#8221;&#8221;][vc_column_inner width=&#8221;1\/3&#8243;][vc_column_text css=&#8221;&#8221;]TREN[\/vc_column_text][vc_gallery interval=&#8221;3&#8243; images=&#8221;26396&#8243; img_size=&#8221;full&#8221; onclick=&#8221;&#8221; css=&#8221;&#8221; el_class=&#8221;flex-noarrows&#8221;][vc_separator type=&#8221;small&#8221; position=&#8221;left&#8221; border_style=&#8221;&#8221; up=&#8221;18&#8243; down=&#8221;20&#8243; color=&#8221;#d6202d&#8221;][vc_column_text]Expansi\u00f3n t\u00e9rmica<\/p>\n<p>Refrigeraci\u00f3n<\/p>\n<p>Reducci\u00f3n del condensado[\/vc_column_text][\/vc_column_inner][vc_column_inner width=&#8221;1\/3&#8243;][vc_column_text]FERROCARRIL[\/vc_column_text][vc_gallery interval=&#8221;3&#8243; images=&#8221;26396&#8243; img_size=&#8221;full&#8221; onclick=&#8221;&#8221; el_class=&#8221;flex-noarrows&#8221;][vc_separator type=&#8221;small&#8221; position=&#8221;left&#8221; border_style=&#8221;&#8221; up=&#8221;18&#8243; down=&#8221;20&#8243; color=&#8221;#d6202d&#8221;][vc_column_text]Refrigeraci\u00f3n<\/p>\n<p>Protecci\u00f3n contra el alabeo de los ra\u00edles[\/vc_column_text][\/vc_column_inner][vc_column_inner width=&#8221;1\/3&#8243;][vc_column_text]CONTENEDOR[\/vc_column_text][vc_gallery interval=&#8221;3&#8243; images=&#8221;26396&#8243; img_size=&#8221;full&#8221; onclick=&#8221;&#8221; el_class=&#8221;flex-noarrows&#8221;][vc_separator type=&#8221;small&#8221; position=&#8221;left&#8221; border_style=&#8221;&#8221; up=&#8221;18&#8243; down=&#8221;20&#8243; color=&#8221;#d6202d&#8221;][vc_column_text]Protecci\u00f3n contra la luz solar<\/p>\n<p>Refrigeraci\u00f3n[\/vc_column_text][\/vc_column_inner][\/vc_row_inner][\/vc_column][\/vc_row][vc_row row_type=&#8221;row&#8221; use_row_as_full_screen_section=&#8221;no&#8221; type=&#8221;full_width&#8221; text_align=&#8221;left&#8221; background_animation=&#8221;none&#8221; css_animation=&#8221;&#8221;][vc_column][\/vc_column][\/vc_row]<\/p>\n<\/div>","protected":false},"excerpt":{"rendered":"Transporte y tr\u00e1fico Con ClimateCoating\u00ae\u00a0- Protecci\u00f3n contra la condensaci\u00f3n. Estabilizaci\u00f3n de la temperatura. Resistencia a temperaturas extremas. En el sector del transporte y el tr\u00e1fico, las temperaturas extremas, la humedad elevada, la condensaci\u00f3n y la carga electrost\u00e1tica plantean exigencias especiales a las superficies. Los revestimientos...","protected":false},"author":1,"featured_media":0,"parent":26430,"menu_order":130,"comment_status":"closed","ping_status":"closed","template":"","meta":{"footnotes":""},"class_list":["post-26344","page","type-page","status-publish","hentry"],"_links":{"self":[{"href":"https:\/\/www.climatecoating.com\/es\/wp-json\/wp\/v2\/pages\/26344","targetHints":{"allow":["GET"]}}],"collection":[{"href":"https:\/\/www.climatecoating.com\/es\/wp-json\/wp\/v2\/pages"}],"about":[{"href":"https:\/\/www.climatecoating.com\/es\/wp-json\/wp\/v2\/types\/page"}],"author":[{"embeddable":true,"href":"https:\/\/www.climatecoating.com\/es\/wp-json\/wp\/v2\/users\/1"}],"replies":[{"embeddable":true,"href":"https:\/\/www.climatecoating.com\/es\/wp-json\/wp\/v2\/comments?post=26344"}],"version-history":[{"count":7,"href":"https:\/\/www.climatecoating.com\/es\/wp-json\/wp\/v2\/pages\/26344\/revisions"}],"predecessor-version":[{"id":64538,"href":"https:\/\/www.climatecoating.com\/es\/wp-json\/wp\/v2\/pages\/26344\/revisions\/64538"}],"up":[{"embeddable":true,"href":"https:\/\/www.climatecoating.com\/es\/wp-json\/wp\/v2\/pages\/26430"}],"wp:attachment":[{"href":"https:\/\/www.climatecoating.com\/es\/wp-json\/wp\/v2\/media?parent=26344"}],"curies":[{"name":"wp","href":"https:\/\/api.w.org\/{rel}","templated":true}]}}