{"id":26382,"date":"2021-05-28T14:50:49","date_gmt":"2021-05-28T12:50:49","guid":{"rendered":"https:\/\/www.climatecoating.com\/edificios-publicos\/"},"modified":"2026-03-06T14:04:05","modified_gmt":"2026-03-06T13:04:05","slug":"edificios-publicos","status":"publish","type":"page","link":"https:\/\/www.climatecoating.com\/es\/ambitos-de-aplicacion\/edificios-publicos\/","title":{"rendered":"Edificios p\u00fablicos"},"content":{"rendered":"<div class=\"wpb-content-wrapper\"><p>[vc_row row_type=&#8221;row&#8221; use_row_as_full_screen_section=&#8221;no&#8221; type=&#8221;full_width&#8221; text_align=&#8221;left&#8221; background_animation=&#8221;none&#8221; padding_bottom=&#8221;45&#8243; css_animation=&#8221;&#8221;][vc_column][vc_single_image image=&#8221;27159&#8243; img_size=&#8221;full&#8221; css=&#8221;.vc_custom_1605018495625{padding-bottom: 30px !important;}&#8221; qode_css_animation=&#8221;&#8221;][vc_column_text]<\/p>\n<h1>Edificios p\u00fablicos<\/h1>\n<p>[\/vc_column_text][vc_column_text css=&#8221;.vc_custom_1772802214601{padding-bottom: 30px !important;}&#8221;]<span style=\"font-size: 20px;\">Con ClimateCoating<sup>\u00ae<\/sup><sup>\u00a0<\/sup><\/span><span style=\"font-size: 20px;\">&#8211; Clima interior agradable. Ahorro de energ\u00eda. Uso duradero. <\/span><\/p>\n<p data-start=\"548\" data-end=\"1236\">Los largos pasillos, los techos altos y las grandes superficies de tejado hacen que los edificios p\u00fablicos consuman mucha energ\u00eda y planteen grandes exigencias de funcionamiento y mantenimiento. Los revestimientos funcionales ClimateCoating<sup>\u00ae<\/sup> ayudan a <em>reducir notablemente los costes de calefacci\u00f3n, electricidad y energ\u00eda<\/em> y, al mismo tiempo, garantizan una distribuci\u00f3n uniforme de la temperatura en todas las estancias. Los revestimientos duraderos <em>reducen los trabajos de renovaci\u00f3n y mantenimiento<\/em>, mientras que sus principios f\u00edsicos activos garantizan una <em>protecci\u00f3n a largo plazo , eficiencia energ\u00e9tica y un clima interior agradable<\/em>. Como resultado, las instalaciones p\u00fablicas se benefician de un edificio sostenible, eficiente y confortable, con <em>unos costes de funcionamiento significativamente reducidos<\/em>.<\/p>\n<p>[\/vc_column_text][vc_row_inner row_type=&#8221;row&#8221; type=&#8221;full_width&#8221; use_row_as_full_screen_section_slide=&#8221;no&#8221; text_align=&#8221;left&#8221; css_animation=&#8221;&#8221;][vc_column_inner width=&#8221;1\/3&#8243;][vc_column_text]CLIMA DE LA HABITACI\u00d3N[\/vc_column_text][vc_gallery interval=&#8221;3&#8243; images=&#8221;26354,26459,26460,27165&#8243; img_size=&#8221;full&#8221; onclick=&#8221;&#8221; css=&#8221;&#8221; el_class=&#8221;flex-noarrows&#8221;][vc_separator type=&#8221;small&#8221; position=&#8221;left&#8221; border_style=&#8221;&#8221; up=&#8221;18&#8243; down=&#8221;20&#8243; color=&#8221;#d6202d&#8221;][vc_column_text]Protecci\u00f3n contra el moho<\/p>\n<p>Higiene de las habitaciones<\/p>\n<p>Prevenci\u00f3n de la condensaci\u00f3n<\/p>\n<p>Regulaci\u00f3n de la humedad<\/p>\n<p>Mejora del clima de la sala<\/p>\n<p>Confort de vida<\/p>\n<p>Neutralidad de los olores<\/p>\n<p>Resistencia a la suciedad<\/p>\n<p>Ahorro de energ\u00eda<\/p>\n<p>Estabilidad del color<\/p>\n<p>Mejora ac\u00fastica<\/p>\n<p>Aclaraci\u00f3n de la habitaci\u00f3n mediante la reflexi\u00f3n de la luz<\/p>\n<p>Actualizaci\u00f3n de techos[\/vc_column_text][\/vc_column_inner][vc_column_inner width=&#8221;1\/3&#8243;][vc_column_text]VALOR A\u00d1ADIDO[\/vc_column_text][vc_gallery interval=&#8221;3&#8243; images=&#8221;27060,27070,27072&#8243; img_size=&#8221;full&#8221; onclick=&#8221;&#8221; css=&#8221;&#8221; el_class=&#8221;flex-noarrows&#8221;][vc_separator type=&#8221;small&#8221; position=&#8221;left&#8221; border_style=&#8221;&#8221; up=&#8221;18&#8243; down=&#8221;20&#8243; color=&#8221;#d6202d&#8221;][vc_column_text]Ahorro de energ\u00eda<\/p>\n<p>Longevidad<\/p>\n<p>Sin grietas<\/p>\n<p>Robustez<\/p>\n<p>Repelencia a la suciedad<\/p>\n<p>Gesti\u00f3n de la humedad<\/p>\n<p>Retraso del fuego<\/p>\n<p>Deshumidificaci\u00f3n suave de fachadas hist\u00f3ricas<\/p>\n<p>Conservaci\u00f3n del valor de las fachadas hist\u00f3ricas[\/vc_column_text][\/vc_column_inner][vc_column_inner width=&#8221;1\/3&#8243;][vc_column_text]TECHO DE APLICACIONES[\/vc_column_text][vc_gallery interval=&#8221;3&#8243; images=&#8221;26187,26417,26463&#8243; img_size=&#8221;full&#8221; onclick=&#8221;&#8221; css=&#8221;&#8221; el_class=&#8221;flex-noarrows&#8221;][vc_separator type=&#8221;small&#8221; position=&#8221;left&#8221; border_style=&#8221;&#8221; up=&#8221;18&#8243; down=&#8221;20&#8243; color=&#8221;#d6202d&#8221;][vc_column_text]Refrigeraci\u00f3n y reducci\u00f3n de los costes de refrigeraci\u00f3n<\/p>\n<p>Protecci\u00f3n contra la intemperie<\/p>\n<p>Estanqueidad<\/p>\n<p>Relajaci\u00f3n t\u00e9rmica[\/vc_column_text][\/vc_column_inner][\/vc_row_inner][\/vc_column][\/vc_row][vc_row row_type=&#8221;row&#8221; use_row_as_full_screen_section=&#8221;no&#8221; type=&#8221;full_width&#8221; text_align=&#8221;left&#8221; background_animation=&#8221;none&#8221; css_animation=&#8221;&#8221;][vc_column][\/vc_column][\/vc_row]<\/p>\n<\/div>","protected":false},"excerpt":{"rendered":"Edificios p\u00fablicos Con ClimateCoating\u00ae\u00a0- Clima interior agradable. Ahorro de energ\u00eda. Uso duradero. Los largos pasillos, los techos altos y las grandes superficies de tejado hacen que los edificios p\u00fablicos consuman mucha energ\u00eda y planteen grandes exigencias de funcionamiento y mantenimiento. Los revestimientos funcionales ClimateCoating\u00ae ayudan...","protected":false},"author":1,"featured_media":0,"parent":26430,"menu_order":125,"comment_status":"closed","ping_status":"closed","template":"","meta":{"footnotes":""},"class_list":["post-26382","page","type-page","status-publish","hentry"],"_links":{"self":[{"href":"https:\/\/www.climatecoating.com\/es\/wp-json\/wp\/v2\/pages\/26382","targetHints":{"allow":["GET"]}}],"collection":[{"href":"https:\/\/www.climatecoating.com\/es\/wp-json\/wp\/v2\/pages"}],"about":[{"href":"https:\/\/www.climatecoating.com\/es\/wp-json\/wp\/v2\/types\/page"}],"author":[{"embeddable":true,"href":"https:\/\/www.climatecoating.com\/es\/wp-json\/wp\/v2\/users\/1"}],"replies":[{"embeddable":true,"href":"https:\/\/www.climatecoating.com\/es\/wp-json\/wp\/v2\/comments?post=26382"}],"version-history":[{"count":5,"href":"https:\/\/www.climatecoating.com\/es\/wp-json\/wp\/v2\/pages\/26382\/revisions"}],"predecessor-version":[{"id":64531,"href":"https:\/\/www.climatecoating.com\/es\/wp-json\/wp\/v2\/pages\/26382\/revisions\/64531"}],"up":[{"embeddable":true,"href":"https:\/\/www.climatecoating.com\/es\/wp-json\/wp\/v2\/pages\/26430"}],"wp:attachment":[{"href":"https:\/\/www.climatecoating.com\/es\/wp-json\/wp\/v2\/media?parent=26382"}],"curies":[{"name":"wp","href":"https:\/\/api.w.org\/{rel}","templated":true}]}}