{"id":26388,"date":"2021-05-28T14:50:51","date_gmt":"2021-05-28T12:50:51","guid":{"rendered":"https:\/\/www.climatecoating.com\/empresa\/servicio\/"},"modified":"2026-03-16T15:35:01","modified_gmt":"2026-03-16T14:35:01","slug":"servicio","status":"publish","type":"page","link":"https:\/\/www.climatecoating.com\/es\/empresa\/servicio\/","title":{"rendered":"Servicio"},"content":{"rendered":"<div class=\"wpb-content-wrapper\"><p>[vc_row row_type=&#8221;row&#8221; use_row_as_full_screen_section=&#8221;no&#8221; type=&#8221;full_width&#8221; text_align=&#8221;left&#8221; background_animation=&#8221;none&#8221; css_animation=&#8221;&#8221;][vc_column width=&#8221;1\/4&#8243; el_class=&#8221;serviceboxes&#8221;]<div class=\"ult_row_spacer\"><div class=\"ult-sticky-anchor\"><div class=\"ult-sticky-section ult-sticky \"  data-gutter= '100' data-stick_behaviour= 'stick_with_scroll_row'  data-sticky_position= 'top' data-mobile='no' data-support='no'><div class=\"templatera_shortcode\"><div     class=\"vc_row wpb_row section vc_row-fluid backlink\" style=' text-align:left;'><div class=\" full_section_inner clearfix\"><div class=\"wpb_column vc_column_container vc_col-sm-12\"><div class=\"vc_column-inner\"><div class=\"wpb_wrapper\"><div class=\"ult_row_spacer\"><div class=\"ult-sticky-anchor\"><div class=\"ult-sticky-section ult-sticky \"  data-gutter= '100' data-stick_behaviour= 'stick_with_scroll_row'  data-sticky_position= 'top' data-mobile='no' data-support='no'><div  class=\"wpb_widgetised_column wpb_content_element\">\n\t\t<div class=\"wpb_wrapper\">\n\t\t\t\n\t\t\t\n\t\t<\/div>\n\t<\/div>\n<\/div><div class=\"ult-space\"><\/div><\/div><\/div><\/div><\/div><\/div><\/div><\/div><\/div><\/div><div class=\"ult-space\"><\/div><\/div><\/div>[\/vc_column][vc_column width=&#8221;3\/4&#8243;][vc_column_text css=&#8221;.vc_custom_1610449799770{padding-bottom: 20px !important;}&#8221;]<\/p>\n<h1>Servicio<\/h1>\n<p>[\/vc_column_text][vc_row_inner row_type=&#8221;row&#8221; type=&#8221;full_width&#8221; use_row_as_full_screen_section_slide=&#8221;no&#8221; text_align=&#8221;left&#8221; css_animation=&#8221;&#8221; css=&#8221;.vc_custom_1610450945201{padding-bottom: 30px !important;}&#8221;][vc_column_inner width=&#8221;1\/3&#8243;]<div class=\"image_with_text\"><img decoding=\"async\" src=\"https:\/\/www.climatecoating.com\/wp-content\/uploads\/2020\/12\/service_Planer-Beratung.jpg\" alt=\"Service - Planer Beratung\" \/><h2 >Consejos para planificadores<\/h2><span style=\"margin: 6px 0px;\" class=\"separator transparent\"><\/span>Sus proyectos son nuestro trabajo diario. Le apoyamos en las tareas de revestimiento, desde la planificaci\u00f3n hasta la ejecuci\u00f3n.<\/div>[\/vc_column_inner][vc_column_inner width=&#8221;1\/3&#8243;]<div class=\"image_with_text\"><img decoding=\"async\" src=\"https:\/\/www.climatecoating.com\/wp-content\/uploads\/2020\/12\/service_Farbfaecher.jpg\" alt=\"Service - Farbf\u00e4cher\" \/><h2 >Variedad de colores para tu proyecto<\/h2><span style=\"margin: 6px 0px;\" class=\"separator transparent\"><\/span>Ellos marcan la pauta. Hacemos realidad sus sue\u00f1os de color: con m\u00e1s de 100.000 tonos de color, con mucho gusto tambi\u00e9n seg\u00fan RAL, NCS u otros sistemas de color habituales.<\/div>[\/vc_column_inner][vc_column_inner width=&#8221;1\/3&#8243;]<div class=\"image_with_text\"><img decoding=\"async\" src=\"https:\/\/www.climatecoating.com\/wp-content\/uploads\/2020\/12\/service_Broschuere-Werbemittel.jpg\" alt=\"Service - Brosch\u00fcre Werbemittel\" \/><h2 >Informaci\u00f3n de producto especial<\/h2><span style=\"margin: 6px 0px;\" class=\"separator transparent\"><\/span>Aver\u00edgualo. <a href=\"https:\/\/www.climatecoating.com\/es\/videos-publicaciones\/\">Aqu\u00ed encontrar\u00e1 informaci\u00f3n actual sobre los productos en forma de descarga o interactiva.<\/a><\/div>[\/vc_column_inner][\/vc_row_inner][vc_row_inner row_type=&#8221;row&#8221; type=&#8221;full_width&#8221; use_row_as_full_screen_section_slide=&#8221;no&#8221; text_align=&#8221;left&#8221; css_animation=&#8221;&#8221; css=&#8221;.vc_custom_1610451346022{padding-bottom: 20px !important;}&#8221;][vc_column_inner width=&#8221;1\/3&#8243;]<div class=\"image_with_text\"><img decoding=\"async\" src=\"https:\/\/www.climatecoating.com\/wp-content\/uploads\/2020\/12\/service_Versand.jpg\" alt=\"Service - Versand\" \/><h2 >Env\u00edo global<\/h2><span style=\"margin: 6px 0px;\" class=\"separator transparent\"><\/span>\u00bfNecesita diferentes surtidos de contenedores a corto plazo en Asia? Organizamos todos los transportes para usted, seg\u00fan sus deseos.<\/div>[\/vc_column_inner][vc_column_inner width=&#8221;1\/3&#8243;]<div class=\"image_with_text\"><img decoding=\"async\" src=\"https:\/\/www.climatecoating.com\/wp-content\/uploads\/2020\/12\/service_Referenzen.jpg\" alt=\"Service - Referenzen\" \/><h2 >Referencias mundiales<\/h2><span style=\"margin: 6px 0px;\" class=\"separator transparent\"><\/span>Conv\u00e9nzase de las soluciones de revestimiento y de los retos dominados. <a href=\"https:\/\/www.climatecoating.com\/es\/referencias\/\">Sum\u00e9rjase en nuestros testimonios.<\/a><\/div>[\/vc_column_inner][vc_column_inner width=&#8221;1\/3&#8243;]<div class=\"image_with_text\"><img decoding=\"async\" src=\"https:\/\/www.climatecoating.com\/wp-content\/uploads\/2020\/12\/service_SocialMedia.jpg\" alt=\"Service - SocialMedia\" \/><h2 >Social Media<\/h2><span style=\"margin: 6px 0px;\" class=\"separator transparent\"><\/span>Aqu\u00ed puede encontrarnos a nosotros y a nuestros socios:<\/p>\n<ul>\n<li><a href=\"https:\/\/www.facebook.com\/climatecoating\">Facebook<\/a><\/li>\n<li><a href=\"https:\/\/www.youtube.com\/channel\/UCSMRr-e31t2xlUXyIAlmw-Q\">YouTube<\/a><\/li>\n<\/ul>\n<p><\/div>[\/vc_column_inner][\/vc_row_inner][vc_column_text css=&#8221;.vc_custom_1624961340692{padding-bottom: 30px !important;}&#8221;]Estaremos encantados de ayudarle con nuestra experiencia y nuestra red mundial.<br \/>\n<a href=\"https:\/\/www.climatecoating.com\/es\/contactar\/\">Aprov\u00e9chate de nosotros.<\/a>[\/vc_column_text][\/vc_column][\/vc_row]<\/p>\n<\/div>","protected":false},"excerpt":{"rendered":"Servicio Consejos para planificadoresSus proyectos son nuestro trabajo diario. Le apoyamos en las tareas de revestimiento, desde la planificaci\u00f3n hasta la ejecuci\u00f3n.Variedad de colores para tu proyectoEllos marcan la pauta. Hacemos realidad sus sue\u00f1os de color: con m\u00e1s de 100.000 tonos de color, con mucho...","protected":false},"author":1,"featured_media":0,"parent":26045,"menu_order":685,"comment_status":"closed","ping_status":"closed","template":"","meta":{"footnotes":""},"class_list":["post-26388","page","type-page","status-publish","hentry"],"_links":{"self":[{"href":"https:\/\/www.climatecoating.com\/es\/wp-json\/wp\/v2\/pages\/26388","targetHints":{"allow":["GET"]}}],"collection":[{"href":"https:\/\/www.climatecoating.com\/es\/wp-json\/wp\/v2\/pages"}],"about":[{"href":"https:\/\/www.climatecoating.com\/es\/wp-json\/wp\/v2\/types\/page"}],"author":[{"embeddable":true,"href":"https:\/\/www.climatecoating.com\/es\/wp-json\/wp\/v2\/users\/1"}],"replies":[{"embeddable":true,"href":"https:\/\/www.climatecoating.com\/es\/wp-json\/wp\/v2\/comments?post=26388"}],"version-history":[{"count":1,"href":"https:\/\/www.climatecoating.com\/es\/wp-json\/wp\/v2\/pages\/26388\/revisions"}],"predecessor-version":[{"id":64807,"href":"https:\/\/www.climatecoating.com\/es\/wp-json\/wp\/v2\/pages\/26388\/revisions\/64807"}],"up":[{"embeddable":true,"href":"https:\/\/www.climatecoating.com\/es\/wp-json\/wp\/v2\/pages\/26045"}],"wp:attachment":[{"href":"https:\/\/www.climatecoating.com\/es\/wp-json\/wp\/v2\/media?parent=26388"}],"curies":[{"name":"wp","href":"https:\/\/api.w.org\/{rel}","templated":true}]}}