{"id":26410,"date":"2021-05-28T14:50:56","date_gmt":"2021-05-28T12:50:56","guid":{"rendered":"https:\/\/www.climatecoating.com\/proteccion-de-monumentos\/"},"modified":"2026-03-06T13:18:07","modified_gmt":"2026-03-06T12:18:07","slug":"proteccion-de-monumentos","status":"publish","type":"page","link":"https:\/\/www.climatecoating.com\/es\/ambitos-de-aplicacion\/proteccion-de-monumentos\/","title":{"rendered":"Protecci\u00f3n de monumentos"},"content":{"rendered":"<div class=\"wpb-content-wrapper\"><p>[vc_row row_type=&#8221;row&#8221; use_row_as_full_screen_section=&#8221;no&#8221; type=&#8221;full_width&#8221; text_align=&#8221;left&#8221; background_animation=&#8221;none&#8221; padding_bottom=&#8221;45&#8243; css_animation=&#8221;&#8221;][vc_column][vc_single_image image=&#8221;27153&#8243; img_size=&#8221;full&#8221; css=&#8221;.vc_custom_1605017192328{padding-bottom: 30px !important;}&#8221; qode_css_animation=&#8221;&#8221;][vc_column_text]<\/p>\n<h1>Protecci\u00f3n de monumentos<\/h1>\n<p>[\/vc_column_text][vc_column_text css=&#8221;.vc_custom_1772799386382{padding-bottom: 30px !important;}&#8221;]<span style=\"font-size: 20px;\">Con ClimateCoating<sup>\u00ae<\/sup> <\/span><span style=\"font-size: 20px;\">&#8211; Deshumidificaci\u00f3n suave. Estabilidad del color. Protecci\u00f3n de fachadas. <\/span><\/p>\n<p>Muchos edificios hist\u00f3ricos y catalogados tienen sustratos minerales sensibles que requieren una renovaci\u00f3n especialmente cuidadosa. La pintura para fachadas de ClimateCoating<sup>\u00ae<\/sup>\u00a0se seca con un acabado mate, se deshumidifica suavemente y garantiza <em>una estabilidad duradera del color<\/em>. Adem\u00e1s, tiene funciones adicionales especiales, como <em>protecci\u00f3n a largo plazo, resistencia a los rayos UV y protecci\u00f3n contra la humedad<\/em>. As\u00ed se conservan las estructuras caracter\u00edsticas y los detalles hist\u00f3ricos de los edificios, al tiempo que se proporciona una protecci\u00f3n \u00f3ptima a la fachada: para una <em>rehabilitaci\u00f3n sostenible y suave de los edificios catalogados<\/em>.[\/vc_column_text][vc_row_inner row_type=&#8221;row&#8221; type=&#8221;full_width&#8221; use_row_as_full_screen_section_slide=&#8221;no&#8221; text_align=&#8221;left&#8221; css_animation=&#8221;&#8221;][vc_column_inner width=&#8221;1\/3&#8243;][vc_column_text css=&#8221;&#8221;]APLICACIONES<br \/>\nINTERIOR[\/vc_column_text][vc_gallery interval=&#8221;3&#8243; images=&#8221;26354,26459,26460&#8243; img_size=&#8221;full&#8221; onclick=&#8221;&#8221; css=&#8221;&#8221; el_class=&#8221;flex-noarrows&#8221;][vc_separator type=&#8221;small&#8221; position=&#8221;left&#8221; border_style=&#8221;&#8221; up=&#8221;18&#8243; down=&#8221;20&#8243; color=&#8221;#d6202d&#8221;][vc_column_text]Protecci\u00f3n contra el moho<\/p>\n<p>Higiene de las habitaciones<\/p>\n<p>Prevenci\u00f3n de la condensaci\u00f3n<\/p>\n<p>Regulaci\u00f3n de la humedad<\/p>\n<p>Mejora del clima de la sala<\/p>\n<p>Confort de vida<\/p>\n<p>Neutralidad de los olores<\/p>\n<p>Resistencia a la suciedad<\/p>\n<p>Ahorro de energ\u00eda<\/p>\n<p>Estabilidad del color<\/p>\n<p>Mejora ac\u00fastica<\/p>\n<p>Aclaraci\u00f3n de la habitaci\u00f3n mediante la reflexi\u00f3n de la luz[\/vc_column_text][\/vc_column_inner][vc_column_inner width=&#8221;1\/3&#8243;][vc_column_text css=&#8221;&#8221;]PROTECCI\u00d3N<br \/>\nDE FACHADAS HIST\u00d3RICAS[\/vc_column_text][vc_gallery interval=&#8221;3&#8243; images=&#8221;27070,27071,27068&#8243; img_size=&#8221;full&#8221; onclick=&#8221;&#8221; css=&#8221;&#8221; el_class=&#8221;flex-noarrows&#8221;][vc_separator type=&#8221;small&#8221; position=&#8221;left&#8221; border_style=&#8221;&#8221; up=&#8221;18&#8243; down=&#8221;20&#8243; color=&#8221;#d6202d&#8221;][vc_column_text]Ahorro de energ\u00eda<\/p>\n<p>Longevidad<\/p>\n<p>Sin grietas<\/p>\n<p>Robustez<\/p>\n<p>Repelencia a la suciedad<\/p>\n<p>Gesti\u00f3n de la humedad<\/p>\n<p>Retraso del fuego<\/p>\n<p>Deshumidificaci\u00f3n suave de fachadas hist\u00f3ricas<\/p>\n<p>Conservaci\u00f3n del valor de las fachadas hist\u00f3ricas[\/vc_column_text][\/vc_column_inner][vc_column_inner width=&#8221;1\/3&#8243;][vc_column_text css=&#8221;&#8221;]PROTECCI\u00d3N<br \/>\nDE LA MADERA EN EL EXTERIOR[\/vc_column_text][vc_gallery interval=&#8221;3&#8243; images=&#8221;27171,27170,27172&#8243; img_size=&#8221;full&#8221; onclick=&#8221;&#8221; css=&#8221;&#8221; el_class=&#8221;flex-noarrows&#8221;][vc_separator type=&#8221;small&#8221; position=&#8221;left&#8221; border_style=&#8221;&#8221; up=&#8221;18&#8243; down=&#8221;20&#8243; color=&#8221;#d6202d&#8221;][vc_column_text]Protecci\u00f3n a largo plazo de la madera contra la intemperie<\/p>\n<p>[\/vc_column_text][\/vc_column_inner][\/vc_row_inner][\/vc_column][\/vc_row][vc_row row_type=&#8221;row&#8221; use_row_as_full_screen_section=&#8221;no&#8221; type=&#8221;full_width&#8221; text_align=&#8221;left&#8221; background_animation=&#8221;none&#8221; css_animation=&#8221;&#8221;][vc_column][\/vc_column][\/vc_row]<\/p>\n<\/div>","protected":false},"excerpt":{"rendered":"Protecci\u00f3n de monumentos Con ClimateCoating\u00ae - Deshumidificaci\u00f3n suave. Estabilidad del color. Protecci\u00f3n de fachadas. Muchos edificios hist\u00f3ricos y catalogados tienen sustratos minerales sensibles que requieren una renovaci\u00f3n especialmente cuidadosa. La pintura para fachadas de ClimateCoating\u00ae\u00a0se seca con un acabado mate, se deshumidifica suavemente y garantiza...","protected":false},"author":1,"featured_media":0,"parent":26430,"menu_order":110,"comment_status":"closed","ping_status":"closed","template":"","meta":{"footnotes":""},"class_list":["post-26410","page","type-page","status-publish","hentry"],"_links":{"self":[{"href":"https:\/\/www.climatecoating.com\/es\/wp-json\/wp\/v2\/pages\/26410","targetHints":{"allow":["GET"]}}],"collection":[{"href":"https:\/\/www.climatecoating.com\/es\/wp-json\/wp\/v2\/pages"}],"about":[{"href":"https:\/\/www.climatecoating.com\/es\/wp-json\/wp\/v2\/types\/page"}],"author":[{"embeddable":true,"href":"https:\/\/www.climatecoating.com\/es\/wp-json\/wp\/v2\/users\/1"}],"replies":[{"embeddable":true,"href":"https:\/\/www.climatecoating.com\/es\/wp-json\/wp\/v2\/comments?post=26410"}],"version-history":[{"count":6,"href":"https:\/\/www.climatecoating.com\/es\/wp-json\/wp\/v2\/pages\/26410\/revisions"}],"predecessor-version":[{"id":64515,"href":"https:\/\/www.climatecoating.com\/es\/wp-json\/wp\/v2\/pages\/26410\/revisions\/64515"}],"up":[{"embeddable":true,"href":"https:\/\/www.climatecoating.com\/es\/wp-json\/wp\/v2\/pages\/26430"}],"wp:attachment":[{"href":"https:\/\/www.climatecoating.com\/es\/wp-json\/wp\/v2\/media?parent=26410"}],"curies":[{"name":"wp","href":"https:\/\/api.w.org\/{rel}","templated":true}]}}