{"id":26491,"date":"2021-05-28T14:51:24","date_gmt":"2021-05-28T12:51:24","guid":{"rendered":"https:\/\/www.climatecoating.com\/ambitos-de-aplicacion\/hosteleria-y-gastronomia\/"},"modified":"2026-03-09T09:31:28","modified_gmt":"2026-03-09T08:31:28","slug":"hosteleria-y-gastronomia","status":"publish","type":"page","link":"https:\/\/www.climatecoating.com\/es\/ambitos-de-aplicacion\/hosteleria-y-gastronomia\/","title":{"rendered":"Hosteler\u00eda y gastronom\u00eda"},"content":{"rendered":"<div class=\"wpb-content-wrapper\"><p>[vc_row row_type=&#8221;row&#8221; use_row_as_full_screen_section=&#8221;no&#8221; type=&#8221;full_width&#8221; text_align=&#8221;left&#8221; background_animation=&#8221;none&#8221; padding_bottom=&#8221;45&#8243; css_animation=&#8221;&#8221;][vc_column][vc_single_image image=&#8221;27156&#8243; img_size=&#8221;full&#8221; css=&#8221;.vc_custom_1605019224314{padding-bottom: 30px !important;}&#8221; qode_css_animation=&#8221;&#8221;][vc_column_text]<\/p>\n<h1>Hosteler\u00eda y gastronom\u00eda<\/h1>\n<p>[\/vc_column_text][vc_column_text css=&#8221;.vc_custom_1773045043397{padding-bottom: 30px !important;}&#8221;]<span style=\"font-size: 20px;\">Con ClimateCoating<sup>\u00ae<\/sup><sup>\u00a0<\/sup><\/span><span style=\"font-size: 20px;\">&#8211; Superficies higi\u00e9nicas. Confort de las habitaciones. Ahorro de energ\u00eda. <\/span><\/p>\n<p>En los hoteles y establecimientos de restauraci\u00f3n, todas las habitaciones deben cumplir las normas m\u00e1s estrictas: Desde superficies higi\u00e9nicamente limpias y un clima ambiental acogedor hasta revestimientos duraderos y resistentes, todo es necesario. Los revestimientos funcionales\u00a0ClimateCoating<sup>\u00ae<\/sup> cumplen con fiabilidad estos requisitos: <em>facilitan la limpieza de<\/em> superficies muy utilizadas, <em>estabilizan el aspecto crom\u00e1tico<\/em>,<em> igualan la temperatura ambiente<\/em> y <em>protegen paredes, techos y superficies del desgaste.<\/em><\/p>\n<p>Incluso en zonas muy frecuentadas, como cocinas, pasillos, ba\u00f1os o zonas de servicio, las habitaciones permanecen limpias y acogedoras. <em>Se prolongan los intervalos de renovaci\u00f3n y mantenimiento<\/em>, se reducen los costes de mantenimiento y, al mismo tiempo, aumenta <em>la satisfacci\u00f3n de los hu\u00e9spedes<\/em>. Gracias a su aplicabilidad universal, los revestimientos funcionan en todas las superficies de las paredes, independientemente de si son de nueva construcci\u00f3n, edificios antiguos o habitaciones que necesitan reformas, y no requieren costosas obras. Por tanto, ClimateCoating<sup>\u00ae<\/sup>\u00a0ayuda a los hoteles y establecimientos de restauraci\u00f3n a crear habitaciones <em>higi\u00e9nicas, c\u00f3modas, f\u00e1ciles de limpiar y econ\u00f3micas<\/em>, desde la habitaci\u00f3n de los hu\u00e9spedes hasta el comedor y las zonas de servicio.[\/vc_column_text][vc_row_inner row_type=&#8221;row&#8221; type=&#8221;full_width&#8221; use_row_as_full_screen_section_slide=&#8221;no&#8221; text_align=&#8221;left&#8221; css_animation=&#8221;&#8221;][vc_column_inner width=&#8221;1\/4&#8243;][vc_column_text]APLICACIONES<br \/>\nINTERIOR[\/vc_column_text][vc_gallery interval=&#8221;3&#8243; images=&#8221;26460,27165,64504,64505&#8243; img_size=&#8221;full&#8221; onclick=&#8221;&#8221; css=&#8221;&#8221; el_class=&#8221;flex-noarrows&#8221;][vc_separator type=&#8221;small&#8221; position=&#8221;left&#8221; border_style=&#8221;&#8221; up=&#8221;18&#8243; down=&#8221;20&#8243; color=&#8221;#d6202d&#8221;][vc_column_text]Higiene de las habitaciones y protecci\u00f3n contra el moho<\/p>\n<p>Prevenci\u00f3n de la condensaci\u00f3n y regulaci\u00f3n de la humedad<\/p>\n<p>Mejora del clima interior y confort en la vivienda<\/p>\n<p>Resistencia a la suciedad y fotocat\u00e1lisis<\/p>\n<p>Ahorro de energ\u00eda y rentabilidad<\/p>\n<p>Refresco de las baldosas del techo<\/p>\n<p>Iluminaci\u00f3n de las habitaciones mediante la reflexi\u00f3n de la luz<\/p>\n<p>Revestimiento protector de la espuma de PU[\/vc_column_text][\/vc_column_inner][vc_column_inner width=&#8221;1\/4&#8243;][vc_column_text]APLICACIONES<br \/>\nEXTERIOR[\/vc_column_text][vc_gallery interval=&#8221;3&#8243; images=&#8221;27065,27070,27072&#8243; img_size=&#8221;full&#8221; onclick=&#8221;&#8221; css=&#8221;&#8221; el_class=&#8221;flex-noarrows&#8221;][vc_separator type=&#8221;small&#8221; position=&#8221;left&#8221; border_style=&#8221;&#8221; up=&#8221;18&#8243; down=&#8221;20&#8243; color=&#8221;#d6202d&#8221;][vc_column_text]Mejora del balance energ\u00e9tico del edificio<\/p>\n<p>Durabilidad, resistencia a las grietas y robustez<\/p>\n<p>Reducci\u00f3n del crecimiento de algas, musgo y hongos<\/p>\n<p>Gesti\u00f3n de la humedad y regulaci\u00f3n de la temperatura<\/p>\n<p>Fachadas hist\u00f3ricas: Deshumidificaci\u00f3n suave y conservaci\u00f3n del valor<\/p>\n<p>Resistencia al fuego<\/p>\n<p>Revestimiento protector para espuma de PU[\/vc_column_text][\/vc_column_inner][vc_column_inner width=&#8221;1\/4&#8243;][vc_column_text]APLICACIONES<br \/>\nTECHO[\/vc_column_text][vc_gallery interval=&#8221;3&#8243; images=&#8221;27067,26463,26417&#8243; img_size=&#8221;full&#8221; onclick=&#8221;&#8221; css=&#8221;&#8221; el_class=&#8221;flex-noarrows&#8221;][vc_separator type=&#8221;small&#8221; position=&#8221;left&#8221; border_style=&#8221;&#8221; up=&#8221;18&#8243; down=&#8221;20&#8243; color=&#8221;#d6202d&#8221;][vc_column_text css=&#8221;&#8221;]<a href=\"https:\/\/www.climatecoating.com\/es\/ambitos-de-aplicacion\/refrigeracion-y-reduccion-de-costes-de-refrigeracion\/\" target=\"_blank\" rel=\"noopener\">Refrigeraci\u00f3n y reducci\u00f3n de la capacidad de refrigeraci\u00f3n<\/a><\/p>\n<p>Protecci\u00f3n contra la intemperie y durabilidad<\/p>\n<p>Estanqueidad<\/p>\n<p>Relajaci\u00f3n t\u00e9rmica[\/vc_column_text][\/vc_column_inner][vc_column_inner width=&#8221;1\/4&#8243;][vc_column_text]APLICACIONES<br \/>\nMADERA[\/vc_column_text][vc_gallery interval=&#8221;3&#8243; images=&#8221;27171,27170,27172&#8243; img_size=&#8221;full&#8221; onclick=&#8221;&#8221; el_class=&#8221;flex-noarrows&#8221;][vc_separator type=&#8221;small&#8221; position=&#8221;left&#8221; border_style=&#8221;&#8221; up=&#8221;18&#8243; down=&#8221;20&#8243; color=&#8221;#d6202d&#8221;][vc_column_text]Protecci\u00f3n contra la intemperie a largo plazo[\/vc_column_text][\/vc_column_inner][\/vc_row_inner][\/vc_column][\/vc_row][vc_row row_type=&#8221;row&#8221; use_row_as_full_screen_section=&#8221;no&#8221; type=&#8221;full_width&#8221; text_align=&#8221;left&#8221; background_animation=&#8221;none&#8221; css_animation=&#8221;&#8221;][vc_column][\/vc_column][\/vc_row]<\/p>\n<\/div>","protected":false},"excerpt":{"rendered":"Hosteler\u00eda y gastronom\u00eda Con ClimateCoating\u00ae\u00a0- Superficies higi\u00e9nicas. Confort de las habitaciones. Ahorro de energ\u00eda. En los hoteles y establecimientos de restauraci\u00f3n, todas las habitaciones deben cumplir las normas m\u00e1s estrictas: Desde superficies higi\u00e9nicamente limpias y un clima ambiental acogedor hasta revestimientos duraderos y resistentes, todo...","protected":false},"author":1,"featured_media":0,"parent":26430,"menu_order":150,"comment_status":"closed","ping_status":"closed","template":"","meta":{"footnotes":""},"class_list":["post-26491","page","type-page","status-publish","hentry"],"_links":{"self":[{"href":"https:\/\/www.climatecoating.com\/es\/wp-json\/wp\/v2\/pages\/26491","targetHints":{"allow":["GET"]}}],"collection":[{"href":"https:\/\/www.climatecoating.com\/es\/wp-json\/wp\/v2\/pages"}],"about":[{"href":"https:\/\/www.climatecoating.com\/es\/wp-json\/wp\/v2\/types\/page"}],"author":[{"embeddable":true,"href":"https:\/\/www.climatecoating.com\/es\/wp-json\/wp\/v2\/users\/1"}],"replies":[{"embeddable":true,"href":"https:\/\/www.climatecoating.com\/es\/wp-json\/wp\/v2\/comments?post=26491"}],"version-history":[{"count":6,"href":"https:\/\/www.climatecoating.com\/es\/wp-json\/wp\/v2\/pages\/26491\/revisions"}],"predecessor-version":[{"id":64563,"href":"https:\/\/www.climatecoating.com\/es\/wp-json\/wp\/v2\/pages\/26491\/revisions\/64563"}],"up":[{"embeddable":true,"href":"https:\/\/www.climatecoating.com\/es\/wp-json\/wp\/v2\/pages\/26430"}],"wp:attachment":[{"href":"https:\/\/www.climatecoating.com\/es\/wp-json\/wp\/v2\/media?parent=26491"}],"curies":[{"name":"wp","href":"https:\/\/api.w.org\/{rel}","templated":true}]}}