{"id":26508,"date":"2021-05-28T14:51:27","date_gmt":"2021-05-28T12:51:27","guid":{"rendered":"https:\/\/www.climatecoating.com\/empresa\/sostenibilidad-y-medio-ambiente\/"},"modified":"2026-03-17T09:17:58","modified_gmt":"2026-03-17T08:17:58","slug":"sostenibilidad-y-medio-ambiente","status":"publish","type":"page","link":"https:\/\/www.climatecoating.com\/es\/empresa\/sostenibilidad-y-medio-ambiente\/","title":{"rendered":"Sostenibilidad y medio ambiente"},"content":{"rendered":"<div class=\"wpb-content-wrapper\"><p>[vc_row row_type=&#8221;row&#8221; use_row_as_full_screen_section=&#8221;no&#8221; type=&#8221;full_width&#8221; text_align=&#8221;left&#8221; background_animation=&#8221;none&#8221; padding_bottom=&#8221;45&#8243; css_animation=&#8221;&#8221;][vc_column][vc_single_image image=&#8221;60342&#8243; img_size=&#8221;full&#8221; css=&#8221;.vc_custom_1764336911624{padding-bottom: 30px !important;}&#8221; qode_css_animation=&#8221;&#8221;][vc_row_inner row_type=&#8221;row&#8221; type=&#8221;full_width&#8221; use_row_as_full_screen_section_slide=&#8221;no&#8221; text_align=&#8221;left&#8221; css_animation=&#8221;&#8221;][vc_column_inner width=&#8221;1\/4&#8243;]<div class=\"ult_row_spacer\"><div class=\"ult-sticky-anchor\"><div class=\"ult-sticky-section ult-sticky \"  data-gutter= '100' data-stick_behaviour= 'stick_with_scroll_row'  data-sticky_position= 'top' data-mobile='no' data-support='no'>[vc_raw_html]W2Ntd2l6YXJkIHdpZGdldD0iMiIgL10=[\/vc_raw_html]<\/div><div class=\"ult-space\"><\/div><\/div><\/div>[\/vc_column_inner][vc_column_inner width=&#8221;3\/4&#8243;][vc_column_text]<\/p>\n<h1>Sostenibilidad y medio ambiente<\/h1>\n<p><strong>Gu\u00eda para el desarrollo de nuestros productos: <em>menos es m\u00e1s<\/em><\/strong><\/p>\n<p>Fabricamos productos con valor a\u00f1adido para las personas y el medio ambiente. Menos consumo de energ\u00eda, menos consumo de recursos. A cambio, se ahorra m\u00e1s energ\u00eda y se mantiene el valor de los edificios a largo plazo.<\/p>\n<p><strong>Se\u00f1al de la calidad del producto: <em>el m\u00e1s alto nivel<\/em><\/strong><\/p>\n<p>Buscamos cuestionar cada movimiento que hacemos y cada enfoque que manejamos cada d\u00eda. Nos aseguramos de que cada lote que sale de nuestras instalaciones sea de la m\u00e1xima calidad.<\/p>\n<p><strong>Gu\u00eda de compatibilidad medioambiental:<em> Responsabilidad <\/em> <\/strong><\/p>\n<p>Hemos buscado proveedores que ellos mismos sigan el principio de una gesti\u00f3n ecol\u00f3gicamente correcta y se responsabilicen del medio ambiente.[\/vc_column_text][vc_single_image image=&#8221;57250&#8243; css=&#8221;&#8221; qode_css_animation=&#8221;&#8221;][vc_column_text css=&#8221;&#8221;]Una Declaraci\u00f3n Ambiental de Producto (EPD) es unhttps:\/\/www.mrpi.nl\/a declaraci\u00f3n estandarizada y con base cient\u00edfica que presenta de forma transparente el impacto ambiental de un producto a lo largo de todo su ciclo de vida. En 2025, SICC Coatings obtuvo las EPD para varios productos, verificadas por <a href=\"https:\/\/www.mrpi.nl\/\" target=\"_blank\" rel=\"noopener\">MRPI Pa\u00edses Bajos<\/a> y confirmadas a trav\u00e9s de la <a href=\"https:\/\/www.eco-platform.org\/home.html\" target=\"_blank\" rel=\"noopener\">plataforma ECO<\/a>. Esta distinci\u00f3n reconoce la sostenibilidad y la conservaci\u00f3n de los recursos de los productos y subraya el compromiso de SICC Coatings con las soluciones respetuosas con el medio ambiente.<\/p>\n<p><a href=\"https:\/\/www.climatecoating.com\/wp-content\/uploads\/2025\/10\/1.1.00872.2025-MRPI-EPD-SICC-ThermoPlus-indoor-wall-coating-getekend.pdf\" target=\"_blank\" rel=\"noopener\">EPD ThermoPlus<\/a>\u00a0 \u00a0 \u00a0 \u00a0 \u00a0 \u00a0 \u00a0 \u00a0<a href=\"https:\/\/www.climatecoating.com\/wp-content\/uploads\/2025\/10\/1.1.00874.2025-MRPI-EPD-SICC-ThermoVital-indoor-wall-coating-getekend.pdf\" target=\"_blank\" rel=\"noopener\">EPD ThermoVital\u00a0<\/a> \u00a0 \u00a0 \u00a0 \u00a0 \u00a0 \u00a0 <a href=\"https:\/\/www.climatecoating.com\/wp-content\/uploads\/2025\/10\/1.1.00869.2025-MRPI-EPD-SICC-Lumen-indoor-wall-coating-getekend.pdf\" target=\"_blank\" rel=\"noopener\">EPD Lumen<\/a><\/p>\n<p><a href=\"https:\/\/www.climatecoating.com\/wp-content\/uploads\/2025\/10\/1.1.00873.2025-MRPI-EPD-SICC-ThermoProtect-facade-coating-getekend.pdf\" target=\"_blank\" rel=\"noopener\">EPD ThermoProtect\u00a0<\/a> \u00a0 \u00a0 \u00a0 \u00a0<a href=\"https:\/\/www.climatecoating.com\/wp-content\/uploads\/2025\/10\/1.1.00870.2025-MRPI-EPD-SICC-ThermoActiveThermoActive-roof-coating-getekend.pdf\" target=\"_blank\" rel=\"noopener\">EPD ThermoActive<\/a>\u00a0 \u00a0 \u00a0 \u00a0 \u00a0 \u00a0<a href=\"https:\/\/www.climatecoating.com\/wp-content\/uploads\/2025\/10\/1.1.00871.2025-MRPI-EPD-SICC-History-facade-coating-getekend.pdf\" target=\"_blank\" rel=\"noopener\">EPD History<\/a>\u00a0 \u00a0 \u00a0 \u00a0 \u00a0\u00a0 <a href=\"https:\/\/www.climatecoating.com\/wp-content\/uploads\/2025\/10\/1.1.00868.2025-MRPI-EPD-SICC-Nature-outdoor-wood-coating-getekend.pdf\" target=\"_blank\" rel=\"noopener\">EPD Nature<\/a>[\/vc_column_text][\/vc_column_inner][\/vc_row_inner][\/vc_column][\/vc_row][vc_row row_type=&#8221;row&#8221; use_row_as_full_screen_section=&#8221;no&#8221; type=&#8221;full_width&#8221; text_align=&#8221;left&#8221; background_animation=&#8221;none&#8221; css_animation=&#8221;&#8221; css=&#8221;.vc_custom_1613667582104{padding-bottom: 30px !important;}&#8221;][vc_column][vc_separator type=&#8221;normal&#8221; border_style=&#8221;&#8221;][vc_row_inner row_type=&#8221;row&#8221; type=&#8221;full_width&#8221; use_row_as_full_screen_section_slide=&#8221;no&#8221; text_align=&#8221;left&#8221; css_animation=&#8221;&#8221;][vc_column_inner width=&#8221;2\/5&#8243;][vc_column_text]<\/p>\n<h3>Nuestros principios en la pol\u00edtica de calidad y en la pol\u00edtica medioambiental<\/h3>\n<p>La pol\u00edtica de calidad y la pol\u00edtica medioambiental son componentes de nuestra pol\u00edtica de empresa y explican la pretensi\u00f3n de SICC Coatings GmbH con respecto a la alta calidad en el producto y en el servicio hacia nuestros clientes, los empleados de la empresa y todos los grupos de inter\u00e9s.<\/p>\n<p>Al mismo tiempo, SICC Coatings GmbH se compromete a reducir toda la contaminaci\u00f3n ambiental espec\u00edfica de la empresa y, si es posible, incluso a evitarla. Esto se basa en los aspectos medioambientales espec\u00edficos de la empresa que se han identificado, que muestran d\u00f3nde se pueden encontrar las cargas medioambientales.<\/p>\n<p>SICC Coatings GmbH se compromete a trabajar en la mejora continua para evitar la contaminaci\u00f3n del medio ambiente y cumplir con las obligaciones legales y normativas aplicables.<\/p>\n<p>El trabajo y la aplicaci\u00f3n de nuestra pol\u00edtica de calidad y medio ambiente tienen un efecto positivo tanto en la calidad de los productos como en la eficacia de los procesos y la reducci\u00f3n del impacto medioambiental. La confianza y la satisfacci\u00f3n de nuestros clientes, empleados y grupos de inter\u00e9s, as\u00ed como la influencia activa en todos los procesos relacionados con el medio ambiente son el contenido de nuestra pol\u00edtica de calidad y medio ambiente.<\/p>\n<p>Los sistemas de gesti\u00f3n de la calidad y el medio ambiente se comprueban siempre para verificar su adecuaci\u00f3n y el cumplimiento de su finalidad.[\/vc_column_text][vc_single_image image=&#8221;54035&#8243; img_size=&#8221;full&#8221; css=&#8221;&#8221; qode_css_animation=&#8221;&#8221;][\/vc_column_inner][vc_column_inner width=&#8221;3\/5&#8243;][vc_column_text]<strong>Principio 1 &#8211; Impactos ambientales &#8211; Impactos sobre el medio ambiente<br \/>\n<\/strong>Reducir, o mejor a\u00fan, prevenir los impactos ambientales espec\u00edficos de la empresa. Revisamos peri\u00f3dicamente la naturaleza, el alcance y el impacto medioambiental de nuestras actividades, productos y servicios, e influimos en ellos.<\/p>\n<p>P<strong>rincipio 2 &#8211; Cumplimiento de la legislaci\u00f3n<\/strong> Compromiso de cumplir las obligaciones legales y la legislaci\u00f3n aplicable.<\/p>\n<p>P<strong>rincipio 3 &#8211; Objetivos<\/strong> Los objetivos de calidad y medioambientales se basan en nuestra pol\u00edtica de calidad y medioambiental.<\/p>\n<p>P<strong>rincipio 4 &#8211; Orientaci\u00f3n al<\/strong>c<strong>liente<\/strong> Prometemos a nuestros clientes y socios la calidad esperada o asegurada de nuestros productos. Utilizamos nuestros conocimientos y experiencia para atender a nuestros clientes de forma profesional y responder a sus preguntas y sugerencias.<\/p>\n<p>P<strong>rincipio 5 &#8211; Mejora continua<\/strong> Como parte del desarrollo a largo plazo de nuestra empresa, la mejora y la modificaci\u00f3n de los productos es el objetivo de nuestro trabajo. Para ello, mejoramos constantemente nuestro propio nivel de formaci\u00f3n. El sistema de gesti\u00f3n de la calidad y el medio ambiente tambi\u00e9n es objeto de este trabajo y mejora constantes.<\/p>\n<p>P<strong>rincipio 6 &#8211; Con<\/strong>ciencia de calidad Mantenemos la conciencia de calidad en nuestra empresa mediante procesos, informaci\u00f3n, formaci\u00f3n e instrucciones adecuados, y transmitimos constantemente esta mentalidad a nuestros socios comerciales.<\/p>\n<p>P<strong>rincipio 7 &#8211;<\/strong> Comunicaci\u00f3n Comunicamos la pol\u00edtica de calidad y medio ambiente y los objetivos derivados de ella dentro de nuestra empresa y a nuestros clientes y partes interesadas. Los resultados de esta comunicaci\u00f3n son decisivos para las conclusiones y las acciones posteriores.[\/vc_column_text][\/vc_column_inner][\/vc_row_inner][\/vc_column][\/vc_row]<\/p>\n<\/div>","protected":false},"excerpt":{"rendered":"<p>[vc_row row_type=&#8221;row&#8221; use_row_as_full_screen_section=&#8221;no&#8221; type=&#8221;full_width&#8221; text_align=&#8221;left&#8221; background_animation=&#8221;none&#8221; padding_bottom=&#8221;45&#8243; css_animation=&#8221;&#8221;][vc_column][vc_single_image image=&#8221;60342&#8243; img_size=&#8221;full&#8221; css=&#8221;.vc_custom_1764336911624{padding-bottom: 30px !important;}&#8221; qode_css_animation=&#8221;&#8221;][vc_row_inner row_type=&#8221;row&#8221; type=&#8221;full_width&#8221; use_row_as_full_screen_section_slide=&#8221;no&#8221; text_align=&#8221;left&#8221; css_animation=&#8221;&#8221;][vc_column_inner width=&#8221;1\/4&#8243;][\/vc_column_inner][vc_column_inner width=&#8221;3\/4&#8243;][vc_column_text] Sostenibilidad y medio ambiente Gu\u00eda para el desarrollo de nuestros productos: menos es m\u00e1s Fabricamos productos con valor a\u00f1adido para las personas y el&#8230;<\/p>\n","protected":false},"author":1,"featured_media":0,"parent":26045,"menu_order":610,"comment_status":"closed","ping_status":"closed","template":"","meta":{"footnotes":""},"class_list":["post-26508","page","type-page","status-publish","hentry"],"_links":{"self":[{"href":"https:\/\/www.climatecoating.com\/es\/wp-json\/wp\/v2\/pages\/26508","targetHints":{"allow":["GET"]}}],"collection":[{"href":"https:\/\/www.climatecoating.com\/es\/wp-json\/wp\/v2\/pages"}],"about":[{"href":"https:\/\/www.climatecoating.com\/es\/wp-json\/wp\/v2\/types\/page"}],"author":[{"embeddable":true,"href":"https:\/\/www.climatecoating.com\/es\/wp-json\/wp\/v2\/users\/1"}],"replies":[{"embeddable":true,"href":"https:\/\/www.climatecoating.com\/es\/wp-json\/wp\/v2\/comments?post=26508"}],"version-history":[{"count":4,"href":"https:\/\/www.climatecoating.com\/es\/wp-json\/wp\/v2\/pages\/26508\/revisions"}],"predecessor-version":[{"id":64810,"href":"https:\/\/www.climatecoating.com\/es\/wp-json\/wp\/v2\/pages\/26508\/revisions\/64810"}],"up":[{"embeddable":true,"href":"https:\/\/www.climatecoating.com\/es\/wp-json\/wp\/v2\/pages\/26045"}],"wp:attachment":[{"href":"https:\/\/www.climatecoating.com\/es\/wp-json\/wp\/v2\/media?parent=26508"}],"curies":[{"name":"wp","href":"https:\/\/api.w.org\/{rel}","templated":true}]}}