{"id":26509,"date":"2021-05-28T14:51:28","date_gmt":"2021-05-28T12:51:28","guid":{"rendered":"https:\/\/www.climatecoating.com\/ambitos-de-aplicacion\/construcciones-tecnicas\/"},"modified":"2026-03-09T09:52:22","modified_gmt":"2026-03-09T08:52:22","slug":"construcciones-tecnicas","status":"publish","type":"page","link":"https:\/\/www.climatecoating.com\/es\/ambitos-de-aplicacion\/construcciones-tecnicas\/","title":{"rendered":"Construcciones t\u00e9cnicas"},"content":{"rendered":"<div class=\"wpb-content-wrapper\"><p>[vc_row row_type=&#8221;row&#8221; use_row_as_full_screen_section=&#8221;no&#8221; type=&#8221;full_width&#8221; text_align=&#8221;left&#8221; background_animation=&#8221;none&#8221; padding_bottom=&#8221;45&#8243; css_animation=&#8221;&#8221;][vc_column][vc_single_image image=&#8221;27161&#8243; img_size=&#8221;full&#8221; css=&#8221;.vc_custom_1605019300402{padding-bottom: 30px !important;}&#8221; qode_css_animation=&#8221;&#8221;][vc_column_text]<\/p>\n<h1>Construcciones t\u00e9cnicas<\/h1>\n<p>[\/vc_column_text][vc_column_text css=&#8221;.vc_custom_1773046312946{padding-bottom: 30px !important;}&#8221;]<span style=\"font-size: 20px;\">Con ClimateCoating<sup>\u00ae <\/sup><\/span><span style=\"font-size: 20px;\">&#8211; Protecci\u00f3n contra condensados. Estabilizaci\u00f3n de la temperatura. Protecci\u00f3n de superficies. <\/span><\/p>\n<p>Los dep\u00f3sitos, contenedores, tuber\u00edas y otros sistemas industriales est\u00e1n expuestos a cargas extremas. Las fluctuaciones de temperatura, las tensiones t\u00e9rmicas, la humedad y los esfuerzos mec\u00e1nicos plantean exigencias especiales a los revestimientos. Un revestimiento con IndustrySpecial de ClimateCoating<sup>\u00ae<\/sup> cumple estos requisitos de forma fiable. <em>Evita la condensaci\u00f3n, estabiliza las temperaturas, reduce las tensiones t\u00e9rmicas y protege las superficies del desgaste, la corrosi\u00f3n y las influencias qu\u00edmicas<\/em>.<\/p>\n<p>Con IndustrySpecial, los sistemas industriales siguen siendo <em>eficientes, seguros y duraderos<\/em>. El revestimiento <em>reduce los costes de mantenimiento<\/em>, <em>acorta los tiempos de inactividad<\/em> y permite <em>un funcionamiento econ\u00f3mico incluso en condiciones de funcionamiento extremas<\/em>. Incluso los sistemas especialmente complejos o personalizados pueden protegerse de forma \u00f3ptima, ya que cada revestimiento se adapta con precisi\u00f3n a los requisitos de tus sistemas industriales.[\/vc_column_text][vc_row_inner row_type=&#8221;row&#8221; type=&#8221;full_width&#8221; use_row_as_full_screen_section_slide=&#8221;no&#8221; text_align=&#8221;left&#8221; css_animation=&#8221;&#8221;][vc_column_inner width=&#8221;1\/3&#8243;][vc_column_text]APLICACIONES<br \/>\nEXTERIOR[\/vc_column_text][vc_gallery interval=&#8221;3&#8243; images=&#8221;27065,26396,27077&#8243; img_size=&#8221;full&#8221; onclick=&#8221;&#8221; css=&#8221;&#8221; el_class=&#8221;flex-noarrows&#8221;][vc_separator type=&#8221;small&#8221; position=&#8221;left&#8221; border_style=&#8221;&#8221; up=&#8221;18&#8243; down=&#8221;20&#8243; color=&#8221;#d6202d&#8221;][vc_column_text]Mejora del balance energ\u00e9tico del edificio<\/p>\n<p>Durabilidad, resistencia a las grietas y robustez<\/p>\n<p>Reducci\u00f3n del crecimiento de algas, musgo y hongos<\/p>\n<p>Gesti\u00f3n de la humedad y regulaci\u00f3n de la temperatura<\/p>\n<p>Fachadas hist\u00f3ricas: Deshumidificaci\u00f3n suave y conservaci\u00f3n del valor<\/p>\n<p>Resistencia al fuego<\/p>\n<p>Revestimiento protector para espuma de PU[\/vc_column_text][\/vc_column_inner][vc_column_inner width=&#8221;1\/3&#8243;][vc_column_text]APLICACIONES<br \/>\nTECHO[\/vc_column_text][vc_gallery interval=&#8221;3&#8243; images=&#8221;27067,26463,26417&#8243; img_size=&#8221;full&#8221; onclick=&#8221;&#8221; el_class=&#8221;flex-noarrows&#8221;][vc_separator type=&#8221;small&#8221; position=&#8221;left&#8221; border_style=&#8221;&#8221; up=&#8221;18&#8243; down=&#8221;20&#8243; color=&#8221;#d6202d&#8221;][vc_column_text css=&#8221;&#8221;]<a href=\"https:\/\/www.climatecoating.com\/es\/ambitos-de-aplicacion\/refrigeracion-y-reduccion-de-costes-de-refrigeracion\/\" target=\"_blank\" rel=\"noopener\">Refrigeraci\u00f3n y reducci\u00f3n de la capacidad de refrigeraci\u00f3n<\/a><\/p>\n<p>Protecci\u00f3n contra la intemperie y durabilidad<\/p>\n<p>Estanqueidad<\/p>\n<p>Relajaci\u00f3n t\u00e9rmica[\/vc_column_text][\/vc_column_inner][vc_column_inner width=&#8221;1\/3&#8243;][vc_column_text]APLICACIONES<br \/>\nMADERA[\/vc_column_text][vc_gallery interval=&#8221;3&#8243; images=&#8221;27172,27171,27170&#8243; img_size=&#8221;full&#8221; onclick=&#8221;&#8221; el_class=&#8221;flex-noarrows&#8221;][vc_separator type=&#8221;small&#8221; position=&#8221;left&#8221; border_style=&#8221;&#8221; up=&#8221;18&#8243; down=&#8221;20&#8243; color=&#8221;#d6202d&#8221;][vc_column_text]Protecci\u00f3n contra la intemperie a largo plazo[\/vc_column_text][\/vc_column_inner][\/vc_row_inner][\/vc_column][\/vc_row][vc_row row_type=&#8221;row&#8221; use_row_as_full_screen_section=&#8221;no&#8221; type=&#8221;full_width&#8221; text_align=&#8221;left&#8221; background_animation=&#8221;none&#8221; css_animation=&#8221;&#8221;][vc_column][\/vc_column][\/vc_row]<\/p>\n<\/div>","protected":false},"excerpt":{"rendered":"Construcciones t\u00e9cnicas Con ClimateCoating\u00ae - Protecci\u00f3n contra condensados. Estabilizaci\u00f3n de la temperatura. Protecci\u00f3n de superficies. Los dep\u00f3sitos, contenedores, tuber\u00edas y otros sistemas industriales est\u00e1n expuestos a cargas extremas. Las fluctuaciones de temperatura, las tensiones t\u00e9rmicas, la humedad y los esfuerzos mec\u00e1nicos plantean exigencias especiales a...","protected":false},"author":1,"featured_media":0,"parent":26430,"menu_order":155,"comment_status":"closed","ping_status":"closed","template":"","meta":{"footnotes":""},"class_list":["post-26509","page","type-page","status-publish","hentry"],"_links":{"self":[{"href":"https:\/\/www.climatecoating.com\/es\/wp-json\/wp\/v2\/pages\/26509","targetHints":{"allow":["GET"]}}],"collection":[{"href":"https:\/\/www.climatecoating.com\/es\/wp-json\/wp\/v2\/pages"}],"about":[{"href":"https:\/\/www.climatecoating.com\/es\/wp-json\/wp\/v2\/types\/page"}],"author":[{"embeddable":true,"href":"https:\/\/www.climatecoating.com\/es\/wp-json\/wp\/v2\/users\/1"}],"replies":[{"embeddable":true,"href":"https:\/\/www.climatecoating.com\/es\/wp-json\/wp\/v2\/comments?post=26509"}],"version-history":[{"count":10,"href":"https:\/\/www.climatecoating.com\/es\/wp-json\/wp\/v2\/pages\/26509\/revisions"}],"predecessor-version":[{"id":64573,"href":"https:\/\/www.climatecoating.com\/es\/wp-json\/wp\/v2\/pages\/26509\/revisions\/64573"}],"up":[{"embeddable":true,"href":"https:\/\/www.climatecoating.com\/es\/wp-json\/wp\/v2\/pages\/26430"}],"wp:attachment":[{"href":"https:\/\/www.climatecoating.com\/es\/wp-json\/wp\/v2\/media?parent=26509"}],"curies":[{"name":"wp","href":"https:\/\/api.w.org\/{rel}","templated":true}]}}