{"id":26534,"date":"2021-05-28T14:51:37","date_gmt":"2021-05-28T12:51:37","guid":{"rendered":"https:\/\/www.climatecoating.com\/ambitos-de-aplicacion\/refrigeracion-y-reduccion-de-costes-de-refrigeracion\/"},"modified":"2021-06-23T15:40:07","modified_gmt":"2021-06-23T13:40:07","slug":"refrigeracion-y-reduccion-de-costes-de-refrigeracion","status":"publish","type":"page","link":"https:\/\/www.climatecoating.com\/es\/ambitos-de-aplicacion\/refrigeracion-y-reduccion-de-costes-de-refrigeracion\/","title":{"rendered":"Refrigeraci\u00f3n y reducci\u00f3n de costes de refrigeraci\u00f3n"},"content":{"rendered":"<div class=\"wpb-content-wrapper\"><p>[vc_row row_type=&#8221;row&#8221; use_row_as_full_screen_section=&#8221;no&#8221; type=&#8221;full_width&#8221; text_align=&#8221;left&#8221; background_animation=&#8221;none&#8221; padding_bottom=&#8221;45&#8243;][vc_column][vc_column_text css=&#8221;.vc_custom_1605177899210{padding-bottom: 30px !important;}&#8221;]<\/p>\n<h1>Refrigeraci\u00f3n y reducci\u00f3n de costes de refrigeraci\u00f3n<\/h1>\n<p>[\/vc_column_text][vc_single_image image=&#8221;26280&#8243; img_size=&#8221;full&#8221; qode_css_animation=&#8221;&#8221; css=&#8221;.vc_custom_1603351461583{padding-bottom: 30px !important;}&#8221;][\/vc_column][\/vc_row][vc_row row_type=&#8221;row&#8221; use_row_as_full_screen_section=&#8221;no&#8221; type=&#8221;full_width&#8221; text_align=&#8221;left&#8221; background_animation=&#8221;none&#8221; padding_bottom=&#8221;45&#8243; el_class=&#8221;reverse_order&#8221;][vc_column width=&#8221;1\/4&#8243;]<div class=\"ult_row_spacer\"><div class=\"ult-sticky-anchor\"><div class=\"ult-sticky-section ult-sticky \"  data-gutter= '100' data-stick_behaviour= 'stick_with_scroll_row'  data-sticky_position= 'top' data-mobile='no' data-support='no'>[vc_raw_html]PGRpdiBpZD0ibGVmdG1lbnUiPgo8dWwgY2xhc3M9InN1Yi1tZW51IHN1Yi1tZW51c21hbGwiPgoJPGxpIGlkPSJtZW51LWl0ZW0tMjI4NzIiIGNsYXNzPSJtZW51LWl0ZW0gbWVudS1pdGVtLXR5cGUtcG9zdF90eXBlIG1lbnUtaXRlbS1vYmplY3QtcGFnZSBjbXctbGV2ZWwtMiBtZW51LWl0ZW0tMjI4NzIiPjxhIGhyZWY9IiMxIj5BbHRvcyB2YWxvcmVzIGRlIHJlZmxleGnDs24gLSBjYXNpIGNvbW8gbGEgbmlldmU8L2E+PC9saT4KCTxsaSBpZD0ibWVudS1pdGVtLTIyODc1IiBjbGFzcz0ibWVudS1pdGVtIG1lbnUtaXRlbS10eXBlLXBvc3RfdHlwZSBtZW51LWl0ZW0tb2JqZWN0LXBhZ2UgY213LWxldmVsLTIgbWVudS1pdGVtLTIyODc1Ij48YSBocmVmPSIjMiI+UmVkdWNjacOzbiBkZSBjb3N0ZXMgZ3JhY2lhcyBhIGxhIGNsaW1hdGl6YWNpw7NuIHBhc2l2YTwvYT48L2xpPgoJPGxpIGlkPSJtZW51LWl0ZW0tMjI4NzkiIGNsYXNzPSJtZW51LWl0ZW0gbWVudS1pdGVtLXR5cGUtcG9zdF90eXBlIG1lbnUtaXRlbS1vYmplY3QtcGFnZSBjbXctbGV2ZWwtMiBtZW51LWl0ZW0tMjI4NzkiPjxhIGhyZWY9IiMzIj5Qcm9sb25nYWNpw7NuIGRlIGxhIHZpZGEgw7p0aWwgZGUgbGEgY29uc3RydWNjacOzbiBkZWwgdGVjaG88L2E+PC9saT4KPC91bD4KPC9kaXY+[\/vc_raw_html]<\/div><div class=\"ult-space\"><\/div><\/div><\/div>[\/vc_column][vc_column width=&#8221;3\/4&#8243;][vc_raw_html]PGEgY2xhc3M9ImFuY2hvciIgbmFtZT0iMSI+PC9hPg==[\/vc_raw_html][vc_separator type=&#8221;normal&#8221; border_style=&#8221;&#8221; down=&#8221;30&#8243;][vc_column_text css=&#8221;.vc_custom_1603884116230{padding-bottom: 30px !important;}&#8221;]<\/p>\n<h2>Altos valores de reflexi\u00f3n &#8211; casi como la nieve<\/h2>\n<p>El revestimiento del techo ThermoActive es capaz de reflejar m\u00e1s del 91% de la luz solar. Este es un pico probado. La nieve pura refleja el 100% de la luz solar.[\/vc_column_text][vc_raw_html]PGEgY2xhc3M9ImFuY2hvciIgbmFtZT0iMiI+PC9hPg==[\/vc_raw_html][vc_separator type=&#8221;normal&#8221; border_style=&#8221;&#8221; down=&#8221;30&#8243;][vc_column_text css=&#8221;.vc_custom_1603884147764{padding-bottom: 30px !important;}&#8221;]<\/p>\n<h2>Reducci\u00f3n de costes gracias a la climatizaci\u00f3n pasiva<\/h2>\n<p>El revestimiento ThermoActive reflectante absorbe la humedad que se evapora de la luz solar y refresca. El techo no tiene por qu\u00e9 estar revestido de blanco. Tambi\u00e9n se consiguen capacidades de enfriamiento relativamente altas por evaporaci\u00f3n con tonos m\u00e1s oscuros. As\u00ed,<br \/>\nEl consumo de energ\u00eda para la refrigeraci\u00f3n puede reducirse en cualquier caso y contribuir a la reducci\u00f3n de las emisiones de CO2.[\/vc_column_text][vc_raw_html]PGEgY2xhc3M9ImFuY2hvciIgbmFtZT0iMyI+PC9hPg==[\/vc_raw_html][vc_separator type=&#8221;normal&#8221; border_style=&#8221;&#8221; down=&#8221;30&#8243;][vc_column_text css=&#8221;.vc_custom_1603884182317{padding-bottom: 30px !important;}&#8221;]<\/p>\n<h2>Prolongaci\u00f3n de la vida \u00fatil de la construcci\u00f3n del techo<\/h2>\n<p>La excelente elasticidad de ThermoActive permite salvar las transiciones de materiales sin problemas y esto a temperaturas de -40\u00b0C a +150\u00b0C. El techo sigue siendo estanco.<br \/>\nEl revestimiento es muy robusto e insensible a las influencias ambientales, como los \u00e1cidos, los \u00e1lcalis, el ozono, el nitr\u00f3geno y los \u00f3xidos de azufre. Adem\u00e1s, el revestimiento es extremadamente resistente a los rayos UV. No hay fragilidad, no hay descamaci\u00f3n de la pintura, no hay intemperie y eso a la larga.<\/p>\n<p>En conjunto, esto prolonga la vida de la estructura del tejado y reduce los costes de mantenimiento.<\/p>\n<p><strong>\u00bfQuiere saber m\u00e1s?<\/strong><br \/>\n<a href=\"https:\/\/www.climatecoating.com\/es\/contacte-con\/\"><strong>P\u00f3ngase en contacto con nosotros.<\/strong><\/a>[\/vc_column_text][vc_video link=&#8221;https:\/\/www.youtube.com\/watch?v=Lilz-969SIo&#8221;][\/vc_column][\/vc_row][vc_row row_type=&#8221;row&#8221; use_row_as_full_screen_section=&#8221;no&#8221; type=&#8221;full_width&#8221; text_align=&#8221;left&#8221; background_animation=&#8221;none&#8221;][vc_column][vc_column_text]<\/p>\n<h3>Productos<\/h3>\n<p>[\/vc_column_text][vc_separator color=&#8221;#d6202d&#8221; type=&#8221;small&#8221; position=&#8221;left&#8221; border_style=&#8221;&#8221; up=&#8221;18&#8243; down=&#8221;20&#8243;]<div class=\"woocommerce columns-4 \"><ul class=\"products columns-4 clearfix default\">        <li class=\"product type-product post-26185 status-publish first instock product_cat-en-el-exterior product_cat-residencial product_cat-ambitos-de-aplicacion product_cat-industria-alimentaria product_cat-industria-manufacturera product_cat-edificios-publicos product_cat-agricultura-y-ganaderia has-post-thumbnail taxable shipping-taxable purchasable product-type-variable\">\n\n                        <div class=\"top-product-section\">\n\n                <a class=\"product_list_thumb_link\" href=\"https:\/\/www.climatecoating.com\/es\/produkt\/thermoactive\/\">\n                    <span class=\"image-wrapper\">\n                    <img loading=\"lazy\" decoding=\"async\" width=\"300\" height=\"300\" src=\"https:\/\/www.climatecoating.com\/wp-content\/uploads\/2025\/10\/12L500ml_THERMOACTIVE_m_frei-2-7-300x300.png\" class=\"attachment-woocommerce_thumbnail size-woocommerce_thumbnail\" alt=\"k\u00fchlende Dachbeschichtung ThermoActive gegen Hitze, Gebinde 12,5 Liter\" srcset=\"https:\/\/www.climatecoating.com\/wp-content\/uploads\/2025\/10\/12L500ml_THERMOACTIVE_m_frei-2-7-300x300.png 300w, https:\/\/www.climatecoating.com\/wp-content\/uploads\/2025\/10\/12L500ml_THERMOACTIVE_m_frei-2-7-100x100.png 100w, https:\/\/www.climatecoating.com\/wp-content\/uploads\/2025\/10\/12L500ml_THERMOACTIVE_m_frei-2-7-600x600.png 600w, https:\/\/www.climatecoating.com\/wp-content\/uploads\/2025\/10\/12L500ml_THERMOACTIVE_m_frei-2-7-1024x1024.png 1024w, https:\/\/www.climatecoating.com\/wp-content\/uploads\/2025\/10\/12L500ml_THERMOACTIVE_m_frei-2-7-150x150.png 150w, https:\/\/www.climatecoating.com\/wp-content\/uploads\/2025\/10\/12L500ml_THERMOACTIVE_m_frei-2-7-768x768.png 768w, https:\/\/www.climatecoating.com\/wp-content\/uploads\/2025\/10\/12L500ml_THERMOACTIVE_m_frei-2-7-1536x1536.png 1536w, https:\/\/www.climatecoating.com\/wp-content\/uploads\/2025\/10\/12L500ml_THERMOACTIVE_m_frei-2-7-550x550.png 550w, https:\/\/www.climatecoating.com\/wp-content\/uploads\/2025\/10\/12L500ml_THERMOACTIVE_m_frei-2-7-500x500.png 500w, https:\/\/www.climatecoating.com\/wp-content\/uploads\/2025\/10\/12L500ml_THERMOACTIVE_m_frei-2-7-1000x1000.png 1000w, https:\/\/www.climatecoating.com\/wp-content\/uploads\/2025\/10\/12L500ml_THERMOACTIVE_m_frei-2-7-700x700.png 700w, https:\/\/www.climatecoating.com\/wp-content\/uploads\/2025\/10\/12L500ml_THERMOACTIVE_m_frei-2-7-1100x1100.png 1100w, https:\/\/www.climatecoating.com\/wp-content\/uploads\/2025\/10\/12L500ml_THERMOACTIVE_m_frei-2-7.png 1920w\" sizes=\"auto, (max-width: 300px) 100vw, 300px\" \/>                    <\/span>\n                <\/a>\n\n                <div class=\"add-to-cart-button-outer\"><div class=\"add-to-cart-button-inner\"><div class=\"add-to-cart-button-inner2\"><a href=\"https:\/\/www.climatecoating.com\/es\/produkt\/thermoactive\/\" aria-describedby=\"woocommerce_loop_add_to_cart_link_describedby_26185\" data-quantity=\"1\" class=\"qbutton add-to-cart-button button product_type_variable add_to_cart_button\" data-product_id=\"26185\" data-product_sku=\"\" aria-label=\"Elige las opciones para &ldquo;ThermoActive&rdquo;\" rel=\"nofollow\">Optionen w\u00e4hlen<\/a><\/div><\/div><\/div>\t<span id=\"woocommerce_loop_add_to_cart_link_describedby_26185\" class=\"screen-reader-text\">\n\t\tEste producto tiene m\u00faltiples variantes. Las opciones se pueden elegir en la p\u00e1gina de producto\t<\/span>\n\n            <\/div>\n\n            <div class=\"product_info_box\">\n\t            <span class=\"product-categories\"><a href=\"https:\/\/www.climatecoating.com\/es\/productos\/en-el-exterior\/\" rel=\"tag\">En el exterior<\/a>, <a href=\"https:\/\/www.climatecoating.com\/es\/ambitos-de-aplicacion\/residencial\/\" rel=\"tag\">Residencial<\/a>, <a href=\"https:\/\/www.climatecoating.com\/es\/ambitos-de-aplicacion\/\" rel=\"tag\">\u00c1mbitos de aplicaci\u00f3n<\/a>, <a href=\"https:\/\/www.climatecoating.com\/es\/ambitos-de-aplicacion\/industria-alimentaria\/\" rel=\"tag\">Industria alimentaria<\/a>, <a href=\"https:\/\/www.climatecoating.com\/es\/ambitos-de-aplicacion\/industria-manufacturera\/\" rel=\"tag\">Industria manufacturera<\/a>, <a href=\"https:\/\/www.climatecoating.com\/es\/ambitos-de-aplicacion\/edificios-publicos\/\" rel=\"tag\">Edificios p\u00fablicos<\/a>, <a href=\"https:\/\/www.climatecoating.com\/es\/ambitos-de-aplicacion\/agricultura-y-ganaderia\/\" rel=\"tag\">Agricultura y ganader\u00eda<\/a><\/span>\n                <a href=\"https:\/\/www.climatecoating.com\/es\/produkt\/thermoactive\/\" class=\"product-category\">\n                    <span class=\"product-title\">ThermoActive<\/span>\n\n                    \n\n\t<span class=\"price\">ab <span class=\"woocommerce-Price-amount amount\"><bdi>117,95&nbsp;<span class=\"woocommerce-Price-currencySymbol\">&euro;<\/span><\/bdi><\/span><\/span>\n\n\t<p class=\"price price-unit smaller wc-gzd-additional-info wc-gzd-additional-info-loop\"><span class=\"woocommerce-Price-amount amount\">23,59&nbsp;<span class=\"woocommerce-Price-currencySymbol\">&euro;<\/span><\/span> \/  <span class=\"unit\">l<\/span><\/p>\n\n                <\/a>\n            <\/div>\n\n            \n\t<p class=\"wc-gzd-additional-info wc-gzd-additional-info-loop tax-info\">incl. VAT<\/p>\n\n\t<p class=\"wc-gzd-additional-info wc-gzd-additional-info-loop shipping-costs-info\">zzgl. <a href=\"https:\/\/www.climatecoating.com\/shop\/versand\/\" target=\"_blank\">Versandkosten<\/a><\/p>\n\n\n\t<p class=\"wc-gzd-additional-info wc-gzd-additional-info-loop product-units-wrapper product-units\">Produkt enth\u00e4lt: 5 <span class=\"unit\">l<\/span> &ndash; 12,5 <span class=\"unit\">l<\/span> <\/p>\n<div class=\"add-to-cart-button-outer\"><div class=\"add-to-cart-button-inner\"><div class=\"add-to-cart-button-inner2\"><a href=\"https:\/\/www.climatecoating.com\/es\/produkt\/thermoactive\/\" aria-describedby=\"woocommerce_loop_add_to_cart_link_describedby_26185\" data-quantity=\"1\" class=\"qbutton add-to-cart-button button product_type_variable add_to_cart_button\" data-product_id=\"26185\" data-product_sku=\"\" aria-label=\"Elige las opciones para &ldquo;ThermoActive&rdquo;\" rel=\"nofollow\">Optionen w\u00e4hlen<\/a><\/div><\/div><\/div>\t<span id=\"woocommerce_loop_add_to_cart_link_describedby_26185\" class=\"screen-reader-text\">\n\t\tEste producto tiene m\u00faltiples variantes. Las opciones se pueden elegir en la p\u00e1gina de producto\t<\/span>\n        <\/li>\n\n        <\/ul>\n<\/div>[\/vc_column][\/vc_row][vc_row row_type=&#8221;row&#8221; use_row_as_full_screen_section=&#8221;no&#8221; type=&#8221;full_width&#8221; text_align=&#8221;left&#8221; background_animation=&#8221;none&#8221; css=&#8221;.vc_custom_1605014654715{padding-bottom: 30px !important;}&#8221;][vc_column][vc_column_text]<\/p>\n<h3>Referencias<\/h3>\n<p>[\/vc_column_text][vc_separator color=&#8221;#d6202d&#8221; type=&#8221;small&#8221; position=&#8221;left&#8221; border_style=&#8221;&#8221; up=&#8221;18&#8243; down=&#8221;20&#8243;][\/vc_column][\/vc_row][vc_row row_type=&#8221;row&#8221; use_row_as_full_screen_section=&#8221;no&#8221; type=&#8221;full_width&#8221; text_align=&#8221;left&#8221; background_animation=&#8221;none&#8221;][vc_column]<div class=\"templatera_shortcode\"><div     class=\"vc_row wpb_row section vc_row-fluid backlink\" style=' text-align:left;'><div class=\" full_section_inner clearfix\"><div class=\"wpb_column vc_column_container vc_col-sm-12\"><div class=\"vc_column-inner\"><div class=\"wpb_wrapper\">\n\t<div class=\"wpb_text_column wpb_content_element \">\n\t\t<div class=\"wpb_wrapper\">\n\t\t\t<p style=\"text-align: center;\"><strong><a href=\"https:\/\/www.climatecoating.com\/es\/ambitos-de-aplicacion\/\">&lt;&lt; Volver al resumen de las \u00e1reas de aplicaci\u00f3n<\/a><\/strong><\/p>\n\n\t\t<\/div>\n\t<\/div><\/div><\/div><\/div><\/div><\/div><\/div>[\/vc_column][\/vc_row]<\/p>\n<\/div>","protected":false},"excerpt":{"rendered":"Refrigeraci\u00f3n y reducci\u00f3n de costes de refrigeraci\u00f3n Altos valores de reflexi\u00f3n - casi como la nieve Reducci\u00f3n de costes gracias a la climatizaci\u00f3n pasiva Prolongaci\u00f3n de la vida \u00fatil de la construcci\u00f3n del techo Altos valores de reflexi\u00f3n - casi como la nieve El revestimiento...","protected":false},"author":1,"featured_media":0,"parent":26430,"menu_order":9999,"comment_status":"closed","ping_status":"closed","template":"","meta":{"footnotes":""},"class_list":["post-26534","page","type-page","status-publish","hentry"],"_links":{"self":[{"href":"https:\/\/www.climatecoating.com\/es\/wp-json\/wp\/v2\/pages\/26534","targetHints":{"allow":["GET"]}}],"collection":[{"href":"https:\/\/www.climatecoating.com\/es\/wp-json\/wp\/v2\/pages"}],"about":[{"href":"https:\/\/www.climatecoating.com\/es\/wp-json\/wp\/v2\/types\/page"}],"author":[{"embeddable":true,"href":"https:\/\/www.climatecoating.com\/es\/wp-json\/wp\/v2\/users\/1"}],"replies":[{"embeddable":true,"href":"https:\/\/www.climatecoating.com\/es\/wp-json\/wp\/v2\/comments?post=26534"}],"version-history":[{"count":0,"href":"https:\/\/www.climatecoating.com\/es\/wp-json\/wp\/v2\/pages\/26534\/revisions"}],"up":[{"embeddable":true,"href":"https:\/\/www.climatecoating.com\/es\/wp-json\/wp\/v2\/pages\/26430"}],"wp:attachment":[{"href":"https:\/\/www.climatecoating.com\/es\/wp-json\/wp\/v2\/media?parent=26534"}],"curies":[{"name":"wp","href":"https:\/\/api.w.org\/{rel}","templated":true}]}}