{"id":26542,"date":"2021-05-28T14:51:40","date_gmt":"2021-05-28T12:51:40","guid":{"rendered":"https:\/\/www.climatecoating.com\/ambitos-de-aplicacion\/industria-manufacturera\/"},"modified":"2026-03-06T13:54:44","modified_gmt":"2026-03-06T12:54:44","slug":"industria-manufacturera","status":"publish","type":"page","link":"https:\/\/www.climatecoating.com\/es\/ambitos-de-aplicacion\/industria-manufacturera\/","title":{"rendered":"Industria manufacturera"},"content":{"rendered":"<div class=\"wpb-content-wrapper\"><p>[vc_row row_type=&#8221;row&#8221; use_row_as_full_screen_section=&#8221;no&#8221; type=&#8221;full_width&#8221; text_align=&#8221;left&#8221; background_animation=&#8221;none&#8221; padding_bottom=&#8221;45&#8243; css_animation=&#8221;&#8221;][vc_column][vc_single_image image=&#8221;27160&#8243; img_size=&#8221;full&#8221; css=&#8221;.vc_custom_1605018310308{padding-bottom: 30px !important;}&#8221; qode_css_animation=&#8221;&#8221;][vc_column_text]<\/p>\n<h1>Industria manufacturera<\/h1>\n<p>[\/vc_column_text][vc_column_text css=&#8221;.vc_custom_1772801653532{padding-bottom: 30px !important;}&#8221;]<span style=\"font-size: 20px;\">Con ClimateCoating<sup>\u00ae<\/sup> <\/span><span style=\"font-size: 20px;\">&#8211; Temperatura ambiente equilibrada. Ahorro de energ\u00eda. Superficies industriales resistentes. <\/span><\/p>\n<p>Las naves industriales, las salas de producci\u00f3n y los estudios plantean grandes exigencias a paredes, techos, fachadas y tejados. Las pinturas funcionales ClimateCoating<sup>\u00ae<\/sup>\u00a0ofrecen <em>soluciones duraderas y funcionales<\/em> para ello: desde robustas pinturas para paredes hasta revestimientos energ\u00e9ticamente eficientes para tejados y fachadas. Ayudan a <em>reducir la p\u00e9rdida de calor<\/em>, <em>disminuyen los costes energ\u00e9ticos y de funcionamiento<\/em> y garantizan <em>un clima interior estable<\/em>. Al mismo tiempo, son <em>muy duraderas<\/em>, <em>requieren poco mantenimiento<\/em> y contribuyen de forma tangible a <em>proteger el medio ambiente y conservar los recursos<\/em>. Combinan <em>funcionalidad, rentabilidad y sostenibilidad<\/em> en un solo sistema.[\/vc_column_text][vc_row_inner row_type=&#8221;row&#8221; type=&#8221;full_width&#8221; use_row_as_full_screen_section_slide=&#8221;no&#8221; text_align=&#8221;left&#8221; css_animation=&#8221;&#8221;][vc_column_inner width=&#8221;1\/3&#8243;][vc_column_text]APLICACIONES EN EL INTERIOR[\/vc_column_text][vc_gallery interval=&#8221;3&#8243; images=&#8221;26460,64504,64505&#8243; img_size=&#8221;full&#8221; onclick=&#8221;&#8221; css=&#8221;&#8221; el_class=&#8221;flex-noarrows&#8221;][vc_separator type=&#8221;small&#8221; position=&#8221;left&#8221; border_style=&#8221;&#8221; up=&#8221;18&#8243; down=&#8221;20&#8243; color=&#8221;#d6202d&#8221;][vc_column_text]Prevenci\u00f3n de la condensaci\u00f3n<\/p>\n<p>Regulaci\u00f3n de la humedad<\/p>\n<p>Neutralidad de los olores<\/p>\n<p>Resistencia a la suciedad<\/p>\n<p>Ahorro de energ\u00eda<\/p>\n<p>Mejora ac\u00fastica<\/p>\n<p>Eliminaci\u00f3n de la suciedad mediante fotocat\u00e1lisis<\/p>\n<p>Aclaraci\u00f3n de la habitaci\u00f3n mediante la reflexi\u00f3n de la luz<\/p>\n<p>Actualizaci\u00f3n de techos[\/vc_column_text][\/vc_column_inner][vc_column_inner width=&#8221;1\/3&#8243;][vc_column_text]EDIFICIO EXTERIOR[\/vc_column_text][vc_gallery interval=&#8221;3&#8243; images=&#8221;27060,26396,27171&#8243; img_size=&#8221;full&#8221; onclick=&#8221;&#8221; el_class=&#8221;flex-noarrows&#8221;][vc_separator type=&#8221;small&#8221; position=&#8221;left&#8221; border_style=&#8221;&#8221; up=&#8221;18&#8243; down=&#8221;20&#8243; color=&#8221;#d6202d&#8221;][vc_column_text]Ahorro de energ\u00eda<\/p>\n<p>Durabilidad<\/p>\n<p>Sin grietas<\/p>\n<p>Robustez<\/p>\n<p>Repelencia a la suciedad<\/p>\n<p>Gesti\u00f3n de la humedad<\/p>\n<p>Resistencia al fuego<\/p>\n<p>Protecci\u00f3n de la madera contra la intemperie a largo plazo[\/vc_column_text][\/vc_column_inner][vc_column_inner width=&#8221;1\/3&#8243;][vc_column_text]ESTRUCTURAS DE TECHO[\/vc_column_text][vc_gallery interval=&#8221;3&#8243; images=&#8221;26187,26417,26463&#8243; img_size=&#8221;full&#8221; onclick=&#8221;&#8221; el_class=&#8221;flex-noarrows&#8221;][vc_separator type=&#8221;small&#8221; position=&#8221;left&#8221; border_style=&#8221;&#8221; up=&#8221;18&#8243; down=&#8221;20&#8243; color=&#8221;#d6202d&#8221;][vc_column_text]Refrigeraci\u00f3n y reducci\u00f3n de los costes de refrigeraci\u00f3n<\/p>\n<p>Protecci\u00f3n contra la intemperie<\/p>\n<p>Estanqueidad<\/p>\n<p>Relajaci\u00f3n t\u00e9rmica[\/vc_column_text][\/vc_column_inner][\/vc_row_inner][\/vc_column][\/vc_row][vc_row row_type=&#8221;row&#8221; use_row_as_full_screen_section=&#8221;no&#8221; type=&#8221;full_width&#8221; text_align=&#8221;left&#8221; background_animation=&#8221;none&#8221; css_animation=&#8221;&#8221;][vc_column][\/vc_column][\/vc_row]<\/p>\n<\/div>","protected":false},"excerpt":{"rendered":"Industria manufacturera Con ClimateCoating\u00ae - Temperatura ambiente equilibrada. Ahorro de energ\u00eda. Superficies industriales resistentes. Las naves industriales, las salas de producci\u00f3n y los estudios plantean grandes exigencias a paredes, techos, fachadas y tejados. Las pinturas funcionales ClimateCoating\u00ae\u00a0ofrecen soluciones duraderas y funcionales para ello: desde robustas...","protected":false},"author":1,"featured_media":0,"parent":26430,"menu_order":120,"comment_status":"closed","ping_status":"closed","template":"","meta":{"footnotes":""},"class_list":["post-26542","page","type-page","status-publish","hentry"],"_links":{"self":[{"href":"https:\/\/www.climatecoating.com\/es\/wp-json\/wp\/v2\/pages\/26542","targetHints":{"allow":["GET"]}}],"collection":[{"href":"https:\/\/www.climatecoating.com\/es\/wp-json\/wp\/v2\/pages"}],"about":[{"href":"https:\/\/www.climatecoating.com\/es\/wp-json\/wp\/v2\/types\/page"}],"author":[{"embeddable":true,"href":"https:\/\/www.climatecoating.com\/es\/wp-json\/wp\/v2\/users\/1"}],"replies":[{"embeddable":true,"href":"https:\/\/www.climatecoating.com\/es\/wp-json\/wp\/v2\/comments?post=26542"}],"version-history":[{"count":5,"href":"https:\/\/www.climatecoating.com\/es\/wp-json\/wp\/v2\/pages\/26542\/revisions"}],"predecessor-version":[{"id":64526,"href":"https:\/\/www.climatecoating.com\/es\/wp-json\/wp\/v2\/pages\/26542\/revisions\/64526"}],"up":[{"embeddable":true,"href":"https:\/\/www.climatecoating.com\/es\/wp-json\/wp\/v2\/pages\/26430"}],"wp:attachment":[{"href":"https:\/\/www.climatecoating.com\/es\/wp-json\/wp\/v2\/media?parent=26542"}],"curies":[{"name":"wp","href":"https:\/\/api.w.org\/{rel}","templated":true}]}}