{"id":40296,"date":"2022-03-23T18:26:30","date_gmt":"2022-03-23T17:26:30","guid":{"rendered":"https:\/\/www.climatecoating.com\/productos-2\/"},"modified":"2022-05-12T12:05:59","modified_gmt":"2022-05-12T10:05:59","slug":"descripcion-del-producto","status":"publish","type":"page","link":"https:\/\/www.climatecoating.com\/es\/descripcion-del-producto\/","title":{"rendered":"Productos"},"content":{"rendered":"<div class=\"wpb-content-wrapper\"><p>[vc_row row_type=&#8221;row&#8221; use_row_as_full_screen_section=&#8221;no&#8221; type=&#8221;full_width&#8221; text_align=&#8221;left&#8221; background_animation=&#8221;none&#8221; css_animation=&#8221;&#8221;][vc_column][vc_column_text]<\/p>\n<h1>Productos<\/h1>\n<p>[\/vc_column_text][\/vc_column][\/vc_row][vc_row row_type=&#8221;row&#8221; use_row_as_full_screen_section=&#8221;no&#8221; type=&#8221;full_width&#8221; text_align=&#8221;left&#8221; background_animation=&#8221;none&#8221; css_animation=&#8221;&#8221;][vc_column width=&#8221;2\/3&#8243;][vc_column_text]Los productos ClimateCoating<sup>\u00ae<\/sup> ofrecen <strong>soluciones pr\u00e1cticas a los problemas<\/strong>. El moho en las paredes, la proliferaci\u00f3n de algas y las fachadas fr\u00e1giles y sucias se combaten o evitan eficazmente. La entrada de humedad a trav\u00e9s de la lluvia torrencial se reduce o se evita. El calentamiento de techos, interiores, contenedores o dep\u00f3sitos se reduce considerablemente.<\/p>\n<p><strong>Tecnolog\u00eda de membrana reflectante<br \/>\n<\/strong>El secreto est\u00e1 en los <strong>cuerpos huecos de cer\u00e1mica de vidrio<\/strong> especialmente desarrollados, que encierran un <strong>vac\u00edo<\/strong>. Hemos combinado estos cuerpos huecos de vitrocer\u00e1mica con una dispersi\u00f3n extremadamente adhesiva, especialmente desarrollada, y con activadores seleccionados. Tras su aplicaci\u00f3n, el revestimiento forma la llamada membrana reflectante.<\/p>\n<p>El efecto y las ventajas del revestimiento se basan en estos<strong> procesos de la f\u00edsica de la construcci\u00f3n:<\/strong> Reflexi\u00f3n, evaporaci\u00f3n dirigida y antielectrost\u00e1tica. La extraordinaria resistencia del material hace que los revestimientos sean robustos, adaptables y muy duraderos.<\/p>\n<p><strong>El plus medioambiental:<\/strong> Todos los productos ClimateCoating<sup>\u00ae<\/sup> son de base acuosa y no contienen disolventes.<br \/>\n<strong>La ventaja del dise\u00f1o:<\/strong> son posibles casi todos los tonos de color.[\/vc_column_text][\/vc_column][vc_column width=&#8221;1\/3&#8243;][vc_single_image image=&#8221;27087&#8243; img_size=&#8221;full&#8221; add_caption=&#8221;yes&#8221; alignment=&#8221;right&#8221; onclick=&#8221;custom_link&#8221; img_link_target=&#8221;_blank&#8221; qode_css_animation=&#8221;&#8221;][\/vc_column][\/vc_row][vc_row row_type=&#8221;row&#8221; use_row_as_full_screen_section=&#8221;no&#8221; type=&#8221;full_width&#8221; text_align=&#8221;left&#8221; background_animation=&#8221;none&#8221; css_animation=&#8221;&#8221;][vc_column][vc_separator type=&#8221;normal&#8221; border_style=&#8221;&#8221; thickness=&#8221;1&#8243; color=&#8221;#c4c4c4&#8243;][\/vc_column][\/vc_row][vc_row row_type=&#8221;row&#8221; use_row_as_full_screen_section=&#8221;no&#8221; type=&#8221;full_width&#8221; text_align=&#8221;left&#8221; background_animation=&#8221;none&#8221; css_animation=&#8221;&#8221;][vc_column width=&#8221;1\/4&#8243;][vc_single_image image=&#8221;35896&#8243; style=&#8221;vc_box_shadow&#8221; onclick=&#8221;link_image&#8221; qode_css_animation=&#8221;&#8221;][\/vc_column][vc_column width=&#8221;1\/4&#8243;][vc_column_text]<strong>Todo lo que necesitas saber. El resumen del producto para descargar.<\/strong><\/p>\n<p><a href=\"https:\/\/www.climatecoating.com\/wp-content\/uploads\/2022\/01\/Leporello_DL_18S_EN.pdf\" target=\"_blank\" rel=\"noopener\">Leporello<\/a> PDF | <a href=\"mailto:siedentopf@sicc.de\">Impresi\u00f3n bajo demanda<\/a>[\/vc_column_text][\/vc_column][vc_column width=&#8221;1\/4&#8243;][vc_column_text]<strong>Respuestas a las preguntas individuales de la solicitud en:<\/strong><\/p>\n<p><strong>Fon +49 (0)30 500196-0<\/strong>[\/vc_column_text][\/vc_column][vc_column width=&#8221;1\/4&#8243;][vc_column_text]<strong>\u00bfDesea pedir, listar o intercambiar productos?<\/strong><\/p>\n<p><a href=\"mailto:steiert@sicc.de\" target=\"_blank\" rel=\"noopener\">P\u00f3ngase en contacto con la direcci\u00f3n de ventas.<\/a>[\/vc_column_text][\/vc_column][\/vc_row][vc_row row_type=&#8221;row&#8221; use_row_as_full_screen_section=&#8221;no&#8221; type=&#8221;full_width&#8221; text_align=&#8221;left&#8221; background_animation=&#8221;none&#8221; css_animation=&#8221;&#8221;][vc_column][vc_separator type=&#8221;normal&#8221; border_style=&#8221;&#8221; thickness=&#8221;1&#8243; color=&#8221;#c4c4c4&#8243;][\/vc_column][\/vc_row]<\/p>\n<\/div>","protected":false},"excerpt":{"rendered":"<p>[vc_row row_type=&#8221;row&#8221; use_row_as_full_screen_section=&#8221;no&#8221; type=&#8221;full_width&#8221; text_align=&#8221;left&#8221; background_animation=&#8221;none&#8221; css_animation=&#8221;&#8221;][vc_column][vc_column_text] Productos [\/vc_column_text][\/vc_column][\/vc_row][vc_row row_type=&#8221;row&#8221; use_row_as_full_screen_section=&#8221;no&#8221; type=&#8221;full_width&#8221; text_align=&#8221;left&#8221; background_animation=&#8221;none&#8221; css_animation=&#8221;&#8221;][vc_column width=&#8221;2\/3&#8243;][vc_column_text]Los productos ClimateCoating\u00ae ofrecen soluciones pr\u00e1cticas a los problemas. El moho en las paredes, la proliferaci\u00f3n de algas y las fachadas fr\u00e1giles y sucias se combaten o evitan eficazmente. La&#8230;<\/p>\n","protected":false},"author":1,"featured_media":0,"parent":0,"menu_order":200,"comment_status":"closed","ping_status":"closed","template":"","meta":{"footnotes":""},"class_list":["post-40296","page","type-page","status-publish","hentry"],"_links":{"self":[{"href":"https:\/\/www.climatecoating.com\/es\/wp-json\/wp\/v2\/pages\/40296","targetHints":{"allow":["GET"]}}],"collection":[{"href":"https:\/\/www.climatecoating.com\/es\/wp-json\/wp\/v2\/pages"}],"about":[{"href":"https:\/\/www.climatecoating.com\/es\/wp-json\/wp\/v2\/types\/page"}],"author":[{"embeddable":true,"href":"https:\/\/www.climatecoating.com\/es\/wp-json\/wp\/v2\/users\/1"}],"replies":[{"embeddable":true,"href":"https:\/\/www.climatecoating.com\/es\/wp-json\/wp\/v2\/comments?post=40296"}],"version-history":[{"count":0,"href":"https:\/\/www.climatecoating.com\/es\/wp-json\/wp\/v2\/pages\/40296\/revisions"}],"wp:attachment":[{"href":"https:\/\/www.climatecoating.com\/es\/wp-json\/wp\/v2\/media?parent=40296"}],"curies":[{"name":"wp","href":"https:\/\/api.w.org\/{rel}","templated":true}]}}