{"id":44898,"date":"2023-02-24T14:20:31","date_gmt":"2023-02-24T13:20:31","guid":{"rendered":"https:\/\/www.climatecoating.com\/calculus\/"},"modified":"2024-10-23T19:10:16","modified_gmt":"2024-10-23T17:10:16","slug":"calculus","status":"publish","type":"page","link":"https:\/\/www.climatecoating.com\/es\/calculus\/","title":{"rendered":"Calculus"},"content":{"rendered":"<div class=\"wpb-content-wrapper\"><p>[vc_row row_type=&#8221;row&#8221; use_row_as_full_screen_section=&#8221;no&#8221; type=&#8221;full_width&#8221; text_align=&#8221;left&#8221; background_animation=&#8221;none&#8221; padding_bottom=&#8221;45&#8243; css_animation=&#8221;&#8221;][vc_column][vc_single_image image=&#8221;52377&#8243; img_size=&#8221;full&#8221; css=&#8221;&#8221; qode_css_animation=&#8221;&#8221;][vc_column_text css=&#8221;.vc_custom_1729703240978{margin-top: 20px !important;}&#8221;]<\/p>\n<h1>La calculadora de temperatura Calculus<sup>\u00ae<\/sup><\/h1>\n<p>[\/vc_column_text][\/vc_column][\/vc_row][vc_row row_type=&#8221;row&#8221; use_row_as_full_screen_section=&#8221;no&#8221; type=&#8221;full_width&#8221; text_align=&#8221;left&#8221; background_animation=&#8221;none&#8221; padding_bottom=&#8221;45&#8243; css_animation=&#8221;&#8221; css=&#8221;.vc_custom_1677187662616{margin-top: -40px !important;}&#8221;][vc_column width=&#8221;1\/2&#8243;][vc_column_text css=&#8221;.vc_custom_1729703411548{padding-bottom: 30px !important;}&#8221;]Calculus<sup>\u00ae<\/sup> es una herramienta web basada en IA para predecir la diferencia de temperaturas interiores y deducir el ahorro potencial de energ\u00eda cuando se revisten paredes y\/o tejados con los productos ClimateCoating<sup>\u00ae<\/sup> ThermoProtect y ThermoActive. La inteligencia artificial (IA) se ha entrenado y se sigue entrenando con grandes cantidades de datos procedentes de aplicaciones pr\u00e1cticas en todo el mundo, incluso en climas muy c\u00e1lidos. El algoritmo utiliza datos de la f\u00edsica de edificios: la reflexi\u00f3n de la radiaci\u00f3n solar. Calculus<sup>\u00ae<\/sup> facilita el c\u00e1lculo de los costes y la eficiencia energ\u00e9tica de los edificios. Esto facilita la planificaci\u00f3n del concepto energ\u00e9tico de distintos tipos de edificios en condiciones clim\u00e1ticas divergentes. La herramienta web est\u00e1 en constante desarrollo. Estaremos encantados de recibir sus sugerencias y preguntas a trav\u00e9s del <a href=\"#feedback\">formulario.<\/a><\/p>\n<p>&#8230;&#8230;&#8230;&#8230;&#8230;&#8230;&#8230;&#8230;&#8230;&#8230;&#8230;&#8230;&#8230;&#8230;&#8230;&#8230;&#8230;&#8230;&#8230;&#8230;&#8230;<\/p>\n<p><strong>El 15 de mayo de 2024, Calculus<sup>\u00ae<\/sup> recibi\u00f3 el premio &#8220;Ger<\/strong><strong>especial del premio a la innovaci\u00f3n del hombre&#8221;. A las <a href=\"https:\/\/www.climatecoating.com\/verleihung-german-innovation-award-special\/\" target=\"_blank\" rel=\"noopener\">noticias<\/a>.<\/strong><\/p>\n<p><img loading=\"lazy\" decoding=\"async\" class=\"size-full wp-image-52028 alignnone\" title=\"Premio Alem\u00e1n a la Innovaci\u00f3n-2024-Especial\" src=\"https:\/\/www.climatecoating.com\/wp-content\/uploads\/2024\/08\/German-Innovation-Award-2024-Special-e1764768260224.jpg\" alt=\"certificado alem\u00e1n de innovaci\u00f3n 2024\" width=\"254\" height=\"201\" \/>[\/vc_column_text][\/vc_column][vc_column width=&#8221;1\/2&#8243; css=&#8221;.vc_custom_1677187654806{padding-top: 25px !important;}&#8221;][vc_single_image image=&#8221;44860&#8243; img_size=&#8221;full&#8221; onclick=&#8221;custom_link&#8221; img_link_target=&#8221;_blank&#8221; qode_css_animation=&#8221;&#8221; link=&#8221;https:\/\/ki.sicc-coatings.de\/index\/de?&#8221;][\/vc_column][\/vc_row][vc_row row_type=&#8221;row&#8221; use_row_as_full_screen_section=&#8221;no&#8221; type=&#8221;full_width&#8221; text_align=&#8221;left&#8221; background_animation=&#8221;none&#8221; padding_bottom=&#8221;45&#8243; css_animation=&#8221;&#8221;][vc_column width=&#8221;1\/2&#8243;][vc_column_text css=&#8221;.vc_custom_1694610465920{padding-bottom: 30px !important;}&#8221;]<\/p>\n<h2>Alcanzar la meta con unos pocos par\u00e1metros<\/h2>\n<p>Introduce estos datos:<\/p>\n<ul>\n<li>Ubicaci\u00f3n y tipo de edificio (campos de selecci\u00f3n),<\/li>\n<li>Con o sin aire acondicionado (campo opcional)<\/li>\n<li>Tipo de componente del edificio, dimensiones del componente del edificio, orientaci\u00f3n geogr\u00e1fica (direcci\u00f3n cardinal), aislamiento existente<\/li>\n<\/ul>\n<p>El resultado en forma de gr\u00e1fico te muestra la evoluci\u00f3n de la temperatura durante cada mes del a\u00f1o en el edificio, con y sin revestimiento. Adem\u00e1s, se enumera la temperatura media interior (MKT = temperatura cin\u00e9tica media) de un edificio y c\u00f3mo se reduce globalmente al a\u00f1o mediante el revestimiento. Los resultados pueden descargarse en formato PDF. Antes o durante el uso de la herramienta web basada en IA, es mejor leer las<strong> <a href=\"https:\/\/www.climatecoating.com\/wp-content\/uploads\/dlm_uploads\/2023\/09\/Gebrauchsanweisung-KI-Calculus.pdf\" target=\"_blank\" rel=\"noopener\">Instrucciones de uso de KI-Calculus<\/a><\/strong> antes o durante el uso de la herramienta web basada en IA.[\/vc_column_text]<a href=\"https:\/\/ki.sicc-coatings.de\/index\/de?\" target=\"_blank\" data-hover-background-color='#d6202d' data-hover-border-color='#d6202d' data-hover-color='#ffffff' class=\"qbutton  qbutton_with_icon\" style=\"color: #ffffff; border-color: #d6202d; background-color: #d6202d;\">A la calculadora de temperatura Calculus<i class=\"qode_icon_font_awesome fa fa-arrow-right button_icon\" style=\"\" ><\/i><\/a>[\/vc_column][vc_column width=&#8221;1\/2&#8243;][vc_single_image image=&#8221;44839&#8243; img_size=&#8221;full&#8221; onclick=&#8221;custom_link&#8221; img_link_target=&#8221;_blank&#8221; qode_css_animation=&#8221;&#8221; link=&#8221;https:\/\/ki.sicc-coatings.de\/index\/de?&#8221;][vc_raw_html css=&#8221;.vc_custom_1677241592043{padding-bottom: 30px !important;}&#8221;]PGEgaWQ9ImZlZWRiYWNrIj48L2E+[\/vc_raw_html][\/vc_column][\/vc_row][vc_row row_type=&#8221;row&#8221; use_row_as_full_screen_section=&#8221;no&#8221; type=&#8221;full_width&#8221; text_align=&#8221;left&#8221; background_animation=&#8221;none&#8221; padding_bottom=&#8221;45&#8243; css_animation=&#8221;&#8221;][vc_column][vc_column_text css=&#8221;.vc_custom_1677241364765{padding-bottom: 30px !important;}&#8221; el_id=&#8221;feedback&#8221;]<\/p>\n<h2>Formulario de contacto<\/h2>\n<p>[\/vc_column_text]\n<div class=\"wpcf7 no-js\" id=\"wpcf7-f44890-o1\" lang=\"es-ES\" dir=\"ltr\" data-wpcf7-id=\"44890\">\n<div class=\"screen-reader-response\"><p role=\"status\" aria-live=\"polite\" aria-atomic=\"true\"><\/p> <ul><\/ul><\/div>\n<form action=\"\/es\/wp-json\/wp\/v2\/pages\/44898#wpcf7-f44890-o1\" method=\"post\" class=\"wpcf7-form init default wpcf7-acceptance-as-validation\" aria-label=\"Formulario de contacto\" novalidate=\"novalidate\" data-status=\"init\">\n<fieldset class=\"hidden-fields-container\"><input type=\"hidden\" name=\"_wpcf7\" value=\"44890\" \/><input type=\"hidden\" name=\"_wpcf7_version\" value=\"6.1.5\" \/><input type=\"hidden\" name=\"_wpcf7_locale\" value=\"es_ES\" \/><input type=\"hidden\" name=\"_wpcf7_unit_tag\" value=\"wpcf7-f44890-o1\" \/><input type=\"hidden\" name=\"_wpcf7_container_post\" value=\"0\" \/><input type=\"hidden\" name=\"_wpcf7_posted_data_hash\" value=\"\" \/><input type=\"hidden\" name=\"_wpcf7_recaptcha_response\" value=\"\" \/>\n<\/fieldset>\n<p><label>Su nombre (campo obligatorio)<br \/>\n<span class=\"wpcf7-form-control-wrap\" data-name=\"your-name\"><input size=\"40\" maxlength=\"400\" class=\"wpcf7-form-control wpcf7-text wpcf7-validates-as-required\" aria-required=\"true\" aria-invalid=\"false\" value=\"\" type=\"text\" name=\"your-name\" \/><\/span> <\/label>\n<\/p>\n<p><label>Su direcci\u00f3n de correo electr\u00f3nico (campo obligatorio)<br \/>\n<span class=\"wpcf7-form-control-wrap\" data-name=\"your-email\"><input size=\"40\" maxlength=\"400\" class=\"wpcf7-form-control wpcf7-email wpcf7-validates-as-required wpcf7-text wpcf7-validates-as-email\" aria-required=\"true\" aria-invalid=\"false\" value=\"\" type=\"email\" name=\"your-email\" \/><\/span> <\/label>\n<\/p>\n<p><label>Mis sugerencias y preguntas (campo obligatorio)<br \/>\n<span class=\"wpcf7-form-control-wrap\" data-name=\"your-message\"><textarea cols=\"40\" rows=\"10\" maxlength=\"2000\" class=\"wpcf7-form-control wpcf7-textarea\" aria-invalid=\"false\" name=\"your-message\"><\/textarea><\/span> <\/label>\n<\/p>\n<p><label>Deseo una respuesta (campo obligatorio)<\/label><br \/>\n<span class=\"wpcf7-form-control-wrap\" data-name=\"Antwort\"><span class=\"wpcf7-form-control wpcf7-checkbox wpcf7-validates-as-required\"><span class=\"wpcf7-list-item first\"><label><input type=\"checkbox\" name=\"Antwort[]\" value=\"Y\" \/><span class=\"wpcf7-list-item-label\">Y<\/span><\/label><\/span><span class=\"wpcf7-list-item last\"><label><input type=\"checkbox\" name=\"Antwort[]\" value=\"No\" \/><span class=\"wpcf7-list-item-label\">No<\/span><\/label><\/span><\/span><\/span>\n<\/p>\n<p><span id=\"wpcf7-69d4d2c5a73ad-wrapper\" class=\"wpcf7-form-control-wrap Lieblingsfarbe-wrap\" style=\"display:none !important; visibility:hidden !important;\"><label for=\"lieblingsfarbe\" class=\"hp-message\">Por favor, deja este campo vac\u00edo.<\/label><input id=\"lieblingsfarbe\"  class=\"wpcf7-form-control wpcf7-text\" type=\"text\" name=\"Lieblingsfarbe\" value=\"\" size=\"40\" tabindex=\"-1\" autocomplete=\"new-password\" \/><\/span><br \/>\n<span class=\"wpcf7-form-control-wrap\" data-name=\"cmplz-acceptance\"><span class=\"wpcf7-form-control wpcf7-acceptance\"><span class=\"wpcf7-list-item\"><label><input type=\"checkbox\" name=\"cmplz-acceptance\" value=\"1\" aria-invalid=\"false\" \/><span class=\"wpcf7-list-item-label\">Para enviar este formulario, debe aceptar nuestra <a href=\"#?cmplz_region_redirect=true\">pol\u00edtica de privacidad<\/a>.<\/span><\/label><\/span><\/span><\/span>\n<\/p>\n<p><input class=\"wpcf7-form-control wpcf7-submit has-spinner\" type=\"submit\" value=\"Enviar\" \/>\n<\/p><div class=\"wpcf7-response-output\" aria-hidden=\"true\"><\/div>\n<\/form>\n<\/div>\n[\/vc_column][\/vc_row]<\/p>\n<\/div>","protected":false},"excerpt":{"rendered":"<p>[vc_row row_type=&#8221;row&#8221; use_row_as_full_screen_section=&#8221;no&#8221; type=&#8221;full_width&#8221; text_align=&#8221;left&#8221; background_animation=&#8221;none&#8221; padding_bottom=&#8221;45&#8243; css_animation=&#8221;&#8221;][vc_column][vc_single_image image=&#8221;52377&#8243; img_size=&#8221;full&#8221; css=&#8221;&#8221; qode_css_animation=&#8221;&#8221;][vc_column_text css=&#8221;.vc_custom_1729703240978{margin-top: 20px !important;}&#8221;] La calculadora de temperatura Calculus\u00ae [\/vc_column_text][\/vc_column][\/vc_row][vc_row row_type=&#8221;row&#8221; use_row_as_full_screen_section=&#8221;no&#8221; type=&#8221;full_width&#8221; text_align=&#8221;left&#8221; background_animation=&#8221;none&#8221; padding_bottom=&#8221;45&#8243; css_animation=&#8221;&#8221; css=&#8221;.vc_custom_1677187662616{margin-top: -40px !important;}&#8221;][vc_column width=&#8221;1\/2&#8243;][vc_column_text css=&#8221;.vc_custom_1729703411548{padding-bottom: 30px !important;}&#8221;]Calculus\u00ae es una herramienta web basada en IA para predecir la&#8230;<\/p>\n","protected":false},"author":1,"featured_media":0,"parent":0,"menu_order":800,"comment_status":"closed","ping_status":"closed","template":"","meta":{"footnotes":""},"class_list":["post-44898","page","type-page","status-publish","hentry"],"_links":{"self":[{"href":"https:\/\/www.climatecoating.com\/es\/wp-json\/wp\/v2\/pages\/44898","targetHints":{"allow":["GET"]}}],"collection":[{"href":"https:\/\/www.climatecoating.com\/es\/wp-json\/wp\/v2\/pages"}],"about":[{"href":"https:\/\/www.climatecoating.com\/es\/wp-json\/wp\/v2\/types\/page"}],"author":[{"embeddable":true,"href":"https:\/\/www.climatecoating.com\/es\/wp-json\/wp\/v2\/users\/1"}],"replies":[{"embeddable":true,"href":"https:\/\/www.climatecoating.com\/es\/wp-json\/wp\/v2\/comments?post=44898"}],"version-history":[{"count":0,"href":"https:\/\/www.climatecoating.com\/es\/wp-json\/wp\/v2\/pages\/44898\/revisions"}],"wp:attachment":[{"href":"https:\/\/www.climatecoating.com\/es\/wp-json\/wp\/v2\/media?parent=44898"}],"curies":[{"name":"wp","href":"https:\/\/api.w.org\/{rel}","templated":true}]}}