{"id":61493,"date":"2021-05-28T14:47:30","date_gmt":"2021-05-28T12:47:30","guid":{"rendered":"https:\/\/www.climatecoating.com\/empresa\/glosario\/"},"modified":"2026-02-03T15:50:17","modified_gmt":"2026-02-03T14:50:17","slug":"area-de-clientes","status":"publish","type":"page","link":"https:\/\/www.climatecoating.com\/es\/area-de-clientes\/","title":{"rendered":"\u00c1rea de clientes"},"content":{"rendered":"<div class=\"wpb-content-wrapper\"><p>[vc_row row_type=&#8221;row&#8221; use_row_as_full_screen_section=&#8221;no&#8221; type=&#8221;full_width&#8221; text_align=&#8221;left&#8221; background_animation=&#8221;none&#8221; css_animation=&#8221;&#8221;][vc_column][vc_single_image image=&#8221;62811&#8243; img_size=&#8221;full&#8221; css=&#8221;.vc_custom_1766060041546{padding-bottom: 30px !important;}&#8221; qode_css_animation=&#8221;&#8221;][\/vc_column][\/vc_row][vc_row row_type=&#8221;row&#8221; use_row_as_full_screen_section=&#8221;no&#8221; type=&#8221;full_width&#8221; text_align=&#8221;left&#8221; background_animation=&#8221;none&#8221; padding_bottom=&#8221;45&#8243; css_animation=&#8221;&#8221;][vc_column width=&#8221;1\/4&#8243;]<div class=\"ult_row_spacer\"><div class=\"ult-sticky-anchor\"><div class=\"ult-sticky-section ult-sticky \"  data-gutter= '100' data-stick_behaviour= 'stick_with_scroll_row'  data-sticky_position= 'top' data-mobile='no' data-support='no'>[vc_raw_html css=&#8221;&#8221;]JTVCY213aXphcmQlMjB3aWRnZXQlM0QyJTJGJTVEJTBEJTBB[\/vc_raw_html]<\/div><div class=\"ult-space\"><\/div><\/div><\/div>[\/vc_column][vc_column width=&#8221;3\/4&#8243;][vc_column_text css=&#8221;.vc_custom_1766480460093{padding-bottom: 30px !important;}&#8221;]<\/p>\n<h1>\u00c1rea de clientes<\/h1>\n<p>El \u00e1rea de clientes <strong data-start=\"339\" data-end=\"356\">de Recubrimientos SICC<\/strong> es tu plataforma central de conocimientos, herramientas digitales y soluciones pr\u00e1cticas relacionadas con los colores funcionales clim\u00e1ticamente activos. Te ayuda a planificar proyectos con eficacia, a tomar decisiones con conocimiento de causa y a utilizar todo el potencial de nuestra tecnolog\u00eda.<\/p>\n<p data-start=\"646\" data-end=\"886\"><strong data-start=\"646\" data-end=\"664\">\ud83d\udd0d KI-Calculus<\/strong><br data-start=\"664\" data-end=\"667\" \/>Ayudas inteligentes de planificaci\u00f3n para evaluar la eficiencia energ\u00e9tica, la reducci\u00f3n de CO\u2082 y el potencial de ahorro. Simula escenarios y obt\u00e9n una base fiable para la toma de decisiones, de forma r\u00e1pida, transparente y basada en datos.<\/p>\n<p data-start=\"888\" data-end=\"1066\">\ud83d\udcc1 <strong data-start=\"888\" data-end=\"904\">Centro multimedia<\/strong><br data-start=\"904\" data-end=\"907\" \/>Acceso centralizado a v\u00eddeos sobre nuestros productos y sus ventajas, tecnolog\u00eda de productos y mucho m\u00e1s: claros, actualizados y disponibles en cualquier momento.<\/p>\n<p data-start=\"1068\" data-end=\"1309\"><strong data-start=\"1068\" data-end=\"1085\">\ud83c\udf0d Referencias<\/strong><br data-start=\"1085\" data-end=\"1088\" \/>Insp\u00edrate en proyectos realizados en todo el mundo. Descubre ejemplos pr\u00e1cticos de aplicaci\u00f3n y averigua c\u00f3mo funcionan nuestras soluciones en diferentes zonas clim\u00e1ticas y \u00e1mbitos de aplicaci\u00f3n.<\/p>\n<p data-start=\"1311\" data-end=\"1476\"><strong data-start=\"1311\" data-end=\"1320\">\u2753 FAQ<\/strong><br data-start=\"1320\" data-end=\"1323\" \/>Respuestas compactas a las preguntas m\u00e1s frecuentes sobre tecnolog\u00eda, aplicaci\u00f3n, efecto y puesta en pr\u00e1ctica, presentadas de forma clara para la planificaci\u00f3n, consulta y toma de decisiones.<\/p>\n<p data-start=\"1478\" data-end=\"1664\"><strong data-start=\"1478\" data-end=\"1489\">\ud83d\udcf0 Blog<\/strong><br data-start=\"1489\" data-end=\"1492\" \/>Art\u00edculos de actualidad sobre tecnolog\u00eda, sostenibilidad, investigaci\u00f3n y tendencias del mercado. Mantente informado sobre las innovaciones y desarrollos en el campo de las superficies clim\u00e1ticamente activas.<\/p>\n<p data-start=\"1666\" data-end=\"1833\"><strong data-start=\"1666\" data-end=\"1680\">\ud83d\udcd8 Glosario<\/strong><br data-start=\"1680\" data-end=\"1683\" \/>Orientaci\u00f3n r\u00e1pida en terminolog\u00eda especializada. Los t\u00e9rminos claramente explicados garantizan la confianza al tratar contenidos t\u00e9cnicos y cient\u00edficos.<\/p>\n<p>[\/vc_column_text][\/vc_column][\/vc_row]<\/p>\n<\/div>","protected":false},"excerpt":{"rendered":"<p>[vc_row row_type=&#8221;row&#8221; use_row_as_full_screen_section=&#8221;no&#8221; type=&#8221;full_width&#8221; text_align=&#8221;left&#8221; background_animation=&#8221;none&#8221; css_animation=&#8221;&#8221;][vc_column][vc_single_image image=&#8221;62811&#8243; img_size=&#8221;full&#8221; css=&#8221;.vc_custom_1766060041546{padding-bottom: 30px !important;}&#8221; qode_css_animation=&#8221;&#8221;][\/vc_column][\/vc_row][vc_row row_type=&#8221;row&#8221; use_row_as_full_screen_section=&#8221;no&#8221; type=&#8221;full_width&#8221; text_align=&#8221;left&#8221; background_animation=&#8221;none&#8221; padding_bottom=&#8221;45&#8243; css_animation=&#8221;&#8221;][vc_column width=&#8221;1\/4&#8243;][\/vc_column][vc_column width=&#8221;3\/4&#8243;][vc_column_text css=&#8221;.vc_custom_1766480460093{padding-bottom: 30px !important;}&#8221;] \u00c1rea de clientes El \u00e1rea de clientes de Recubrimientos SICC es tu plataforma central de conocimientos, herramientas digitales y soluciones&#8230;<\/p>\n","protected":false},"author":1,"featured_media":0,"parent":0,"menu_order":600,"comment_status":"closed","ping_status":"closed","template":"","meta":{"footnotes":""},"class_list":["post-61493","page","type-page","status-publish","hentry"],"_links":{"self":[{"href":"https:\/\/www.climatecoating.com\/es\/wp-json\/wp\/v2\/pages\/61493","targetHints":{"allow":["GET"]}}],"collection":[{"href":"https:\/\/www.climatecoating.com\/es\/wp-json\/wp\/v2\/pages"}],"about":[{"href":"https:\/\/www.climatecoating.com\/es\/wp-json\/wp\/v2\/types\/page"}],"author":[{"embeddable":true,"href":"https:\/\/www.climatecoating.com\/es\/wp-json\/wp\/v2\/users\/1"}],"replies":[{"embeddable":true,"href":"https:\/\/www.climatecoating.com\/es\/wp-json\/wp\/v2\/comments?post=61493"}],"version-history":[{"count":8,"href":"https:\/\/www.climatecoating.com\/es\/wp-json\/wp\/v2\/pages\/61493\/revisions"}],"predecessor-version":[{"id":63021,"href":"https:\/\/www.climatecoating.com\/es\/wp-json\/wp\/v2\/pages\/61493\/revisions\/63021"}],"wp:attachment":[{"href":"https:\/\/www.climatecoating.com\/es\/wp-json\/wp\/v2\/media?parent=61493"}],"curies":[{"name":"wp","href":"https:\/\/api.w.org\/{rel}","templated":true}]}}