{"id":25974,"date":"2020-07-22T22:26:08","date_gmt":"2020-07-22T20:26:08","guid":{"rendered":"https:\/\/www.climatecoating.com\/produkte\/historia\/"},"modified":"2026-03-09T14:07:38","modified_gmt":"2026-03-09T13:07:38","slug":"history","status":"publish","type":"product","link":"https:\/\/www.climatecoating.com\/es\/produkt\/history\/","title":{"rendered":"History"},"content":{"rendered":"<p><strong>Secado capilar suave &#8211; protecci\u00f3n con un sistema<br \/>\n<\/strong>Casi todos los sustratos minerales de los edificios antiguos contienen agua y sales. Por eso, la protecci\u00f3n de monumentos requiere un revestimiento \u00f3ptimo, capilar y abierto a la difusi\u00f3n. Esto evita la acumulaci\u00f3n de sales y humedad y, al mismo tiempo, resiste todas las agresiones medioambientales modernas. La protecci\u00f3n de fachadas de edificios protegidos no s\u00f3lo cumple los requisitos visuales, sino que tambi\u00e9n regula suavemente la humedad para que el edificio permanezca protegido a largo plazo.<\/p>\n<p>El mecanismo de deshumidificaci\u00f3n m\u00e1s eficaz es <a href=\"https:\/\/www.climatecoating.com\/es\/area-de-clientes\/glosario\/\" target=\"_blank\" rel=\"noopener\">el secado capilar<\/a>, en el que las fuerzas capilares transportan el agua y la sal del interior al exterior de la superficie de la pared. History ofrece una tecnolog\u00eda que permite una deshumidificaci\u00f3n m\u00e1s suave hasta el nivel de humedad de equilibrio del edificio e impide la entrada de nueva humedad mediante <a href=\"https:\/\/www.climatecoating.com\/es\/area-de-clientes\/glosario\/\">diodos higr\u00e1ficos<\/a>.<\/p>\n<p>Las algas, los musgos y los hongos ya no encuentran un caldo de cultivo, y las fachadas conservan su valioso aspecto durante muchos a\u00f1os: una contribuci\u00f3n decisiva a la conservaci\u00f3n del valor de los edificios protegidos gracias a una regulaci\u00f3n de la humedad que funciona permanentemente.<\/p>\n<p><img loading=\"lazy\" decoding=\"async\" class=\"alignnone wp-image-57174 size-full\" title=\"Historia de la deshumidificaci\u00f3n de mamposter\u00edas\" src=\"https:\/\/www.climatecoating.com\/wp-content\/uploads\/2026\/03\/History_Mauerwerksentfeuchtung_ES.png\" alt=\"Historia de la deshumidificaci\u00f3n de mamposter\u00edas\" width=\"1500\" height=\"1024\" \/><\/p>\n<p><strong>Reducci\u00f3n de los costes de calefacci\u00f3n y el consumo de energ\u00eda<br \/>\n<\/strong>La mamposter\u00eda seca almacena el calor mucho mejor que los muros h\u00famedos. La deshumidificaci\u00f3n controlada con Historia reduce la p\u00e9rdida de calor, lo que disminuye los costes de calefacci\u00f3n y reduce el consumo de energ\u00eda del edificio. Al mismo tiempo, el secado capilar reduce el uso de sistemas de calefacci\u00f3n y aire acondicionado, ahorra energ\u00eda y hace que el funcionamiento del edificio sea m\u00e1s sostenible. Historia combina as\u00ed la conservaci\u00f3n de monumentos con la gesti\u00f3n moderna de la energ\u00eda, para un clima interior saludable y una retenci\u00f3n eficaz del calor durante muchos a\u00f1os.<\/p>\n<p><strong>Protege tu fachada hist\u00f3rica a largo plazo, conserva su valioso aspecto y ahorra costes de calefacci\u00f3n, electricidad y energ\u00eda: con Historia, el color funcional para edificios protegidos.<\/strong><\/p>\n","protected":false},"excerpt":{"rendered":"<hr \/>\n<p><strong>La alta tecnolog\u00eda se une a la conservaci\u00f3n del patrimonio hist\u00f3rico<\/strong><\/p>\n<p>La innovadora pintura funcional Historia combina la tecnolog\u00eda m\u00e1s avanzada con los requisitos de la protecci\u00f3n de monumentos. Gracias a un secado capilar suave y a la igualaci\u00f3n de la humedad, garantiza fachadas secas, limpias y est\u00e9ticamente agradables en edificios protegidos. Al mismo tiempo, impide eficazmente la entrada de humedad, por ejemplo por la lluvia, de forma natural y puramente f\u00edsica, sin aditivos qu\u00edmicos.<\/p>\n<p><strong>Las ventajas m\u00e1s importantes de un vistazo:<\/strong><\/p>\n<div><img loading=\"lazy\" decoding=\"async\" class=\"alignnone wp-image-60446\" title=\"Icono enfriamiento evaporativo regulaci\u00f3n de la humedad verde\" src=\"https:\/\/www.climatecoating.com\/wp-content\/uploads\/2020\/08\/Icon_evaporative-cooling_moisture-regulating_green.png\" alt=\"Icono enfriamiento evaporativo regulaci\u00f3n de la humedad verde\" width=\"50\" height=\"50\" srcset=\"https:\/\/www.climatecoating.com\/wp-content\/uploads\/2020\/08\/Icon_evaporative-cooling_moisture-regulating_green.png 242w, https:\/\/www.climatecoating.com\/wp-content\/uploads\/2020\/08\/Icon_evaporative-cooling_moisture-regulating_green-150x150.png 150w, https:\/\/www.climatecoating.com\/wp-content\/uploads\/2020\/08\/Icon_evaporative-cooling_moisture-regulating_green-100x100.png 100w\" sizes=\"auto, (max-width: 50px) 100vw, 50px\" \/> gesti\u00f3n igualadora de la humedad y secado capilar suave<\/div>\n<div><img loading=\"lazy\" decoding=\"async\" class=\"alignnone wp-image-60500\" title=\"Icono resistente a \u00e1cidos, \u00e1lcalis, ozono verde\" src=\"https:\/\/www.climatecoating.com\/wp-content\/uploads\/2020\/07\/Icon_resistant-to-acids-alkalis-ozone_green.png\" alt=\"Icono resistente a \u00e1cidos, \u00e1lcalis, ozono verde\" width=\"50\" height=\"50\" srcset=\"https:\/\/www.climatecoating.com\/wp-content\/uploads\/2020\/07\/Icon_resistant-to-acids-alkalis-ozone_green.png 242w, https:\/\/www.climatecoating.com\/wp-content\/uploads\/2020\/07\/Icon_resistant-to-acids-alkalis-ozone_green-150x150.png 150w, https:\/\/www.climatecoating.com\/wp-content\/uploads\/2020\/07\/Icon_resistant-to-acids-alkalis-ozone_green-100x100.png 100w\" sizes=\"auto, (max-width: 50px) 100vw, 50px\" \/> robusto frente a \u00e1cidos, \u00e1lcalis, ozono, \u00f3xidos de nitr\u00f3geno y azufre<\/div>\n<div><img loading=\"lazy\" decoding=\"async\" class=\"alignnone wp-image-60470\" title=\"Icono repelente de suciedad verde\" src=\"https:\/\/www.climatecoating.com\/wp-content\/uploads\/2020\/07\/Icon_dirt-repellent_green.png\" alt=\"Icono repelente de suciedad verde\" width=\"50\" height=\"50\" srcset=\"https:\/\/www.climatecoating.com\/wp-content\/uploads\/2020\/07\/Icon_dirt-repellent_green.png 242w, https:\/\/www.climatecoating.com\/wp-content\/uploads\/2020\/07\/Icon_dirt-repellent_green-150x150.png 150w, https:\/\/www.climatecoating.com\/wp-content\/uploads\/2020\/07\/Icon_dirt-repellent_green-100x100.png 100w\" sizes=\"auto, (max-width: 50px) 100vw, 50px\" \/> repelente de la suciedad<\/div>\n<div><img loading=\"lazy\" decoding=\"async\" class=\"alignnone wp-image-59778\" title=\"Icon energy saving green\" src=\"https:\/\/www.climatecoating.com\/wp-content\/uploads\/2025\/11\/Icon_energy-saving_green-1.png\" alt=\"Icon energy saving green\" width=\"50\" height=\"50\" srcset=\"https:\/\/www.climatecoating.com\/wp-content\/uploads\/2025\/11\/Icon_energy-saving_green-1.png 242w, https:\/\/www.climatecoating.com\/wp-content\/uploads\/2025\/11\/Icon_energy-saving_green-1-150x150.png 150w, https:\/\/www.climatecoating.com\/wp-content\/uploads\/2025\/11\/Icon_energy-saving_green-1-100x100.png 100w\" sizes=\"auto, (max-width: 50px) 100vw, 50px\" \/> eficiencia energ\u00e9tica y ahorro de costes<\/div>\n<div><img loading=\"lazy\" decoding=\"async\" class=\"alignnone wp-image-60471\" title=\"Icono funciona f\u00edsicamente verde\" src=\"https:\/\/www.climatecoating.com\/wp-content\/uploads\/2020\/07\/Icon_works-physically_green.png\" alt=\"Icono funciona f\u00edsicamente verde\" width=\"50\" height=\"50\" srcset=\"https:\/\/www.climatecoating.com\/wp-content\/uploads\/2020\/07\/Icon_works-physically_green.png 242w, https:\/\/www.climatecoating.com\/wp-content\/uploads\/2020\/07\/Icon_works-physically_green-150x150.png 150w, https:\/\/www.climatecoating.com\/wp-content\/uploads\/2020\/07\/Icon_works-physically_green-100x100.png 100w\" sizes=\"auto, (max-width: 50px) 100vw, 50px\" \/> funciona f\u00edsicamente en lugar de qu\u00edmicamente<\/div>\n<div><img loading=\"lazy\" decoding=\"async\" class=\"alignnone wp-image-59791\" title=\"Icon 100 000 colors green 2\" src=\"https:\/\/www.climatecoating.com\/wp-content\/uploads\/2020\/08\/Icon_100-000-colors_green_2.png\" alt=\"Icon 100 000 colors green 2\" width=\"50\" height=\"50\" srcset=\"https:\/\/www.climatecoating.com\/wp-content\/uploads\/2020\/08\/Icon_100-000-colors_green_2.png 242w, https:\/\/www.climatecoating.com\/wp-content\/uploads\/2020\/08\/Icon_100-000-colors_green_2-150x150.png 150w, https:\/\/www.climatecoating.com\/wp-content\/uploads\/2020\/08\/Icon_100-000-colors_green_2-100x100.png 100w\" sizes=\"auto, (max-width: 50px) 100vw, 50px\" \/> &gt; 100.000 tonos de color<\/div>\n","protected":false},"featured_media":25975,"template":"","meta":[],"product_brand":[],"product_cat":[774,776,777,775],"product_tag":[],"class_list":{"0":"post-25974","1":"product","2":"type-product","3":"status-publish","4":"has-post-thumbnail","6":"product_cat-ambitos-de-aplicacion","7":"product_cat-proteccion-de-las-fachadas-historicas","8":"product_cat-en-el-exterior","9":"product_cat-proteccion-de-monumentos","11":"first","12":"instock","13":"taxable","14":"shipping-taxable","15":"purchasable","16":"product-type-variable"},"_links":{"self":[{"href":"https:\/\/www.climatecoating.com\/es\/wp-json\/wp\/v2\/product\/25974","targetHints":{"allow":["GET"]}}],"collection":[{"href":"https:\/\/www.climatecoating.com\/es\/wp-json\/wp\/v2\/product"}],"about":[{"href":"https:\/\/www.climatecoating.com\/es\/wp-json\/wp\/v2\/types\/product"}],"wp:featuredmedia":[{"embeddable":true,"href":"https:\/\/www.climatecoating.com\/es\/wp-json\/wp\/v2\/media\/25975"}],"wp:attachment":[{"href":"https:\/\/www.climatecoating.com\/es\/wp-json\/wp\/v2\/media?parent=25974"}],"wp:term":[{"taxonomy":"product_brand","embeddable":true,"href":"https:\/\/www.climatecoating.com\/es\/wp-json\/wp\/v2\/product_brand?post=25974"},{"taxonomy":"product_cat","embeddable":true,"href":"https:\/\/www.climatecoating.com\/es\/wp-json\/wp\/v2\/product_cat?post=25974"},{"taxonomy":"product_tag","embeddable":true,"href":"https:\/\/www.climatecoating.com\/es\/wp-json\/wp\/v2\/product_tag?post=25974"}],"curies":[{"name":"wp","href":"https:\/\/api.w.org\/{rel}","templated":true}]}}