{"id":25993,"date":"2020-07-22T23:13:11","date_gmt":"2020-07-22T21:13:11","guid":{"rendered":"https:\/\/www.climatecoating.com\/produkte\/natureglaze-2\/"},"modified":"2026-03-16T14:34:08","modified_gmt":"2026-03-16T13:34:08","slug":"natureglaze","status":"publish","type":"product","link":"https:\/\/www.climatecoating.com\/es\/produkt\/natureglaze\/","title":{"rendered":"NatureGlaze"},"content":{"rendered":"<p><strong>Revestimiento de alta tecnolog\u00eda que cumple lo que promete<\/strong><br \/>\nClimateCoating<sup>\u00ae <\/sup>NatureGlaze protege los componentes de madera y mantiene su buen aspecto durante un tiempo excepcionalmente largo. La interacci\u00f3n de adhesi\u00f3n, elasticidad y resistencia extrema, combinada con la reducci\u00f3n del hinchamiento y la contracci\u00f3n, retrasa el proceso de envejecimiento de la madera de forma ideal. No hay descamaci\u00f3n de la pintura, ni decoloraci\u00f3n. Lo prometo.<\/p>\n<p><strong>\u00c1mbitos de aplicaci\u00f3n<\/strong><br \/>\nNatureGlaze est\u00e1 dise\u00f1ado para componentes de madera con estabilidad dimensional limitada (tablas machihembradas, cerchas, contraventanas y verjas) y para componentes de madera sin estabilidad dimensional (antepechos de balcones, tejas, p\u00e9rgolas y vallas).<\/p>\n<p>Mientras que el esmalte de capa gruesa NatureGlaze ofrece una gama de colores manejable, el revestimiento opaco Nature est\u00e1 disponible en muchos matices de color. La imprimaci\u00f3n NaturePrimer, lista para usar, completa el conjunto de productos.<\/p>\n","protected":false},"excerpt":{"rendered":"<hr \/>\n<p>NatureGlaze es un revestimiento acristalado de alta tecnolog\u00eda para todos los componentes de madera de dimensiones estables y no estables en exteriores. Muy resistente a la intemperie y con una elasticidad duradera, NatureGlaze es la protecci\u00f3n perfecta para la madera durante muchos a\u00f1os.<\/p>\n<p><strong>S\u00f3lo para profesionales No dudes en ponerte en contacto con nosotros sobre este producto. <\/strong><\/p>\n","protected":false},"featured_media":25994,"template":"","meta":[],"product_brand":[],"product_cat":[774,955],"product_tag":[],"class_list":{"0":"post-25993","1":"product","2":"type-product","3":"status-publish","4":"has-post-thumbnail","6":"product_cat-ambitos-de-aplicacion","7":"product_cat-proteccion-de-la-madera","9":"first","10":"instock","11":"taxable","12":"shipping-taxable","13":"product-type-variable"},"_links":{"self":[{"href":"https:\/\/www.climatecoating.com\/es\/wp-json\/wp\/v2\/product\/25993","targetHints":{"allow":["GET"]}}],"collection":[{"href":"https:\/\/www.climatecoating.com\/es\/wp-json\/wp\/v2\/product"}],"about":[{"href":"https:\/\/www.climatecoating.com\/es\/wp-json\/wp\/v2\/types\/product"}],"wp:featuredmedia":[{"embeddable":true,"href":"https:\/\/www.climatecoating.com\/es\/wp-json\/wp\/v2\/media\/25994"}],"wp:attachment":[{"href":"https:\/\/www.climatecoating.com\/es\/wp-json\/wp\/v2\/media?parent=25993"}],"wp:term":[{"taxonomy":"product_brand","embeddable":true,"href":"https:\/\/www.climatecoating.com\/es\/wp-json\/wp\/v2\/product_brand?post=25993"},{"taxonomy":"product_cat","embeddable":true,"href":"https:\/\/www.climatecoating.com\/es\/wp-json\/wp\/v2\/product_cat?post=25993"},{"taxonomy":"product_tag","embeddable":true,"href":"https:\/\/www.climatecoating.com\/es\/wp-json\/wp\/v2\/product_tag?post=25993"}],"curies":[{"name":"wp","href":"https:\/\/api.w.org\/{rel}","templated":true}]}}