{"id":25999,"date":"2020-07-22T23:18:11","date_gmt":"2020-07-22T21:18:11","guid":{"rendered":"https:\/\/www.climatecoating.com\/produkte\/natureprimer-2\/"},"modified":"2026-03-16T14:40:25","modified_gmt":"2026-03-16T13:40:25","slug":"natureprimer","status":"publish","type":"product","link":"https:\/\/www.climatecoating.com\/es\/produkt\/natureprimer\/","title":{"rendered":"NaturePrimer"},"content":{"rendered":"<p>ClimateCoating<sup>\u00ae<\/sup>\u2013NaturePrime y -Nature son un d\u00fao perfecto para la protecci\u00f3n opaca de componentes exteriores de madera. La interacci\u00f3n de adhesi\u00f3n, elasticidad y resistencia extrema, combinada con la reducci\u00f3n del hinchamiento y la contracci\u00f3n, retrasa el proceso de envejecimiento de la madera de forma ideal.<\/p>\n","protected":false},"excerpt":{"rendered":"<hr \/>\n<p>NaturePrimer es una imprimaci\u00f3n lista para usar para componentes de madera exterior de dimensiones limitadas y no estables. Se basa en la tecnolog\u00eda de membranas reflectantes, es de difusi\u00f3n variable y se adapta a las propiedades de la naturaleza.<\/p>\n","protected":false},"featured_media":26000,"template":"","meta":[],"product_brand":[],"product_cat":[774,955],"product_tag":[],"class_list":{"0":"post-25999","1":"product","2":"type-product","3":"status-publish","4":"has-post-thumbnail","6":"product_cat-ambitos-de-aplicacion","7":"product_cat-proteccion-de-la-madera","9":"first","10":"instock","11":"taxable","12":"shipping-taxable","13":"purchasable","14":"product-type-variable"},"_links":{"self":[{"href":"https:\/\/www.climatecoating.com\/es\/wp-json\/wp\/v2\/product\/25999","targetHints":{"allow":["GET"]}}],"collection":[{"href":"https:\/\/www.climatecoating.com\/es\/wp-json\/wp\/v2\/product"}],"about":[{"href":"https:\/\/www.climatecoating.com\/es\/wp-json\/wp\/v2\/types\/product"}],"wp:featuredmedia":[{"embeddable":true,"href":"https:\/\/www.climatecoating.com\/es\/wp-json\/wp\/v2\/media\/26000"}],"wp:attachment":[{"href":"https:\/\/www.climatecoating.com\/es\/wp-json\/wp\/v2\/media?parent=25999"}],"wp:term":[{"taxonomy":"product_brand","embeddable":true,"href":"https:\/\/www.climatecoating.com\/es\/wp-json\/wp\/v2\/product_brand?post=25999"},{"taxonomy":"product_cat","embeddable":true,"href":"https:\/\/www.climatecoating.com\/es\/wp-json\/wp\/v2\/product_cat?post=25999"},{"taxonomy":"product_tag","embeddable":true,"href":"https:\/\/www.climatecoating.com\/es\/wp-json\/wp\/v2\/product_tag?post=25999"}],"curies":[{"name":"wp","href":"https:\/\/api.w.org\/{rel}","templated":true}]}}