{"id":26016,"date":"2020-07-22T23:05:45","date_gmt":"2020-07-22T21:05:45","guid":{"rendered":"https:\/\/www.climatecoating.com\/produkte\/naturaleza\/"},"modified":"2026-03-16T14:37:41","modified_gmt":"2026-03-16T13:37:41","slug":"nature","status":"publish","type":"product","link":"https:\/\/www.climatecoating.com\/es\/produkt\/nature\/","title":{"rendered":"Nature"},"content":{"rendered":"<p><strong>Revestimiento de alta tecnolog\u00eda que cumple lo que promete<\/strong><br \/>\nClimateCoating<sup>\u00ae <\/sup>Nature protege los componentes de madera y los mantiene bellos durante un tiempo excepcionalmente largo. La interacci\u00f3n de adhesi\u00f3n, elasticidad y resistencia extrema, combinada con la reducci\u00f3n del hinchamiento y la contracci\u00f3n, retrasa el proceso de envejecimiento de la madera de forma ideal. No hay descamaci\u00f3n de la pintura, ni decoloraci\u00f3n. Lo prometo.<\/p>\n<p>La tecnolog\u00eda de la membrana reflectante garantiza que incluso los colores oscuros mantengan la superficie relativamente fresca a la luz del sol. <strong>Incluso en un bungalow de madera pintado de color oscuro, permanece agradablemente templado en verano, gracias a la alta reflectancia del revestimiento.<\/strong> Las esferas huecas de vitrocer\u00e1mica lo hacen posible.<\/p>\n<p><strong>\u00c1mbitos de aplicaci\u00f3n<\/strong><br \/>\nNature est\u00e1 dise\u00f1ado para componentes de madera con estabilidad dimensional limitada (tablas machihembradas, cerchas, contraventanas y verjas) y para componentes de madera sin estabilidad dimensional (antepechos de balcones, tejas, p\u00e9rgolas y vallas).<\/p>\n<p>Mientras que Nature est\u00e1 disponible como revestimiento opaco en muchos tonos de color, con el NatureGlaze de capa gruesa se dispone de un espectro de colores limitado. La imprimaci\u00f3n NaturePrimer, lista para usar, completa el conjunto de productos.<\/p>\n","protected":false},"excerpt":{"rendered":"<hr \/>\n<p>Nature es un revestimiento opaco de alta tecnolog\u00eda para todos los componentes de madera dimensionalmente estables y no dimensionalmente estables en exteriores. Muy resistente a la intemperie y con una elasticidad duradera, Nature es la protecci\u00f3n perfecta para la madera durante a\u00f1os.<\/p>\n","protected":false},"featured_media":26020,"template":"","meta":[],"product_brand":[],"product_cat":[774,955],"product_tag":[],"class_list":{"0":"post-26016","1":"product","2":"type-product","3":"status-publish","4":"has-post-thumbnail","6":"product_cat-ambitos-de-aplicacion","7":"product_cat-proteccion-de-la-madera","9":"first","10":"instock","11":"taxable","12":"shipping-taxable","13":"purchasable","14":"product-type-variable"},"_links":{"self":[{"href":"https:\/\/www.climatecoating.com\/es\/wp-json\/wp\/v2\/product\/26016","targetHints":{"allow":["GET"]}}],"collection":[{"href":"https:\/\/www.climatecoating.com\/es\/wp-json\/wp\/v2\/product"}],"about":[{"href":"https:\/\/www.climatecoating.com\/es\/wp-json\/wp\/v2\/types\/product"}],"wp:featuredmedia":[{"embeddable":true,"href":"https:\/\/www.climatecoating.com\/es\/wp-json\/wp\/v2\/media\/26020"}],"wp:attachment":[{"href":"https:\/\/www.climatecoating.com\/es\/wp-json\/wp\/v2\/media?parent=26016"}],"wp:term":[{"taxonomy":"product_brand","embeddable":true,"href":"https:\/\/www.climatecoating.com\/es\/wp-json\/wp\/v2\/product_brand?post=26016"},{"taxonomy":"product_cat","embeddable":true,"href":"https:\/\/www.climatecoating.com\/es\/wp-json\/wp\/v2\/product_cat?post=26016"},{"taxonomy":"product_tag","embeddable":true,"href":"https:\/\/www.climatecoating.com\/es\/wp-json\/wp\/v2\/product_tag?post=26016"}],"curies":[{"name":"wp","href":"https:\/\/api.w.org\/{rel}","templated":true}]}}