{"id":26159,"date":"2020-07-22T22:51:20","date_gmt":"2020-07-22T20:51:20","guid":{"rendered":"https:\/\/www.climatecoating.com\/produkte\/stuccotex-280-2\/"},"modified":"2026-03-16T14:21:28","modified_gmt":"2026-03-16T13:21:28","slug":"stuccotex-280","status":"publish","type":"product","link":"https:\/\/www.climatecoating.com\/es\/produkt\/stuccotex-280\/","title":{"rendered":"StuccoTex 280"},"content":{"rendered":"<p><strong>Estructura innovadora para sustratos exigentes<\/strong><\/p>\n<p>Ligero, r\u00e1pido de aplicar y extremadamente resistente a la intemperie: as\u00ed debe ser un revoque en cuanto a su elaboraci\u00f3n y propiedades. StuccoTex 280 puede hacer a\u00fan m\u00e1s, porque es muy el\u00e1stico y reduce las tensiones t\u00e9rmicas, por lo que tambi\u00e9n puede aplicarse a sustratos exigentes, como la madera. Esto es posible gracias a la innovadora <a href=\"https:\/\/www.climatecoating.com\/es\/area-de-clientes\/glosario\/\" target=\"_blank\" rel=\"noopener\">tecnolog\u00eda de membrana reflectante<\/a>. Con <a href=\"https:\/\/www.climatecoating.com\/es\/produkt\/stuccoprimer\/\" target=\"_blank\" rel=\"noopener\">StuccoPrimer<\/a>, el sustrato se prepara de forma \u00f3ptima, se reduce la absorci\u00f3n y se garantiza la adherencia de StuccoTex 280 a casi todos los sustratos.<\/p>\n<p><strong>Dise\u00f1a a tu gusto<\/strong><\/p>\n<p>La estructura de grano fino de aprox. 2,0 a 2,8 mm crea una superficie decorativa de textura homog\u00e9nea. Puedes elegir entre el blanco cl\u00e1sico y bellos y modernos colores pastel. Con la pintura de bajo consumo <a href=\"https:\/\/www.climatecoating.com\/es\/produkt\/thermoprotect\/\" target=\"_blank\" rel=\"noopener\">ThermoProtect<\/a>, puedes poner fuertes acentos de color. Este revestimiento funcional conserva todas las propiedades funcionales de StuccoTex 280 sin que tengas que preocuparte por los valores de color claros.<\/p>\n<p><img loading=\"lazy\" decoding=\"async\" class=\"aligncenter wp-image-64598 size-full\" title=\"Funcionalidad del sistema IsoTex\" src=\"https:\/\/www.climatecoating.com\/wp-content\/uploads\/2026\/03\/StuccoTex-Putz-System_Funktionsweise_ES.png\" alt=\"Funcionalidad del sistema IsoTex\" width=\"1600\" height=\"1150\" srcset=\"https:\/\/www.climatecoating.com\/wp-content\/uploads\/2026\/03\/StuccoTex-Putz-System_Funktionsweise_ES.png 1600w, https:\/\/www.climatecoating.com\/wp-content\/uploads\/2026\/03\/StuccoTex-Putz-System_Funktionsweise_ES-300x216.png 300w, https:\/\/www.climatecoating.com\/wp-content\/uploads\/2026\/03\/StuccoTex-Putz-System_Funktionsweise_ES-1024x736.png 1024w, https:\/\/www.climatecoating.com\/wp-content\/uploads\/2026\/03\/StuccoTex-Putz-System_Funktionsweise_ES-768x552.png 768w, https:\/\/www.climatecoating.com\/wp-content\/uploads\/2026\/03\/StuccoTex-Putz-System_Funktionsweise_ES-1536x1104.png 1536w, https:\/\/www.climatecoating.com\/wp-content\/uploads\/2026\/03\/StuccoTex-Putz-System_Funktionsweise_ES-700x503.png 700w, https:\/\/www.climatecoating.com\/wp-content\/uploads\/2026\/03\/StuccoTex-Putz-System_Funktionsweise_ES-1100x791.png 1100w, https:\/\/www.climatecoating.com\/wp-content\/uploads\/2026\/03\/StuccoTex-Putz-System_Funktionsweise_ES-600x431.png 600w\" sizes=\"auto, (max-width: 1600px) 100vw, 1600px\" \/><\/p>\n<p><strong>F\u00e1cil de usar<\/strong><\/p>\n<p>StuccoTex 280 se pulveriza a una presi\u00f3n de 3,5 bares y no necesita alisarse. Tambi\u00e9n puede aplicarse con llana de acero inoxidable, alisar hasta el grosor del grano y alisar. StuccoTex 280 no se frota. El material est\u00e1 listo para usar y, si es necesario, puede ajustarse con agua a la viscosidad de aplicaci\u00f3n deseada.<\/p>\n","protected":false},"excerpt":{"rendered":"<hr \/>\n<p><strong>El primer yeso texturizado que se puede doblar<\/strong><\/p>\n<p>Con un peso en seco de s\u00f3lo 0,85 kg\/dm\u00b3, el revoco texturado StuccoTex 280 es tan ligero que no afecta a las propiedades estructurales de la fachada. Gracias a su gran elasticidad, las tensiones t\u00e9rmicas se reducen significativamente, incluso en sustratos exigentes como la madera. Este revoco ligero se adapta a los movimientos del sustrato. Pr\u00e1cticamente se puede doblar este ligero yeso.<\/p>\n<p><strong>Las ventajas m\u00e1s importantes de un vistazo:<\/strong><\/p>\n<div><img loading=\"lazy\" decoding=\"async\" class=\"alignnone wp-image-60501\" title=\"Icono enlucido ligero para fachadas 2 verde\" src=\"https:\/\/www.climatecoating.com\/wp-content\/uploads\/2020\/07\/Icon_lightweight-facade-plaster_2_green.png\" alt=\"Icono enlucido ligero para fachadas 2 verde\" width=\"50\" height=\"50\" srcset=\"https:\/\/www.climatecoating.com\/wp-content\/uploads\/2020\/07\/Icon_lightweight-facade-plaster_2_green.png 242w, https:\/\/www.climatecoating.com\/wp-content\/uploads\/2020\/07\/Icon_lightweight-facade-plaster_2_green-150x150.png 150w, https:\/\/www.climatecoating.com\/wp-content\/uploads\/2020\/07\/Icon_lightweight-facade-plaster_2_green-100x100.png 100w\" sizes=\"auto, (max-width: 50px) 100vw, 50px\" \/> 0,85 kg\/dm\u00b3 ligero<\/div>\n<div><img loading=\"lazy\" decoding=\"async\" class=\"alignnone wp-image-60480\" title=\"Icono el\u00e1stico y robusto verde 2\" src=\"https:\/\/www.climatecoating.com\/wp-content\/uploads\/2020\/08\/Icon_elastic-and-robust_green_2-1.png\" alt=\"Icono el\u00e1stico y robusto verde 2\" width=\"50\" height=\"50\" srcset=\"https:\/\/www.climatecoating.com\/wp-content\/uploads\/2020\/08\/Icon_elastic-and-robust_green_2-1.png 242w, https:\/\/www.climatecoating.com\/wp-content\/uploads\/2020\/08\/Icon_elastic-and-robust_green_2-1-150x150.png 150w, https:\/\/www.climatecoating.com\/wp-content\/uploads\/2020\/08\/Icon_elastic-and-robust_green_2-1-100x100.png 100w\" sizes=\"auto, (max-width: 50px) 100vw, 50px\" \/> m\u00e1xima elasticidad frente a las tensiones t\u00e9rmicas<\/div>\n<div><img loading=\"lazy\" decoding=\"async\" class=\"alignnone wp-image-60449\" title=\"Icono protecci\u00f3n molde verde\" src=\"https:\/\/www.climatecoating.com\/wp-content\/uploads\/2020\/08\/Icon_protection-mold_green.png\" alt=\"Icono protecci\u00f3n molde verde\" width=\"50\" height=\"50\" srcset=\"https:\/\/www.climatecoating.com\/wp-content\/uploads\/2020\/08\/Icon_protection-mold_green.png 242w, https:\/\/www.climatecoating.com\/wp-content\/uploads\/2020\/08\/Icon_protection-mold_green-150x150.png 150w, https:\/\/www.climatecoating.com\/wp-content\/uploads\/2020\/08\/Icon_protection-mold_green-100x100.png 100w\" sizes=\"auto, (max-width: 50px) 100vw, 50px\" \/> evita el crecimiento de l\u00edquenes, algas, musgo y la infestaci\u00f3n por hongos<\/div>\n<div><img loading=\"lazy\" decoding=\"async\" class=\"alignnone wp-image-60470\" title=\"Icono repelente de suciedad verde\" src=\"https:\/\/www.climatecoating.com\/wp-content\/uploads\/2020\/07\/Icon_dirt-repellent_green.png\" alt=\"Icono repelente de suciedad verde\" width=\"50\" height=\"50\" srcset=\"https:\/\/www.climatecoating.com\/wp-content\/uploads\/2020\/07\/Icon_dirt-repellent_green.png 242w, https:\/\/www.climatecoating.com\/wp-content\/uploads\/2020\/07\/Icon_dirt-repellent_green-150x150.png 150w, https:\/\/www.climatecoating.com\/wp-content\/uploads\/2020\/07\/Icon_dirt-repellent_green-100x100.png 100w\" sizes=\"auto, (max-width: 50px) 100vw, 50px\" \/> repelente de la suciedad<\/div>\n<div><img loading=\"lazy\" decoding=\"async\" class=\"alignnone wp-image-59778\" title=\"Icon energy saving green\" src=\"https:\/\/www.climatecoating.com\/wp-content\/uploads\/2025\/11\/Icon_energy-saving_green-1.png\" alt=\"Icon energy saving green\" width=\"50\" height=\"50\" srcset=\"https:\/\/www.climatecoating.com\/wp-content\/uploads\/2025\/11\/Icon_energy-saving_green-1.png 242w, https:\/\/www.climatecoating.com\/wp-content\/uploads\/2025\/11\/Icon_energy-saving_green-1-150x150.png 150w, https:\/\/www.climatecoating.com\/wp-content\/uploads\/2025\/11\/Icon_energy-saving_green-1-100x100.png 100w\" sizes=\"auto, (max-width: 50px) 100vw, 50px\" \/> ahorra costes de calefacci\u00f3n, electricidad y energ\u00eda en invierno<\/div>\n","protected":false},"featured_media":26161,"template":"","meta":[],"product_brand":[],"product_cat":[4332,777,791,774,860,792],"product_tag":[],"class_list":{"0":"post-26159","1":"product","2":"type-product","3":"status-publish","4":"has-post-thumbnail","6":"product_cat-revestimientos-exteriores-interiores","7":"product_cat-en-el-exterior","8":"product_cat-residencial","9":"product_cat-ambitos-de-aplicacion","10":"product_cat-en-interiores","11":"product_cat-edificios-publicos","13":"first","14":"instock","15":"taxable","16":"shipping-taxable","17":"purchasable","18":"product-type-variable"},"_links":{"self":[{"href":"https:\/\/www.climatecoating.com\/es\/wp-json\/wp\/v2\/product\/26159","targetHints":{"allow":["GET"]}}],"collection":[{"href":"https:\/\/www.climatecoating.com\/es\/wp-json\/wp\/v2\/product"}],"about":[{"href":"https:\/\/www.climatecoating.com\/es\/wp-json\/wp\/v2\/types\/product"}],"wp:featuredmedia":[{"embeddable":true,"href":"https:\/\/www.climatecoating.com\/es\/wp-json\/wp\/v2\/media\/26161"}],"wp:attachment":[{"href":"https:\/\/www.climatecoating.com\/es\/wp-json\/wp\/v2\/media?parent=26159"}],"wp:term":[{"taxonomy":"product_brand","embeddable":true,"href":"https:\/\/www.climatecoating.com\/es\/wp-json\/wp\/v2\/product_brand?post=26159"},{"taxonomy":"product_cat","embeddable":true,"href":"https:\/\/www.climatecoating.com\/es\/wp-json\/wp\/v2\/product_cat?post=26159"},{"taxonomy":"product_tag","embeddable":true,"href":"https:\/\/www.climatecoating.com\/es\/wp-json\/wp\/v2\/product_tag?post=26159"}],"curies":[{"name":"wp","href":"https:\/\/api.w.org\/{rel}","templated":true}]}}