{"id":26185,"date":"2020-08-09T15:35:45","date_gmt":"2020-08-09T13:35:45","guid":{"rendered":"https:\/\/www.climatecoating.com\/produkte\/thermoactive-2\/"},"modified":"2026-03-13T13:57:44","modified_gmt":"2026-03-13T12:57:44","slug":"thermoactive","status":"publish","type":"product","link":"https:\/\/www.climatecoating.com\/es\/produkt\/thermoactive\/","title":{"rendered":"ThermoActive"},"content":{"rendered":"<p data-pm-slice=\"1 1 []\"><strong>Tecnolog\u00eda de membrana reflectante: la clave de la protecci\u00f3n contra el calor<\/strong><\/p>\n<p>La f\u00f3rmula innovadora y las materias primas de alta calidad garantizan la formaci\u00f3n de una <a href=\"https:\/\/www.climatecoating.com\/es\/area-de-clientes\/glosario\/\" target=\"_blank\" rel=\"noopener\">membrana flexible y reflectante<\/a> con propiedades extraordinarias tras la aplicaci\u00f3n del color funcional:<\/p>\n<ul>\n<li>una reflexi\u00f3n de la luz solar muy alta<\/li>\n<li>resistencia del material a largo plazo<\/li>\n<li>elasticidad y robustez por encima de la media<\/li>\n<li>estanqueidad\/impermeabilidad<\/li>\n<li>resistencia a la temperatura de -40\u00b0C a +150\u00b0C<\/li>\n<\/ul>\n<p><strong>Altos valores de reflexi\u00f3n, casi como la nieve<\/strong><br \/>\nEl color del tejado TermoActivo es capaz de reflejar m\u00e1s del 91% de la luz solar, un valor m\u00e1ximo demostrado. A modo de comparaci\u00f3n: la nieve pura alcanza una reflexi\u00f3n de alrededor del 100%.<\/p>\n<p>Debido a esta alta reflectividad, una gran parte de la radiaci\u00f3n solar se refleja en la superficie. El tejado se calienta mucho menos y la transferencia de calor al interior del edificio se reduce considerablemente. Por tanto, ThermoActive ofrece un <a href=\"https:\/\/www.climatecoating.com\/es\/area-de-clientes\/glosario\/\" target=\"_blank\" rel=\"noopener\">aislamiento t\u00e9rmico eficaz en verano<\/a>: la superficie de la cubierta permanece fresca incluso con luz solar intensa, las temperaturas interiores descienden y la necesidad de energ\u00eda para aire acondicionado se reduce de forma sostenible.<\/p>\n<p><img loading=\"lazy\" decoding=\"async\" class=\"alignnone wp-image-59690 size-full\" title=\"Modo de funcionamiento TermoActivo\" src=\"https:\/\/www.climatecoating.com\/wp-content\/uploads\/2026\/03\/ThermoActive_Funktionsweise_ES.png\" alt=\"Modo de funcionamiento TermoActivo \" width=\"1500\" height=\"1024\" \/><\/p>\n<p><strong>Reducci\u00f3n de costes gracias a la climatizaci\u00f3n pasiva<\/strong><\/p>\n<p>El color ThermoActive reflectante utiliza un efecto adicional de refrigeraci\u00f3n por evaporaci\u00f3n: absorbe la humedad que se evapora por la radiaci\u00f3n solar y proporciona as\u00ed refrigeraci\u00f3n adicional a la cubierta. El color funcional no tiene que ser necesariamente blanco, ya que tambi\u00e9n se puede conseguir un alto rendimiento de refrigeraci\u00f3n con colores m\u00e1s oscuros.<\/p>\n<p>La cubierta se convierte as\u00ed en un sistema pasivo de climatizaci\u00f3n que reduce el consumo de energ\u00eda para refrigeraci\u00f3n, contribuye a la reducci\u00f3n de CO\u2082 y ayuda a garantizar la eficiencia energ\u00e9tica del edificio a largo plazo (v\u00e9ase <a href=\"https:\/\/www.climatecoating.com\/es\/referencias\/referencia\/fabrica-de-schindler-en-eslovaquia\/\" target=\"_blank\" rel=\"noopener\">el proyecto Schindler<\/a>).<\/p>\n<p><img loading=\"lazy\" decoding=\"async\" class=\"size-full wp-image-44757 alignleft\" title=\"Calculus\" src=\"https:\/\/www.climatecoating.com\/wp-content\/uploads\/2023\/02\/Calculus_Button_80px.png\" alt=\"Calculus\" width=\"80\" height=\"80\" \/><\/p>\n<p><a href=\"https:\/\/www.climatecoating.com\/es\/calculus\/\" target=\"_blank\" rel=\"noopener\"><strong>A la calculadora de temperatura Calculus<\/strong><sup><strong>\u00ae<\/strong>, <\/sup><\/a>la herramienta web basada en IA para predecir la diferencia de temperaturas interiores y deducir el ahorro potencial de energ\u00eda cuando se revisten paredes y\/o tejados con los productos ClimateCoating<sup>\u00ae<\/sup> ThermoProtect y ThermoActive.<\/p>\n<p><strong>Prolongaci\u00f3n de la vida \u00fatil de la estructura de la cubierta<\/strong><br \/>\nLa extraordinaria elasticidad de ThermoActive permite salvar sin problemas las transiciones de material a temperaturas de -40\u00b0C a +150\u00b0C. El tejado sigue siendo estanco. La pintura para tejados es extremadamente robusta y resistente a las influencias ambientales, como \u00e1cidos, \u00e1lcalis, ozono y \u00f3xidos de nitr\u00f3geno y azufre. El revestimiento tambi\u00e9n es extremadamente resistente a los rayos UV. No hay fragilidad, no hay descamaci\u00f3n de la pintura, no hay intemperie y eso a la larga. En conjunto, esto prolonga la vida de la estructura del tejado y reduce los costes de mantenimiento.<\/p>\n<p><strong>Enfr\u00eda eficazmente los tejados, ahorra energ\u00eda y electricidad: con ThermoActive, la pintura funcional reflectante para exteriores.<\/strong><\/p>\n","protected":false},"excerpt":{"rendered":"<hr \/>\n<p><strong>Protecci\u00f3n a largo plazo para todo tipo de tejados<\/strong><\/p>\n<p><a href=\"https:\/\/www.climatecoating.com\/es\/videos-publicaciones\/folletos\/thermoactive-es-2\/\" target=\"_blank\" rel=\"noopener\"><img loading=\"lazy\" decoding=\"async\" class=\"wp-image-32750 alignleft\" title=\"Flip ThermoActive ES\" src=\"https:\/\/www.climatecoating.com\/wp-content\/uploads\/2020\/08\/Flip_ThermoActive_ES.png\" alt=\"Flip ThermoActive ES\" width=\"80\" height=\"80\" srcset=\"https:\/\/www.climatecoating.com\/wp-content\/uploads\/2020\/08\/Flip_ThermoActive_ES.png 246w, https:\/\/www.climatecoating.com\/wp-content\/uploads\/2020\/08\/Flip_ThermoActive_ES-100x100.png 100w, https:\/\/www.climatecoating.com\/wp-content\/uploads\/2020\/08\/Flip_ThermoActive_ES-150x150.png 150w\" sizes=\"auto, (max-width: 80px) 100vw, 80px\" \/><\/a>La pintura climatizadora para tejados ThermoActive transforma los tejados en eficientes superficies protectoras y ahorradoras de energ\u00eda. Ofrece un <a href=\"https:\/\/www.climatecoating.com\/es\/area-de-clientes\/glosario\/\" target=\"_blank\" rel=\"noopener\">aislamiento t\u00e9rmico eficaz en verano<\/a>, reduciendo significativamente el calentamiento de la estructura del tejado y bajando notablemente las temperaturas interiores. De este modo, ThermoActive prolonga la vida \u00fatil de la estructura del tejado y, al mismo tiempo, reduce el consumo de energ\u00eda para el aire acondicionado. ThermoActive cumple los requisitos del <a href=\"https:\/\/www.climatecoating.com\/es\/empresa\/premios-y-certificados\/\" target=\"_blank\" rel=\"noopener\">Cool Roof Rating Council (CRRC), v\u00e9ase la Notificaci\u00f3n 004450.<\/a><\/p>\n<p><strong>Las ventajas m\u00e1s importantes de un vistazo:<\/strong><\/p>\n<div><img loading=\"lazy\" decoding=\"async\" class=\"alignnone wp-image-60480\" title=\"Icono el\u00e1stico y robusto verde 2\" src=\"https:\/\/www.climatecoating.com\/wp-content\/uploads\/2020\/08\/Icon_elastic-and-robust_green_2-1.png\" alt=\"Icono el\u00e1stico y robusto verde 2\" width=\"50\" height=\"50\" srcset=\"https:\/\/www.climatecoating.com\/wp-content\/uploads\/2020\/08\/Icon_elastic-and-robust_green_2-1.png 242w, https:\/\/www.climatecoating.com\/wp-content\/uploads\/2020\/08\/Icon_elastic-and-robust_green_2-1-150x150.png 150w, https:\/\/www.climatecoating.com\/wp-content\/uploads\/2020\/08\/Icon_elastic-and-robust_green_2-1-100x100.png 100w\" sizes=\"auto, (max-width: 50px) 100vw, 50px\" \/> el\u00e1stica y especialmente robusta<\/div>\n<div><img loading=\"lazy\" decoding=\"async\" class=\"alignnone wp-image-60478\" title=\"Icono resistente a la intemperie verde 2\" src=\"https:\/\/www.climatecoating.com\/wp-content\/uploads\/2020\/08\/Icon_weather_resistant_green_2.png\" alt=\"Icono resistente a la intemperie verde 2\" width=\"50\" height=\"50\" srcset=\"https:\/\/www.climatecoating.com\/wp-content\/uploads\/2020\/08\/Icon_weather_resistant_green_2.png 242w, https:\/\/www.climatecoating.com\/wp-content\/uploads\/2020\/08\/Icon_weather_resistant_green_2-150x150.png 150w, https:\/\/www.climatecoating.com\/wp-content\/uploads\/2020\/08\/Icon_weather_resistant_green_2-100x100.png 100w\" sizes=\"auto, (max-width: 50px) 100vw, 50px\" \/> resistente al agua y a la lluvia<\/div>\n<div><img loading=\"lazy\" decoding=\"async\" class=\"alignnone wp-image-60031\" title=\"El icono refleja la radiaci\u00f3n UV de color verde\" src=\"https:\/\/www.climatecoating.com\/wp-content\/uploads\/2020\/05\/Icon_reflects_UV-radiation_green_2.png\" alt=\"El icono refleja la radiaci\u00f3n UV de color verde\" width=\"50\" height=\"50\" srcset=\"https:\/\/www.climatecoating.com\/wp-content\/uploads\/2020\/05\/Icon_reflects_UV-radiation_green_2.png 242w, https:\/\/www.climatecoating.com\/wp-content\/uploads\/2020\/05\/Icon_reflects_UV-radiation_green_2-150x150.png 150w, https:\/\/www.climatecoating.com\/wp-content\/uploads\/2020\/05\/Icon_reflects_UV-radiation_green_2-100x100.png 100w\" sizes=\"auto, (max-width: 50px) 100vw, 50px\" \/> resistente a los rayos UV de larga duraci\u00f3n<\/div>\n<div><img loading=\"lazy\" decoding=\"async\" class=\"alignnone wp-image-60505\" title=\"Icon temperature resistant green 2\" src=\"https:\/\/www.climatecoating.com\/wp-content\/uploads\/2020\/08\/Icon_temperature-resistant_green_2-2.png\" alt=\"Icon temperature resistant green 2\" width=\"45\" height=\"45\" srcset=\"https:\/\/www.climatecoating.com\/wp-content\/uploads\/2020\/08\/Icon_temperature-resistant_green_2-2.png 242w, https:\/\/www.climatecoating.com\/wp-content\/uploads\/2020\/08\/Icon_temperature-resistant_green_2-2-150x150.png 150w, https:\/\/www.climatecoating.com\/wp-content\/uploads\/2020\/08\/Icon_temperature-resistant_green_2-2-100x100.png 100w\" sizes=\"auto, (max-width: 45px) 100vw, 45px\" \/> resistente a la temperatura de -40 \u00b0C a +150 \u00b0C<\/div>\n<div><img loading=\"lazy\" decoding=\"async\" class=\"alignnone wp-image-60500\" title=\"Icono resistente a \u00e1cidos, \u00e1lcalis, ozono verde\" src=\"https:\/\/www.climatecoating.com\/wp-content\/uploads\/2020\/07\/Icon_resistant-to-acids-alkalis-ozone_green.png\" alt=\"Icono resistente a \u00e1cidos, \u00e1lcalis, ozono verde\" width=\"50\" height=\"50\" srcset=\"https:\/\/www.climatecoating.com\/wp-content\/uploads\/2020\/07\/Icon_resistant-to-acids-alkalis-ozone_green.png 242w, https:\/\/www.climatecoating.com\/wp-content\/uploads\/2020\/07\/Icon_resistant-to-acids-alkalis-ozone_green-150x150.png 150w, https:\/\/www.climatecoating.com\/wp-content\/uploads\/2020\/07\/Icon_resistant-to-acids-alkalis-ozone_green-100x100.png 100w\" sizes=\"auto, (max-width: 50px) 100vw, 50px\" \/> robusto frente a \u00e1cidos, \u00e1lcalis, ozono, \u00f3xidos de nitr\u00f3geno y azufre<\/div>\n<div><img loading=\"lazy\" decoding=\"async\" class=\"alignnone wp-image-59791\" title=\"Icon 100 000 colors green 2\" src=\"https:\/\/www.climatecoating.com\/wp-content\/uploads\/2020\/08\/Icon_100-000-colors_green_2.png\" alt=\"Icon 100 000 colors green 2\" width=\"50\" height=\"50\" srcset=\"https:\/\/www.climatecoating.com\/wp-content\/uploads\/2020\/08\/Icon_100-000-colors_green_2.png 242w, https:\/\/www.climatecoating.com\/wp-content\/uploads\/2020\/08\/Icon_100-000-colors_green_2-150x150.png 150w, https:\/\/www.climatecoating.com\/wp-content\/uploads\/2020\/08\/Icon_100-000-colors_green_2-100x100.png 100w\" sizes=\"auto, (max-width: 50px) 100vw, 50px\" \/> &gt; 100.000 tonos de color<\/div>\n","protected":false},"featured_media":26187,"template":"","meta":[],"product_brand":[],"product_cat":[774,777,791,850,855,792,858],"product_tag":[],"class_list":{"0":"post-26185","1":"product","2":"type-product","3":"status-publish","4":"has-post-thumbnail","6":"product_cat-ambitos-de-aplicacion","7":"product_cat-en-el-exterior","8":"product_cat-residencial","9":"product_cat-industria-alimentaria","10":"product_cat-industria-manufacturera","11":"product_cat-edificios-publicos","12":"product_cat-agricultura-y-ganaderia","14":"first","15":"instock","16":"taxable","17":"shipping-taxable","18":"purchasable","19":"product-type-variable"},"_links":{"self":[{"href":"https:\/\/www.climatecoating.com\/es\/wp-json\/wp\/v2\/product\/26185","targetHints":{"allow":["GET"]}}],"collection":[{"href":"https:\/\/www.climatecoating.com\/es\/wp-json\/wp\/v2\/product"}],"about":[{"href":"https:\/\/www.climatecoating.com\/es\/wp-json\/wp\/v2\/types\/product"}],"wp:featuredmedia":[{"embeddable":true,"href":"https:\/\/www.climatecoating.com\/es\/wp-json\/wp\/v2\/media\/26187"}],"wp:attachment":[{"href":"https:\/\/www.climatecoating.com\/es\/wp-json\/wp\/v2\/media?parent=26185"}],"wp:term":[{"taxonomy":"product_brand","embeddable":true,"href":"https:\/\/www.climatecoating.com\/es\/wp-json\/wp\/v2\/product_brand?post=26185"},{"taxonomy":"product_cat","embeddable":true,"href":"https:\/\/www.climatecoating.com\/es\/wp-json\/wp\/v2\/product_cat?post=26185"},{"taxonomy":"product_tag","embeddable":true,"href":"https:\/\/www.climatecoating.com\/es\/wp-json\/wp\/v2\/product_tag?post=26185"}],"curies":[{"name":"wp","href":"https:\/\/api.w.org\/{rel}","templated":true}]}}