{"id":26213,"date":"2020-08-26T10:11:15","date_gmt":"2020-08-26T08:11:15","guid":{"rendered":"https:\/\/www.climatecoating.com\/produkte\/sanosil-s003-2\/"},"modified":"2026-03-16T14:53:51","modified_gmt":"2026-03-16T13:53:51","slug":"sanosil-s003","status":"publish","type":"product","link":"https:\/\/www.climatecoating.com\/es\/produkt\/sanosil-s003\/","title":{"rendered":"Sanosil S003"},"content":{"rendered":"<p>Sanosil S003 se nebuliza en la sala a tratar con un dispositivo de nebulizaci\u00f3n en fr\u00edo. Para desactivar todas las esporas, todo el inventario permanece en la sala.<br \/>\nEl tiempo de exposici\u00f3n es de unos 120 minutos.<\/p>\n<p><strong>D\u00fao eficaz<br \/>\n<\/strong>Sanosil S003 y S010 desactivan las toxinas del moho y sus al\u00e9rgenos tanto en la pared como en el aire. Hasta ahora no se conoce ning\u00fan microorganismo que Sanosil 003 &amp; 010 no inactive. Gracias a la buena compatibilidad de los materiales, el tejido del edificio queda protegido.<\/p>\n<p>Sanosil S003 y S010 son respetuosos con el medio ambiente y totalmente inocuos para el organismo humano tras su aplicaci\u00f3n. Por lo tanto, los productos pueden utilizarse sin problemas en todas las zonas de la casa, incluso en la cocina o en la habitaci\u00f3n de los ni\u00f1os. Las habitaciones vuelven a ser habitables inmediatamente despu\u00e9s del tratamiento.<\/p>\n<p>Sanosil S003 y S010 tienen un alto potencial de desinfecci\u00f3n y no son t\u00f3xicos, se degradan despu\u00e9s del procesamiento a los ingredientes originales contenidos en el agua. El papel pintado desprendido y otros materiales se eliminan simplemente con la basura dom\u00e9stica despu\u00e9s del tratamiento.<\/p>\n<p>Las medidas de protecci\u00f3n personal, como el traje de protecci\u00f3n y la m\u00e1scara respiratoria, son necesarias para protegerse de una mayor exposici\u00f3n a las esporas cuando se utiliza Sanosil S003 y S010.<\/p>\n","protected":false},"excerpt":{"rendered":"<hr>\n<p>Sanosil S003 es el eliminador de esporas de moho utilizado para tratar el aire interior y la contaminaci\u00f3n secundaria.<\/p>\n","protected":false},"featured_media":26219,"template":"","meta":[],"product_brand":[],"product_cat":[881,865],"product_tag":[],"class_list":{"0":"post-26213","1":"product","2":"type-product","3":"status-publish","4":"has-post-thumbnail","6":"product_cat-productos","7":"product_cat-productos-adicionales","9":"first","10":"instock","11":"taxable","12":"shipping-taxable","13":"purchasable","14":"product-type-simple"},"_links":{"self":[{"href":"https:\/\/www.climatecoating.com\/es\/wp-json\/wp\/v2\/product\/26213","targetHints":{"allow":["GET"]}}],"collection":[{"href":"https:\/\/www.climatecoating.com\/es\/wp-json\/wp\/v2\/product"}],"about":[{"href":"https:\/\/www.climatecoating.com\/es\/wp-json\/wp\/v2\/types\/product"}],"wp:featuredmedia":[{"embeddable":true,"href":"https:\/\/www.climatecoating.com\/es\/wp-json\/wp\/v2\/media\/26219"}],"wp:attachment":[{"href":"https:\/\/www.climatecoating.com\/es\/wp-json\/wp\/v2\/media?parent=26213"}],"wp:term":[{"taxonomy":"product_brand","embeddable":true,"href":"https:\/\/www.climatecoating.com\/es\/wp-json\/wp\/v2\/product_brand?post=26213"},{"taxonomy":"product_cat","embeddable":true,"href":"https:\/\/www.climatecoating.com\/es\/wp-json\/wp\/v2\/product_cat?post=26213"},{"taxonomy":"product_tag","embeddable":true,"href":"https:\/\/www.climatecoating.com\/es\/wp-json\/wp\/v2\/product_tag?post=26213"}],"curies":[{"name":"wp","href":"https:\/\/api.w.org\/{rel}","templated":true}]}}