{"id":26250,"date":"2020-07-22T22:57:30","date_gmt":"2020-07-22T20:57:30","guid":{"rendered":"https:\/\/www.climatecoating.com\/produkte\/stuccoprimer\/"},"modified":"2026-03-16T14:22:52","modified_gmt":"2026-03-16T13:22:52","slug":"stuccoprimer","status":"publish","type":"product","link":"https:\/\/www.climatecoating.com\/es\/produkt\/stuccoprimer\/","title":{"rendered":"StuccoPrimer"},"content":{"rendered":"<p><strong>Apto para el metro!<\/strong><\/p>\n<p>La aplicaci\u00f3n es extremadamente sencilla: StuccoPrimer puede aplicarse directamente con una brocha, pincel o rodillo est\u00e1ndar. Listo para usar, sin necesidad de mezclar, para un trabajo eficaz y limpio.<\/p>\n<p><strong>\u00c1mbitos de aplicaci\u00f3n:<\/strong><\/p>\n<ul>\n<li data-start=\"1457\" data-end=\"1489\">alisar superficies de yeso viejas y nuevas<\/li>\n<li data-start=\"1492\" data-end=\"1541\">sustratos con absorbencia variable<\/li>\n<li data-start=\"1544\" data-end=\"1579\">nueva construcci\u00f3n, rehabilitaci\u00f3n y renovaci\u00f3n<\/li>\n<li data-start=\"1582\" data-end=\"1642\">base perfecta para StuccoTex<\/li>\n<\/ul>\n<p><img loading=\"lazy\" decoding=\"async\" class=\"aligncenter wp-image-64598 size-full\" title=\"Funcionalidad del sistema IsoTex\" src=\"https:\/\/www.climatecoating.com\/wp-content\/uploads\/2026\/03\/StuccoTex-Putz-System_Funktionsweise_ES.png\" alt=\"Funcionalidad del sistema IsoTex\" width=\"1600\" height=\"1150\" srcset=\"https:\/\/www.climatecoating.com\/wp-content\/uploads\/2026\/03\/StuccoTex-Putz-System_Funktionsweise_ES.png 1600w, https:\/\/www.climatecoating.com\/wp-content\/uploads\/2026\/03\/StuccoTex-Putz-System_Funktionsweise_ES-300x216.png 300w, https:\/\/www.climatecoating.com\/wp-content\/uploads\/2026\/03\/StuccoTex-Putz-System_Funktionsweise_ES-1024x736.png 1024w, https:\/\/www.climatecoating.com\/wp-content\/uploads\/2026\/03\/StuccoTex-Putz-System_Funktionsweise_ES-768x552.png 768w, https:\/\/www.climatecoating.com\/wp-content\/uploads\/2026\/03\/StuccoTex-Putz-System_Funktionsweise_ES-1536x1104.png 1536w, https:\/\/www.climatecoating.com\/wp-content\/uploads\/2026\/03\/StuccoTex-Putz-System_Funktionsweise_ES-700x503.png 700w, https:\/\/www.climatecoating.com\/wp-content\/uploads\/2026\/03\/StuccoTex-Putz-System_Funktionsweise_ES-1100x791.png 1100w, https:\/\/www.climatecoating.com\/wp-content\/uploads\/2026\/03\/StuccoTex-Putz-System_Funktionsweise_ES-600x431.png 600w\" sizes=\"auto, (max-width: 1600px) 100vw, 1600px\" \/><\/p>\n<p><strong>La imprimaci\u00f3n StuccoPrimer sienta las bases perfectas para una superficie uniforme, duradera y de alta calidad. Basta con aplicarlo y \u00a1listo! <\/strong><\/p>\n","protected":false},"excerpt":{"rendered":"<hr \/>\n<p><strong>Promotor de adherencia listo para usar <\/strong><\/p>\n<p>StuccoPrimer reduce la absorbencia del sustrato y crea una base uniformemente absorbente, para una adherencia segura de <a href=\"https:\/\/www.climatecoating.com\/es\/produkt\/stuccotex-80\/\" target=\"_blank\" rel=\"noopener\">StuccoTex 80<\/a> y <a href=\"https:\/\/www.climatecoating.com\/es\/produkt\/stuccotex-280\/\" target=\"_blank\" rel=\"noopener\">StuccoTex 280<\/a> sobre casi todas las superficies de yeso nuevas y viejas. La imprimaci\u00f3n se basa en <a href=\"https:\/\/www.climatecoating.com\/es\/area-de-clientes\/glosario\/\" target=\"_blank\" rel=\"noopener\">la tecnolog\u00eda de membrana reflectante<\/a>, es de permeabilidad variable y, por tanto, el &#8220;jugador&#8221; perfecto en el sistema de enlucido StuccoTex.<\/p>\n","protected":false},"featured_media":26261,"template":"","meta":[],"product_brand":[],"product_cat":[4332,791,774,777,860,792],"product_tag":[],"class_list":{"0":"post-26250","1":"product","2":"type-product","3":"status-publish","4":"has-post-thumbnail","6":"product_cat-revestimientos-exteriores-interiores","7":"product_cat-residencial","8":"product_cat-ambitos-de-aplicacion","9":"product_cat-en-el-exterior","10":"product_cat-en-interiores","11":"product_cat-edificios-publicos","13":"first","14":"instock","15":"taxable","16":"shipping-taxable","17":"purchasable","18":"product-type-variable"},"_links":{"self":[{"href":"https:\/\/www.climatecoating.com\/es\/wp-json\/wp\/v2\/product\/26250","targetHints":{"allow":["GET"]}}],"collection":[{"href":"https:\/\/www.climatecoating.com\/es\/wp-json\/wp\/v2\/product"}],"about":[{"href":"https:\/\/www.climatecoating.com\/es\/wp-json\/wp\/v2\/types\/product"}],"wp:featuredmedia":[{"embeddable":true,"href":"https:\/\/www.climatecoating.com\/es\/wp-json\/wp\/v2\/media\/26261"}],"wp:attachment":[{"href":"https:\/\/www.climatecoating.com\/es\/wp-json\/wp\/v2\/media?parent=26250"}],"wp:term":[{"taxonomy":"product_brand","embeddable":true,"href":"https:\/\/www.climatecoating.com\/es\/wp-json\/wp\/v2\/product_brand?post=26250"},{"taxonomy":"product_cat","embeddable":true,"href":"https:\/\/www.climatecoating.com\/es\/wp-json\/wp\/v2\/product_cat?post=26250"},{"taxonomy":"product_tag","embeddable":true,"href":"https:\/\/www.climatecoating.com\/es\/wp-json\/wp\/v2\/product_tag?post=26250"}],"curies":[{"name":"wp","href":"https:\/\/api.w.org\/{rel}","templated":true}]}}