{"id":26263,"date":"2020-08-09T14:37:27","date_gmt":"2020-08-09T12:37:27","guid":{"rendered":"https:\/\/www.climatecoating.com\/produkte\/revestimiento-seguro-de-pu\/"},"modified":"2026-03-16T14:25:13","modified_gmt":"2026-03-16T13:25:13","slug":"pu-safe-coating","status":"publish","type":"product","link":"https:\/\/www.climatecoating.com\/es\/produkt\/pu-safe-coating\/","title":{"rendered":"PU Safe Coating"},"content":{"rendered":"<p>Este m\u00e9todo de sellado de ventanas y puertas durante la instalaci\u00f3n es m\u00e1s sencillo y econ\u00f3mico que los m\u00e9todos convencionales que utilizan Compriband, cinta de sellado de juntas o l\u00e1minas. Con el nuevo m\u00e9todo, la ventana se mantiene herm\u00e9tica en todo su contorno, tanto con fr\u00edo como con calor, con lluvia torrencial o con largos periodos de sequ\u00eda.<\/p>\n<p>La apertura de difusi\u00f3n variable del PU Safe Coating permite utilizarlo tanto en interiores como en exteriores. El PU Safe Coating forma una membrana flexible. Lo bueno es que la estanqueidad al vapor del revestimiento de sellado de la membrana es variable. Se adapta a las condiciones ambientales de manera que bloquea o deja pasar, seg\u00fan el gradiente de presi\u00f3n de vapor.<\/p>\n<p>PU Safe Coating se adhiere bien a todos los materiales convencionales y se aplica simplemente con una brocha, preferiblemente dos veces, para que las propiedades del producto tengan un efecto \u00f3ptimo. La dispersi\u00f3n debe cubrir tanto la capa de aislamiento t\u00e9rmico (espuma de montaje PU) como todas las juntas, as\u00ed como m\u00ednimamente las superficies de contacto alrededor del marco de la ventana o puerta.<\/p>\n<p>El PU Safe Coating utilizado en combinaci\u00f3n con la pintura para paredes interiores ThermoPlus o la pintura para fachadas ThermoProtect minimiza o evita los puentes t\u00e9rmicos. Si desea m\u00e1s informaci\u00f3n, p\u00f3ngase en contacto con nuestros experimentados asesores de aplicaciones.<\/p>\n","protected":false},"excerpt":{"rendered":"<hr>\n<p>PU Safe Coating es un revestimiento sellador para aplicar sobre espuma de poliuretano como revestimiento protector para la instalaci\u00f3n de ventanas y puertas. Aplicado de forma sencilla y r\u00e1pida, forma una membrana impermeable, flexible y protectora exactamente en los puntos de encuentro de los distintos materiales.<\/p>\n<p>El PU Safe Coating es innovador, respetuoso con el medio ambiente, eficaz y potente.<\/p>\n","protected":false},"featured_media":26283,"template":"","meta":[],"product_brand":[],"product_cat":[774,825,791,826,792,824],"product_tag":[],"class_list":{"0":"post-26263","1":"product","2":"type-product","3":"status-publish","4":"has-post-thumbnail","6":"product_cat-ambitos-de-aplicacion","7":"product_cat-aplicaciones-en-el-exterior","8":"product_cat-residencial","9":"product_cat-sellado-de-ventanas","10":"product_cat-edificios-publicos","11":"product_cat-hosteleria-y-gastronomia","13":"first","14":"instock","15":"taxable","16":"shipping-taxable","17":"purchasable","18":"product-type-variable"},"_links":{"self":[{"href":"https:\/\/www.climatecoating.com\/es\/wp-json\/wp\/v2\/product\/26263","targetHints":{"allow":["GET"]}}],"collection":[{"href":"https:\/\/www.climatecoating.com\/es\/wp-json\/wp\/v2\/product"}],"about":[{"href":"https:\/\/www.climatecoating.com\/es\/wp-json\/wp\/v2\/types\/product"}],"wp:featuredmedia":[{"embeddable":true,"href":"https:\/\/www.climatecoating.com\/es\/wp-json\/wp\/v2\/media\/26283"}],"wp:attachment":[{"href":"https:\/\/www.climatecoating.com\/es\/wp-json\/wp\/v2\/media?parent=26263"}],"wp:term":[{"taxonomy":"product_brand","embeddable":true,"href":"https:\/\/www.climatecoating.com\/es\/wp-json\/wp\/v2\/product_brand?post=26263"},{"taxonomy":"product_cat","embeddable":true,"href":"https:\/\/www.climatecoating.com\/es\/wp-json\/wp\/v2\/product_cat?post=26263"},{"taxonomy":"product_tag","embeddable":true,"href":"https:\/\/www.climatecoating.com\/es\/wp-json\/wp\/v2\/product_tag?post=26263"}],"curies":[{"name":"wp","href":"https:\/\/api.w.org\/{rel}","templated":true}]}}