{"id":26346,"date":"2020-08-26T09:45:36","date_gmt":"2020-08-26T07:45:36","guid":{"rendered":"https:\/\/www.climatecoating.com\/produkte\/thermoplus-2\/"},"modified":"2026-03-10T14:53:48","modified_gmt":"2026-03-10T13:53:48","slug":"thermoplus","status":"publish","type":"product","link":"https:\/\/www.climatecoating.com\/es\/produkt\/thermoplus\/","title":{"rendered":"ThermoPlus"},"content":{"rendered":"<p><strong>Un clima interior saludable para todas las estaciones<br \/>\n<\/strong>ThermoPlus es una pintura funcional innovadora con valor a\u00f1adido. Esta pintura de alto rendimiento para interiores combina el dise\u00f1o est\u00e9tico con un notable confort en la vivienda. Gracias a su <a href=\"https:\/\/www.climatecoating.com\/es\/area-de-clientes\/glosario\/\" target=\"_blank\" rel=\"noopener\">tecnolog\u00eda de membrana reflect<\/a> ante, regula autom\u00e1ticamente el clima interior y aumenta notablemente el confort en la vivienda. Tras su aplicaci\u00f3n, la pintura forma una <a href=\"https:\/\/www.climatecoating.com\/es\/area-de-clientes\/glosario\/\" target=\"_blank\" rel=\"noopener\">membrana reflectante<\/a>.<\/p>\n<p><strong>Protecci\u00f3n contra el calor estival<br \/>\n<\/strong><em>En verano,<\/em> el color clim\u00e1ticamente activo absorbe el exceso de humedad del aire, lo almacena en la membrana y lo equilibra con el aire ambiente m\u00e1s seco. Esto crea un enfriamiento evaporativo, que enfr\u00eda las superficies de las paredes y reduce notablemente la temperatura ambiente, sin necesidad de aire acondicionado. El calor del exterior no puede penetrar sin obst\u00e1culos en el interior, creando un ambiente agradablemente fresco.<\/p>\n<p><strong>Aislamiento t\u00e9rmico en invierno<br \/>\n<\/strong><em>En invierno,<\/em> ThermoPlus minimiza la p\u00e9rdida de calor y ahorra costes de calefacci\u00f3n, electricidad y energ\u00eda. El calor de la habitaci\u00f3n se almacena, se distribuye uniformemente en la membrana y se refleja de nuevo en la habitaci\u00f3n, igual que en una estufa de azulejos. Al mismo tiempo, la pintura transpirable reduce <a href=\"https:\/\/www.climatecoating.com\/es\/area-de-clientes\/glosario\/\" target=\"_blank\" rel=\"noopener\">las corrientes de convecci\u00f3n<\/a>, minimiza <a href=\"https:\/\/www.climatecoating.com\/es\/area-de-clientes\/glosario\/\" target=\"_blank\" rel=\"noopener\">los puentes t\u00e9rmicos <\/a>y equilibra las diferencias de temperatura entre el suelo y el techo. El resultado es un confort t\u00e9rmico notablemente mayor.<\/p>\n<p>ThermoPlus tambi\u00e9n regula la humedad de la habitaci\u00f3n a un nivel saludable de alrededor del 55%. Esto mantiene el aire agradable, evita la sequedad del aire de calefacci\u00f3n y previene eficazmente la aparici\u00f3n de moho. As\u00ed se crea un clima ambiental permanentemente agradable y equilibrado.<\/p>\n<p><img loading=\"lazy\" decoding=\"async\" class=\"alignnone wp-image-59828 size-full\" title=\"Esquema ThermoPlus Climo\" src=\"https:\/\/www.climatecoating.com\/wp-content\/uploads\/2026\/03\/ThermoPlus_Schema_Climo_ES.png\" alt=\"Esquema ThermoPlus Climo\" width=\"1536\" height=\"1024\" \/><\/p>\n<p><strong>Intervalos de renovaci\u00f3n: aqu\u00ed m\u00e1s es menos<br \/>\n<\/strong>La pintura mural ThermoPlus ideal garantiza un disfrute duradero de tus paredes interiores. Gracias a su efecto antielectrost\u00e1tico, reduce los dep\u00f3sitos de polvo y nicotina, ya que las part\u00edculas de suciedad no forman un enlace qu\u00edmico con la superficie. Las materias primas y los pigmentos de alta calidad garantizan una excelente resistencia a la luz y protegen contra la decoloraci\u00f3n, el amarilleamiento o el caleo.<\/p>\n<p>Ya sea en el vest\u00edbulo, en la oficina, en el restaurante o como soluci\u00f3n inspiradora para pintar ideas de salones y vivir con belleza: ThermoPlus impresiona en todas partes por su aspecto elegante y su valor a\u00f1adido funcional. Esto te permite combinar un dise\u00f1o interior creativo con un confort de vida sostenible y ampliar significativamente los intervalos entre renovaciones.<\/p>\n<p><strong>Haz que tus habitaciones brillen con ThermoPlus, ahorra costes de calefacci\u00f3n, electricidad y energ\u00eda y disfruta de un clima interior saludable todo el a\u00f1o.<\/strong><\/p>\n","protected":false},"excerpt":{"rendered":"<hr \/>\n<p><strong>Color que ahorra energ\u00eda para la vida moderna<\/strong><\/p>\n<p>ThermoPlus es m\u00e1s que un color cl\u00e1sico para paredes. Gracias a sus propiedades especiales, garantiza un clima interior saludable y agradable durante todo el a\u00f1o. Ofrece una amplia gama crom\u00e1tica de m\u00e1s de 100.000 tonos para paredes y techos. ThermoPlus regula la temperatura, la humedad y la ac\u00fastica de la habitaci\u00f3n, contribuye activamente a ahorrar gastos de calefacci\u00f3n, electricidad y energ\u00eda y favorece un hogar acogedor.<\/p>\n<p><strong>Las ventajas m\u00e1s importantes de un vistazo:<\/strong><\/p>\n<blockquote>\n<div><img loading=\"lazy\" decoding=\"async\" class=\"alignnone wp-image-59776\" title=\"Icon healthy indoor climate green\" src=\"https:\/\/www.climatecoating.com\/wp-content\/uploads\/2025\/11\/Icon_healthy-indoor-climate_green.png\" alt=\"Icon healthy indoor climate green\" width=\"50\" height=\"50\" srcset=\"https:\/\/www.climatecoating.com\/wp-content\/uploads\/2025\/11\/Icon_healthy-indoor-climate_green.png 242w, https:\/\/www.climatecoating.com\/wp-content\/uploads\/2025\/11\/Icon_healthy-indoor-climate_green-150x150.png 150w, https:\/\/www.climatecoating.com\/wp-content\/uploads\/2025\/11\/Icon_healthy-indoor-climate_green-100x100.png 100w\" sizes=\"auto, (max-width: 50px) 100vw, 50px\" \/> clima interior saludable<\/div>\n<div><img loading=\"lazy\" decoding=\"async\" class=\"alignnone wp-image-59777\" title=\"Icon humidity and temperature regulating green 2\" src=\"https:\/\/www.climatecoating.com\/wp-content\/uploads\/2025\/11\/Icon_humidity-and-temperature-regulating_green_2-1.png\" alt=\"Icon humidity and temperature regulating green 2\" width=\"50\" height=\"50\" srcset=\"https:\/\/www.climatecoating.com\/wp-content\/uploads\/2025\/11\/Icon_humidity-and-temperature-regulating_green_2-1.png 242w, https:\/\/www.climatecoating.com\/wp-content\/uploads\/2025\/11\/Icon_humidity-and-temperature-regulating_green_2-1-150x150.png 150w, https:\/\/www.climatecoating.com\/wp-content\/uploads\/2025\/11\/Icon_humidity-and-temperature-regulating_green_2-1-100x100.png 100w\" sizes=\"auto, (max-width: 50px) 100vw, 50px\" \/> regulador de humedad y temperatura<\/div>\n<div><img loading=\"lazy\" decoding=\"async\" class=\"alignnone wp-image-59778\" title=\"Icon energy saving green\" src=\"https:\/\/www.climatecoating.com\/wp-content\/uploads\/2025\/11\/Icon_energy-saving_green-1.png\" alt=\"Icon energy saving green\" width=\"50\" height=\"50\" srcset=\"https:\/\/www.climatecoating.com\/wp-content\/uploads\/2025\/11\/Icon_energy-saving_green-1.png 242w, https:\/\/www.climatecoating.com\/wp-content\/uploads\/2025\/11\/Icon_energy-saving_green-1-150x150.png 150w, https:\/\/www.climatecoating.com\/wp-content\/uploads\/2025\/11\/Icon_energy-saving_green-1-100x100.png 100w\" sizes=\"auto, (max-width: 50px) 100vw, 50px\" \/> eficiencia energ\u00e9tica y ahorro de costes<\/div>\n<div><img loading=\"lazy\" decoding=\"async\" class=\"alignnone wp-image-59779\" title=\"Icon dirt &amp; nicotine repellent\" src=\"https:\/\/www.climatecoating.com\/wp-content\/uploads\/2025\/11\/Icon_dirt-nicotine-repellent.png\" alt=\"Icon dirt &amp; nicotine repellent\" width=\"50\" height=\"50\" srcset=\"https:\/\/www.climatecoating.com\/wp-content\/uploads\/2025\/11\/Icon_dirt-nicotine-repellent.png 242w, https:\/\/www.climatecoating.com\/wp-content\/uploads\/2025\/11\/Icon_dirt-nicotine-repellent-150x150.png 150w, https:\/\/www.climatecoating.com\/wp-content\/uploads\/2025\/11\/Icon_dirt-nicotine-repellent-100x100.png 100w\" sizes=\"auto, (max-width: 50px) 100vw, 50px\" \/> repelente de suciedad y nicotina<\/div>\n<div><img loading=\"lazy\" decoding=\"async\" class=\"alignnone wp-image-59780\" title=\"Icon renovation intervals green\" src=\"https:\/\/www.climatecoating.com\/wp-content\/uploads\/2025\/11\/Icon_renovation-intervals_green.png\" alt=\"Icon renovation intervals green\" width=\"50\" height=\"50\" srcset=\"https:\/\/www.climatecoating.com\/wp-content\/uploads\/2025\/11\/Icon_renovation-intervals_green.png 242w, https:\/\/www.climatecoating.com\/wp-content\/uploads\/2025\/11\/Icon_renovation-intervals_green-150x150.png 150w, https:\/\/www.climatecoating.com\/wp-content\/uploads\/2025\/11\/Icon_renovation-intervals_green-100x100.png 100w\" sizes=\"auto, (max-width: 50px) 100vw, 50px\" \/> ampl\u00eda los intervalos de renovaci\u00f3n<\/div>\n<div><img loading=\"lazy\" decoding=\"async\" class=\"alignnone wp-image-59791\" title=\"Icon 100 000 colors green 2\" src=\"https:\/\/www.climatecoating.com\/wp-content\/uploads\/2020\/08\/Icon_100-000-colors_green_2.png\" alt=\"Icon 100 000 colors green 2\" width=\"50\" height=\"50\" srcset=\"https:\/\/www.climatecoating.com\/wp-content\/uploads\/2020\/08\/Icon_100-000-colors_green_2.png 242w, https:\/\/www.climatecoating.com\/wp-content\/uploads\/2020\/08\/Icon_100-000-colors_green_2-150x150.png 150w, https:\/\/www.climatecoating.com\/wp-content\/uploads\/2020\/08\/Icon_100-000-colors_green_2-100x100.png 100w\" sizes=\"auto, (max-width: 50px) 100vw, 50px\" \/> &gt; 100.000 tonos de color<\/div>\n<\/blockquote>\n","protected":false},"featured_media":60384,"template":"","meta":[],"product_brand":[],"product_cat":[774,791,860,792,824],"product_tag":[],"class_list":{"0":"post-26346","1":"product","2":"type-product","3":"status-publish","4":"has-post-thumbnail","6":"product_cat-ambitos-de-aplicacion","7":"product_cat-residencial","8":"product_cat-en-interiores","9":"product_cat-edificios-publicos","10":"product_cat-hosteleria-y-gastronomia","12":"first","13":"instock","14":"taxable","15":"shipping-taxable","16":"purchasable","17":"product-type-variable"},"_links":{"self":[{"href":"https:\/\/www.climatecoating.com\/es\/wp-json\/wp\/v2\/product\/26346","targetHints":{"allow":["GET"]}}],"collection":[{"href":"https:\/\/www.climatecoating.com\/es\/wp-json\/wp\/v2\/product"}],"about":[{"href":"https:\/\/www.climatecoating.com\/es\/wp-json\/wp\/v2\/types\/product"}],"wp:featuredmedia":[{"embeddable":true,"href":"https:\/\/www.climatecoating.com\/es\/wp-json\/wp\/v2\/media\/60384"}],"wp:attachment":[{"href":"https:\/\/www.climatecoating.com\/es\/wp-json\/wp\/v2\/media?parent=26346"}],"wp:term":[{"taxonomy":"product_brand","embeddable":true,"href":"https:\/\/www.climatecoating.com\/es\/wp-json\/wp\/v2\/product_brand?post=26346"},{"taxonomy":"product_cat","embeddable":true,"href":"https:\/\/www.climatecoating.com\/es\/wp-json\/wp\/v2\/product_cat?post=26346"},{"taxonomy":"product_tag","embeddable":true,"href":"https:\/\/www.climatecoating.com\/es\/wp-json\/wp\/v2\/product_tag?post=26346"}],"curies":[{"name":"wp","href":"https:\/\/api.w.org\/{rel}","templated":true}]}}