{"id":26393,"date":"2020-08-09T15:35:45","date_gmt":"2020-08-09T13:35:45","guid":{"rendered":"https:\/\/www.climatecoating.com\/produkte\/industriaespecial\/"},"modified":"2026-03-16T14:46:25","modified_gmt":"2026-03-16T13:46:25","slug":"industryspecial","status":"publish","type":"product","link":"https:\/\/www.climatecoating.com\/es\/produkt\/industryspecial\/","title":{"rendered":"IndustrySpecial"},"content":{"rendered":"<p><strong>El todoterreno<\/strong><br \/>\nLa amplia gama de posibles aplicaciones de IndustrySpecial empieza con el simple revestimiento de dep\u00f3sitos de silo para estabilizar la temperatura y se extiende a la protecci\u00f3n contra la humedad y la condensaci\u00f3n, la antielectrost\u00e1tica y el apantallamiento, el aislamiento t\u00e9rmico y ac\u00fastico, la ampliaci\u00f3n de superficies y la reflexi\u00f3n de la luz. IndustrySpecial es un verdadero multitalento.<\/p>\n<p><strong>Extremadamente el\u00e1stico<\/strong><br \/>\nEl revestimiento IndustrySpecial puede soportar muchas tensiones mec\u00e1nicas. IndustrySpecial es extremadamente el\u00e1stico, puede unir diversos materiales y ocultar las grietas m\u00e1s finas.<\/p>\n<p><strong>Rango de aplicaci\u00f3n t\u00edpico entre -40\u00b0C y +150\u00b0C<\/strong><\/p>\n<p>La resistencia a las altas temperaturas de IndustrySpecial y su resistencia a las influencias ambientales agresivas son apreciadas por nuestros clientes en todo el mundo. Recubierto hasta ahora:<\/p>\n<ul>\n<li>dep\u00f3sitos, silos, grandes contenedores<\/li>\n<li>tuber\u00edas, varillas<\/li>\n<li>contenedores, cajas met\u00e1licas<\/li>\n<li>revestimiento de salas<\/li>\n<li>marquesina<\/li>\n<li>superficies de pl\u00e1stico flexible<\/li>\n<\/ul>\n<p>\u00bfQuieres resolver un problema muy espec\u00edfico con un revestimiento?<br \/>\nEntonces estaremos encantados de trabajar contigo para encontrar una <a href=\"https:\/\/www.climatecoating.com\/es\/ambitos-de-aplicacion\/industria-y-soluciones-especiales\/\" target=\"_blank\" rel=\"noopener\">Soluci\u00f3nEspecial<\/a>.<\/p>\n","protected":false},"excerpt":{"rendered":"<hr \/>\n<p>IndustrySpecial es un resistente revestimiento protector con una resistencia a la temperatura de -40\u00b0C a +150\u00b0C.<\/p>\n<p>Todos los revestimientos y colores ClimateCoating\u00a9 se basan en la tecnolog\u00eda de membranas reflectantes y tienen un efecto puramente f\u00edsico. Estos revestimientos ecol\u00f3gicos y de alto rendimiento llevan impresionando a los usuarios de todo el mundo desde 2003 por sus propiedades especiales y su alta rentabilidad.<\/p>\n","protected":false},"featured_media":26396,"template":"","meta":[],"product_brand":[],"product_cat":[791,774,850,855,947,956,858,948],"product_tag":[],"class_list":{"0":"post-26393","1":"product","2":"type-product","3":"status-publish","4":"has-post-thumbnail","6":"product_cat-residencial","7":"product_cat-ambitos-de-aplicacion","8":"product_cat-industria-alimentaria","9":"product_cat-industria-manufacturera","10":"product_cat-transporte-y-trafico","11":"product_cat-aplicaciones-industriales","12":"product_cat-agricultura-y-ganaderia","13":"product_cat-construcciones-tecnicas","15":"first","16":"instock","17":"taxable","18":"shipping-taxable","19":"product-type-variable"},"_links":{"self":[{"href":"https:\/\/www.climatecoating.com\/es\/wp-json\/wp\/v2\/product\/26393","targetHints":{"allow":["GET"]}}],"collection":[{"href":"https:\/\/www.climatecoating.com\/es\/wp-json\/wp\/v2\/product"}],"about":[{"href":"https:\/\/www.climatecoating.com\/es\/wp-json\/wp\/v2\/types\/product"}],"wp:featuredmedia":[{"embeddable":true,"href":"https:\/\/www.climatecoating.com\/es\/wp-json\/wp\/v2\/media\/26396"}],"wp:attachment":[{"href":"https:\/\/www.climatecoating.com\/es\/wp-json\/wp\/v2\/media?parent=26393"}],"wp:term":[{"taxonomy":"product_brand","embeddable":true,"href":"https:\/\/www.climatecoating.com\/es\/wp-json\/wp\/v2\/product_brand?post=26393"},{"taxonomy":"product_cat","embeddable":true,"href":"https:\/\/www.climatecoating.com\/es\/wp-json\/wp\/v2\/product_cat?post=26393"},{"taxonomy":"product_tag","embeddable":true,"href":"https:\/\/www.climatecoating.com\/es\/wp-json\/wp\/v2\/product_tag?post=26393"}],"curies":[{"name":"wp","href":"https:\/\/api.w.org\/{rel}","templated":true}]}}