{"id":26395,"date":"2020-08-26T10:09:34","date_gmt":"2020-08-26T08:09:34","guid":{"rendered":"https:\/\/www.climatecoating.com\/produkte\/rustprimer-2\/"},"modified":"2026-03-16T14:47:21","modified_gmt":"2026-03-16T13:47:21","slug":"rustprimer","status":"publish","type":"product","link":"https:\/\/www.climatecoating.com\/es\/produkt\/rustprimer\/","title":{"rendered":"RustPrimer"},"content":{"rendered":"<p>RustPrimer es una imprimaci\u00f3n anticorrosiva de base acuosa, sin plomo ni cromatos, a base de resina acr\u00edlica para interiores y exteriores. RustPrimer se utiliza como imprimaci\u00f3n para una protecci\u00f3n media contra la corrosi\u00f3n en superficies de hierro y acero.<\/p>\n","protected":false},"excerpt":{"rendered":"<hr>\n<p>Cuando las cosas se oxidan mucho, RustPrimer puede hacer maravillas y proporcionar la adhesi\u00f3n adecuada.<\/p>\n","protected":false},"featured_media":26417,"template":"","meta":[],"product_brand":[],"product_cat":[774,791,865],"product_tag":[],"class_list":{"0":"post-26395","1":"product","2":"type-product","3":"status-publish","4":"has-post-thumbnail","6":"product_cat-ambitos-de-aplicacion","7":"product_cat-residencial","8":"product_cat-productos-adicionales","10":"first","11":"instock","12":"taxable","13":"shipping-taxable","14":"purchasable","15":"product-type-variable"},"_links":{"self":[{"href":"https:\/\/www.climatecoating.com\/es\/wp-json\/wp\/v2\/product\/26395","targetHints":{"allow":["GET"]}}],"collection":[{"href":"https:\/\/www.climatecoating.com\/es\/wp-json\/wp\/v2\/product"}],"about":[{"href":"https:\/\/www.climatecoating.com\/es\/wp-json\/wp\/v2\/types\/product"}],"wp:featuredmedia":[{"embeddable":true,"href":"https:\/\/www.climatecoating.com\/es\/wp-json\/wp\/v2\/media\/26417"}],"wp:attachment":[{"href":"https:\/\/www.climatecoating.com\/es\/wp-json\/wp\/v2\/media?parent=26395"}],"wp:term":[{"taxonomy":"product_brand","embeddable":true,"href":"https:\/\/www.climatecoating.com\/es\/wp-json\/wp\/v2\/product_brand?post=26395"},{"taxonomy":"product_cat","embeddable":true,"href":"https:\/\/www.climatecoating.com\/es\/wp-json\/wp\/v2\/product_cat?post=26395"},{"taxonomy":"product_tag","embeddable":true,"href":"https:\/\/www.climatecoating.com\/es\/wp-json\/wp\/v2\/product_tag?post=26395"}],"curies":[{"name":"wp","href":"https:\/\/api.w.org\/{rel}","templated":true}]}}