{"id":26443,"date":"2020-08-09T15:39:52","date_gmt":"2020-08-09T13:39:52","guid":{"rendered":"https:\/\/www.climatecoating.com\/produkte\/thermovital\/"},"modified":"2026-03-13T13:35:45","modified_gmt":"2026-03-13T12:35:45","slug":"termovital","status":"publish","type":"product","link":"https:\/\/www.climatecoating.com\/es\/produkt\/termovital\/","title":{"rendered":"ThermoVital"},"content":{"rendered":"<p><strong>Contaminaci\u00f3n por moho: por qu\u00e9 es tan peligroso<br \/>\n<\/strong>Las manchas de moho en las paredes no s\u00f3lo tienen un aspecto antiest\u00e9tico, sino que tambi\u00e9n son un peligro para la salud. Incluso peque\u00f1as cantidades de esporas de moho pueden desencadenar reacciones al\u00e9rgicas, mientras que cantidades mayores pueden incluso da\u00f1ar el organismo.<\/p>\n<p>Los mohos necesitan nutrientes y humedad para crecer. Dado que los nutrientes est\u00e1n presentes en los edificios en una forma m\u00e1s o menos disponible, la humedad tiene una importancia crucial. La temperatura y el valor del pH juegan un papel bastante secundario, ya que los mohos pueden crecer en un amplio rango de temperatura y pH. Si las manchas de moho negro o la pelusa blanca del moho ya son visibles, hay que actuar.<\/p>\n<p style=\"text-align: left;\" data-pm-slice=\"1 1 []\"><strong>1, 2, 3&#8230; sin moho &#8211;<\/strong><strong> Eliminaci\u00f3n sistem\u00e1tica del moho<\/strong><\/p>\n<ol>\n<li><em><strong>Tratamiento de cultivos de moho visibles con <a href=\"https:\/\/www.climatecoating.com\/es\/produkt\/sanosil-s010\/\" target=\"_blank\" rel=\"noopener\">Sanosil S010<\/a>.<\/strong><\/em> Tiempo de aplicaci\u00f3n al menos 60 minutos. (\u00a1Usa mascarilla!)<\/li>\n<li><em><strong>Tratamiento del aire ambiente y de la contaminaci\u00f3n secundaria con <a href=\"https:\/\/www.climatecoating.com\/es\/produkt\/sanosil-s003\/\" target=\"_blank\" rel=\"noopener\">Sanosil S003<\/a>.<\/strong><\/em> Tiempo de contacto aprox. 120 minutos.<\/li>\n<li><em><strong>Revestimiento interior con ThermoVital<\/strong><\/em> para una protecci\u00f3n a largo plazo y puramente f\u00edsica contra la aparici\u00f3n de nuevos mohos.<\/li>\n<\/ol>\n<p><strong>Efecto f\u00edsico &#8211; grandes beneficios<br \/>\n<\/strong>ThermoVital es un innovador escudo protector a largo plazo contra el moho y garantiza la higiene de las habitaciones y una vida saludable. Su dispersi\u00f3n \u00fanica favorece f\u00edsicamente el secado de las paredes hasta el nivel de humedad del edificio y regula la humedad de la habitaci\u00f3n. De ello se encargan millones de <a href=\"https:\/\/www.climatecoating.com\/es\/area-de-clientes\/glosario\/\" target=\"_blank\" rel=\"noopener\">part\u00edculas huecas de vitrocer\u00e1mica<\/a> microsc\u00f3picamente peque\u00f1as, una dispersi\u00f3n de poliacrilato especialmente desarrollada y activadores sincronizadores. El color clim\u00e1ticamente activo se abre a la difusi\u00f3n de forma variable tras su aplicaci\u00f3n. Favorece el transporte capilar de la humedad fuera de la pared y elimina as\u00ed la base del moho. Otro efecto positivo es que se reducen los puentes t\u00e9rmicos y aumenta el confort t\u00e9rmico en la habitaci\u00f3n.<\/p>\n<p><img loading=\"lazy\" decoding=\"async\" class=\"alignnone wp-image-56852 size-full\" title=\"Secciones de pared ThermoVital\" src=\"https:\/\/www.climatecoating.com\/wp-content\/uploads\/2026\/03\/Wandschnitte_ThermoVital_ES-scaled.png\" alt=\"Secciones de pared ThermoVital\" width=\"2560\" height=\"2227\" \/><strong>M\u00e1s vale prevenir que curar: prevenci\u00f3n inteligente en todos los colores<br \/>\n<\/strong>Si quieres prevenir, puedes pintar con ThermoVital las estancias con mayores niveles de humedad: Cocina, ba\u00f1o y s\u00f3tano o incluso todo el piso o almac\u00e9n. Dado que ThermoVital es una evoluci\u00f3n de <a href=\"https:\/\/www.climatecoating.com\/es\/produkt\/thermoplus\/\" target=\"_blank\" rel=\"noopener\">ThermoPlus<\/a>, no hay l\u00edmites en el dise\u00f1o de los colores. ThermoVital puede mezclarse de forma flexible seg\u00fan los colores RAL, de modo que son posibles dise\u00f1os de color individuales. La pintura especial procesada no contiene fungicidas y es casi inodora.<\/p>\n<p><strong>ThermoVital mantiene tus paredes secas, limpias y sin moho, para un clima interior saludable y una calidad de vida sostenible en todos los interiores.<\/strong><\/p>\n","protected":false},"excerpt":{"rendered":"<hr \/>\n<p><strong>ThermoVital &#8211; \u00a1Sin posibilidad de moho!<br \/>\n<\/strong>ThermoVital es una protecci\u00f3n f\u00edsica eficaz a largo plazo que garantiza la higiene de las habitaciones y una vida saludable. Ya sea para espacios con mayor humedad, como ba\u00f1os, cocinas y bodegas, o para naves de producci\u00f3n y almacenamiento, por ejemplo en la industria alimentaria, ThermoVital proporciona una protecci\u00f3n a largo plazo contra la formaci\u00f3n de moho en las paredes. La pintura transpirable regula la humedad y reduce los efectos negativos de los puentes t\u00e9rmicos. Esto tambi\u00e9n la hace ideal para quien busque ideas de pintura para el sal\u00f3n con protecci\u00f3n a\u00f1adida para la salud.<\/p>\n<p><strong>Las ventajas m\u00e1s importantes de un vistazo:<\/strong><\/p>\n<div>\n<div><img loading=\"lazy\" decoding=\"async\" class=\"alignnone wp-image-59776\" title=\"Icon healthy indoor climate green\" src=\"https:\/\/www.climatecoating.com\/wp-content\/uploads\/2025\/11\/Icon_healthy-indoor-climate_green.png\" alt=\"Icon healthy indoor climate green\" width=\"50\" height=\"50\" srcset=\"https:\/\/www.climatecoating.com\/wp-content\/uploads\/2025\/11\/Icon_healthy-indoor-climate_green.png 242w, https:\/\/www.climatecoating.com\/wp-content\/uploads\/2025\/11\/Icon_healthy-indoor-climate_green-150x150.png 150w, https:\/\/www.climatecoating.com\/wp-content\/uploads\/2025\/11\/Icon_healthy-indoor-climate_green-100x100.png 100w\" sizes=\"auto, (max-width: 50px) 100vw, 50px\" \/> clima interior saludable<\/div>\n<div><img loading=\"lazy\" decoding=\"async\" class=\"alignnone wp-image-60446\" title=\"Icono enfriamiento evaporativo regulaci\u00f3n de la humedad verde\" src=\"https:\/\/www.climatecoating.com\/wp-content\/uploads\/2020\/08\/Icon_evaporative-cooling_moisture-regulating_green.png\" alt=\"Icono enfriamiento evaporativo regulaci\u00f3n de la humedad verde\" width=\"50\" height=\"50\" srcset=\"https:\/\/www.climatecoating.com\/wp-content\/uploads\/2020\/08\/Icon_evaporative-cooling_moisture-regulating_green.png 242w, https:\/\/www.climatecoating.com\/wp-content\/uploads\/2020\/08\/Icon_evaporative-cooling_moisture-regulating_green-150x150.png 150w, https:\/\/www.climatecoating.com\/wp-content\/uploads\/2020\/08\/Icon_evaporative-cooling_moisture-regulating_green-100x100.png 100w\" sizes=\"auto, (max-width: 50px) 100vw, 50px\" \/> regulaci\u00f3n de la humedad<\/div>\n<div><img loading=\"lazy\" decoding=\"async\" class=\"alignnone wp-image-60447\" title=\"Icon safe for health green\" src=\"https:\/\/www.climatecoating.com\/wp-content\/uploads\/2020\/08\/Icon_safe-for-health_green.png\" alt=\"Icon safe for health green\" width=\"50\" height=\"50\" srcset=\"https:\/\/www.climatecoating.com\/wp-content\/uploads\/2020\/08\/Icon_safe-for-health_green.png 242w, https:\/\/www.climatecoating.com\/wp-content\/uploads\/2020\/08\/Icon_safe-for-health_green-150x150.png 150w, https:\/\/www.climatecoating.com\/wp-content\/uploads\/2020\/08\/Icon_safe-for-health_green-100x100.png 100w\" sizes=\"auto, (max-width: 50px) 100vw, 50px\" \/> inofensivo para la salud<\/div>\n<div><img loading=\"lazy\" decoding=\"async\" class=\"alignnone wp-image-60450\" title=\"Icon long term effective\" src=\"https:\/\/www.climatecoating.com\/wp-content\/uploads\/2020\/08\/Icon_long-term-effective.png\" alt=\"Icon long term effective\" width=\"50\" height=\"50\" srcset=\"https:\/\/www.climatecoating.com\/wp-content\/uploads\/2020\/08\/Icon_long-term-effective.png 242w, https:\/\/www.climatecoating.com\/wp-content\/uploads\/2020\/08\/Icon_long-term-effective-150x150.png 150w, https:\/\/www.climatecoating.com\/wp-content\/uploads\/2020\/08\/Icon_long-term-effective-100x100.png 100w\" sizes=\"auto, (max-width: 50px) 100vw, 50px\" \/> eficaz a largo plazo<\/div>\n<div><img loading=\"lazy\" decoding=\"async\" class=\"alignnone wp-image-60449\" title=\"Icono protecci\u00f3n molde verde\" src=\"https:\/\/www.climatecoating.com\/wp-content\/uploads\/2020\/08\/Icon_protection-mold_green.png\" alt=\"Icono protecci\u00f3n molde verde\" width=\"50\" height=\"50\" srcset=\"https:\/\/www.climatecoating.com\/wp-content\/uploads\/2020\/08\/Icon_protection-mold_green.png 242w, https:\/\/www.climatecoating.com\/wp-content\/uploads\/2020\/08\/Icon_protection-mold_green-150x150.png 150w, https:\/\/www.climatecoating.com\/wp-content\/uploads\/2020\/08\/Icon_protection-mold_green-100x100.png 100w\" sizes=\"auto, (max-width: 50px) 100vw, 50px\" \/> reduce el riesgo de crecimiento de moho<\/div>\n<div><img loading=\"lazy\" decoding=\"async\" class=\"alignnone wp-image-59791\" title=\"Icon 100 000 colors green 2\" src=\"https:\/\/www.climatecoating.com\/wp-content\/uploads\/2020\/08\/Icon_100-000-colors_green_2.png\" alt=\"Icon 100 000 colors green 2\" width=\"50\" height=\"50\" srcset=\"https:\/\/www.climatecoating.com\/wp-content\/uploads\/2020\/08\/Icon_100-000-colors_green_2.png 242w, https:\/\/www.climatecoating.com\/wp-content\/uploads\/2020\/08\/Icon_100-000-colors_green_2-150x150.png 150w, https:\/\/www.climatecoating.com\/wp-content\/uploads\/2020\/08\/Icon_100-000-colors_green_2-100x100.png 100w\" sizes=\"auto, (max-width: 50px) 100vw, 50px\" \/> &gt; 100.000 tonos de color<\/div>\n<\/div>\n","protected":false},"featured_media":26460,"template":"","meta":[],"product_brand":[],"product_cat":[774,791,850,860,855,792,858,862,824],"product_tag":[],"class_list":{"0":"post-26443","1":"product","2":"type-product","3":"status-publish","4":"has-post-thumbnail","6":"product_cat-ambitos-de-aplicacion","7":"product_cat-residencial","8":"product_cat-industria-alimentaria","9":"product_cat-en-interiores","10":"product_cat-industria-manufacturera","11":"product_cat-edificios-publicos","12":"product_cat-agricultura-y-ganaderia","13":"product_cat-sanidad","14":"product_cat-hosteleria-y-gastronomia","16":"first","17":"instock","18":"taxable","19":"shipping-taxable","20":"purchasable","21":"product-type-variable"},"_links":{"self":[{"href":"https:\/\/www.climatecoating.com\/es\/wp-json\/wp\/v2\/product\/26443","targetHints":{"allow":["GET"]}}],"collection":[{"href":"https:\/\/www.climatecoating.com\/es\/wp-json\/wp\/v2\/product"}],"about":[{"href":"https:\/\/www.climatecoating.com\/es\/wp-json\/wp\/v2\/types\/product"}],"wp:featuredmedia":[{"embeddable":true,"href":"https:\/\/www.climatecoating.com\/es\/wp-json\/wp\/v2\/media\/26460"}],"wp:attachment":[{"href":"https:\/\/www.climatecoating.com\/es\/wp-json\/wp\/v2\/media?parent=26443"}],"wp:term":[{"taxonomy":"product_brand","embeddable":true,"href":"https:\/\/www.climatecoating.com\/es\/wp-json\/wp\/v2\/product_brand?post=26443"},{"taxonomy":"product_cat","embeddable":true,"href":"https:\/\/www.climatecoating.com\/es\/wp-json\/wp\/v2\/product_cat?post=26443"},{"taxonomy":"product_tag","embeddable":true,"href":"https:\/\/www.climatecoating.com\/es\/wp-json\/wp\/v2\/product_tag?post=26443"}],"curies":[{"name":"wp","href":"https:\/\/api.w.org\/{rel}","templated":true}]}}