{"id":26447,"date":"2020-08-26T09:46:31","date_gmt":"2020-08-26T07:46:31","guid":{"rendered":"https:\/\/www.climatecoating.com\/produkte\/lumen\/"},"modified":"2026-03-10T15:25:36","modified_gmt":"2026-03-10T14:25:36","slug":"lumen","status":"publish","type":"product","link":"https:\/\/www.climatecoating.com\/es\/produkt\/lumen\/","title":{"rendered":"Lumen"},"content":{"rendered":"<p><strong>Tecnolog\u00eda de membrana reflectantepara una luminosidadm\u00e1xima<br \/>\n<\/strong>La innovaci\u00f3n especial de Lumen es la tecnolog\u00eda de <a href=\"https:\/\/www.climatecoating.com\/es\/area-de-clientes\/glosario\/\" target=\"_blank\" rel=\"noopener\">membrana reflectante.<\/a> Millones de diminutas <a href=\"https:\/\/www.climatecoating.com\/es\/area-de-clientes\/glosario\/\" target=\"_blank\" rel=\"noopener\">esferas huecas de vitrocer\u00e1mica<\/a> aumentan la reflexi\u00f3n de la luz difusa: un 6 % para el blanco y hasta un 420 % para el negro. Lumen distribuye la luz uniformemente en la habitaci\u00f3n, reduce las sombras molestas y permite que los colores oscuros conserven su profundidad: para habitaciones luminosas y armoniosas con un efecto de iluminaci\u00f3n \u00f3ptimo.<\/p>\n<p>Pruebas independientes lo demuestran: El valor de reflexi\u00f3n real medido en cada tono de color es significativamente superior a los valores est\u00e1ndar de los programas profesionales de c\u00e1lculo de iluminaci\u00f3n, como <a href=\"https:\/\/www.dialux.com\/de-DE\/\" target=\"_blank\" rel=\"noopener\">Dialux<\/a>. Esto significa que los arquitectos y dise\u00f1adores tambi\u00e9n pueden utilizar creativamente tonos de color oscuros sin sacrificar la luminosidad.<\/p>\n<p><img loading=\"lazy\" decoding=\"async\" class=\"alignnone wp-image-57143 size-full\" title=\"Valores de reflexi\u00f3n del lumen\" src=\"https:\/\/www.climatecoating.com\/wp-content\/uploads\/2026\/03\/Lumen-Reflexionswerte_ES_2025-scaled.png\" alt=\"Valores de reflexi\u00f3n del lumen \" width=\"2560\" height=\"1244\" \/><\/p>\n<p>Esta innovadora pintura mural combina la m\u00e1xima funcionalidad con una tecnolog\u00eda innovadora y una amplia gama de colores. Se utiliza all\u00ed donde es crucial una potencia luminosa \u00f3ptima:<\/p>\n<ul>\n<li>oficinas, escuelas, centros de asistencia,<\/li>\n<li>estudios, talleres, museos<\/li>\n<li>aparcamientos subterr\u00e1neos, metro<\/li>\n<li>y, por supuesto, tambi\u00e9n en casa.<\/li>\n<\/ul>\n<p data-start=\"2127\" data-end=\"2298\">Un ejemplo especialmente impresionante es la <a href=\"https:\/\/www.climatecoating.com\/referenzen\/referenz\/opelvillen-ruesselsheim\/?hilite=lumen\" target=\"_blank\" rel=\"noopener\">fundaci\u00f3n art\u00edstica y cultural Opelvillen de R\u00fcsselsheim<\/a>. Lumen prepara el escenario para las exposiciones.<\/p>\n<p data-start=\"2300\" data-end=\"2535\"><em>&#8220;En una exposici\u00f3n, es importante que las obras expuestas reciban la luz adecuada&#8230; Gracias a &#8216;Lumen&#8217;, tuvimos enormes posibilidades de jugar con la luz al dise\u00f1ar la exposici\u00f3n&#8221;,<\/em> dice la Dra. Beate Kemfert, conservadora y directora de la Fundaci\u00f3n de Arte y Cultura Opelvillen R\u00fcsselsheim. La alta reflexi\u00f3n permite mostrar las obras de forma dirigida, de modo que los visitantes puedan percibir el arte con mayor intensidad y, al mismo tiempo, la sala parezca armoniosa.<\/p>\n<p><strong><img class=\"alignnone size-medium wp-image-58420\" title=\"Flip Lumen FR\" alt=\"\" \/><img class=\"alignnone size-medium wp-image-58775\" title=\"Flip Lumen FR\" alt=\"\" \/><img class=\"alignnone size-medium wp-image-58775\" title=\"Flip Lumen FR\" alt=\"\" \/>Lumen hace brillar literalmente las habitaciones, para un entorno de vida y de trabajo agradable, saludable e inspirador.<\/strong><\/p>\n","protected":false},"excerpt":{"rendered":"<hr \/>\n<p><strong>M\u00e1s luminosidad y bienestar para interiores<br \/>\n<\/strong>Lumen es m\u00e1s que una pintura para paredes y techos interiores: es un potente amplificador de luz para interiores. Esta pintura funcional altamente eficaz garantiza un equilibrio \u00f3ptimo de luminosidad y hace que las estancias parezcan visiblemente m\u00e1s luminosas, incluso con tonos oscuros. Esto crea un efecto de iluminaci\u00f3n natural, una atm\u00f3sfera armoniosa en la habitaci\u00f3n y un entorno vital saludable y acogedor. Al mismo tiempo, Lumen mejora la ac\u00fastica de las habitaciones y favorece la sensaci\u00f3n de bienestar.<\/p>\n<p data-start=\"639\" data-end=\"688\"><strong data-start=\"643\" data-end=\"688\">Las ventajas m\u00e1s importantes de un vistazo:<\/strong><\/p>\n<div><img loading=\"lazy\" decoding=\"async\" class=\"alignnone wp-image-59776\" title=\"Icon healthy indoor climate green\" src=\"https:\/\/www.climatecoating.com\/wp-content\/uploads\/2025\/11\/Icon_healthy-indoor-climate_green.png\" alt=\"Icon healthy indoor climate green\" width=\"50\" height=\"50\" srcset=\"https:\/\/www.climatecoating.com\/wp-content\/uploads\/2025\/11\/Icon_healthy-indoor-climate_green.png 242w, https:\/\/www.climatecoating.com\/wp-content\/uploads\/2025\/11\/Icon_healthy-indoor-climate_green-150x150.png 150w, https:\/\/www.climatecoating.com\/wp-content\/uploads\/2025\/11\/Icon_healthy-indoor-climate_green-100x100.png 100w\" sizes=\"auto, (max-width: 50px) 100vw, 50px\" \/> clima interior saludable<\/div>\n<div><img loading=\"lazy\" decoding=\"async\" class=\"alignnone wp-image-59777\" title=\"Icon humidity and temperature regulating green 2\" src=\"https:\/\/www.climatecoating.com\/wp-content\/uploads\/2025\/11\/Icon_humidity-and-temperature-regulating_green_2-1.png\" alt=\"Icon humidity and temperature regulating green 2\" width=\"50\" height=\"50\" srcset=\"https:\/\/www.climatecoating.com\/wp-content\/uploads\/2025\/11\/Icon_humidity-and-temperature-regulating_green_2-1.png 242w, https:\/\/www.climatecoating.com\/wp-content\/uploads\/2025\/11\/Icon_humidity-and-temperature-regulating_green_2-1-150x150.png 150w, https:\/\/www.climatecoating.com\/wp-content\/uploads\/2025\/11\/Icon_humidity-and-temperature-regulating_green_2-1-100x100.png 100w\" sizes=\"auto, (max-width: 50px) 100vw, 50px\" \/> regulador de humedad y temperatura<\/div>\n<div><img loading=\"lazy\" decoding=\"async\" class=\"alignnone wp-image-59778\" title=\"Icon energy saving green\" src=\"https:\/\/www.climatecoating.com\/wp-content\/uploads\/2025\/11\/Icon_energy-saving_green-1.png\" alt=\"Icon energy saving green\" width=\"50\" height=\"50\" srcset=\"https:\/\/www.climatecoating.com\/wp-content\/uploads\/2025\/11\/Icon_energy-saving_green-1.png 242w, https:\/\/www.climatecoating.com\/wp-content\/uploads\/2025\/11\/Icon_energy-saving_green-1-150x150.png 150w, https:\/\/www.climatecoating.com\/wp-content\/uploads\/2025\/11\/Icon_energy-saving_green-1-100x100.png 100w\" sizes=\"auto, (max-width: 50px) 100vw, 50px\" \/> eficiencia energ\u00e9tica y ahorro de costes<\/div>\n<div><img loading=\"lazy\" decoding=\"async\" class=\"alignnone wp-image-59779\" title=\"Icon dirt &amp; nicotine repellent\" src=\"https:\/\/www.climatecoating.com\/wp-content\/uploads\/2025\/11\/Icon_dirt-nicotine-repellent.png\" alt=\"Icon dirt &amp; nicotine repellent\" width=\"50\" height=\"50\" srcset=\"https:\/\/www.climatecoating.com\/wp-content\/uploads\/2025\/11\/Icon_dirt-nicotine-repellent.png 242w, https:\/\/www.climatecoating.com\/wp-content\/uploads\/2025\/11\/Icon_dirt-nicotine-repellent-150x150.png 150w, https:\/\/www.climatecoating.com\/wp-content\/uploads\/2025\/11\/Icon_dirt-nicotine-repellent-100x100.png 100w\" sizes=\"auto, (max-width: 50px) 100vw, 50px\" \/> repelente de suciedad y nicotina<\/div>\n<div><img loading=\"lazy\" decoding=\"async\" class=\"alignnone wp-image-59780\" title=\"Icon renovation intervals green\" src=\"https:\/\/www.climatecoating.com\/wp-content\/uploads\/2025\/11\/Icon_renovation-intervals_green.png\" alt=\"Icon renovation intervals green\" width=\"50\" height=\"50\" srcset=\"https:\/\/www.climatecoating.com\/wp-content\/uploads\/2025\/11\/Icon_renovation-intervals_green.png 242w, https:\/\/www.climatecoating.com\/wp-content\/uploads\/2025\/11\/Icon_renovation-intervals_green-150x150.png 150w, https:\/\/www.climatecoating.com\/wp-content\/uploads\/2025\/11\/Icon_renovation-intervals_green-100x100.png 100w\" sizes=\"auto, (max-width: 50px) 100vw, 50px\" \/> ampl\u00eda los intervalos de renovaci\u00f3n<\/div>\n<div><img loading=\"lazy\" decoding=\"async\" class=\"alignnone wp-image-59791\" title=\"Icon 100 000 colors green 2\" src=\"https:\/\/www.climatecoating.com\/wp-content\/uploads\/2020\/08\/Icon_100-000-colors_green_2.png\" alt=\"Icon 100 000 colors green 2\" width=\"50\" height=\"50\" srcset=\"https:\/\/www.climatecoating.com\/wp-content\/uploads\/2020\/08\/Icon_100-000-colors_green_2.png 242w, https:\/\/www.climatecoating.com\/wp-content\/uploads\/2020\/08\/Icon_100-000-colors_green_2-150x150.png 150w, https:\/\/www.climatecoating.com\/wp-content\/uploads\/2020\/08\/Icon_100-000-colors_green_2-100x100.png 100w\" sizes=\"auto, (max-width: 50px) 100vw, 50px\" \/> &gt; 100.000 tonos de color<\/div>\n","protected":false},"featured_media":26459,"template":"","meta":[],"product_brand":[],"product_cat":[774,791,860,792,824],"product_tag":[],"class_list":{"0":"post-26447","1":"product","2":"type-product","3":"status-publish","4":"has-post-thumbnail","6":"product_cat-ambitos-de-aplicacion","7":"product_cat-residencial","8":"product_cat-en-interiores","9":"product_cat-edificios-publicos","10":"product_cat-hosteleria-y-gastronomia","12":"first","13":"instock","14":"taxable","15":"shipping-taxable","16":"purchasable","17":"product-type-variable"},"_links":{"self":[{"href":"https:\/\/www.climatecoating.com\/es\/wp-json\/wp\/v2\/product\/26447","targetHints":{"allow":["GET"]}}],"collection":[{"href":"https:\/\/www.climatecoating.com\/es\/wp-json\/wp\/v2\/product"}],"about":[{"href":"https:\/\/www.climatecoating.com\/es\/wp-json\/wp\/v2\/types\/product"}],"wp:featuredmedia":[{"embeddable":true,"href":"https:\/\/www.climatecoating.com\/es\/wp-json\/wp\/v2\/media\/26459"}],"wp:attachment":[{"href":"https:\/\/www.climatecoating.com\/es\/wp-json\/wp\/v2\/media?parent=26447"}],"wp:term":[{"taxonomy":"product_brand","embeddable":true,"href":"https:\/\/www.climatecoating.com\/es\/wp-json\/wp\/v2\/product_brand?post=26447"},{"taxonomy":"product_cat","embeddable":true,"href":"https:\/\/www.climatecoating.com\/es\/wp-json\/wp\/v2\/product_cat?post=26447"},{"taxonomy":"product_tag","embeddable":true,"href":"https:\/\/www.climatecoating.com\/es\/wp-json\/wp\/v2\/product_tag?post=26447"}],"curies":[{"name":"wp","href":"https:\/\/api.w.org\/{rel}","templated":true}]}}