{"id":26450,"date":"2020-08-26T10:09:51","date_gmt":"2020-08-26T08:09:51","guid":{"rendered":"https:\/\/www.climatecoating.com\/produkte\/zincprimer-2\/"},"modified":"2026-03-16T14:48:55","modified_gmt":"2026-03-16T13:48:55","slug":"zincprimer","status":"publish","type":"product","link":"https:\/\/www.climatecoating.com\/es\/produkt\/zincprimer\/","title":{"rendered":"ZincPrimer"},"content":{"rendered":"<p>ZincPrimer es un promotor de adherencia acuoso, sin disolventes, sin plomo ni cromatos, a base de resina acr\u00edlica, para uso en interiores y exteriores. ZincPrimer se utiliza como promotor de la adherencia para metales no ferrosos como el zinc, el acero galvanizado, el acero inoxidable, el acero al aluminio y el cobre, y tambi\u00e9n puede utilizarse como imprimaci\u00f3n para la protecci\u00f3n contra la corrosi\u00f3n ligera en superficies de hierro y acero.<\/p>\n","protected":false},"excerpt":{"rendered":"<hr \/>\n<p>Una buena adherencia necesita un socio fuerte. ZincPrimer es el complemento ideal para todos los revestimientos ClimateCoating<sup>\u00ae<\/sup>\u00a0sobre metales no f\u00e9rreos.<\/p>\n","protected":false},"featured_media":26463,"template":"","meta":[],"product_brand":[],"product_cat":[774,791,865],"product_tag":[],"class_list":{"0":"post-26450","1":"product","2":"type-product","3":"status-publish","4":"has-post-thumbnail","6":"product_cat-ambitos-de-aplicacion","7":"product_cat-residencial","8":"product_cat-productos-adicionales","10":"first","11":"instock","12":"taxable","13":"shipping-taxable","14":"purchasable","15":"product-type-variable"},"_links":{"self":[{"href":"https:\/\/www.climatecoating.com\/es\/wp-json\/wp\/v2\/product\/26450","targetHints":{"allow":["GET"]}}],"collection":[{"href":"https:\/\/www.climatecoating.com\/es\/wp-json\/wp\/v2\/product"}],"about":[{"href":"https:\/\/www.climatecoating.com\/es\/wp-json\/wp\/v2\/types\/product"}],"wp:featuredmedia":[{"embeddable":true,"href":"https:\/\/www.climatecoating.com\/es\/wp-json\/wp\/v2\/media\/26463"}],"wp:attachment":[{"href":"https:\/\/www.climatecoating.com\/es\/wp-json\/wp\/v2\/media?parent=26450"}],"wp:term":[{"taxonomy":"product_brand","embeddable":true,"href":"https:\/\/www.climatecoating.com\/es\/wp-json\/wp\/v2\/product_brand?post=26450"},{"taxonomy":"product_cat","embeddable":true,"href":"https:\/\/www.climatecoating.com\/es\/wp-json\/wp\/v2\/product_cat?post=26450"},{"taxonomy":"product_tag","embeddable":true,"href":"https:\/\/www.climatecoating.com\/es\/wp-json\/wp\/v2\/product_tag?post=26450"}],"curies":[{"name":"wp","href":"https:\/\/api.w.org\/{rel}","templated":true}]}}