{"id":26532,"date":"2020-08-09T15:05:04","date_gmt":"2020-08-09T13:05:04","guid":{"rendered":"https:\/\/www.climatecoating.com\/produkte\/relleno-seguro-de-pu\/"},"modified":"2025-09-26T12:58:56","modified_gmt":"2025-09-26T10:58:56","slug":"pu-safe-filler","status":"publish","type":"product","link":"https:\/\/www.climatecoating.com\/es\/produkt\/pu-safe-filler\/","title":{"rendered":"PU Safe Filler"},"content":{"rendered":"<p>La apertura de difusi\u00f3n variable del PU Safe Filler permite su aplicaci\u00f3n tanto en interiores como en exteriores. PU Safe Filler se seca de forma plasto-el\u00e1stica, impermeable, qu\u00edmicamente neutra e inodora. La gran flexibilidad del relleno es especialmente importante en el caso de los movimientos t\u00e9rmicos y estructurales de los componentes, ya que garantiza una superficie de sellado ininterrumpida. PU Safe Filler se adhiere bien a todos los materiales de construcci\u00f3n convencionales, como el PVC y el aluminio revestido con pintura o pel\u00edcula pl\u00e1stica de color. Cl\u00e1sicamente, el sellador se utiliza en el montaje de puertas y ventanas cuando se trabaja con espuma de PU.<\/p>\n","protected":false},"excerpt":{"rendered":"<p><strong>Compuesto de sellado para espuma de PU<\/strong><\/p>\n<p>PU Safe Filler es un sellador o masilla para aplicar sobre espuma de poliuretano. El relleno cierra los poros de la espuma de PU y crea una superficie homog\u00e9nea para su posterior procesamiento con el revestimiento PU Safe.<\/p>\n","protected":false},"featured_media":26536,"template":"","meta":[],"product_brand":[],"product_cat":[791,825,774,881,826,792,824],"product_tag":[],"class_list":{"0":"post-26532","1":"product","2":"type-product","3":"status-publish","4":"has-post-thumbnail","6":"product_cat-residencial","7":"product_cat-aplicaciones-en-el-exterior","8":"product_cat-ambitos-de-aplicacion","9":"product_cat-productos","10":"product_cat-sellado-de-ventanas","11":"product_cat-edificios-publicos","12":"product_cat-hosteleria-y-gastronomia","14":"first","15":"instock","16":"taxable","17":"shipping-taxable","18":"purchasable","19":"product-type-simple"},"_links":{"self":[{"href":"https:\/\/www.climatecoating.com\/es\/wp-json\/wp\/v2\/product\/26532","targetHints":{"allow":["GET"]}}],"collection":[{"href":"https:\/\/www.climatecoating.com\/es\/wp-json\/wp\/v2\/product"}],"about":[{"href":"https:\/\/www.climatecoating.com\/es\/wp-json\/wp\/v2\/types\/product"}],"wp:featuredmedia":[{"embeddable":true,"href":"https:\/\/www.climatecoating.com\/es\/wp-json\/wp\/v2\/media\/26536"}],"wp:attachment":[{"href":"https:\/\/www.climatecoating.com\/es\/wp-json\/wp\/v2\/media?parent=26532"}],"wp:term":[{"taxonomy":"product_brand","embeddable":true,"href":"https:\/\/www.climatecoating.com\/es\/wp-json\/wp\/v2\/product_brand?post=26532"},{"taxonomy":"product_cat","embeddable":true,"href":"https:\/\/www.climatecoating.com\/es\/wp-json\/wp\/v2\/product_cat?post=26532"},{"taxonomy":"product_tag","embeddable":true,"href":"https:\/\/www.climatecoating.com\/es\/wp-json\/wp\/v2\/product_tag?post=26532"}],"curies":[{"name":"wp","href":"https:\/\/api.w.org\/{rel}","templated":true}]}}