{"id":26535,"date":"2020-08-26T09:54:18","date_gmt":"2020-08-26T07:54:18","guid":{"rendered":"https:\/\/www.climatecoating.com\/produkte\/fixplus\/"},"modified":"2026-03-16T14:49:47","modified_gmt":"2026-03-16T13:49:47","slug":"fixplus","status":"publish","type":"product","link":"https:\/\/www.climatecoating.com\/es\/produkt\/fixplus\/","title":{"rendered":"FixPlus"},"content":{"rendered":"<p>FixPlus refuerza todos los soportes de yeso seg\u00fan la norma DIN 18500 si su capacidad de carga es insuficiente y ajusta su capacidad de absorci\u00f3n. FixPlus tiene una muy buena penetraci\u00f3n en el sustrato, se seca r\u00e1pidamente, est\u00e1 abierto a la difusi\u00f3n, no tiene disolventes y tiene una alta resistencia final.<\/p>\n","protected":false},"excerpt":{"rendered":"<hr>\n<p>Una buena preparaci\u00f3n es la mitad de la batalla.<\/p>\n","protected":false},"featured_media":26541,"template":"","meta":[],"product_brand":[],"product_cat":[774,791,865],"product_tag":[],"class_list":{"0":"post-26535","1":"product","2":"type-product","3":"status-publish","4":"has-post-thumbnail","6":"product_cat-ambitos-de-aplicacion","7":"product_cat-residencial","8":"product_cat-productos-adicionales","10":"first","11":"instock","12":"taxable","13":"shipping-taxable","14":"purchasable","15":"product-type-variable"},"_links":{"self":[{"href":"https:\/\/www.climatecoating.com\/es\/wp-json\/wp\/v2\/product\/26535","targetHints":{"allow":["GET"]}}],"collection":[{"href":"https:\/\/www.climatecoating.com\/es\/wp-json\/wp\/v2\/product"}],"about":[{"href":"https:\/\/www.climatecoating.com\/es\/wp-json\/wp\/v2\/types\/product"}],"wp:featuredmedia":[{"embeddable":true,"href":"https:\/\/www.climatecoating.com\/es\/wp-json\/wp\/v2\/media\/26541"}],"wp:attachment":[{"href":"https:\/\/www.climatecoating.com\/es\/wp-json\/wp\/v2\/media?parent=26535"}],"wp:term":[{"taxonomy":"product_brand","embeddable":true,"href":"https:\/\/www.climatecoating.com\/es\/wp-json\/wp\/v2\/product_brand?post=26535"},{"taxonomy":"product_cat","embeddable":true,"href":"https:\/\/www.climatecoating.com\/es\/wp-json\/wp\/v2\/product_cat?post=26535"},{"taxonomy":"product_tag","embeddable":true,"href":"https:\/\/www.climatecoating.com\/es\/wp-json\/wp\/v2\/product_tag?post=26535"}],"curies":[{"name":"wp","href":"https:\/\/api.w.org\/{rel}","templated":true}]}}