{"id":26540,"date":"2020-08-26T10:14:18","date_gmt":"2020-08-26T08:14:18","guid":{"rendered":"https:\/\/www.climatecoating.com\/produkte\/sanosil-s010\/"},"modified":"2026-03-16T14:55:37","modified_gmt":"2026-03-16T13:55:37","slug":"sanosil-s010","status":"publish","type":"product","link":"https:\/\/www.climatecoating.com\/es\/produkt\/sanosil-s010\/","title":{"rendered":"Sanosil S010"},"content":{"rendered":"<p>Sanosil S010 se pulveriza sobre las zonas visiblemente decoloradas.<br \/>\nEl tiempo de aplicaci\u00f3n es de s\u00f3lo 25 a 30 minutos.<\/p>\n<p><strong>D\u00fao<\/strong> <strong>eficaz<\/strong><br \/>\nSanosil S003 y S010 desactivan las toxinas del moho y sus al\u00e9rgenos tanto en la pared como en el aire. Hasta ahora no se conoce ning\u00fan microorganismo que Sanosil S003 y S010 no inactive. Gracias a la buena compatibilidad de los materiales, el tejido del edificio queda protegido.<\/p>\n<p>Sanosil S003 y S010 son respetuosos con el medio ambiente y totalmente inocuos para el organismo humano tras su aplicaci\u00f3n. Por lo tanto, los productos pueden utilizarse sin problemas en todas las zonas de la casa, incluso en la cocina o en la habitaci\u00f3n de los ni\u00f1os. Las habitaciones vuelven a ser habitables inmediatamente despu\u00e9s del tratamiento.<\/p>\n<p>Sanosil S003 y S010 tienen un alto potencial de desinfecci\u00f3n y no son t\u00f3xicos, se degradan despu\u00e9s del procesamiento a los ingredientes originales contenidos en el agua. El papel pintado desprendido y otros materiales se eliminan simplemente con la basura dom\u00e9stica despu\u00e9s del tratamiento.<\/p>\n<p>Las medidas de protecci\u00f3n personal, como el traje de protecci\u00f3n y la m\u00e1scara respiratoria, son necesarias para protegerse de una mayor exposici\u00f3n a las esporas cuando se utiliza Sanosil S003 y S010.<\/p>\n","protected":false},"excerpt":{"rendered":"<hr \/>\n<p>Sanosil S010 es un destructor de moho que se utiliza para tratar los cultivos de moho visibles.<\/p>\n","protected":false},"featured_media":26544,"template":"","meta":[],"product_brand":[],"product_cat":[881,865],"product_tag":[],"class_list":{"0":"post-26540","1":"product","2":"type-product","3":"status-publish","4":"has-post-thumbnail","6":"product_cat-productos","7":"product_cat-productos-adicionales","9":"first","10":"instock","11":"taxable","12":"shipping-taxable","13":"purchasable","14":"product-type-simple"},"_links":{"self":[{"href":"https:\/\/www.climatecoating.com\/es\/wp-json\/wp\/v2\/product\/26540","targetHints":{"allow":["GET"]}}],"collection":[{"href":"https:\/\/www.climatecoating.com\/es\/wp-json\/wp\/v2\/product"}],"about":[{"href":"https:\/\/www.climatecoating.com\/es\/wp-json\/wp\/v2\/types\/product"}],"wp:featuredmedia":[{"embeddable":true,"href":"https:\/\/www.climatecoating.com\/es\/wp-json\/wp\/v2\/media\/26544"}],"wp:attachment":[{"href":"https:\/\/www.climatecoating.com\/es\/wp-json\/wp\/v2\/media?parent=26540"}],"wp:term":[{"taxonomy":"product_brand","embeddable":true,"href":"https:\/\/www.climatecoating.com\/es\/wp-json\/wp\/v2\/product_brand?post=26540"},{"taxonomy":"product_cat","embeddable":true,"href":"https:\/\/www.climatecoating.com\/es\/wp-json\/wp\/v2\/product_cat?post=26540"},{"taxonomy":"product_tag","embeddable":true,"href":"https:\/\/www.climatecoating.com\/es\/wp-json\/wp\/v2\/product_tag?post=26540"}],"curies":[{"name":"wp","href":"https:\/\/api.w.org\/{rel}","templated":true}]}}