{"id":26597,"date":"2020-05-26T19:37:20","date_gmt":"2020-05-26T17:37:20","guid":{"rendered":"https:\/\/www.climatecoating.com\/produkte\/thermoprotect-2\/"},"modified":"2026-03-09T13:31:23","modified_gmt":"2026-03-09T12:31:23","slug":"thermoprotect","status":"publish","type":"product","link":"https:\/\/www.climatecoating.com\/es\/produkt\/thermoprotect\/","title":{"rendered":"ThermoProtect"},"content":{"rendered":"<p><strong>Tecnolog\u00edade membrana reflectante: la pieza central de ThermoProtect<br \/>\n<\/strong>ThermoProtect no es un aislamiento cl\u00e1sico de fachadas, sino un innovador revestimiento funcional y una protecci\u00f3n duradera de fachadas. Su exclusiva <a href=\"https:\/\/www.climatecoating.com\/es\/area-de-clientes\/glosario\/\" target=\"_blank\" rel=\"noopener\">tecnolog\u00eda de membrana reflectante<\/a> combina una dispersi\u00f3n de poliacrilato especialmente desarrollada y extremadamente adhesiva con <a href=\"https:\/\/www.climatecoating.com\/es\/area-de-clientes\/glosario\/\" target=\"_blank\" rel=\"noopener\">part\u00edculas huecas de vitrocer\u00e1mica<\/a> y activadores. Una vez aplicado el revestimiento, forma una <a href=\"https:\/\/www.climatecoating.com\/es\/area-de-clientes\/glosario\/\" target=\"_blank\" rel=\"noopener\">membrana<\/a> transpirable y reflectante que regula la humedad, protege la mamposter\u00eda y reduce al mismo tiempo el consumo de energ\u00eda. Esto mantiene la fachada seca, resistente y con poco mantenimiento a largo plazo, al tiempo que optimiza el efecto aislante natural.<\/p>\n<p><strong>Regulaci\u00f3n de la humedad y clima interior saludable<br \/>\n<\/strong>Cuando llueve, la membrana reflectante act\u00faa como barrera protectora contra la precipitaci\u00f3n y la condensaci\u00f3n. Impide que la humedad penetre en la mamposter\u00eda formando una capa de barrera. Al mismo tiempo, la mamposter\u00eda se deshumidifica de forma regulada. Gracias a su estructura capilar especial, la tecnolog\u00eda ThermoProtect s\u00f3lo permite que la humedad se transporte en una direcci\u00f3n: del interior al exterior. Esto permite que la humedad escape al exterior, pero no que penetre en la mamposter\u00eda. Las paredes secas a\u00edslan mejor que las h\u00famedas, almacenan el calor durante m\u00e1s tiempo y aumentan la eficiencia energ\u00e9tica. Adem\u00e1s, el efecto deshumidificador elimina el caldo de cultivo del moho, las algas y el musgo, impidiendo as\u00ed su crecimiento en la fachada exterior.<\/p>\n<p><img loading=\"lazy\" decoding=\"async\" class=\"aligncenter wp-image-56197 size-full\" title=\"Regulaci\u00f3n de la humedad ThermoProtect\" src=\"https:\/\/www.climatecoating.com\/wp-content\/uploads\/2026\/03\/ThermoProtect_Wetterbestaendiger-Wandaufbau_ES.png\" alt=\"Regulaci\u00f3n de la humedad ThermoProtect\" width=\"1536\" height=\"1024\" \/><\/p>\n<p><strong>Protecci\u00f3n contra el calor en verano y refrigeraci\u00f3n por evaporaci\u00f3n<br \/>\n<\/strong>ThermoProtect refleja los rayos del sol en la pared exterior en verano, protegiendo eficazmente contra el sobrecalentamiento. Esto mantiene el interior agradablemente fresco incluso en d\u00edas calurosos, sin necesidad de aire acondicionado. La combinaci\u00f3n de reflexi\u00f3n y evaporaci\u00f3n dirigida garantiza un <a href=\"https:\/\/www.climatecoating.com\/es\/area-de-clientes\/glosario\/\" target=\"_blank\" rel=\"noopener\">aislamiento t\u00e9rmico eficaz en verano<\/a> y un clima interior saludable que contribuye notablemente al bienestar. Al mismo tiempo, se reducen significativamente el consumo y los costes energ\u00e9ticos.<\/p>\n<p>Al mismo tiempo, la fachada permanece seca, lo que evita la proliferaci\u00f3n de algas, algo especialmente importante en fachadas aisladas (v\u00e9ase el <a href=\"https:\/\/www.climatecoating.com\/pressemitteilung-innovative-fassadenbeschichtung-hilft-beim-sparen\/\" target=\"_blank\" rel=\"noopener\">proyecto Perleberg<\/a>). Adem\u00e1s, cuando se utiliza en climas c\u00e1lidos, se reduce la transmisi\u00f3n de calor del exterior al interior.<\/p>\n<p><img loading=\"lazy\" decoding=\"async\" class=\"alignnone wp-image-57162 size-full\" title=\"Refrigeraci\u00f3n evaporativa ThermoProtect\" src=\"https:\/\/www.climatecoating.com\/wp-content\/uploads\/2026\/03\/ThermoProtect_Verdunstungskuehlung_ES.png\" alt=\"Refrigeraci\u00f3n evaporativa ThermoProtect\" width=\"1500\" height=\"1024\" \/><\/p>\n<p><strong>Aislamiento t\u00e9rmico invernal y eficiencia energ\u00e9tica<br \/>\n<\/strong>La mamposter\u00eda seca almacena las ganancias solares de forma m\u00e1s eficiente, reduce la p\u00e9rdida de calor y optimiza el efecto aislante natural. Un <a href=\"https:\/\/www.climatecoating.com\/es\/area-de-clientes\/glosario\/\" target=\"_blank\" rel=\"noopener\">aislamiento t\u00e9rmico invernal<\/a> eficaz mantiene los interiores notablemente m\u00e1s c\u00e1lidos, reduce las necesidades de calefacci\u00f3n y crea un clima interior acogedor que aumenta tu bienestar. Esto te ahorra gastos de calefacci\u00f3n, electricidad y energ\u00eda y, al mismo tiempo, contribuye a la protecci\u00f3n del clima. <a href=\"https:\/\/www.climatecoating.com\/es\/referencias\/referencia\/bloques-de-apartamentos-en-botkyrka\/\" target=\"_blank\" rel=\"noopener\">Un ejemplo de Suecia con un ahorro energ\u00e9tico del 12 %.<\/a><\/p>\n<p><strong>Protege tu fachada a largo plazo, ahorra costes de calefacci\u00f3n, electricidad y energ\u00eda: con ThermoProtect, la pintura funcional para exteriores.<\/strong><\/p>\n<hr \/>\n<p><a href=\"https:\/\/www.climatecoating.com\/es\/calculus\/\" target=\"_blank\" rel=\"noopener\"><strong><img loading=\"lazy\" decoding=\"async\" class=\"size-full wp-image-44757 alignleft\" title=\"Calculus\" src=\"https:\/\/www.climatecoating.com\/wp-content\/uploads\/2023\/02\/Calculus_Button_80px.png\" alt=\"Calculus\" width=\"80\" height=\"80\" \/><\/strong><\/a><a href=\"https:\/\/www.climatecoating.com\/es\/calculus\/\" target=\"_blank\" rel=\"noopener\">A la calculadora de temperatura Calculus<sup>\u00ae<\/sup><\/a>, la herramienta web basada en IA para predecir la diferencia de temperaturas interiores y deducir el ahorro potencial de energ\u00eda cuando se revisten paredes y\/o tejados con los productos ClimateCoating<sup>\u00ae<\/sup>\u00a0ThermoProtect y ThermoActive.<\/p>\n","protected":false},"excerpt":{"rendered":"<hr \/>\n<p><strong>Protecci\u00f3n a largo plazo para tu fachada<br \/>\n<\/strong>La pintura de ahorro energ\u00e9tico ThermoProtect, lista para usar, protege de forma fiable tu fachada contra la humedad y la infestaci\u00f3n de algas, musgo y hongos, regula la temperatura y mejora el balance energ\u00e9tico del edificio durante todo el a\u00f1o. Es eficiente desde el punto de vista energ\u00e9tico, ahorra costes, es duradero y extremadamente robusto y soporta todas las condiciones meteorol\u00f3gicas. Tambi\u00e9n es resistente a los rayos UV, por lo que los colores no se decoloran a largo plazo.<\/p>\n<p><strong>Las ventajas m\u00e1s importantes de un vistazo: <\/strong><\/p>\n<blockquote>\n<div><img loading=\"lazy\" decoding=\"async\" class=\"alignnone wp-image-59777\" title=\"Icon humidity and temperature regulating green 2\" src=\"https:\/\/www.climatecoating.com\/wp-content\/uploads\/2025\/11\/Icon_humidity-and-temperature-regulating_green_2-1.png\" alt=\"Icon humidity and temperature regulating green 2\" width=\"50\" height=\"50\" srcset=\"https:\/\/www.climatecoating.com\/wp-content\/uploads\/2025\/11\/Icon_humidity-and-temperature-regulating_green_2-1.png 242w, https:\/\/www.climatecoating.com\/wp-content\/uploads\/2025\/11\/Icon_humidity-and-temperature-regulating_green_2-1-150x150.png 150w, https:\/\/www.climatecoating.com\/wp-content\/uploads\/2025\/11\/Icon_humidity-and-temperature-regulating_green_2-1-100x100.png 100w\" sizes=\"auto, (max-width: 50px) 100vw, 50px\" \/> regulador de humedad y temperatura<\/div>\n<div><img loading=\"lazy\" decoding=\"async\" class=\"alignnone wp-image-59778\" title=\"Icon energy saving green\" src=\"https:\/\/www.climatecoating.com\/wp-content\/uploads\/2025\/11\/Icon_energy-saving_green-1.png\" alt=\"Icon energy saving green\" width=\"50\" height=\"50\" srcset=\"https:\/\/www.climatecoating.com\/wp-content\/uploads\/2025\/11\/Icon_energy-saving_green-1.png 242w, https:\/\/www.climatecoating.com\/wp-content\/uploads\/2025\/11\/Icon_energy-saving_green-1-150x150.png 150w, https:\/\/www.climatecoating.com\/wp-content\/uploads\/2025\/11\/Icon_energy-saving_green-1-100x100.png 100w\" sizes=\"auto, (max-width: 50px) 100vw, 50px\" \/> eficiencia energ\u00e9tica y ahorro de costes<\/div>\n<div><img loading=\"lazy\" decoding=\"async\" class=\"alignnone wp-image-60030\" title=\"Icon robust and durable green\" src=\"https:\/\/www.climatecoating.com\/wp-content\/uploads\/2020\/05\/Icon_robust_and_durable_green_2.png\" alt=\"Icon robust and durable green\" width=\"50\" height=\"50\" srcset=\"https:\/\/www.climatecoating.com\/wp-content\/uploads\/2020\/05\/Icon_robust_and_durable_green_2.png 242w, https:\/\/www.climatecoating.com\/wp-content\/uploads\/2020\/05\/Icon_robust_and_durable_green_2-150x150.png 150w, https:\/\/www.climatecoating.com\/wp-content\/uploads\/2020\/05\/Icon_robust_and_durable_green_2-100x100.png 100w\" sizes=\"auto, (max-width: 50px) 100vw, 50px\" \/> extremadamente robusto y duradero<\/div>\n<div><img loading=\"lazy\" decoding=\"async\" class=\"alignnone wp-image-60031\" title=\"El icono refleja la radiaci\u00f3n UV de color verde\" src=\"https:\/\/www.climatecoating.com\/wp-content\/uploads\/2020\/05\/Icon_reflects_UV-radiation_green_2.png\" alt=\"El icono refleja la radiaci\u00f3n UV de color verde\" width=\"50\" height=\"50\" srcset=\"https:\/\/www.climatecoating.com\/wp-content\/uploads\/2020\/05\/Icon_reflects_UV-radiation_green_2.png 242w, https:\/\/www.climatecoating.com\/wp-content\/uploads\/2020\/05\/Icon_reflects_UV-radiation_green_2-150x150.png 150w, https:\/\/www.climatecoating.com\/wp-content\/uploads\/2020\/05\/Icon_reflects_UV-radiation_green_2-100x100.png 100w\" sizes=\"auto, (max-width: 50px) 100vw, 50px\" \/> resistente a los rayos UV de larga duraci\u00f3n<\/div>\n<div><img loading=\"lazy\" decoding=\"async\" class=\"alignnone wp-image-60498\" title=\"Icon protection algae, mold and weather green\" src=\"https:\/\/www.climatecoating.com\/wp-content\/uploads\/2020\/05\/Icon_protection-algae-mold-and-weather_green.png\" alt=\"Icon protection algae, mold and weather green\" width=\"50\" height=\"50\" srcset=\"https:\/\/www.climatecoating.com\/wp-content\/uploads\/2020\/05\/Icon_protection-algae-mold-and-weather_green.png 242w, https:\/\/www.climatecoating.com\/wp-content\/uploads\/2020\/05\/Icon_protection-algae-mold-and-weather_green-150x150.png 150w, https:\/\/www.climatecoating.com\/wp-content\/uploads\/2020\/05\/Icon_protection-algae-mold-and-weather_green-100x100.png 100w\" sizes=\"auto, (max-width: 50px) 100vw, 50px\" \/> protege contra las algas, el musgo, los hongos y la intemperie<\/div>\n<div><img loading=\"lazy\" decoding=\"async\" class=\"alignnone wp-image-59791\" title=\"Icon 100 000 colors green 2\" src=\"https:\/\/www.climatecoating.com\/wp-content\/uploads\/2020\/08\/Icon_100-000-colors_green_2.png\" alt=\"Icon 100 000 colors green 2\" width=\"50\" height=\"50\" srcset=\"https:\/\/www.climatecoating.com\/wp-content\/uploads\/2020\/08\/Icon_100-000-colors_green_2.png 242w, https:\/\/www.climatecoating.com\/wp-content\/uploads\/2020\/08\/Icon_100-000-colors_green_2-150x150.png 150w, https:\/\/www.climatecoating.com\/wp-content\/uploads\/2020\/08\/Icon_100-000-colors_green_2-100x100.png 100w\" sizes=\"auto, (max-width: 50px) 100vw, 50px\" \/> &gt; 100.000 tonos de color<\/div>\n<\/blockquote>\n","protected":false},"featured_media":27060,"template":"","meta":[],"product_brand":[],"product_cat":[777,791,774,792,824],"product_tag":[],"class_list":{"0":"post-26597","1":"product","2":"type-product","3":"status-publish","4":"has-post-thumbnail","6":"product_cat-en-el-exterior","7":"product_cat-residencial","8":"product_cat-ambitos-de-aplicacion","9":"product_cat-edificios-publicos","10":"product_cat-hosteleria-y-gastronomia","12":"first","13":"instock","14":"taxable","15":"shipping-taxable","16":"purchasable","17":"product-type-variable"},"_links":{"self":[{"href":"https:\/\/www.climatecoating.com\/es\/wp-json\/wp\/v2\/product\/26597","targetHints":{"allow":["GET"]}}],"collection":[{"href":"https:\/\/www.climatecoating.com\/es\/wp-json\/wp\/v2\/product"}],"about":[{"href":"https:\/\/www.climatecoating.com\/es\/wp-json\/wp\/v2\/types\/product"}],"wp:featuredmedia":[{"embeddable":true,"href":"https:\/\/www.climatecoating.com\/es\/wp-json\/wp\/v2\/media\/27060"}],"wp:attachment":[{"href":"https:\/\/www.climatecoating.com\/es\/wp-json\/wp\/v2\/media?parent=26597"}],"wp:term":[{"taxonomy":"product_brand","embeddable":true,"href":"https:\/\/www.climatecoating.com\/es\/wp-json\/wp\/v2\/product_brand?post=26597"},{"taxonomy":"product_cat","embeddable":true,"href":"https:\/\/www.climatecoating.com\/es\/wp-json\/wp\/v2\/product_cat?post=26597"},{"taxonomy":"product_tag","embeddable":true,"href":"https:\/\/www.climatecoating.com\/es\/wp-json\/wp\/v2\/product_tag?post=26597"}],"curies":[{"name":"wp","href":"https:\/\/api.w.org\/{rel}","templated":true}]}}