{"id":54182,"date":"2020-05-27T11:58:52","date_gmt":"2020-05-27T09:58:52","guid":{"rendered":"https:\/\/www.climatecoating.com\/?post_type=product&#038;p=54182"},"modified":"2026-03-16T14:22:14","modified_gmt":"2026-03-16T13:22:14","slug":"isotex-r70","status":"publish","type":"product","link":"https:\/\/www.climatecoating.com\/es\/produkt\/isotex-r70\/","title":{"rendered":"IsoTex R70"},"content":{"rendered":"<p><strong>Bien aislado con facilidad <\/strong><\/p>\n<p>Debido a su granulometr\u00eda especial, IsoTex R70 es un enlucido comparativamente blando. Con un consumo de s\u00f3lo 4,0 a 4,5 kg\/m\u00b2, es muy ligero y no requiere medios de anclaje adicionales. El enlucido de aislamiento t\u00e9rmico es f\u00e1cil de aplicar tanto mec\u00e1nica como manualmente, y puede aplicarse sin esfuerzo con llana o pulverizador. Es adecuado para enlucir ladrillos, hormig\u00f3n, hormig\u00f3n armado, hormig\u00f3n celular, madera y sustratos met\u00e1licos en interiores y exteriores.<\/p>\n<p>Para la nivelaci\u00f3n y el acabado de la superficie, IsoTex R70 puede revestirse con el enlucido mineral fino y liso <a href=\"https:\/\/www.climatecoating.com\/produkt\/isotex-f50\/\" target=\"_blank\" rel=\"noopener\">IsoTex F50<\/a>, seg\u00fan el sistema. Esto crea una superficie lisa y homog\u00e9nea como base ideal para los revestimientos posteriores.<\/p>\n<p><strong>Sistema ClimateCoating<sup>\u00ae<\/sup>\u00a0IsoTex &#8211; El tr\u00edo de ahorro energ\u00e9tico para la fachada<\/strong><\/p>\n<p><strong>El problema:<\/strong> las paredes exteriores -con o sin capa de pintura- absorben agua cuando llueve. Cuanto m\u00e1s dura la precipitaci\u00f3n, m\u00e1s agua se absorbe. Esta agua tiene que evaporarse de nuevo de la pared. Esto crea refrigeraci\u00f3n por evaporaci\u00f3n, que extrae cantidades considerables de energ\u00eda del edificio. Esto debe compensarse con calefacci\u00f3n o aire acondicionado.<\/p>\n<p><strong>La soluci\u00f3n:<\/strong> un sistema de aislamiento t\u00e9rmico con <a href=\"https:\/\/www.youtube.com\/watch?v=wZovk682oss\" target=\"_blank\" rel=\"noopener\">tecnolog\u00eda de membrana reflectante<\/a><br \/>\nTras la aplicaci\u00f3n, el revoco ligero de aislamiento t\u00e9rmico IsoTex R70 se nivela con el fino revoco liso <a href=\"https:\/\/www.climatecoating.com\/produkt\/isotex-f50\/\" target=\"_blank\" rel=\"noopener\">IsoTex F50<\/a> y luego se recubre con dos capas de la pintura funcional <a href=\"https:\/\/www.climatecoating.com\/es\/produkt\/thermoprotect\/\" target=\"_blank\" rel=\"noopener\">ThermoProtect<\/a> de ClimateCoating<sup>\u00ae<\/sup> para exteriores. La pintura act\u00faa como una membrana: s\u00f3lo absorbe peque\u00f1as cantidades de agua cuando llueve, sin que penetre en el sustrato de yeso. En cuanto la membrana se satura, no absorbe m\u00e1s agua, aunque siga lloviendo. Despu\u00e9s de la lluvia, el agua se evapora de la capa de pintura, mientras que la humedad residual se elimina del revoco por la acci\u00f3n capilar de la pintura funcional y se libera r\u00e1pidamente. Esto minimiza la cantidad de evaporaci\u00f3n y el revestimiento de la fachada cumple los requisitos de la norma EN 998-1 como &#8220;repelente al agua&#8221;.<\/p>\n<p><img loading=\"lazy\" decoding=\"async\" class=\"aligncenter wp-image-62220 size-full\" title=\"Funcionalidad del sistema IsoTex ES\" src=\"https:\/\/www.climatecoating.com\/wp-content\/uploads\/2026\/03\/StuccoTex-Putz-System_Funktionsweise_ES.png\" alt=\"Funcionalidad del sistema IsoTex ES\" width=\"1600\" height=\"1150\" \/><\/p>\n<p>ThermoProtect tambi\u00e9n es muy resistente a las influencias ambientales, como la radiaci\u00f3n UV o el \u00e1cido del agua de lluvia. El efecto antiest\u00e1tico reduce considerablemente la adherencia del polvo. Se han documentado fachadas revestidas en las que el revestimiento tipo membrana sigue intacto y sin grietas incluso despu\u00e9s de m\u00e1s de 20 a\u00f1os, por lo que el efecto de ahorro energ\u00e9tico est\u00e1 garantizado. Consulta el ejemplo del proyecto <a href=\"https:\/\/www.climatecoating.com\/es\/referencias\/referencia\/bloques-de-apartamentos-en-perleberg\/\" target=\"_blank\" rel=\"noopener\">Perleberg &#8211; revestimiento de fachadas con ThermoProtect<\/a> y el <a href=\"https:\/\/www.climatecoating.com\/pressemitteilung-innovative-fassadenbeschichtung-hilft-beim-sparen\/\" target=\"_blank\" rel=\"noopener\">comunicado de prensa<\/a> asociado.<\/p>\n<p><strong>Ventajas del sistema IsoTex<\/strong><\/p>\n<p>La combinaci\u00f3n del revoco de aislamiento t\u00e9rmico IsoTex R70, la capa de nivelaci\u00f3n opcional IsoTex F50 y la pintura funcional ThermoProtect forma un sistema de fachada duradero y de alto rendimiento. Ofrece una protecci\u00f3n fiable contra todas las influencias meteorol\u00f3gicas y, al mismo tiempo, contribuye a reducir considerablemente los costes de calefacci\u00f3n y aire acondicionado. La gesti\u00f3n eficaz de la humedad y el calor tambi\u00e9n mejora de forma sostenible el clima interior y ayuda a mantener el valor del tejido del edificio a largo plazo.<\/p>\n<p><strong>PD: Reducir la humedad de la mamposter\u00eda en s\u00f3lo un 1 % puede reducir los costes de calefacci\u00f3n hasta un 10 %.<\/strong><\/p>\n","protected":false},"excerpt":{"rendered":"<hr \/>\n<p><strong>Enlucido mineral aislante ligero<\/strong><\/p>\n<p>IsoTex R70 es un enlucido aislante t\u00e9rmico mineral muy ligero para uso interior y exterior. Gracias a su alta resistencia t\u00e9rmica estructural, reduce eficazmente las fugas de calor del edificio y contribuye as\u00ed a un notable ahorro de energ\u00eda. Gracias a su gesti\u00f3n inteligente de la humedad, los costes de calefacci\u00f3n y aire acondicionado pueden reducirse entre un 15% y un 40%. Con una conductividad t\u00e9rmica muy baja de 0,077 W\/mK, IsoTex R70 protege de forma fiable los edificios contra la p\u00e9rdida de calor en invierno y garantiza un clima interior agradablemente fresco en verano. La baja absorci\u00f3n capilar de agua garantiza que la mamposter\u00eda permanezca seca, un factor decisivo para el efecto aislante a largo plazo y la conservaci\u00f3n del valor del tejido del edificio.<\/p>\n<p><strong>Las ventajas m\u00e1s importantes de un vistazo:<\/strong><\/p>\n<div><img loading=\"lazy\" decoding=\"async\" class=\"alignnone wp-image-60501\" title=\"Icono enlucido ligero para fachadas 2 verde\" src=\"https:\/\/www.climatecoating.com\/wp-content\/uploads\/2020\/07\/Icon_lightweight-facade-plaster_2_green.png\" alt=\"Icono enlucido ligero para fachadas 2 verde\" width=\"50\" height=\"50\" srcset=\"https:\/\/www.climatecoating.com\/wp-content\/uploads\/2020\/07\/Icon_lightweight-facade-plaster_2_green.png 242w, https:\/\/www.climatecoating.com\/wp-content\/uploads\/2020\/07\/Icon_lightweight-facade-plaster_2_green-150x150.png 150w, https:\/\/www.climatecoating.com\/wp-content\/uploads\/2020\/07\/Icon_lightweight-facade-plaster_2_green-100x100.png 100w\" sizes=\"auto, (max-width: 50px) 100vw, 50px\" \/> enlucido mineral aislante t\u00e9rmico muy ligero para uso exterior e interior<\/div>\n<div><img loading=\"lazy\" decoding=\"async\" class=\"alignnone wp-image-62161\" title=\"Icon mineral grain green\" src=\"https:\/\/www.climatecoating.com\/wp-content\/uploads\/2020\/05\/Icon_mineral-grain_green.png\" alt=\"Icon mineral grain green\" width=\"50\" height=\"50\" srcset=\"https:\/\/www.climatecoating.com\/wp-content\/uploads\/2020\/05\/Icon_mineral-grain_green.png 242w, https:\/\/www.climatecoating.com\/wp-content\/uploads\/2020\/05\/Icon_mineral-grain_green-150x150.png 150w, https:\/\/www.climatecoating.com\/wp-content\/uploads\/2020\/05\/Icon_mineral-grain_green-100x100.png 100w\" sizes=\"auto, (max-width: 50px) 100vw, 50px\" \/> grano mineral de hasta 2 mm<\/div>\n<div><img loading=\"lazy\" decoding=\"async\" class=\"alignnone wp-image-59778\" title=\"Icon energy saving green\" src=\"https:\/\/www.climatecoating.com\/wp-content\/uploads\/2025\/11\/Icon_energy-saving_green-1.png\" alt=\"Icon energy saving green\" width=\"50\" height=\"50\" srcset=\"https:\/\/www.climatecoating.com\/wp-content\/uploads\/2025\/11\/Icon_energy-saving_green-1.png 242w, https:\/\/www.climatecoating.com\/wp-content\/uploads\/2025\/11\/Icon_energy-saving_green-1-150x150.png 150w, https:\/\/www.climatecoating.com\/wp-content\/uploads\/2025\/11\/Icon_energy-saving_green-1-100x100.png 100w\" sizes=\"auto, (max-width: 50px) 100vw, 50px\" \/> eficiencia energ\u00e9tica y ahorro de costes<\/div>\n<div><img loading=\"lazy\" decoding=\"async\" class=\"alignnone wp-image-60446\" title=\"Icono enfriamiento evaporativo regulaci\u00f3n de la humedad verde\" src=\"https:\/\/www.climatecoating.com\/wp-content\/uploads\/2020\/08\/Icon_evaporative-cooling_moisture-regulating_green.png\" alt=\"Icono enfriamiento evaporativo regulaci\u00f3n de la humedad verde\" width=\"50\" height=\"50\" srcset=\"https:\/\/www.climatecoating.com\/wp-content\/uploads\/2020\/08\/Icon_evaporative-cooling_moisture-regulating_green.png 242w, https:\/\/www.climatecoating.com\/wp-content\/uploads\/2020\/08\/Icon_evaporative-cooling_moisture-regulating_green-150x150.png 150w, https:\/\/www.climatecoating.com\/wp-content\/uploads\/2020\/08\/Icon_evaporative-cooling_moisture-regulating_green-100x100.png 100w\" sizes=\"auto, (max-width: 50px) 100vw, 50px\" \/> regulaci\u00f3n de la humedad<\/div>\n<div><img loading=\"lazy\" decoding=\"async\" class=\"alignnone wp-image-59755\" title=\"en verano: notablemente fresco\" src=\"https:\/\/www.climatecoating.com\/wp-content\/uploads\/2025\/11\/Icon_summer-heat-protection_green.png\" alt=\"en verano: notablemente fresco\" width=\"57\" height=\"57\" srcset=\"https:\/\/www.climatecoating.com\/wp-content\/uploads\/2025\/11\/Icon_summer-heat-protection_green.png 242w, https:\/\/www.climatecoating.com\/wp-content\/uploads\/2025\/11\/Icon_summer-heat-protection_green-150x150.png 150w, https:\/\/www.climatecoating.com\/wp-content\/uploads\/2025\/11\/Icon_summer-heat-protection_green-100x100.png 100w\" sizes=\"auto, (max-width: 57px) 100vw, 57px\" \/> alta resistencia t\u00e9rmica estructural<\/div>\n","protected":false},"featured_media":54314,"template":"","meta":[],"product_brand":[],"product_cat":[4332,774,777,791,940,860,946,792,824],"product_tag":[],"class_list":{"0":"post-54182","1":"product","2":"type-product","3":"status-publish","4":"has-post-thumbnail","6":"product_cat-revestimientos-exteriores-interiores","7":"product_cat-ambitos-de-aplicacion","8":"product_cat-en-el-exterior","9":"product_cat-residencial","10":"product_cat-aplicaciones-fuera-es","11":"product_cat-en-interiores","12":"product_cat-exterior-del-edificio","13":"product_cat-edificios-publicos","14":"product_cat-hosteleria-y-gastronomia","16":"first","17":"instock","18":"taxable","19":"shipping-taxable","20":"purchasable","21":"product-type-variable"},"_links":{"self":[{"href":"https:\/\/www.climatecoating.com\/es\/wp-json\/wp\/v2\/product\/54182","targetHints":{"allow":["GET"]}}],"collection":[{"href":"https:\/\/www.climatecoating.com\/es\/wp-json\/wp\/v2\/product"}],"about":[{"href":"https:\/\/www.climatecoating.com\/es\/wp-json\/wp\/v2\/types\/product"}],"wp:featuredmedia":[{"embeddable":true,"href":"https:\/\/www.climatecoating.com\/es\/wp-json\/wp\/v2\/media\/54314"}],"wp:attachment":[{"href":"https:\/\/www.climatecoating.com\/es\/wp-json\/wp\/v2\/media?parent=54182"}],"wp:term":[{"taxonomy":"product_brand","embeddable":true,"href":"https:\/\/www.climatecoating.com\/es\/wp-json\/wp\/v2\/product_brand?post=54182"},{"taxonomy":"product_cat","embeddable":true,"href":"https:\/\/www.climatecoating.com\/es\/wp-json\/wp\/v2\/product_cat?post=54182"},{"taxonomy":"product_tag","embeddable":true,"href":"https:\/\/www.climatecoating.com\/es\/wp-json\/wp\/v2\/product_tag?post=54182"}],"curies":[{"name":"wp","href":"https:\/\/api.w.org\/{rel}","templated":true}]}}