{"id":27622,"date":"2021-06-08T12:07:01","date_gmt":"2021-06-08T10:07:01","guid":{"rendered":"https:\/\/www.climatecoating.com\/refroidissement-et-reduction-des-couts-de-refroidissement\/"},"modified":"2026-02-16T09:50:37","modified_gmt":"2026-02-16T08:50:37","slug":"refroidissement-et-reduction-des-couts-de-refroidissement","status":"publish","type":"page","link":"https:\/\/www.climatecoating.com\/fr\/domaines-dapplication\/refroidissement-et-reduction-des-couts-de-refroidissement\/","title":{"rendered":"Refroidissement et r\u00e9duction des co\u00fbts de refroidissement"},"content":{"rendered":"<div class=\"wpb-content-wrapper\"><p>[vc_row row_type=&#8221;row&#8221; use_row_as_full_screen_section=&#8221;no&#8221; type=&#8221;full_width&#8221; text_align=&#8221;left&#8221; background_animation=&#8221;none&#8221; padding_bottom=&#8221;45&#8243; css_animation=&#8221;&#8221;][vc_column][vc_column_text css=&#8221;.vc_custom_1605177899210{padding-bottom: 30px !important;}&#8221;]<\/p>\n<h1>Refroidissement et r\u00e9duction des co\u00fbts de refroidissement<\/h1>\n<p>[\/vc_column_text][vc_single_image image=&#8221;28442&#8243; img_size=&#8221;full&#8221; css=&#8221;.vc_custom_1603351461583{padding-bottom: 30px !important;}&#8221; qode_css_animation=&#8221;&#8221;][\/vc_column][\/vc_row][vc_row row_type=&#8221;row&#8221; use_row_as_full_screen_section=&#8221;no&#8221; type=&#8221;full_width&#8221; text_align=&#8221;left&#8221; background_animation=&#8221;none&#8221; padding_bottom=&#8221;45&#8243; css_animation=&#8221;&#8221; el_class=&#8221;reverse_order&#8221;][vc_column width=&#8221;1\/4&#8243;]<div class=\"ult_row_spacer\"><div class=\"ult-sticky-anchor\"><div class=\"ult-sticky-section ult-sticky \"  data-gutter= '100' data-stick_behaviour= 'stick_with_scroll_row'  data-sticky_position= 'top' data-mobile='no' data-support='no'>[vc_raw_html]JTNDZGl2JTIwaWQlM0QlMjJsZWZ0bWVudSUyMiUzRSUwQSUzQ3VsJTIwY2xhc3MlM0QlMjJzdWItbWVudSUyMHN1Yi1tZW51c21hbGwlMjIlM0UlMEElMDklM0NsaSUyMGlkJTNEJTIybWVudS1pdGVtLTIyODcyJTIyJTIwY2xhc3MlM0QlMjJtZW51LWl0ZW0lMjBtZW51LWl0ZW0tdHlwZS1wb3N0X3R5cGUlMjBtZW51LWl0ZW0tb2JqZWN0LXBhZ2UlMjBjbXctbGV2ZWwtMiUyMG1lbnUtaXRlbS0yMjg3MiUyMiUzRSUzQ2ElMjBocmVmJTNEJTIyJTIzMSUyMiUzRVZhbGV1cnMlMjBkZSUyMHIlQzMlQTlmbGV4aW9uJTIwJUMzJUE5bGV2JUMzJUE5ZXMlMjAlRTIlODAlOTMlMjBwcmVzcXVlJTIwY29tbWUlMjBsYSUyMG5laWdlJTNDJTJGYSUzRSUzQyUyRmxpJTNFJTBBJTA5JTNDbGklMjBpZCUzRCUyMm1lbnUtaXRlbS0yMjg3NSUyMiUyMGNsYXNzJTNEJTIybWVudS1pdGVtJTIwbWVudS1pdGVtLXR5cGUtcG9zdF90eXBlJTIwbWVudS1pdGVtLW9iamVjdC1wYWdlJTIwY213LWxldmVsLTIlMjBtZW51LWl0ZW0tMjI4NzUlMjIlM0UlM0NhJTIwaHJlZiUzRCUyMiUyMzIlMjIlM0VSJUMzJUE5ZHVjdGlvbiUyMGRlcyUyMGNvJUMzJUJCdHMlMjBnciVDMyVBMmNlJTIwJUMzJUEwJTIwbGElMjBjbGltYXRpc2F0aW9uJTIwcGFzc2l2ZSUzQyUyRmElM0UlM0MlMkZsaSUzRSUwQSUwOSUzQ2xpJTIwaWQlM0QlMjJtZW51LWl0ZW0tMjI4NzklMjIlMjBjbGFzcyUzRCUyMm1lbnUtaXRlbSUyMG1lbnUtaXRlbS10eXBlLXBvc3RfdHlwZSUyMG1lbnUtaXRlbS1vYmplY3QtcGFnZSUyMGNtdy1sZXZlbC0yJTIwbWVudS1pdGVtLTIyODc5JTIyJTNFJTNDYSUyMGhyZWYlM0QlMjIlMjMzJTIyJTNFUHJvbG9uZ2F0aW9uJTIwZGUlMjBsYSUyMGR1ciVDMyVBOWUlMjBkZSUyMHZpZSUyMGRlJTIwbGElMjBjb25zdHJ1Y3Rpb24lMjBkdSUyMHRvaXQlM0MlMkZhJTNFJTNDJTJGbGklM0UlMEElM0MlMkZ1bCUzRSUwQSUzQyUyRmRpdiUzRQ==[\/vc_raw_html]<\/div><div class=\"ult-space\"><\/div><\/div><\/div>[\/vc_column][vc_column width=&#8221;3\/4&#8243;][vc_separator type=&#8221;normal&#8221; border_style=&#8221;&#8221; down=&#8221;30&#8243;][vc_column_text css=&#8221;.vc_custom_1603884116230{padding-bottom: 30px !important;}&#8221;]<\/p>\n<h2>Valeurs de r\u00e9flexion \u00e9lev\u00e9es &#8211; presque comme la neige<\/h2>\n<p>Le rev\u00eatement de toit ThermoActive est capable de r\u00e9fl\u00e9chir plus de 91 % de la lumi\u00e8re du soleil. C&#8217;est un pic qui a fait ses preuves. La neige pure refl\u00e8te 100 % de la lumi\u00e8re du soleil.[\/vc_column_text][vc_separator type=&#8221;normal&#8221; border_style=&#8221;&#8221; down=&#8221;30&#8243;][vc_column_text css=&#8221;.vc_custom_1603884147764{padding-bottom: 30px !important;}&#8221;]<\/p>\n<h2>R\u00e9duction des co\u00fbts gr\u00e2ce \u00e0 la climatisation passive<\/h2>\n<p>Le rev\u00eatement r\u00e9fl\u00e9chissant ThermoActive absorbe l&#8217;humidit\u00e9 qui s&#8217;\u00e9vapore au soleil et la refroidit. Le toit ne doit pas n\u00e9cessairement \u00eatre rev\u00eatu de blanc. Des capacit\u00e9s de refroidissement relativement \u00e9lev\u00e9es par \u00e9vaporation sont \u00e9galement obtenues avec des teintes plus fonc\u00e9es. Ainsi,<br \/>\nla consommation d&#8217;\u00e9nergie pour le refroidissement peut \u00eatre r\u00e9duite dans tous les cas et une contribution est apport\u00e9e \u00e0 la r\u00e9duction du CO2.[\/vc_column_text][vc_separator type=&#8221;normal&#8221; border_style=&#8221;&#8221; down=&#8221;30&#8243;][vc_column_text css=&#8221;.vc_custom_1603884182317{padding-bottom: 30px !important;}&#8221;]<\/p>\n<h2>Prolongation de la dur\u00e9e de vie de la construction du toit<\/h2>\n<p>L&#8217;excellente \u00e9lasticit\u00e9 de ThermoActive permet de franchir sans probl\u00e8me les transitions de mat\u00e9riaux et ce, \u00e0 des temp\u00e9ratures allant de -40\u00b0C \u00e0 +150\u00b0C. Le toit reste \u00e9tanche.<br \/>\nLe rev\u00eatement est tr\u00e8s robuste et insensible aux influences environnementales telles que les acides, les alcalis, l&#8217;ozone, les oxydes d&#8217;azote et de soufre. En outre, le rev\u00eatement est extr\u00eamement r\u00e9sistant aux UV. Pas de fragilisation, pas d&#8217;\u00e9caillage de la peinture, pas d&#8217;alt\u00e9ration et cela \u00e0 long terme.<\/p>\n<p>L&#8217;ensemble de ces mesures permet de prolonger la dur\u00e9e de vie de la structure du toit et de r\u00e9duire les co\u00fbts d&#8217;entretien.<\/p>\n<p><strong>Vous voulez en savoir plus ?<\/strong><br \/>\n<a href=\"https:\/\/www.climatecoating.com\/fr\/contact\/\"><strong>Prenez contact avec nous !<\/strong><\/a>[\/vc_column_text][vc_video link=&#8221;https:\/\/www.youtube.com\/watch?v=Lilz-969SIo&#8221;][\/vc_column][\/vc_row][vc_row row_type=&#8221;row&#8221; use_row_as_full_screen_section=&#8221;no&#8221; type=&#8221;full_width&#8221; text_align=&#8221;left&#8221; background_animation=&#8221;none&#8221; css_animation=&#8221;&#8221;][vc_column][vc_column_text]<\/p>\n<h3>Produits<\/h3>\n<p>[\/vc_column_text][vc_separator type=&#8221;small&#8221; position=&#8221;left&#8221; border_style=&#8221;&#8221; up=&#8221;18&#8243; down=&#8221;20&#8243; color=&#8221;#d6202d&#8221;]<div class=\"woocommerce columns-4 \"><ul class=\"products columns-4 clearfix default\">        <li class=\"product type-product post-27745 status-publish first instock product_cat-domaines-dapplication product_cat-batir-et-vivre product_cat-exterieur product_cat-industrie-alimentaire product_cat-industrie-manufacturiere product_cat-batiments-publics product_cat-agriculture-et-elevage has-post-thumbnail taxable shipping-taxable purchasable product-type-variable\">\n\n                        <div class=\"top-product-section\">\n\n                <a class=\"product_list_thumb_link\" href=\"https:\/\/www.climatecoating.com\/fr\/produkt\/thermoactif\/\">\n                    <span class=\"image-wrapper\">\n                    <img loading=\"lazy\" decoding=\"async\" width=\"300\" height=\"300\" src=\"https:\/\/www.climatecoating.com\/wp-content\/uploads\/2025\/10\/12L500ml_THERMOACTIVE_m_frei-2-1-300x300.png\" class=\"attachment-woocommerce_thumbnail size-woocommerce_thumbnail\" alt=\"Rev\u00eatement de toiture rafra\u00eechissant ThermoActive contre la chaleur, bidon de 12,5 litres\" srcset=\"https:\/\/www.climatecoating.com\/wp-content\/uploads\/2025\/10\/12L500ml_THERMOACTIVE_m_frei-2-1-300x300.png 300w, https:\/\/www.climatecoating.com\/wp-content\/uploads\/2025\/10\/12L500ml_THERMOACTIVE_m_frei-2-1-100x100.png 100w, https:\/\/www.climatecoating.com\/wp-content\/uploads\/2025\/10\/12L500ml_THERMOACTIVE_m_frei-2-1-600x600.png 600w, https:\/\/www.climatecoating.com\/wp-content\/uploads\/2025\/10\/12L500ml_THERMOACTIVE_m_frei-2-1-1024x1024.png 1024w, https:\/\/www.climatecoating.com\/wp-content\/uploads\/2025\/10\/12L500ml_THERMOACTIVE_m_frei-2-1-150x150.png 150w, https:\/\/www.climatecoating.com\/wp-content\/uploads\/2025\/10\/12L500ml_THERMOACTIVE_m_frei-2-1-768x768.png 768w, https:\/\/www.climatecoating.com\/wp-content\/uploads\/2025\/10\/12L500ml_THERMOACTIVE_m_frei-2-1-1536x1536.png 1536w, https:\/\/www.climatecoating.com\/wp-content\/uploads\/2025\/10\/12L500ml_THERMOACTIVE_m_frei-2-1-550x550.png 550w, https:\/\/www.climatecoating.com\/wp-content\/uploads\/2025\/10\/12L500ml_THERMOACTIVE_m_frei-2-1-500x500.png 500w, https:\/\/www.climatecoating.com\/wp-content\/uploads\/2025\/10\/12L500ml_THERMOACTIVE_m_frei-2-1-1000x1000.png 1000w, https:\/\/www.climatecoating.com\/wp-content\/uploads\/2025\/10\/12L500ml_THERMOACTIVE_m_frei-2-1-700x700.png 700w, https:\/\/www.climatecoating.com\/wp-content\/uploads\/2025\/10\/12L500ml_THERMOACTIVE_m_frei-2-1-1100x1100.png 1100w, https:\/\/www.climatecoating.com\/wp-content\/uploads\/2025\/10\/12L500ml_THERMOACTIVE_m_frei-2-1.png 1920w\" sizes=\"auto, (max-width: 300px) 100vw, 300px\" \/>                    <\/span>\n                <\/a>\n\n                <div class=\"add-to-cart-button-outer\"><div class=\"add-to-cart-button-inner\"><div class=\"add-to-cart-button-inner2\"><a href=\"https:\/\/www.climatecoating.com\/fr\/produkt\/thermoactif\/\" aria-describedby=\"woocommerce_loop_add_to_cart_link_describedby_27745\" data-quantity=\"1\" class=\"qbutton add-to-cart-button button product_type_variable add_to_cart_button\" data-product_id=\"27745\" data-product_sku=\"\" aria-label=\"S\u00e9lectionner les options pour &ldquo;ThermoActive&rdquo;\" rel=\"nofollow\">Optionen w\u00e4hlen<\/a><\/div><\/div><\/div>\t<span id=\"woocommerce_loop_add_to_cart_link_describedby_27745\" class=\"screen-reader-text\">\n\t\tCe produit a plusieurs variations. Les options peuvent \u00eatre choisies sur la page du produit\t<\/span>\n\n            <\/div>\n\n            <div class=\"product_info_box\">\n\t            <span class=\"product-categories\"><a href=\"https:\/\/www.climatecoating.com\/fr\/domaines-dapplication\/\" rel=\"tag\">Domaines d'application<\/a>, <a href=\"https:\/\/www.climatecoating.com\/fr\/domaines-dapplication\/batir-et-vivre\/\" rel=\"tag\">B\u00e2tir et vivre<\/a>, <a href=\"https:\/\/www.climatecoating.com\/fr\/produits\/exterieur\/\" rel=\"tag\">Ext\u00e9rieur<\/a>, <a href=\"https:\/\/www.climatecoating.com\/fr\/domaines-dapplication\/industrie-alimentaire\/\" rel=\"tag\">Industrie alimentaire<\/a>, <a href=\"https:\/\/www.climatecoating.com\/fr\/domaines-dapplication\/industrie-manufacturiere\/\" rel=\"tag\">Industrie manufacturi\u00e8re<\/a>, <a href=\"https:\/\/www.climatecoating.com\/fr\/domaines-dapplication\/batiments-publics\/\" rel=\"tag\">B\u00e2timents publics<\/a>, <a href=\"https:\/\/www.climatecoating.com\/fr\/domaines-dapplication\/agriculture-et-elevage\/\" rel=\"tag\">Agriculture et \u00e9levage<\/a><\/span>\n                <a href=\"https:\/\/www.climatecoating.com\/fr\/produkt\/thermoactif\/\" class=\"product-category\">\n                    <span class=\"product-title\">ThermoActive<\/span>\n\n                    \n\n\t<span class=\"price\">ab <span class=\"woocommerce-Price-amount amount\"><bdi>117,95&nbsp;<span class=\"woocommerce-Price-currencySymbol\">&euro;<\/span><\/bdi><\/span><\/span>\n\n\t<p class=\"price price-unit smaller wc-gzd-additional-info wc-gzd-additional-info-loop\"><span class=\"woocommerce-Price-amount amount\">23,59&nbsp;<span class=\"woocommerce-Price-currencySymbol\">&euro;<\/span><\/span> \/  <span class=\"unit\">l<\/span><\/p>\n\n                <\/a>\n            <\/div>\n\n            \n\t<p class=\"wc-gzd-additional-info wc-gzd-additional-info-loop tax-info\">incl. VAT<\/p>\n\n\t<p class=\"wc-gzd-additional-info wc-gzd-additional-info-loop shipping-costs-info\">zzgl. <a href=\"https:\/\/www.climatecoating.com\/shop\/versand\/\" target=\"_blank\">Versandkosten<\/a><\/p>\n\n\n\t<p class=\"wc-gzd-additional-info wc-gzd-additional-info-loop product-units-wrapper product-units\">Produkt enth\u00e4lt: 5 <span class=\"unit\">l<\/span> &ndash; 12,5 <span class=\"unit\">l<\/span> <\/p>\n<div class=\"add-to-cart-button-outer\"><div class=\"add-to-cart-button-inner\"><div class=\"add-to-cart-button-inner2\"><a href=\"https:\/\/www.climatecoating.com\/fr\/produkt\/thermoactif\/\" aria-describedby=\"woocommerce_loop_add_to_cart_link_describedby_27745\" data-quantity=\"1\" class=\"qbutton add-to-cart-button button product_type_variable add_to_cart_button\" data-product_id=\"27745\" data-product_sku=\"\" aria-label=\"S\u00e9lectionner les options pour &ldquo;ThermoActive&rdquo;\" rel=\"nofollow\">Optionen w\u00e4hlen<\/a><\/div><\/div><\/div>\t<span id=\"woocommerce_loop_add_to_cart_link_describedby_27745\" class=\"screen-reader-text\">\n\t\tCe produit a plusieurs variations. Les options peuvent \u00eatre choisies sur la page du produit\t<\/span>\n        <\/li>\n\n        <\/ul>\n<\/div>[\/vc_column][\/vc_row][vc_row row_type=&#8221;row&#8221; use_row_as_full_screen_section=&#8221;no&#8221; type=&#8221;full_width&#8221; text_align=&#8221;left&#8221; background_animation=&#8221;none&#8221; css_animation=&#8221;&#8221; css=&#8221;.vc_custom_1605014654715{padding-bottom: 30px !important;}&#8221;][vc_column][vc_column_text]<\/p>\n<h3>R\u00e9f\u00e9rences<\/h3>\n<p>[\/vc_column_text][vc_separator type=&#8221;small&#8221; position=&#8221;left&#8221; border_style=&#8221;&#8221; up=&#8221;18&#8243; down=&#8221;20&#8243; color=&#8221;#d6202d&#8221;]<div class='projects_holder_outer v4 portfolio_with_space portfolio_standard  qode-filter-position-top'>\n\t    \t<div class='projects_holder clearfix v4 standard portfolio_default_image '>\n\t\t<article class=\"mix portfolio_category_1303\">\n    <div class='image_holder default_hover'>\n        \n<span class='image'><img loading=\"lazy\" decoding=\"async\" width=\"550\" height=\"498\" src=\"https:\/\/www.climatecoating.com\/wp-content\/uploads\/2020\/07\/Kirche-in-Blokzijl_01-550x498.jpg\" class=\"attachment-portfolio-default size-portfolio-default wp-post-image\" alt=\"\u00c9glise de Blokzijl 01\" srcset=\"https:\/\/www.climatecoating.com\/wp-content\/uploads\/2020\/07\/Kirche-in-Blokzijl_01-550x498.jpg 550w, https:\/\/www.climatecoating.com\/wp-content\/uploads\/2020\/07\/Kirche-in-Blokzijl_01-480x434.jpg 480w, https:\/\/www.climatecoating.com\/wp-content\/uploads\/2020\/07\/Kirche-in-Blokzijl_01-125x112.jpg 125w\" sizes=\"auto, (max-width: 550px) 100vw, 550px\" \/><\/span>\n                    <a class='portfolio_link_class' href='https:\/\/www.climatecoating.com\/fr\/references\/reference\/eglise-de-blokzijl\/' target='_self'><\/a>\n\t\t\n        <div class=\"portfolio_shader\"><\/div>\n\t\t<div class=\"icons_holder\">\n\t<div class=\"icons_holder_inner\">\n\t\t\t\t\t<a class='portfolio_lightbox' title='Igreja em Blokzijl 01' href='https:\/\/www.climatecoating.com\/wp-content\/uploads\/2020\/07\/Kirche-in-Blokzijl_01.jpg' data-rel='prettyPhoto[pretty_photo_gallery]'><\/a>\n\t\t\t\t\t<\/div>\n<\/div>\n    <\/div>\n\n    <div class='portfolio_description ' >\n            <h4 class=\"portfolio_title\" ><a href=\"https:\/\/www.climatecoating.com\/fr\/references\/reference\/eglise-de-blokzijl\/\" target=\"_self\"> \u00c9glise de Blokzijl<\/a><\/h4>\n<h6 class=\"portfolio_subtitle\"> <\/h6>    <\/div>\n<\/article>\n<article class=\"mix portfolio_category_1047\">\n    <div class='image_holder default_hover'>\n        \n<span class='image'><img loading=\"lazy\" decoding=\"async\" width=\"550\" height=\"498\" src=\"https:\/\/www.climatecoating.com\/wp-content\/uploads\/2020\/07\/Einfamilienhaus-in-Erlenbach_01-550x498.jpg\" class=\"attachment-portfolio-default size-portfolio-default wp-post-image\" alt=\"Maison individuelle \u00e0 Erlenbach 01\" srcset=\"https:\/\/www.climatecoating.com\/wp-content\/uploads\/2020\/07\/Einfamilienhaus-in-Erlenbach_01-550x498.jpg 550w, https:\/\/www.climatecoating.com\/wp-content\/uploads\/2020\/07\/Einfamilienhaus-in-Erlenbach_01-480x434.jpg 480w, https:\/\/www.climatecoating.com\/wp-content\/uploads\/2020\/07\/Einfamilienhaus-in-Erlenbach_01-125x112.jpg 125w\" sizes=\"auto, (max-width: 550px) 100vw, 550px\" \/><\/span>\n                    <a class='portfolio_link_class' href='https:\/\/www.climatecoating.com\/fr\/references\/reference\/maison-individuelle-a-erlenbach\/' target='_self'><\/a>\n\t\t\n        <div class=\"portfolio_shader\"><\/div>\n\t\t<div class=\"icons_holder\">\n\t<div class=\"icons_holder_inner\">\n\t\t\t\t\t<a class='portfolio_lightbox' title='Refroidissement et r\u00e9duction des co\u00fbts de refroidissement' href='https:\/\/www.climatecoating.com\/wp-content\/uploads\/2020\/07\/Einfamilienhaus-in-Erlenbach_01.jpg' data-rel='prettyPhoto[pretty_photo_gallery]'><\/a>\n\t\t\t\t\t<\/div>\n<\/div>\n    <\/div>\n\n    <div class='portfolio_description ' >\n            <h4 class=\"portfolio_title\" ><a href=\"https:\/\/www.climatecoating.com\/fr\/references\/reference\/maison-individuelle-a-erlenbach\/\" target=\"_self\"> Maison individuelle \u00e0 Erlenbach<\/a><\/h4>\n<h6 class=\"portfolio_subtitle\"> <\/h6>    <\/div>\n<\/article>\n<article class=\"mix portfolio_category_1053\">\n    <div class='image_holder default_hover'>\n        \n<span class='image'><img loading=\"lazy\" decoding=\"async\" width=\"550\" height=\"498\" src=\"https:\/\/www.climatecoating.com\/wp-content\/uploads\/2020\/07\/Apotheke-in-Witten_01-550x498.jpg\" class=\"attachment-portfolio-default size-portfolio-default wp-post-image\" alt=\"Pharmacie \u00e0 Witten 01\" srcset=\"https:\/\/www.climatecoating.com\/wp-content\/uploads\/2020\/07\/Apotheke-in-Witten_01-550x498.jpg 550w, https:\/\/www.climatecoating.com\/wp-content\/uploads\/2020\/07\/Apotheke-in-Witten_01-480x434.jpg 480w, https:\/\/www.climatecoating.com\/wp-content\/uploads\/2020\/07\/Apotheke-in-Witten_01-125x112.jpg 125w\" sizes=\"auto, (max-width: 550px) 100vw, 550px\" \/><\/span>\n                    <a class='portfolio_link_class' href='https:\/\/www.climatecoating.com\/fr\/references\/reference\/pharmacie-a-witten\/' target='_self'><\/a>\n\t\t\n        <div class=\"portfolio_shader\"><\/div>\n\t\t<div class=\"icons_holder\">\n\t<div class=\"icons_holder_inner\">\n\t\t\t\t\t<a class='portfolio_lightbox' title='Refroidissement et r\u00e9duction des co\u00fbts de refroidissement' href='https:\/\/www.climatecoating.com\/wp-content\/uploads\/2020\/07\/Apotheke-in-Witten_01.jpg' data-rel='prettyPhoto[pretty_photo_gallery]'><\/a>\n\t\t\t\t\t<\/div>\n<\/div>\n    <\/div>\n\n    <div class='portfolio_description ' >\n            <h4 class=\"portfolio_title\" ><a href=\"https:\/\/www.climatecoating.com\/fr\/references\/reference\/pharmacie-a-witten\/\" target=\"_self\"> Pharmacie \u00e0 Witten<\/a><\/h4>\n<h6 class=\"portfolio_subtitle\"> <\/h6>    <\/div>\n<\/article>\n<article class=\"mix portfolio_category_1047\">\n    <div class='image_holder default_hover'>\n        \n<span class='image'><img loading=\"lazy\" decoding=\"async\" width=\"550\" height=\"498\" src=\"https:\/\/www.climatecoating.com\/wp-content\/uploads\/2020\/07\/Mehrfamilienhaus-in-Jonava_03-550x498.jpg\" class=\"attachment-portfolio-default size-portfolio-default wp-post-image\" alt=\"Maison d&#039;appartements \u00e0 Jonava 03\" srcset=\"https:\/\/www.climatecoating.com\/wp-content\/uploads\/2020\/07\/Mehrfamilienhaus-in-Jonava_03-550x498.jpg 550w, https:\/\/www.climatecoating.com\/wp-content\/uploads\/2020\/07\/Mehrfamilienhaus-in-Jonava_03-480x434.jpg 480w, https:\/\/www.climatecoating.com\/wp-content\/uploads\/2020\/07\/Mehrfamilienhaus-in-Jonava_03-125x112.jpg 125w\" sizes=\"auto, (max-width: 550px) 100vw, 550px\" \/><\/span>\n                    <a class='portfolio_link_class' href='https:\/\/www.climatecoating.com\/fr\/references\/reference\/maison-dappartements-a-jonava\/' target='_self'><\/a>\n\t\t\n        <div class=\"portfolio_shader\"><\/div>\n\t\t<div class=\"icons_holder\">\n\t<div class=\"icons_holder_inner\">\n\t\t\t\t\t<a class='portfolio_lightbox' title='Refroidissement et r\u00e9duction des co\u00fbts de refroidissement' href='https:\/\/www.climatecoating.com\/wp-content\/uploads\/2020\/07\/Mehrfamilienhaus-in-Jonava_03.jpg' data-rel='prettyPhoto[pretty_photo_gallery]'><\/a>\n\t\t\t\t\t<\/div>\n<\/div>\n    <\/div>\n\n    <div class='portfolio_description ' >\n            <h4 class=\"portfolio_title\" ><a href=\"https:\/\/www.climatecoating.com\/fr\/references\/reference\/maison-dappartements-a-jonava\/\" target=\"_self\"> Maison d&#8217;appartements \u00e0 Jonava<\/a><\/h4>\n<h6 class=\"portfolio_subtitle\"> <\/h6>    <\/div>\n<\/article>\n\t\t\t\t\t<div class='filler'><\/div>\n\t\t\t\t\t\t\t\t\t<div class='filler'><\/div>\n\t\t\t\t\t\t\t\t\t<div class='filler'><\/div>\n\t\t\t\t\t\t\t\t\t<div class='filler'><\/div>\n\t\t\t\t\t<\/div>\n\n    \n\t\t\t<div class=\"portfolio_paging\"><span rel=\"10\" class=\"load_more\"><a href=\"https:\/\/www.climatecoating.com\/fr\/wp-json\/wp\/v2\/pages\/27622\/page\/2\/\" >Voir plus<\/a><\/span><\/div>\n\t\t<div class=\"portfolio_paging_loading\"><a href=\"javascript: void(0)\" class=\"qbutton\">Loading...<\/a><\/div>\n\t<\/div>\n[\/vc_column][\/vc_row][vc_row row_type=&#8221;row&#8221; use_row_as_full_screen_section=&#8221;no&#8221; type=&#8221;full_width&#8221; text_align=&#8221;left&#8221; background_animation=&#8221;none&#8221; css_animation=&#8221;&#8221;][vc_column][\/vc_column][\/vc_row]<\/p>\n<\/div>","protected":false},"excerpt":{"rendered":"14% d'\u00e9conomies d'\u00e9nergie de chauffage apr\u00e8s la r\u00e9novation de la fa\u00e7ade effectu\u00e9e en 2009, valeurs de consommation certifi\u00e9es pour la p\u00e9riode 2008 \u00e0 2014 L'immeuble d'appartements est un b\u00e2timent pr\u00e9fabriqu\u00e9. L'adresse est Chemik\u0173 gatv\u0117 112, Jonava 55231. C'est en Lituanie, pr\u00e8s de Kaunas, au centre...","protected":false},"author":1,"featured_media":0,"parent":27739,"menu_order":9999,"comment_status":"closed","ping_status":"closed","template":"","meta":{"footnotes":""},"class_list":["post-27622","page","type-page","status-publish","hentry"],"_links":{"self":[{"href":"https:\/\/www.climatecoating.com\/fr\/wp-json\/wp\/v2\/pages\/27622","targetHints":{"allow":["GET"]}}],"collection":[{"href":"https:\/\/www.climatecoating.com\/fr\/wp-json\/wp\/v2\/pages"}],"about":[{"href":"https:\/\/www.climatecoating.com\/fr\/wp-json\/wp\/v2\/types\/page"}],"author":[{"embeddable":true,"href":"https:\/\/www.climatecoating.com\/fr\/wp-json\/wp\/v2\/users\/1"}],"replies":[{"embeddable":true,"href":"https:\/\/www.climatecoating.com\/fr\/wp-json\/wp\/v2\/comments?post=27622"}],"version-history":[{"count":1,"href":"https:\/\/www.climatecoating.com\/fr\/wp-json\/wp\/v2\/pages\/27622\/revisions"}],"predecessor-version":[{"id":63870,"href":"https:\/\/www.climatecoating.com\/fr\/wp-json\/wp\/v2\/pages\/27622\/revisions\/63870"}],"up":[{"embeddable":true,"href":"https:\/\/www.climatecoating.com\/fr\/wp-json\/wp\/v2\/pages\/27739"}],"wp:attachment":[{"href":"https:\/\/www.climatecoating.com\/fr\/wp-json\/wp\/v2\/media?parent=27622"}],"curies":[{"name":"wp","href":"https:\/\/api.w.org\/{rel}","templated":true}]}}