{"id":27673,"date":"2021-06-08T12:07:17","date_gmt":"2021-06-08T10:07:17","guid":{"rendered":"https:\/\/www.climatecoating.com\/batiments-publics\/"},"modified":"2026-02-16T11:02:31","modified_gmt":"2026-02-16T10:02:31","slug":"batiments-publics","status":"publish","type":"page","link":"https:\/\/www.climatecoating.com\/fr\/domaines-dapplication\/batiments-publics\/","title":{"rendered":"B\u00e2timents publics"},"content":{"rendered":"<div class=\"wpb-content-wrapper\"><p>[vc_row row_type=&#8221;row&#8221; use_row_as_full_screen_section=&#8221;no&#8221; type=&#8221;full_width&#8221; text_align=&#8221;left&#8221; background_animation=&#8221;none&#8221; padding_bottom=&#8221;45&#8243; css_animation=&#8221;&#8221;][vc_column][vc_single_image image=&#8221;30719&#8243; img_size=&#8221;full&#8221; css=&#8221;.vc_custom_1605018495625{padding-bottom: 30px !important;}&#8221; qode_css_animation=&#8221;&#8221;][vc_column_text]<\/p>\n<h1>B\u00e2timents publics<\/h1>\n<p>[\/vc_column_text][vc_column_text css=&#8221;.vc_custom_1771236127514{padding-bottom: 30px !important;}&#8221;]<span style=\"font-size: 20px;\">Avec ClimateCoating<sup>\u00ae<\/sup><sup>\u00a0<\/sup><\/span><span style=\"font-size: 20px;\">&#8211; Climat int\u00e9rieur agr\u00e9able. \u00c9conomies d&#8217;\u00e9nergie. Utilisation durable. <\/span><\/p>\n<p data-start=\"548\" data-end=\"1236\">Les longs couloirs, les hauts plafonds et les grandes surfaces de toitures rendent les b\u00e2timents publics particuli\u00e8rement gourmands en \u00e9nergie et posent des exigences \u00e9lev\u00e9es en mati\u00e8re d&#8217;exploitation et d&#8217;entretien. Les peintures fonctionnelles ClimateCoating<sup>\u00ae<\/sup> contribuent \u00e0 <em>r\u00e9duire sensiblement les co\u00fbts de chauffage, d&#8217;\u00e9lectricit\u00e9 et d&#8217;\u00e9nergie<\/em>, tout en assurant une r\u00e9partition uniforme de la temp\u00e9rature dans tous les locaux. Ces rev\u00eatements durables <em>r\u00e9duisent les travaux de r\u00e9novation et d&#8217;entretien<\/em>, tandis que leurs principes d&#8217;action physiques assurent une <em>protection \u00e0 long terme , une efficacit\u00e9 \u00e9nerg\u00e9tique et un climat int\u00e9rieur agr\u00e9able<\/em>. Les \u00e9tablissements publics b\u00e9n\u00e9ficient ainsi d&#8217;un b\u00e2timent durable, efficace et confortable, avec <em>des co\u00fbts d&#8217;exploitation consid\u00e9rablement r\u00e9duits<\/em>.<\/p>\n<p>[\/vc_column_text][vc_row_inner row_type=&#8221;row&#8221; type=&#8221;full_width&#8221; use_row_as_full_screen_section_slide=&#8221;no&#8221; text_align=&#8221;left&#8221; css_animation=&#8221;&#8221;][vc_column_inner width=&#8221;1\/3&#8243;][vc_column_text]CLIMAT DE LA PI\u00c8CE[\/vc_column_text][vc_gallery interval=&#8221;3&#8243; images=&#8221;29256,28378,29235,30731&#8243; img_size=&#8221;full&#8221; onclick=&#8221;&#8221; css=&#8221;&#8221; el_class=&#8221;flex-noarrows&#8221;][vc_separator type=&#8221;small&#8221; position=&#8221;left&#8221; border_style=&#8221;&#8221; up=&#8221;18&#8243; down=&#8221;20&#8243; color=&#8221;#d6202d&#8221;][vc_column_text]Protection contre les moisissures<\/p>\n<p>Hygi\u00e8ne des chambres<\/p>\n<p>Pr\u00e9vention des condensats<\/p>\n<p>R\u00e9gulation de l&#8217;humidit\u00e9<\/p>\n<p>Am\u00e9lioration du climat de la pi\u00e8ce<\/p>\n<p>Confort de vie<\/p>\n<p>Neutralit\u00e9 des odeurs<\/p>\n<p>R\u00e9sistance \u00e0 la salet\u00e9<\/p>\n<p>\u00c9conomie d&#8217;\u00e9nergie<\/p>\n<p>Stabilit\u00e9 de la couleur<\/p>\n<p>Am\u00e9lioration de l&#8217;acoustique<\/p>\n<p>\u00c9claircissement des pi\u00e8ces par r\u00e9flexion de la lumi\u00e8re<\/p>\n<p>Rafra\u00eechissement des carreaux de plafond[\/vc_column_text][\/vc_column_inner][vc_column_inner width=&#8221;1\/3&#8243;][vc_column_text]VALEUR AJOUT\u00c9E[\/vc_column_text][vc_gallery interval=&#8221;3&#8243; images=&#8221;30521,30541,30545&#8243; img_size=&#8221;full&#8221; onclick=&#8221;&#8221; css=&#8221;&#8221; el_class=&#8221;flex-noarrows&#8221;][vc_separator type=&#8221;small&#8221; position=&#8221;left&#8221; border_style=&#8221;&#8221; up=&#8221;18&#8243; down=&#8221;20&#8243; color=&#8221;#d6202d&#8221;][vc_column_text]\u00c9conomie d&#8217;\u00e9nergie<\/p>\n<p>Long\u00e9vit\u00e9<\/p>\n<p>Sans fissures<\/p>\n<p>Robustesse<\/p>\n<p>Repousse la salet\u00e9<\/p>\n<p>Gestion de l&#8217;humidit\u00e9<\/p>\n<p>Ignifugation<\/p>\n<p>D\u00e9shumidification douce des fa\u00e7ades historiques<\/p>\n<p>Conservation de la valeur des fa\u00e7ades historiques[\/vc_column_text][\/vc_column_inner][vc_column_inner width=&#8221;1\/3&#8243;][vc_column_text]APPLICATIONS TOITURE[\/vc_column_text][vc_gallery interval=&#8221;3&#8243; images=&#8221;27747,27846,27807&#8243; img_size=&#8221;full&#8221; onclick=&#8221;&#8221; css=&#8221;&#8221; el_class=&#8221;flex-noarrows&#8221;][vc_separator type=&#8221;small&#8221; position=&#8221;left&#8221; border_style=&#8221;&#8221; up=&#8221;18&#8243; down=&#8221;20&#8243; color=&#8221;#d6202d&#8221;][vc_column_text]Refroidissement et r\u00e9duction des co\u00fbts de refroidissement<\/p>\n<p>Protection contre les intemp\u00e9ries<\/p>\n<p>\u00c9tanch\u00e9it\u00e9<\/p>\n<p>D\u00e9tente thermique[\/vc_column_text][\/vc_column_inner][\/vc_row_inner][\/vc_column][\/vc_row][vc_row row_type=&#8221;row&#8221; use_row_as_full_screen_section=&#8221;no&#8221; type=&#8221;full_width&#8221; text_align=&#8221;left&#8221; background_animation=&#8221;none&#8221; css_animation=&#8221;&#8221;][vc_column][\/vc_column][\/vc_row]<\/p>\n<\/div>","protected":false},"excerpt":{"rendered":"B\u00e2timents publics Avec ClimateCoating\u00ae\u00a0- Climat int\u00e9rieur agr\u00e9able. \u00c9conomies d'\u00e9nergie. Utilisation durable. Les longs couloirs, les hauts plafonds et les grandes surfaces de toitures rendent les b\u00e2timents publics particuli\u00e8rement gourmands en \u00e9nergie et posent des exigences \u00e9lev\u00e9es en mati\u00e8re d'exploitation et d'entretien. Les peintures fonctionnelles ClimateCoating\u00ae...","protected":false},"author":1,"featured_media":0,"parent":27739,"menu_order":125,"comment_status":"closed","ping_status":"closed","template":"","meta":{"footnotes":""},"class_list":["post-27673","page","type-page","status-publish","hentry"],"_links":{"self":[{"href":"https:\/\/www.climatecoating.com\/fr\/wp-json\/wp\/v2\/pages\/27673","targetHints":{"allow":["GET"]}}],"collection":[{"href":"https:\/\/www.climatecoating.com\/fr\/wp-json\/wp\/v2\/pages"}],"about":[{"href":"https:\/\/www.climatecoating.com\/fr\/wp-json\/wp\/v2\/types\/page"}],"author":[{"embeddable":true,"href":"https:\/\/www.climatecoating.com\/fr\/wp-json\/wp\/v2\/users\/1"}],"replies":[{"embeddable":true,"href":"https:\/\/www.climatecoating.com\/fr\/wp-json\/wp\/v2\/comments?post=27673"}],"version-history":[{"count":6,"href":"https:\/\/www.climatecoating.com\/fr\/wp-json\/wp\/v2\/pages\/27673\/revisions"}],"predecessor-version":[{"id":63920,"href":"https:\/\/www.climatecoating.com\/fr\/wp-json\/wp\/v2\/pages\/27673\/revisions\/63920"}],"up":[{"embeddable":true,"href":"https:\/\/www.climatecoating.com\/fr\/wp-json\/wp\/v2\/pages\/27739"}],"wp:attachment":[{"href":"https:\/\/www.climatecoating.com\/fr\/wp-json\/wp\/v2\/media?parent=27673"}],"curies":[{"name":"wp","href":"https:\/\/api.w.org\/{rel}","templated":true}]}}