{"id":27739,"date":"2021-06-08T12:09:25","date_gmt":"2021-06-08T10:09:25","guid":{"rendered":"https:\/\/www.climatecoating.com\/domaines-dapplication\/"},"modified":"2026-01-07T15:46:49","modified_gmt":"2026-01-07T14:46:49","slug":"domaines-dapplication","status":"publish","type":"page","link":"https:\/\/www.climatecoating.com\/fr\/domaines-dapplication\/","title":{"rendered":"Domaines d&#8217;application"},"content":{"rendered":"<div class=\"wpb-content-wrapper\"><p>[vc_row row_type=&#8221;row&#8221; use_row_as_full_screen_section=&#8221;no&#8221; type=&#8221;full_width&#8221; text_align=&#8221;left&#8221; background_animation=&#8221;none&#8221; padding_bottom=&#8221;45&#8243; css_animation=&#8221;&#8221;][vc_column][vc_column_text]<\/p>\n<h1>Domaines d&#8217;application<\/h1>\n<p>[\/vc_column_text][vc_column_text css=&#8221;.vc_custom_1767797202468{padding-bottom: 30px !important;}&#8221;]Vous trouverez ici des rev\u00eatements fonctionnels innovants pour toutes les applications et tous les d\u00e9fis de votre secteur &#8211; qu&#8217;il s&#8217;agisse de la r\u00e9flexion de la lumi\u00e8re solaire, de la protection \u00e0 long terme ou de l&#8217;optimisation du bilan \u00e9nerg\u00e9tique des b\u00e2timents. En effet, les produits ClimateCoating\u00ae sont plus que de simples peintures ou rev\u00eatements de protection. Ils offrent \u00e0 la fois <a href=\"https:\/\/www.climatecoating.com\/unternehmen\/glossar\/\" target=\"_blank\" rel=\"noopener\">une protection thermique estivale<\/a> et <a href=\"https:\/\/www.climatecoating.com\/unternehmen\/glossar\/\" target=\"_blank\" rel=\"noopener\">une protection thermique hivernale<\/a>, contribuant ainsi \u00e0 un climat int\u00e9rieur agr\u00e9able et \u00e0 une meilleure efficacit\u00e9 \u00e9nerg\u00e9tique tout au long de l&#8217;ann\u00e9e. Vous b\u00e9n\u00e9ficiez ainsi de peintures durables qui prot\u00e8gent de mani\u00e8re fiable, \u00e9conomisent des frais de chauffage, de l&#8217;\u00e9lectricit\u00e9 et de l&#8217;\u00e9nergie, et dont l&#8217;effet dure de nombreuses ann\u00e9es.<\/p>\n<p>Le <a href=\"https:\/\/www.climatecoating.com\/fr\/calculus\/\" target=\"_blank\" rel=\"noopener\">calculateur de temp\u00e9rature Calculus<sup>\u00ae<\/sup> bas\u00e9 sur l&#8217;intelligence artificielle<\/a> permet de visualiser la r\u00e9duction de la temp\u00e9rature et les \u00e9conomies d&#8217;\u00e9nergie r\u00e9alis\u00e9es gr\u00e2ce \u00e0 l&#8217;application des rev\u00eatements ext\u00e9rieurs ThermoProtect et ThermoActive.[\/vc_column_text]<div class=\"woocommerce columns-4\"><ul class=\"products columns-4 clearfix default\"><li class=\"product-category product first\">\n\t<a aria-label=\"Acc\u00e9der \u00e0 la cat\u00e9gorie de produits B\u00e2tir et vivre\" href=\"https:\/\/www.climatecoating.com\/fr\/domaines-dapplication\/batir-et-vivre\/\"><img loading=\"lazy\" decoding=\"async\" src=\"https:\/\/www.climatecoating.com\/wp-content\/uploads\/2025\/10\/Bauen-Wohnen_600px_2-300x300.jpg\" alt=\"B\u00e2tir et vivre\" width=\"300\" height=\"300\" srcset=\"https:\/\/www.climatecoating.com\/wp-content\/uploads\/2025\/10\/Bauen-Wohnen_600px_2-300x300.jpg 300w, https:\/\/www.climatecoating.com\/wp-content\/uploads\/2025\/10\/Bauen-Wohnen_600px_2-100x100.jpg 100w, https:\/\/www.climatecoating.com\/wp-content\/uploads\/2025\/10\/Bauen-Wohnen_600px_2-150x150.jpg 150w, https:\/\/www.climatecoating.com\/wp-content\/uploads\/2025\/10\/Bauen-Wohnen_600px_2-550x550.jpg 550w, https:\/\/www.climatecoating.com\/wp-content\/uploads\/2025\/10\/Bauen-Wohnen_600px_2-500x500.jpg 500w, https:\/\/www.climatecoating.com\/wp-content\/uploads\/2025\/10\/Bauen-Wohnen_600px_2.jpg 600w\" sizes=\"auto, (max-width: 300px) 100vw, 300px\" \/>\t\t<h2 class=\"woocommerce-loop-category__title\">\n\t\t\tB\u00e2tir et vivre <mark class=\"count\">(17)<\/mark>\t\t<\/h2>\n\t\t<\/a><\/li>\n<li class=\"product-category product\">\n\t<a aria-label=\"Acc\u00e9der \u00e0 la cat\u00e9gorie de produits Protection des monuments\" href=\"https:\/\/www.climatecoating.com\/fr\/domaines-dapplication\/protection-des-monuments\/\"><img loading=\"lazy\" decoding=\"async\" src=\"https:\/\/www.climatecoating.com\/wp-content\/uploads\/2020\/10\/Denkmalschutz_600px-300x300.jpg\" alt=\"Protection des monuments\" width=\"300\" height=\"300\" srcset=\"https:\/\/www.climatecoating.com\/wp-content\/uploads\/2020\/10\/Denkmalschutz_600px-300x300.jpg 300w, https:\/\/www.climatecoating.com\/wp-content\/uploads\/2020\/10\/Denkmalschutz_600px-100x100.jpg 100w, https:\/\/www.climatecoating.com\/wp-content\/uploads\/2020\/10\/Denkmalschutz_600px-150x150.jpg 150w, https:\/\/www.climatecoating.com\/wp-content\/uploads\/2020\/10\/Denkmalschutz_600px-550x550.jpg 550w, https:\/\/www.climatecoating.com\/wp-content\/uploads\/2020\/10\/Denkmalschutz_600px-500x500.jpg 500w, https:\/\/www.climatecoating.com\/wp-content\/uploads\/2020\/10\/Denkmalschutz_600px.jpg 600w\" sizes=\"auto, (max-width: 300px) 100vw, 300px\" \/>\t\t<h2 class=\"woocommerce-loop-category__title\">\n\t\t\tProtection des monuments <mark class=\"count\">(1)<\/mark>\t\t<\/h2>\n\t\t<\/a><\/li>\n<li class=\"product-category product\">\n\t<a aria-label=\"Acc\u00e9der \u00e0 la cat\u00e9gorie de produits Industrie alimentaire\" href=\"https:\/\/www.climatecoating.com\/fr\/domaines-dapplication\/industrie-alimentaire\/\"><img loading=\"lazy\" decoding=\"async\" src=\"https:\/\/www.climatecoating.com\/wp-content\/uploads\/2020\/10\/Lebensmittelindustrie_600px-300x300.jpg\" alt=\"Industrie alimentaire\" width=\"300\" height=\"300\" srcset=\"https:\/\/www.climatecoating.com\/wp-content\/uploads\/2020\/10\/Lebensmittelindustrie_600px-300x300.jpg 300w, https:\/\/www.climatecoating.com\/wp-content\/uploads\/2020\/10\/Lebensmittelindustrie_600px-100x100.jpg 100w, https:\/\/www.climatecoating.com\/wp-content\/uploads\/2020\/10\/Lebensmittelindustrie_600px-150x150.jpg 150w, https:\/\/www.climatecoating.com\/wp-content\/uploads\/2020\/10\/Lebensmittelindustrie_600px-550x550.jpg 550w, https:\/\/www.climatecoating.com\/wp-content\/uploads\/2020\/10\/Lebensmittelindustrie_600px-500x500.jpg 500w, https:\/\/www.climatecoating.com\/wp-content\/uploads\/2020\/10\/Lebensmittelindustrie_600px.jpg 600w\" sizes=\"auto, (max-width: 300px) 100vw, 300px\" \/>\t\t<h2 class=\"woocommerce-loop-category__title\">\n\t\t\tIndustrie alimentaire <mark class=\"count\">(3)<\/mark>\t\t<\/h2>\n\t\t<\/a><\/li>\n<li class=\"product-category product last\">\n\t<a aria-label=\"Acc\u00e9der \u00e0 la cat\u00e9gorie de produits Industrie manufacturi\u00e8re\" href=\"https:\/\/www.climatecoating.com\/fr\/domaines-dapplication\/industrie-manufacturiere\/\"><img loading=\"lazy\" decoding=\"async\" src=\"https:\/\/www.climatecoating.com\/wp-content\/uploads\/2020\/10\/Produzierendes-Gewerbe1_600px-300x300.jpg\" alt=\"Industrie manufacturi\u00e8re\" width=\"300\" height=\"300\" srcset=\"https:\/\/www.climatecoating.com\/wp-content\/uploads\/2020\/10\/Produzierendes-Gewerbe1_600px-300x300.jpg 300w, https:\/\/www.climatecoating.com\/wp-content\/uploads\/2020\/10\/Produzierendes-Gewerbe1_600px-100x100.jpg 100w, https:\/\/www.climatecoating.com\/wp-content\/uploads\/2020\/10\/Produzierendes-Gewerbe1_600px-150x150.jpg 150w, https:\/\/www.climatecoating.com\/wp-content\/uploads\/2020\/10\/Produzierendes-Gewerbe1_600px-550x550.jpg 550w, https:\/\/www.climatecoating.com\/wp-content\/uploads\/2020\/10\/Produzierendes-Gewerbe1_600px-500x500.jpg 500w, https:\/\/www.climatecoating.com\/wp-content\/uploads\/2020\/10\/Produzierendes-Gewerbe1_600px.jpg 600w\" sizes=\"auto, (max-width: 300px) 100vw, 300px\" \/>\t\t<h2 class=\"woocommerce-loop-category__title\">\n\t\t\tIndustrie manufacturi\u00e8re <mark class=\"count\">(5)<\/mark>\t\t<\/h2>\n\t\t<\/a><\/li>\n<li class=\"product-category product first\">\n\t<a aria-label=\"Acc\u00e9der \u00e0 la cat\u00e9gorie de produits B\u00e2timents publics\" href=\"https:\/\/www.climatecoating.com\/fr\/domaines-dapplication\/batiments-publics\/\"><img loading=\"lazy\" decoding=\"async\" src=\"https:\/\/www.climatecoating.com\/wp-content\/uploads\/2020\/10\/Oeffentliche-Gebaeude_2560x1440px-1-300x300.jpg\" alt=\"B\u00e2timents publics\" width=\"300\" height=\"300\" srcset=\"https:\/\/www.climatecoating.com\/wp-content\/uploads\/2020\/10\/Oeffentliche-Gebaeude_2560x1440px-1-300x300.jpg 300w, https:\/\/www.climatecoating.com\/wp-content\/uploads\/2020\/10\/Oeffentliche-Gebaeude_2560x1440px-1-100x100.jpg 100w, https:\/\/www.climatecoating.com\/wp-content\/uploads\/2020\/10\/Oeffentliche-Gebaeude_2560x1440px-1-150x150.jpg 150w, https:\/\/www.climatecoating.com\/wp-content\/uploads\/2020\/10\/Oeffentliche-Gebaeude_2560x1440px-1-550x550.jpg 550w, https:\/\/www.climatecoating.com\/wp-content\/uploads\/2020\/10\/Oeffentliche-Gebaeude_2560x1440px-1-500x500.jpg 500w, https:\/\/www.climatecoating.com\/wp-content\/uploads\/2020\/10\/Oeffentliche-Gebaeude_2560x1440px-1.jpg 600w\" sizes=\"auto, (max-width: 300px) 100vw, 300px\" \/>\t\t<h2 class=\"woocommerce-loop-category__title\">\n\t\t\tB\u00e2timents publics <mark class=\"count\">(12)<\/mark>\t\t<\/h2>\n\t\t<\/a><\/li>\n<li class=\"product-category product\">\n\t<a aria-label=\"Acc\u00e9der \u00e0 la cat\u00e9gorie de produits Transport et circulation\" href=\"https:\/\/www.climatecoating.com\/fr\/domaines-dapplication\/transport-et-circulation\/\"><img loading=\"lazy\" decoding=\"async\" src=\"https:\/\/www.climatecoating.com\/wp-content\/uploads\/2020\/10\/Transport-Verkehr_600px-300x300.jpg\" alt=\"Transport et circulation\" width=\"300\" height=\"300\" srcset=\"https:\/\/www.climatecoating.com\/wp-content\/uploads\/2020\/10\/Transport-Verkehr_600px-300x300.jpg 300w, https:\/\/www.climatecoating.com\/wp-content\/uploads\/2020\/10\/Transport-Verkehr_600px-100x100.jpg 100w, https:\/\/www.climatecoating.com\/wp-content\/uploads\/2020\/10\/Transport-Verkehr_600px-150x150.jpg 150w, https:\/\/www.climatecoating.com\/wp-content\/uploads\/2020\/10\/Transport-Verkehr_600px-550x550.jpg 550w, https:\/\/www.climatecoating.com\/wp-content\/uploads\/2020\/10\/Transport-Verkehr_600px-500x500.jpg 500w, https:\/\/www.climatecoating.com\/wp-content\/uploads\/2020\/10\/Transport-Verkehr_600px.jpg 600w\" sizes=\"auto, (max-width: 300px) 100vw, 300px\" \/>\t\t<h2 class=\"woocommerce-loop-category__title\">\n\t\t\tTransport et circulation <mark class=\"count\">(1)<\/mark>\t\t<\/h2>\n\t\t<\/a><\/li>\n<li class=\"product-category product\">\n\t<a aria-label=\"Acc\u00e9der \u00e0 la cat\u00e9gorie de produits Jardin et loisirs\" href=\"https:\/\/www.climatecoating.com\/fr\/domaines-dapplication\/jardin-et-loisirs\/\"><img loading=\"lazy\" decoding=\"async\" src=\"https:\/\/www.climatecoating.com\/wp-content\/uploads\/2020\/10\/Garten-Freizeit_600px-300x300.jpg\" alt=\"Jardin et loisirs\" width=\"300\" height=\"300\" srcset=\"https:\/\/www.climatecoating.com\/wp-content\/uploads\/2020\/10\/Garten-Freizeit_600px-300x300.jpg 300w, https:\/\/www.climatecoating.com\/wp-content\/uploads\/2020\/10\/Garten-Freizeit_600px-100x100.jpg 100w, https:\/\/www.climatecoating.com\/wp-content\/uploads\/2020\/10\/Garten-Freizeit_600px-150x150.jpg 150w, https:\/\/www.climatecoating.com\/wp-content\/uploads\/2020\/10\/Garten-Freizeit_600px-550x550.jpg 550w, https:\/\/www.climatecoating.com\/wp-content\/uploads\/2020\/10\/Garten-Freizeit_600px-500x500.jpg 500w, https:\/\/www.climatecoating.com\/wp-content\/uploads\/2020\/10\/Garten-Freizeit_600px.jpg 600w\" sizes=\"auto, (max-width: 300px) 100vw, 300px\" \/>\t\t<h2 class=\"woocommerce-loop-category__title\">\n\t\t\tJardin et loisirs\t\t<\/h2>\n\t\t<\/a><\/li>\n<li class=\"product-category product last\">\n\t<a aria-label=\"Acc\u00e9der \u00e0 la cat\u00e9gorie de produits Agriculture et \u00e9levage\" href=\"https:\/\/www.climatecoating.com\/fr\/domaines-dapplication\/agriculture-et-elevage\/\"><img loading=\"lazy\" decoding=\"async\" src=\"https:\/\/www.climatecoating.com\/wp-content\/uploads\/2020\/10\/Landwirtschaft-Tierhaltung_600px-300x300.jpg\" alt=\"Agriculture et \u00e9levage\" width=\"300\" height=\"300\" srcset=\"https:\/\/www.climatecoating.com\/wp-content\/uploads\/2020\/10\/Landwirtschaft-Tierhaltung_600px-300x300.jpg 300w, https:\/\/www.climatecoating.com\/wp-content\/uploads\/2020\/10\/Landwirtschaft-Tierhaltung_600px-100x100.jpg 100w, https:\/\/www.climatecoating.com\/wp-content\/uploads\/2020\/10\/Landwirtschaft-Tierhaltung_600px-150x150.jpg 150w, https:\/\/www.climatecoating.com\/wp-content\/uploads\/2020\/10\/Landwirtschaft-Tierhaltung_600px-550x550.jpg 550w, https:\/\/www.climatecoating.com\/wp-content\/uploads\/2020\/10\/Landwirtschaft-Tierhaltung_600px-500x500.jpg 500w, https:\/\/www.climatecoating.com\/wp-content\/uploads\/2020\/10\/Landwirtschaft-Tierhaltung_600px.jpg 600w\" sizes=\"auto, (max-width: 300px) 100vw, 300px\" \/>\t\t<h2 class=\"woocommerce-loop-category__title\">\n\t\t\tAgriculture et \u00e9levage <mark class=\"count\">(5)<\/mark>\t\t<\/h2>\n\t\t<\/a><\/li>\n<li class=\"product-category product first\">\n\t<a aria-label=\"Acc\u00e9der \u00e0 la cat\u00e9gorie de produits Soins de sant\u00e9\" href=\"https:\/\/www.climatecoating.com\/fr\/domaines-dapplication\/soins-de-sante\/\"><img loading=\"lazy\" decoding=\"async\" src=\"https:\/\/www.climatecoating.com\/wp-content\/uploads\/2020\/10\/Gesundheitswesen_600px-300x300.jpg\" alt=\"Soins de sant\u00e9\" width=\"300\" height=\"300\" srcset=\"https:\/\/www.climatecoating.com\/wp-content\/uploads\/2020\/10\/Gesundheitswesen_600px-300x300.jpg 300w, https:\/\/www.climatecoating.com\/wp-content\/uploads\/2020\/10\/Gesundheitswesen_600px-100x100.jpg 100w, https:\/\/www.climatecoating.com\/wp-content\/uploads\/2020\/10\/Gesundheitswesen_600px-150x150.jpg 150w, https:\/\/www.climatecoating.com\/wp-content\/uploads\/2020\/10\/Gesundheitswesen_600px-550x550.jpg 550w, https:\/\/www.climatecoating.com\/wp-content\/uploads\/2020\/10\/Gesundheitswesen_600px-500x500.jpg 500w, https:\/\/www.climatecoating.com\/wp-content\/uploads\/2020\/10\/Gesundheitswesen_600px.jpg 600w\" sizes=\"auto, (max-width: 300px) 100vw, 300px\" \/>\t\t<h2 class=\"woocommerce-loop-category__title\">\n\t\t\tSoins de sant\u00e9 <mark class=\"count\">(1)<\/mark>\t\t<\/h2>\n\t\t<\/a><\/li>\n<li class=\"product-category product\">\n\t<a aria-label=\"Acc\u00e9der \u00e0 la cat\u00e9gorie de produits H\u00f4tellerie et gastronomie\" href=\"https:\/\/www.climatecoating.com\/fr\/domaines-dapplication\/hotellerie-et-gastronomie\/\"><img loading=\"lazy\" decoding=\"async\" src=\"https:\/\/www.climatecoating.com\/wp-content\/uploads\/2020\/10\/Hotellerie-Gastronomie_600px-300x300.jpg\" alt=\"H\u00f4tellerie et gastronomie\" width=\"300\" height=\"300\" srcset=\"https:\/\/www.climatecoating.com\/wp-content\/uploads\/2020\/10\/Hotellerie-Gastronomie_600px-300x300.jpg 300w, https:\/\/www.climatecoating.com\/wp-content\/uploads\/2020\/10\/Hotellerie-Gastronomie_600px-100x100.jpg 100w, https:\/\/www.climatecoating.com\/wp-content\/uploads\/2020\/10\/Hotellerie-Gastronomie_600px-150x150.jpg 150w, https:\/\/www.climatecoating.com\/wp-content\/uploads\/2020\/10\/Hotellerie-Gastronomie_600px-550x550.jpg 550w, https:\/\/www.climatecoating.com\/wp-content\/uploads\/2020\/10\/Hotellerie-Gastronomie_600px-500x500.jpg 500w, https:\/\/www.climatecoating.com\/wp-content\/uploads\/2020\/10\/Hotellerie-Gastronomie_600px.jpg 600w\" sizes=\"auto, (max-width: 300px) 100vw, 300px\" \/>\t\t<h2 class=\"woocommerce-loop-category__title\">\n\t\t\tH\u00f4tellerie et gastronomie <mark class=\"count\">(8)<\/mark>\t\t<\/h2>\n\t\t<\/a><\/li>\n<li class=\"product-category product\">\n\t<a aria-label=\"Acc\u00e9der \u00e0 la cat\u00e9gorie de produits Constructions techniques\" href=\"https:\/\/www.climatecoating.com\/fr\/domaines-dapplication\/constructions-techniques\/\"><img loading=\"lazy\" decoding=\"async\" src=\"https:\/\/www.climatecoating.com\/wp-content\/uploads\/2020\/10\/Technische-Konstruktionen_600px-300x300.jpg\" alt=\"Constructions techniques\" width=\"300\" height=\"300\" srcset=\"https:\/\/www.climatecoating.com\/wp-content\/uploads\/2020\/10\/Technische-Konstruktionen_600px-300x300.jpg 300w, https:\/\/www.climatecoating.com\/wp-content\/uploads\/2020\/10\/Technische-Konstruktionen_600px-100x100.jpg 100w, https:\/\/www.climatecoating.com\/wp-content\/uploads\/2020\/10\/Technische-Konstruktionen_600px-150x150.jpg 150w, https:\/\/www.climatecoating.com\/wp-content\/uploads\/2020\/10\/Technische-Konstruktionen_600px-550x550.jpg 550w, https:\/\/www.climatecoating.com\/wp-content\/uploads\/2020\/10\/Technische-Konstruktionen_600px-500x500.jpg 500w, https:\/\/www.climatecoating.com\/wp-content\/uploads\/2020\/10\/Technische-Konstruktionen_600px.jpg 600w\" sizes=\"auto, (max-width: 300px) 100vw, 300px\" \/>\t\t<h2 class=\"woocommerce-loop-category__title\">\n\t\t\tConstructions techniques <mark class=\"count\">(1)<\/mark>\t\t<\/h2>\n\t\t<\/a><\/li>\n<li class=\"product-category product last\">\n\t<a aria-label=\"Acc\u00e9der \u00e0 la cat\u00e9gorie de produits Industrie et solutions sp\u00e9ciales\" href=\"https:\/\/www.climatecoating.com\/fr\/domaines-dapplication\/industrie-et-solutions-speciales\/\"><img loading=\"lazy\" decoding=\"async\" src=\"https:\/\/www.climatecoating.com\/wp-content\/uploads\/2020\/10\/Branchen-Spezialloesungen_600px-300x300.jpg\" alt=\"Industrie et solutions sp\u00e9ciales\" width=\"300\" height=\"300\" srcset=\"https:\/\/www.climatecoating.com\/wp-content\/uploads\/2020\/10\/Branchen-Spezialloesungen_600px-300x300.jpg 300w, https:\/\/www.climatecoating.com\/wp-content\/uploads\/2020\/10\/Branchen-Spezialloesungen_600px-100x100.jpg 100w, https:\/\/www.climatecoating.com\/wp-content\/uploads\/2020\/10\/Branchen-Spezialloesungen_600px-150x150.jpg 150w, https:\/\/www.climatecoating.com\/wp-content\/uploads\/2020\/10\/Branchen-Spezialloesungen_600px-550x550.jpg 550w, https:\/\/www.climatecoating.com\/wp-content\/uploads\/2020\/10\/Branchen-Spezialloesungen_600px-500x500.jpg 500w, https:\/\/www.climatecoating.com\/wp-content\/uploads\/2020\/10\/Branchen-Spezialloesungen_600px.jpg 600w\" sizes=\"auto, (max-width: 300px) 100vw, 300px\" \/>\t\t<h2 class=\"woocommerce-loop-category__title\">\n\t\t\tIndustrie et solutions sp\u00e9ciales\t\t<\/h2>\n\t\t<\/a><\/li>\n<\/ul>\n<\/div>[\/vc_column][\/vc_row]<\/p>\n<\/div>","protected":false},"excerpt":{"rendered":"<p>[vc_row row_type=&#8221;row&#8221; use_row_as_full_screen_section=&#8221;no&#8221; type=&#8221;full_width&#8221; text_align=&#8221;left&#8221; background_animation=&#8221;none&#8221; padding_bottom=&#8221;45&#8243; css_animation=&#8221;&#8221;][vc_column][vc_column_text] Domaines d&#8217;application [\/vc_column_text][vc_column_text css=&#8221;.vc_custom_1767797202468{padding-bottom: 30px !important;}&#8221;]Vous trouverez ici des rev\u00eatements fonctionnels innovants pour toutes les applications et tous les d\u00e9fis de votre secteur &#8211; qu&#8217;il s&#8217;agisse de la r\u00e9flexion de la lumi\u00e8re solaire, de la protection \u00e0&#8230;<\/p>\n","protected":false},"author":1,"featured_media":0,"parent":0,"menu_order":100,"comment_status":"closed","ping_status":"closed","template":"","meta":{"footnotes":""},"class_list":["post-27739","page","type-page","status-publish","hentry"],"_links":{"self":[{"href":"https:\/\/www.climatecoating.com\/fr\/wp-json\/wp\/v2\/pages\/27739","targetHints":{"allow":["GET"]}}],"collection":[{"href":"https:\/\/www.climatecoating.com\/fr\/wp-json\/wp\/v2\/pages"}],"about":[{"href":"https:\/\/www.climatecoating.com\/fr\/wp-json\/wp\/v2\/types\/page"}],"author":[{"embeddable":true,"href":"https:\/\/www.climatecoating.com\/fr\/wp-json\/wp\/v2\/users\/1"}],"replies":[{"embeddable":true,"href":"https:\/\/www.climatecoating.com\/fr\/wp-json\/wp\/v2\/comments?post=27739"}],"version-history":[{"count":4,"href":"https:\/\/www.climatecoating.com\/fr\/wp-json\/wp\/v2\/pages\/27739\/revisions"}],"predecessor-version":[{"id":62109,"href":"https:\/\/www.climatecoating.com\/fr\/wp-json\/wp\/v2\/pages\/27739\/revisions\/62109"}],"wp:attachment":[{"href":"https:\/\/www.climatecoating.com\/fr\/wp-json\/wp\/v2\/media?parent=27739"}],"curies":[{"name":"wp","href":"https:\/\/api.w.org\/{rel}","templated":true}]}}