{"id":27790,"date":"2021-06-08T12:10:14","date_gmt":"2021-06-08T10:10:14","guid":{"rendered":"https:\/\/www.climatecoating.com\/domaines-dapplication\/industrie-manufacturiere\/"},"modified":"2026-02-16T10:55:03","modified_gmt":"2026-02-16T09:55:03","slug":"industrie-manufacturiere","status":"publish","type":"page","link":"https:\/\/www.climatecoating.com\/fr\/domaines-dapplication\/industrie-manufacturiere\/","title":{"rendered":"Industrie manufacturi\u00e8re"},"content":{"rendered":"<div class=\"wpb-content-wrapper\"><p>[vc_row row_type=&#8221;row&#8221; use_row_as_full_screen_section=&#8221;no&#8221; type=&#8221;full_width&#8221; text_align=&#8221;left&#8221; background_animation=&#8221;none&#8221; padding_bottom=&#8221;45&#8243; css_animation=&#8221;&#8221;][vc_column][vc_single_image image=&#8221;30721&#8243; img_size=&#8221;full&#8221; css=&#8221;.vc_custom_1605018310308{padding-bottom: 30px !important;}&#8221; qode_css_animation=&#8221;&#8221;][vc_column_text]<\/p>\n<h1>Industrie manufacturi\u00e8re<\/h1>\n<p>[\/vc_column_text][vc_column_text css=&#8221;.vc_custom_1771235671085{padding-bottom: 30px !important;}&#8221;]<span style=\"font-size: 20px;\">Avec ClimateCoating<sup>\u00ae<\/sup><sup>\u00a0<\/sup><\/span><span style=\"font-size: 20px;\">&#8211; Temp\u00e9ratures ambiantes \u00e9quilibr\u00e9es. Des \u00e9conomies d&#8217;\u00e9nergie. Surfaces industrielles r\u00e9sistantes. <\/span><\/p>\n<p>Les halls d&#8217;usine, les locaux de production et les ateliers sont tr\u00e8s exigeants en ce qui concerne les murs, les plafonds, les fa\u00e7ades et les toits. Les peintures fonctionnelles ClimateCoating<sup>\u00ae<\/sup> offrent <em>des solutions durables et fonctionnelles<\/em>, allant des peintures murales robustes aux rev\u00eatements de toitures et de fa\u00e7ades \u00e0 haute efficacit\u00e9 \u00e9nerg\u00e9tique. Elles contribuent \u00e0 <em>r\u00e9duire les pertes de chaleur<\/em>, \u00e0 <em>diminuer les co\u00fbts d&#8217;\u00e9nergie et d&#8217;exploitation<\/em> et \u00e0 <em>stabiliser le climat int\u00e9rieur<\/em>. En m\u00eame temps, ils convainquent par leur <em>grande r\u00e9sistance<\/em>, leur <em>faible entretien<\/em> et leur contribution tangible \u00e0 la <em>pr\u00e9servation de l&#8217;environnement et des ressources<\/em>. Ils allient ainsi <em>fonctionnalit\u00e9, \u00e9conomie et durabilit\u00e9<\/em> en un seul syst\u00e8me.[\/vc_column_text][vc_row_inner row_type=&#8221;row&#8221; type=&#8221;full_width&#8221; use_row_as_full_screen_section_slide=&#8221;no&#8221; text_align=&#8221;left&#8221; css_animation=&#8221;&#8221;][vc_column_inner width=&#8221;1\/3&#8243;][vc_column_text]APPLICATIONS INT\u00c9RIEUR[\/vc_column_text][vc_gallery interval=&#8221;3&#8243; images=&#8221;29235,62458,62459&#8243; img_size=&#8221;full&#8221; onclick=&#8221;&#8221; css=&#8221;&#8221; el_class=&#8221;flex-noarrows&#8221;][vc_separator type=&#8221;small&#8221; position=&#8221;left&#8221; border_style=&#8221;&#8221; up=&#8221;18&#8243; down=&#8221;20&#8243; color=&#8221;#d6202d&#8221;][vc_column_text]Pr\u00e9vention des condensats<\/p>\n<p>R\u00e9gulation de l&#8217;humidit\u00e9<\/p>\n<p>Neutralit\u00e9 des odeurs<\/p>\n<p>R\u00e9sistance \u00e0 la salet\u00e9<\/p>\n<p>\u00c9conomie d&#8217;\u00e9nergie<\/p>\n<p>Am\u00e9lioration de l&#8217;acoustique<\/p>\n<p>\u00c9limination de la salet\u00e9 par photocatalyse<\/p>\n<p>\u00c9claircissement des pi\u00e8ces par r\u00e9flexion de la lumi\u00e8re<\/p>\n<p>Rafra\u00eechissement des carreaux de plafond[\/vc_column_text][\/vc_column_inner][vc_column_inner width=&#8221;1\/3&#8243;][vc_column_text]B\u00c2TIMENT EXT\u00c9RIEUR[\/vc_column_text][vc_gallery interval=&#8221;3&#8243; images=&#8221;30521,29387,30743&#8243; img_size=&#8221;full&#8221; onclick=&#8221;&#8221; el_class=&#8221;flex-noarrows&#8221;][vc_separator type=&#8221;small&#8221; position=&#8221;left&#8221; border_style=&#8221;&#8221; up=&#8221;18&#8243; down=&#8221;20&#8243; color=&#8221;#d6202d&#8221;][vc_column_text]\u00c9conomie d&#8217;\u00e9nergie<\/p>\n<p>Long\u00e9vit\u00e9<\/p>\n<p>Sans fissures<\/p>\n<p>Robustesse<\/p>\n<p>Repousse la salet\u00e9<\/p>\n<p>Gestion de l&#8217;humidit\u00e9<\/p>\n<p>Ignifugation<\/p>\n<p>Protection \u00e0 long terme du bois contre les intemp\u00e9ries[\/vc_column_text][\/vc_column_inner][vc_column_inner width=&#8221;1\/3&#8243;][vc_column_text]STRUCTURES DE TOITURE[\/vc_column_text][vc_gallery interval=&#8221;3&#8243; images=&#8221;27747,27846,27807&#8243; img_size=&#8221;full&#8221; onclick=&#8221;&#8221; el_class=&#8221;flex-noarrows&#8221;][vc_separator type=&#8221;small&#8221; position=&#8221;left&#8221; border_style=&#8221;&#8221; up=&#8221;18&#8243; down=&#8221;20&#8243; color=&#8221;#d6202d&#8221;][vc_column_text]Refroidissement et r\u00e9duction des co\u00fbts de refroidissement<\/p>\n<p>Protection contre les intemp\u00e9ries<\/p>\n<p>\u00c9tanch\u00e9it\u00e9<\/p>\n<p>D\u00e9tente thermique[\/vc_column_text][\/vc_column_inner][\/vc_row_inner][\/vc_column][\/vc_row][vc_row row_type=&#8221;row&#8221; use_row_as_full_screen_section=&#8221;no&#8221; type=&#8221;full_width&#8221; text_align=&#8221;left&#8221; background_animation=&#8221;none&#8221; css_animation=&#8221;&#8221;][vc_column][\/vc_column][\/vc_row]<\/p>\n<\/div>","protected":false},"excerpt":{"rendered":"Industrie manufacturi\u00e8re Avec ClimateCoating\u00ae\u00a0- Temp\u00e9ratures ambiantes \u00e9quilibr\u00e9es. Des \u00e9conomies d'\u00e9nergie. Surfaces industrielles r\u00e9sistantes. Les halls d'usine, les locaux de production et les ateliers sont tr\u00e8s exigeants en ce qui concerne les murs, les plafonds, les fa\u00e7ades et les toits. Les peintures fonctionnelles ClimateCoating\u00ae offrent des...","protected":false},"author":1,"featured_media":0,"parent":27739,"menu_order":120,"comment_status":"closed","ping_status":"closed","template":"","meta":{"footnotes":""},"class_list":["post-27790","page","type-page","status-publish","hentry"],"_links":{"self":[{"href":"https:\/\/www.climatecoating.com\/fr\/wp-json\/wp\/v2\/pages\/27790","targetHints":{"allow":["GET"]}}],"collection":[{"href":"https:\/\/www.climatecoating.com\/fr\/wp-json\/wp\/v2\/pages"}],"about":[{"href":"https:\/\/www.climatecoating.com\/fr\/wp-json\/wp\/v2\/types\/page"}],"author":[{"embeddable":true,"href":"https:\/\/www.climatecoating.com\/fr\/wp-json\/wp\/v2\/users\/1"}],"replies":[{"embeddable":true,"href":"https:\/\/www.climatecoating.com\/fr\/wp-json\/wp\/v2\/comments?post=27790"}],"version-history":[{"count":16,"href":"https:\/\/www.climatecoating.com\/fr\/wp-json\/wp\/v2\/pages\/27790\/revisions"}],"predecessor-version":[{"id":63915,"href":"https:\/\/www.climatecoating.com\/fr\/wp-json\/wp\/v2\/pages\/27790\/revisions\/63915"}],"up":[{"embeddable":true,"href":"https:\/\/www.climatecoating.com\/fr\/wp-json\/wp\/v2\/pages\/27739"}],"wp:attachment":[{"href":"https:\/\/www.climatecoating.com\/fr\/wp-json\/wp\/v2\/media?parent=27790"}],"curies":[{"name":"wp","href":"https:\/\/api.w.org\/{rel}","templated":true}]}}