{"id":27829,"date":"2021-06-08T12:10:45","date_gmt":"2021-06-08T10:10:45","guid":{"rendered":"https:\/\/www.climatecoating.com\/domaines-dapplication\/protection-des-monuments\/"},"modified":"2026-02-16T10:26:24","modified_gmt":"2026-02-16T09:26:24","slug":"protection-des-monuments","status":"publish","type":"page","link":"https:\/\/www.climatecoating.com\/fr\/domaines-dapplication\/protection-des-monuments\/","title":{"rendered":"Protection des monuments"},"content":{"rendered":"<div class=\"wpb-content-wrapper\"><p>[vc_row row_type=&#8221;row&#8221; use_row_as_full_screen_section=&#8221;no&#8221; type=&#8221;full_width&#8221; text_align=&#8221;left&#8221; background_animation=&#8221;none&#8221; padding_bottom=&#8221;45&#8243; css_animation=&#8221;&#8221;][vc_column][vc_single_image image=&#8221;30707&#8243; img_size=&#8221;full&#8221; css=&#8221;.vc_custom_1605017192328{padding-bottom: 30px !important;}&#8221; qode_css_animation=&#8221;&#8221;][vc_column_text]<\/p>\n<h1>Protection des monuments<\/h1>\n<p>[\/vc_column_text][vc_column_text css=&#8221;.vc_custom_1771233621905{padding-bottom: 30px !important;}&#8221;]<span style=\"font-size: 20px;\">Avec ClimateCoating<sup>\u00ae<\/sup><sup>\u00a0<\/sup><\/span><span style=\"font-size: 20px;\">&#8211; D\u00e9shumidification en douceur. Stabilit\u00e9 de la couleur. Protection des fa\u00e7ades. <\/span><\/p>\n<p>De nombreux b\u00e2timents historiques et class\u00e9s ont des supports min\u00e9raux fragiles qui n\u00e9cessitent une r\u00e9novation particuli\u00e8rement soign\u00e9e. La peinture pour fa\u00e7ade de ClimateCoating<sup>\u00ae<\/sup> s\u00e8che sans laisser de traces, d\u00e9shumidifie en douceur et assure une <em>stabilit\u00e9 durable de la couleur<\/em>. En outre, elle dispose de fonctions suppl\u00e9mentaires sp\u00e9ciales telles que <em>la protection \u00e0 long terme, la r\u00e9sistance aux UV et la protection contre l&#8217;humidit\u00e9<\/em>. Ainsi, les structures caract\u00e9ristiques et les d\u00e9tails historiques des b\u00e2timents sont pr\u00e9serv\u00e9s, tandis que la fa\u00e7ade est prot\u00e9g\u00e9e de mani\u00e8re optimale &#8211; pour une <em>r\u00e9novation durable et en douceur des objets class\u00e9s monuments historiques<\/em>.[\/vc_column_text][vc_row_inner row_type=&#8221;row&#8221; type=&#8221;full_width&#8221; use_row_as_full_screen_section_slide=&#8221;no&#8221; text_align=&#8221;left&#8221; css_animation=&#8221;&#8221;][vc_column_inner width=&#8221;1\/3&#8243;][vc_column_text css=&#8221;&#8221;]APPLICATIONS<br \/>\nINT\u00c9RIEUR[\/vc_column_text][vc_gallery interval=&#8221;3&#8243; images=&#8221;29256,28378,29235&#8243; img_size=&#8221;full&#8221; onclick=&#8221;&#8221; css=&#8221;&#8221; el_class=&#8221;flex-noarrows&#8221;][vc_separator type=&#8221;small&#8221; position=&#8221;left&#8221; border_style=&#8221;&#8221; up=&#8221;18&#8243; down=&#8221;20&#8243; color=&#8221;#d6202d&#8221;][vc_column_text]Protection contre les moisissures<\/p>\n<p>Hygi\u00e8ne des chambres<\/p>\n<p>Pr\u00e9vention des condensats<\/p>\n<p>R\u00e9gulation de l&#8217;humidit\u00e9<\/p>\n<p>Am\u00e9lioration du climat de la pi\u00e8ce<\/p>\n<p>Confort de vie<\/p>\n<p>Neutralit\u00e9 des odeurs<\/p>\n<p>R\u00e9sistance \u00e0 la salet\u00e9<\/p>\n<p>\u00c9conomie d&#8217;\u00e9nergie<\/p>\n<p>Stabilit\u00e9 de la couleur<\/p>\n<p>Am\u00e9lioration de l&#8217;acoustique<\/p>\n<p>\u00c9claircissement des pi\u00e8ces par r\u00e9flexion de la lumi\u00e8re[\/vc_column_text][\/vc_column_inner][vc_column_inner width=&#8221;1\/3&#8243;][vc_column_text]PROTECTION<br \/>\nFA\u00c7ADES HISTORIQUES[\/vc_column_text][vc_gallery interval=&#8221;3&#8243; images=&#8221;30541,28997,28044&#8243; img_size=&#8221;full&#8221; onclick=&#8221;&#8221; css=&#8221;&#8221; el_class=&#8221;flex-noarrows&#8221;][vc_separator type=&#8221;small&#8221; position=&#8221;left&#8221; border_style=&#8221;&#8221; up=&#8221;18&#8243; down=&#8221;20&#8243; color=&#8221;#d6202d&#8221;][vc_column_text]\u00c9conomie d&#8217;\u00e9nergie<\/p>\n<p>Long\u00e9vit\u00e9<\/p>\n<p>Sans fissures<\/p>\n<p>Robustesse<\/p>\n<p>Repousse la salet\u00e9<\/p>\n<p>Gestion de l&#8217;humidit\u00e9<\/p>\n<p>Ignifugation<\/p>\n<p>D\u00e9shumidification douce des fa\u00e7ades historiques<\/p>\n<p>Conservation de la valeur des fa\u00e7ades historiques[\/vc_column_text][\/vc_column_inner][vc_column_inner width=&#8221;1\/3&#8243;][vc_column_text]PROTECTION DU BOIS EN<br \/>\nEXT\u00c9RIEUR[\/vc_column_text][vc_gallery interval=&#8221;3&#8243; images=&#8221;30743,30741,30745&#8243; img_size=&#8221;full&#8221; onclick=&#8221;&#8221; css=&#8221;&#8221; el_class=&#8221;flex-noarrows&#8221;][vc_separator type=&#8221;small&#8221; position=&#8221;left&#8221; border_style=&#8221;&#8221; up=&#8221;18&#8243; down=&#8221;20&#8243; color=&#8221;#d6202d&#8221;][vc_column_text]Protection \u00e0 long terme du bois contre les intemp\u00e9ries<\/p>\n<p>[\/vc_column_text][\/vc_column_inner][\/vc_row_inner][\/vc_column][\/vc_row][vc_row row_type=&#8221;row&#8221; use_row_as_full_screen_section=&#8221;no&#8221; type=&#8221;full_width&#8221; text_align=&#8221;left&#8221; background_animation=&#8221;none&#8221; css_animation=&#8221;&#8221;][vc_column][\/vc_column][\/vc_row]<\/p>\n<\/div>","protected":false},"excerpt":{"rendered":"Protection des monuments Avec ClimateCoating\u00ae\u00a0- D\u00e9shumidification en douceur. Stabilit\u00e9 de la couleur. Protection des fa\u00e7ades. De nombreux b\u00e2timents historiques et class\u00e9s ont des supports min\u00e9raux fragiles qui n\u00e9cessitent une r\u00e9novation particuli\u00e8rement soign\u00e9e. La peinture pour fa\u00e7ade de ClimateCoating\u00ae s\u00e8che sans laisser de traces, d\u00e9shumidifie en...","protected":false},"author":1,"featured_media":0,"parent":27739,"menu_order":110,"comment_status":"closed","ping_status":"closed","template":"","meta":{"footnotes":""},"class_list":["post-27829","page","type-page","status-publish","hentry"],"_links":{"self":[{"href":"https:\/\/www.climatecoating.com\/fr\/wp-json\/wp\/v2\/pages\/27829","targetHints":{"allow":["GET"]}}],"collection":[{"href":"https:\/\/www.climatecoating.com\/fr\/wp-json\/wp\/v2\/pages"}],"about":[{"href":"https:\/\/www.climatecoating.com\/fr\/wp-json\/wp\/v2\/types\/page"}],"author":[{"embeddable":true,"href":"https:\/\/www.climatecoating.com\/fr\/wp-json\/wp\/v2\/users\/1"}],"replies":[{"embeddable":true,"href":"https:\/\/www.climatecoating.com\/fr\/wp-json\/wp\/v2\/comments?post=27829"}],"version-history":[{"count":11,"href":"https:\/\/www.climatecoating.com\/fr\/wp-json\/wp\/v2\/pages\/27829\/revisions"}],"predecessor-version":[{"id":63880,"href":"https:\/\/www.climatecoating.com\/fr\/wp-json\/wp\/v2\/pages\/27829\/revisions\/63880"}],"up":[{"embeddable":true,"href":"https:\/\/www.climatecoating.com\/fr\/wp-json\/wp\/v2\/pages\/27739"}],"wp:attachment":[{"href":"https:\/\/www.climatecoating.com\/fr\/wp-json\/wp\/v2\/media?parent=27829"}],"curies":[{"name":"wp","href":"https:\/\/api.w.org\/{rel}","templated":true}]}}