{"id":28201,"date":"2021-06-08T12:12:31","date_gmt":"2021-06-08T10:12:31","guid":{"rendered":"https:\/\/www.climatecoating.com\/entreprise\/"},"modified":"2023-05-24T19:47:42","modified_gmt":"2023-05-24T17:47:42","slug":"entreprise","status":"publish","type":"page","link":"https:\/\/www.climatecoating.com\/fr\/entreprise\/","title":{"rendered":"Entreprise"},"content":{"rendered":"<div class=\"wpb-content-wrapper\"><p>[vc_row row_type=&#8221;row&#8221; use_row_as_full_screen_section=&#8221;no&#8221; type=&#8221;full_width&#8221; text_align=&#8221;left&#8221; background_animation=&#8221;none&#8221; padding_bottom=&#8221;45&#8243; css_animation=&#8221;&#8221;][vc_column][vc_single_image image=&#8221;29048&#8243; img_size=&#8221;full&#8221; qode_css_animation=&#8221;&#8221; css=&#8221;.vc_custom_1612614583248{padding-bottom: 30px !important;}&#8221;][vc_row_inner row_type=&#8221;row&#8221; type=&#8221;full_width&#8221; use_row_as_full_screen_section_slide=&#8221;no&#8221; text_align=&#8221;left&#8221; css_animation=&#8221;&#8221;][vc_column_inner width=&#8221;1\/4&#8243;]<div class=\"templatera_shortcode\"><div     class=\"vc_row wpb_row section vc_row-fluid backlink\" style=' text-align:left;'><div class=\" full_section_inner clearfix\"><div class=\"wpb_column vc_column_container vc_col-sm-12\"><div class=\"vc_column-inner\"><div class=\"wpb_wrapper\"><div class=\"ult_row_spacer\"><div class=\"ult-sticky-anchor\"><div class=\"ult-sticky-section ult-sticky \"  data-gutter= '100' data-stick_behaviour= 'stick_with_scroll_row'  data-sticky_position= 'top' data-mobile='no' data-support='no'><div  class=\"wpb_widgetised_column wpb_content_element\">\n\t\t<div class=\"wpb_wrapper\">\n\t\t\t\n\t\t\t\n\t\t<\/div>\n\t<\/div>\n<\/div><div class=\"ult-space\"><\/div><\/div><\/div><\/div><\/div><\/div><\/div><\/div><\/div>[\/vc_column_inner][vc_column_inner width=&#8221;3\/4&#8243;][vc_column_text]<\/p>\n<h1>Entreprise<\/h1>\n<p>SICC Coatings GmbH de Berlin est un fournisseur sp\u00e9cialis\u00e9 de premier plan dans le domaine des rev\u00eatements climatiques, avec une longue exp\u00e9rience dans toutes les zones climatiques et tous les domaines d&#8217;application. Les rev\u00eatements fonctionnels sont bas\u00e9s sur la technologie des membranes r\u00e9fl\u00e9chissantes. Pour l&#8217;effet d&#8217;\u00e9conomie d&#8217;\u00e9nergie de cette technologie, SICC Coatings a notamment re\u00e7u le &#8220;Prix allemand de l&#8217;innovation&#8221; en 2018 et le &#8220;Prix de l&#8217;efficacit\u00e9 \u00e9nerg\u00e9tique&#8221; \u00e0 Singapour.<\/p>\n<ul>\n<li>2003 Fondation de la soci\u00e9t\u00e9 sous le nom de SICC GmbH<\/li>\n<li>D\u00e9veloppement et production de produits en Allemagne<\/li>\n<li>14 employ\u00e9s au si\u00e8ge social \u00e0 Berlin<\/li>\n<li>repr\u00e9sentation mondiale par des entreprises partenaires<\/li>\n<li>Groupes cibles : Architectes, planificateurs, constructeurs commerciaux, entreprises de construction de logements, entreprises industrielles, entreprises de transformation, revendeurs sp\u00e9cialis\u00e9s.<\/li>\n<li>2018 Changement de nom en SICC Coatings GmbH<\/li>\n<\/ul>\n<p>[\/vc_column_text][\/vc_column_inner][\/vc_row_inner][\/vc_column][\/vc_row]<\/p>\n<\/div>","protected":false},"excerpt":{"rendered":"Entreprise SICC Coatings GmbH de Berlin est un fournisseur sp\u00e9cialis\u00e9 de premier plan dans le domaine des rev\u00eatements climatiques, avec une longue exp\u00e9rience dans toutes les zones climatiques et tous les domaines d'application. Les rev\u00eatements fonctionnels sont bas\u00e9s sur la technologie des membranes r\u00e9fl\u00e9chissantes. Pour...","protected":false},"author":1,"featured_media":0,"parent":0,"menu_order":600,"comment_status":"closed","ping_status":"closed","template":"","meta":{"footnotes":""},"class_list":["post-28201","page","type-page","status-publish","hentry"],"_links":{"self":[{"href":"https:\/\/www.climatecoating.com\/fr\/wp-json\/wp\/v2\/pages\/28201","targetHints":{"allow":["GET"]}}],"collection":[{"href":"https:\/\/www.climatecoating.com\/fr\/wp-json\/wp\/v2\/pages"}],"about":[{"href":"https:\/\/www.climatecoating.com\/fr\/wp-json\/wp\/v2\/types\/page"}],"author":[{"embeddable":true,"href":"https:\/\/www.climatecoating.com\/fr\/wp-json\/wp\/v2\/users\/1"}],"replies":[{"embeddable":true,"href":"https:\/\/www.climatecoating.com\/fr\/wp-json\/wp\/v2\/comments?post=28201"}],"version-history":[{"count":0,"href":"https:\/\/www.climatecoating.com\/fr\/wp-json\/wp\/v2\/pages\/28201\/revisions"}],"wp:attachment":[{"href":"https:\/\/www.climatecoating.com\/fr\/wp-json\/wp\/v2\/media?parent=28201"}],"curies":[{"name":"wp","href":"https:\/\/api.w.org\/{rel}","templated":true}]}}