{"id":28301,"date":"2021-06-08T12:12:40","date_gmt":"2021-06-08T10:12:40","guid":{"rendered":"https:\/\/www.climatecoating.com\/entreprise\/glossaire\/"},"modified":"2026-02-05T14:32:52","modified_gmt":"2026-02-05T13:32:52","slug":"glossaire","status":"publish","type":"page","link":"https:\/\/www.climatecoating.com\/fr\/espace-client\/glossaire\/","title":{"rendered":"Glossaire"},"content":{"rendered":"<div class=\"wpb-content-wrapper\"><p>[vc_row row_type=&#8221;row&#8221; use_row_as_full_screen_section=&#8221;no&#8221; type=&#8221;full_width&#8221; text_align=&#8221;left&#8221; background_animation=&#8221;none&#8221; padding_bottom=&#8221;45&#8243; css_animation=&#8221;&#8221;][vc_column width=&#8221;1\/4&#8243;]<div class=\"ult_row_spacer\"><div class=\"ult-sticky-anchor\"><div class=\"ult-sticky-section ult-sticky \"  data-gutter= '100' data-stick_behaviour= 'stick_with_scroll_row'  data-sticky_position= 'top' data-mobile='no' data-support='no'>[vc_raw_html css=&#8221;&#8221;]JTVCY213aXphcmQlMjB3aWRnZXQlM0QyJTJGJTVE[\/vc_raw_html]<\/div><div class=\"ult-space\"><\/div><\/div><\/div>[\/vc_column][vc_column width=&#8221;3\/4&#8243;][vc_column_text]<\/p>\n<h1>Glossaire<\/h1>\n<p>[\/vc_column_text][vc_separator type=&#8221;normal&#8221; border_style=&#8221;&#8221; down=&#8221;30&#8243;][vc_column_text css=&#8221;.vc_custom_1612193662536{padding-bottom: 30px !important;}&#8221;]<\/p>\n<h2>Brumisation<\/h2>\n<p>D\u00e9p\u00f4t de particules sombres (poussi\u00e8re noire) sur les murs int\u00e9rieurs. Dans les cas graves, une impression de suie est cr\u00e9\u00e9e. Les causes ne sont pas encore claires. Cependant, comme cet effet se produit plus fr\u00e9quemment pendant la p\u00e9riode de chauffage, on suppose que les d\u00e9p\u00f4ts de compos\u00e9s organiques peu volatils (appel\u00e9s plastifiants) et d&#8217;autres \u00e9metteurs sont mis en tourbillon par les courants de convection (voir : courants de convection) et se d\u00e9posent sur les murs et les plafonds.[\/vc_column_text][vc_separator type=&#8221;normal&#8221; border_style=&#8221;&#8221; down=&#8221;30&#8243;][vc_column_text css=&#8221;.vc_custom_1760685420073{padding-bottom: 30px !important;}&#8221;]<\/p>\n<h2>Corps creux en vitroc\u00e9ramique<\/h2>\n<p data-pm-slice=\"1 1 []\">Les corps creux en vitroc\u00e9ramique sont de minuscules billes de vitroc\u00e9ramique remplies sous vide qui sont utilis\u00e9es dans des peintures sp\u00e9ciales pour former ce que l&#8217;on appelle une &#8220;membrane r\u00e9fl\u00e9chissante&#8221;. Leur diam\u00e8tre ne d\u00e9passe pas quelques microm\u00e8tres. Selon le type et la formulation (diam\u00e8tre), il y a entre 800.000 et 1,2 millions de corps creux par m\u00e8tre carr\u00e9 dans le rev\u00eatement.<\/p>\n<p data-pm-slice=\"1 1 []\">Ils sont ajout\u00e9s aux peintures, aux vernis ou aux enduits afin d&#8217;am\u00e9liorer leurs propri\u00e9t\u00e9s physiques de mani\u00e8re cibl\u00e9e. Gr\u00e2ce \u00e0 leur structure &#8211; une enveloppe ext\u00e9rieure solide et lisse et un int\u00e9rieur rempli d&#8217;air ou de vide &#8211; ils contribuent de mani\u00e8re significative \u00e0 la r\u00e9flexion du rayonnement thermique, \u00e0 la r\u00e9duction des pertes de chaleur et \u00e0 l&#8217;optimisation de l&#8217;efficacit\u00e9 \u00e9nerg\u00e9tique des b\u00e2timents.<\/p>\n<p>[\/vc_column_text][vc_separator type=&#8221;normal&#8221; border_style=&#8221;&#8221; down=&#8221;30&#8243;][vc_column_text css=&#8221;.vc_custom_1612193572760{padding-bottom: 30px !important;}&#8221;]<\/p>\n<h2>Courants de convection<\/h2>\n<p>Le terme convection vient du latin tardif <em>convectio<\/em>, qui peut \u00eatre traduit par &#8220;apporter&#8221;, &#8220;transporter&#8221;. Dans cette r\u00e9f\u00e9rence, le terme d\u00e9signe d&#8217;une part un mouvement physique d&#8217;\u00e9coulement qui a lieu dans un milieu gazeux (fluide) et, d&#8217;autre part, le ph\u00e9nom\u00e8ne selon lequel les plus petites particules d&#8217;un \u00e9coulement transportent de l&#8217;\u00e9nergie avec elles, telle que l&#8217;\u00e9nergie thermique. Les courants de convection peuvent \u00eatre caus\u00e9s par l&#8217;air de la partie inf\u00e9rieure d&#8217;un espace de vie chauff\u00e9 par un appareil de chauffage, cr\u00e9ant une diff\u00e9rence de temp\u00e9rature entre l&#8217;\u00e9tage et le rez-de-chauss\u00e9e.<\/p>\n<p>Les parties chaudes qui circulent vers le haut se refroidissent ici et redescendent. Cela cr\u00e9e un flux de convection. Ce processus se d\u00e9roule \u00e0 l&#8217;int\u00e9rieur et \u00e0 l&#8217;ext\u00e9rieur des murs. La chaleur est transf\u00e9r\u00e9e, \u00e0 l&#8217;int\u00e9rieur vers la surface du mur, \u00e0 l&#8217;ext\u00e9rieur vers l&#8217;air ambiant.[\/vc_column_text][vc_separator type=&#8221;normal&#8221; border_style=&#8221;&#8221; down=&#8221;30&#8243;][vc_column_text css=&#8221;.vc_custom_1759936083636{padding-bottom: 30px !important;}&#8221;]<\/p>\n<h2>Diffusion variable<\/h2>\n<p>La pression de vapeur de l&#8217;air d\u00e9pend de la quantit\u00e9 d&#8217;eau pr\u00e9sente dans l&#8217;air et de la temp\u00e9rature. Lorsque la temp\u00e9rature augmente, la pression de la vapeur augmente. Nous le savons gr\u00e2ce \u00e0 la bouilloire \u00e0 th\u00e9 qui siffle lorsque l&#8217;eau est suffisamment chaude. En raison de l&#8217;humidit\u00e9 et des temp\u00e9ratures, la pression de vapeur \u00e0 l&#8217;int\u00e9rieur et \u00e0 l&#8217;ext\u00e9rieur est diff\u00e9rente. La vapeur d&#8217;eau se d\u00e9place de la haute vers la basse pression, elle suit \u00e9galement ce gradient \u00e0 travers la paroi ext\u00e9rieure &#8211; elle diffuse \u00e0 travers. En \u00e9t\u00e9, la vapeur se d\u00e9place \u00e0 l&#8217;int\u00e9rieur, en hiver elle se d\u00e9place \u00e0 l&#8217;ext\u00e9rieur. Par cons\u00e9quent, les murs ext\u00e9rieurs deviennent humides en \u00e9t\u00e9 et secs en hiver. La membrane r\u00e9fl\u00e9chissante emp\u00eache la migration de la vapeur d&#8217;eau vers l&#8217;int\u00e9rieur du b\u00e2timent en \u00e9t\u00e9 et facilite l&#8217;\u00e9vacuation de la vapeur vers l&#8217;ext\u00e9rieur en hiver. Cette propri\u00e9t\u00e9 (diffusion variable) rend les murs plus secs.<\/p>\n<p>[\/vc_column_text][vc_separator type=&#8221;normal&#8221; border_style=&#8221;&#8221; down=&#8221;30&#8243;][vc_column_text css=&#8221;.vc_custom_1759936093217{padding-bottom: 30px !important;}&#8221;]<\/p>\n<h2>Diode hygrique<\/h2>\n<p>Le concept de diode au sens classique du terme : La diode (du grec <em>di,<\/em> &#8220;deux&#8221;, &#8220;double&#8221; ; <em>hodos<\/em> &#8220;voie&#8221;) est un composant \u00e9lectronique \u00e0 deux p\u00f4les. Le terme diode est utilis\u00e9 comme synonyme de l&#8217;expression &#8220;redresseur non contr\u00f4l\u00e9&#8221;. Une diode hygrique, par exemple, est une membrane qui a un effet de confinement sur le transport de l&#8217;eau. Le transport de l&#8217;eau est rectifi\u00e9 (sens unique), car l&#8217;eau ne peut passer la diode hygrique que dans un sens. La diode hygrique peut donc \u00eatre compar\u00e9e \u00e0 un clapet anti-retour m\u00e9canique, puisque ce dernier ne permet le d\u00e9bit massique que dans une seule direction.<\/p>\n<p>[\/vc_column_text][vc_separator type=&#8221;normal&#8221; border_style=&#8221;&#8221; down=&#8221;30&#8243;][vc_column_text css=&#8221;.vc_custom_1612193477827{padding-bottom: 30px !important;}&#8221;]<\/p>\n<h2>Entropie<\/h2>\n<p>L&#8217;entropie doit \u00eatre consid\u00e9r\u00e9e comme une quantit\u00e9 (contenu \u00e9nerg\u00e9tique) qui peut circuler ou \u00eatre contenue dans les corps : De deux corps \u00e9gaux par ailleurs, celui dont la temp\u00e9rature est la plus \u00e9lev\u00e9e contient plus d&#8217;entropie. Si deux corps de temp\u00e9ratures diff\u00e9rentes sont en contact l&#8217;un avec l&#8217;autre, l&#8217;entropie s&#8217;\u00e9coule du corps le plus chaud vers le corps le plus froid ; en cons\u00e9quence, les temp\u00e9ratures des deux corps s&#8217;\u00e9galisent \u00e9galement.<\/p>\n<p><em>(Source : Wikipedia)<\/em>[\/vc_column_text][vc_separator type=&#8221;normal&#8221; border_style=&#8221;&#8221; down=&#8221;30&#8243;][vc_column_text css=&#8221;.vc_custom_1612193815973{padding-bottom: 30px !important;}&#8221;]<\/p>\n<h2>Limites de r\u00e9f\u00e9rence de la luminosit\u00e9<\/h2>\n<p>La valeur de luminosit\u00e9 est la r\u00e9flectance d&#8217;un ton de couleur sp\u00e9cifique entre noir = 0 et blanc = 100. Il indique la distance entre la teinte en question et le point noir ou blanc dans sa luminosit\u00e9. Dans les guides de couleurs, la valeur de luminosit\u00e9 est indiqu\u00e9e \u00e0 c\u00f4t\u00e9 du num\u00e9ro de la couleur. Ni le niveau de brillance ni le liant utilis\u00e9 ne sont d\u00e9terminants pour la valeur de la l\u00e9g\u00e8ret\u00e9, mais uniquement le type et le niveau de la pigmentation color\u00e9e.[\/vc_column_text][vc_separator type=&#8221;normal&#8221; border_style=&#8221;&#8221; down=&#8221;30&#8243;][vc_column_text css=&#8221;.vc_custom_1759936053200{padding-bottom: 30px !important;}&#8221;]<\/p>\n<h2>Membrane r\u00e9fl\u00e9chissante<\/h2>\n<p>&#8230; est un terme g\u00e9n\u00e9rique d\u00e9signant une dispersion de haute qualit\u00e9, enrichie de billes creuses en c\u00e9ramique et d&#8217;activateurs de seulement 20 \u00e0 120 microm\u00e8tres, qui &#8211; en combinaison avec une ma\u00e7onnerie monolithique &#8211; d\u00e9clenche des processus complexes et interd\u00e9pendants de la physique du b\u00e2timent. Ceux-ci ont un effet positif sur le transport de l&#8217;humidit\u00e9 et de la chaleur et donc sur le bilan \u00e9nerg\u00e9tique.[\/vc_column_text][vc_separator type=&#8221;normal&#8221; border_style=&#8221;&#8221; down=&#8221;30&#8243;][vc_column_text css=&#8221;.vc_custom_1612193635299{padding-bottom: 30px !important;}&#8221;]<\/p>\n<h2>Ponts thermiques<\/h2>\n<p>Un pont thermique (souvent appel\u00e9 famili\u00e8rement pont thermique) est une zone dans les \u00e9l\u00e9ments de construction par laquelle la chaleur est transport\u00e9e vers l&#8217;ext\u00e9rieur plus rapidement que par les \u00e9l\u00e9ments adjacents. Une distinction est faite entre les ponts thermiques constructifs et g\u00e9om\u00e9triques. Les ponts thermiques constructifs r\u00e9sultent de constructions r\u00e9alis\u00e9es avec des mat\u00e9riaux de conductivit\u00e9 thermique diff\u00e9rente. Il s&#8217;agit par exemple des joints de dalles en b\u00e9ton arm\u00e9 sur les murs ext\u00e9rieurs, des soubassements ou des niches de radiateurs.<\/p>\n<p>Les ponts thermiques g\u00e9om\u00e9triques se produisent lorsque la surface int\u00e9rieure n&#8217;est pas la m\u00eame que la surface ext\u00e9rieure, par exemple en raison de saillies ou de coins dans un composant par ailleurs homog\u00e8ne. Un exemple de ce ph\u00e9nom\u00e8ne est l&#8217;angle ext\u00e9rieur de la maison, o\u00f9 le rapport entre le mur ext\u00e9rieur froid et le mur int\u00e9rieur chaud augmente.<\/p>\n<p><em>(Source : Wikipedia)<\/em>[\/vc_column_text][vc_separator type=&#8221;normal&#8221; border_style=&#8221;&#8221; down=&#8221;30&#8243;][vc_column_text css=&#8221;.vc_custom_1770296105643{padding-bottom: 30px !important;}&#8221;]<\/p>\n<h2>Processus endothermiques<\/h2>\n<p>Synonyme de processus qui se produisent dans les <em>peintures<\/em><em>ClimateCoating\u00ae<\/em> et qui varient en fonction de facteurs externes tels que la temp\u00e9rature et l&#8217;humidit\u00e9. En chimie, endothermique signifie que l&#8217;\u00e9nergie est absorb\u00e9e ou gagn\u00e9e.[\/vc_column_text][vc_separator type=&#8221;normal&#8221; border_style=&#8221;&#8221; down=&#8221;30&#8243;][vc_column_text css=&#8221;.vc_custom_1760007322857{padding-bottom: 30px !important;}&#8221;]<\/p>\n<h2>Protection thermique estivale<\/h2>\n<p>La protection thermique d&#8217;\u00e9t\u00e9 comprend des mesures structurelles et techniques visant \u00e0 emp\u00eacher le r\u00e9chauffement des espaces int\u00e9rieurs par le rayonnement solaire. Elle est obligatoire dans le secteur de la construction en Allemagne, conform\u00e9ment \u00e0 la loi sur l&#8217;\u00e9nergie des b\u00e2timents (GEG) et \u00e0 la norme DIN 4108-2. Parmi les mesures importantes figurent des syst\u00e8mes de protection solaire efficaces (de pr\u00e9f\u00e9rence ext\u00e9rieurs), une conception optimis\u00e9e des b\u00e2timents et des fen\u00eatres (par exemple, des surfaces vitr\u00e9es r\u00e9duites et un taux global de transmission d&#8217;\u00e9nergie plus faible), une ventilation nocturne efficace, l&#8217;utilisation de mat\u00e9riaux de construction accumulant la chaleur pour une dissipation retard\u00e9e de la chaleur, ainsi que l&#8217;utilisation de la climatisation passive en fonction du type de construction.<\/p>\n<p>Der sommerliche W\u00e4rmeschutz sorgt daf\u00fcr, dass Innenr\u00e4ume auch bei starker Sonneneinstrahlung angenehm temperiert bleiben. Er verhindert \u00dcberhitzung, insbesondere in R\u00e4umen mit gro\u00dfen Fenstern oder unzureichender Verschattung, und tr\u00e4gt so zu einem h\u00f6heren Wohnkomfort bei. Gleichzeitig reduziert er den Energiebedarf f\u00fcr Klimaanlagen und unterst\u00fctzt die energieeffiziente Nutzung von Geb\u00e4uden.[\/vc_column_text][vc_separator type=&#8221;normal&#8221; border_style=&#8221;&#8221; down=&#8221;30&#8243;][vc_column_text css=&#8221;.vc_custom_1760008140842{padding-bottom: 30px !important;}&#8221;]<\/p>\n<h2>Protection thermique hivernale<\/h2>\n<p>L&#8217;isolation thermique hivernale sert \u00e0 minimiser les pertes de chaleur dans les b\u00e2timents et \u00e0 garantir un climat int\u00e9rieur confortable en conservant la chaleur dans le b\u00e2timent et en emp\u00eachant la formation de moisissures. Ceci est principalement r\u00e9alis\u00e9 par une bonne isolation thermique de la fa\u00e7ade, par exemple par des syst\u00e8mes composites d&#8217;isolation thermique (ETICS), une isolation centrale ou des constructions monolithiques. En compl\u00e9ment, il est possible d&#8217;utiliser des peintures de fa\u00e7ade sp\u00e9ciales qui prot\u00e8gent les surfaces de l&#8217;humidit\u00e9 et des intemp\u00e9ries et contribuent ainsi indirectement \u00e0 la protection thermique. D&#8217;autres objectifs sont la protection de la structure du b\u00e2timent contre l&#8217;humidit\u00e9 et les dommages climatiques, ainsi que le respect des normes minimales de protection thermique prescrites par la loi, qui s&#8217;appuient sur la norme DIN 4108.[\/vc_column_text][vc_separator type=&#8221;normal&#8221; border_style=&#8221;&#8221; down=&#8221;30&#8243;][vc_column_text css=&#8221;.vc_custom_1612193528279{padding-bottom: 30px !important;}&#8221;]<\/p>\n<h2>R\u00e9flexion IR<\/h2>\n<p>Les infrarouges sont la partie non visible du rayonnement thermique \u00e0 ondes longues entre la lumi\u00e8re visible et les micro-ondes. Les longueurs d&#8217;onde de l&#8217;IR sont comprises entre 780 nm et 1 000 \u00b5m. La gamme de 3 \u00e0 50 \u00b5m est appel\u00e9e MIR (middle IR) et fait partie de l&#8217;IR-C. Parmi celles-ci, la plage de 9,25 \u00e0 11,45 \u00b5m est pertinente, ce qui correspond \u00e0 des temp\u00e9ratures de +40 \u00e0 -20\u00b0C. Le rayonnement thermique est absorb\u00e9 et r\u00e9fl\u00e9chi par les composants opaques (A + R = 1). Contrairement aux peintures conventionnelles, des processus de physique optique (physique des rayonnements) ont lieu dans la membrane r\u00e9fl\u00e9chissante gr\u00e2ce aux perles creuses en c\u00e9ramique. Ces processus sont simplifi\u00e9s et d\u00e9sign\u00e9s sous le nom de r\u00e9flexion IR. Il en r\u00e9sulte des temp\u00e9ratures de surface plus \u00e9lev\u00e9es et plus uniformes \u00e0 l&#8217;int\u00e9rieur et une r\u00e9duction des pertes par rayonnement \u00e0 l&#8217;ext\u00e9rieur &#8211; d&#8217;o\u00f9 un meilleur confort thermique et des besoins en \u00e9nergie de chauffage moindres.[\/vc_column_text][vc_separator type=&#8221;normal&#8221; border_style=&#8221;&#8221; down=&#8221;30&#8243;][vc_column_text css=&#8221;.vc_custom_1612193752962{padding-bottom: 30px !important;}&#8221;]<\/p>\n<h2>S\u00e9chage capillaire<\/h2>\n<p>La capillarit\u00e9 est le terme utilis\u00e9 pour d\u00e9crire le comportement des liquides dans les capillaires, \u00e9galement appel\u00e9s tubes capillaires. Si les forces d&#8217;adh\u00e9sion entre le liquide et la paroi du capillaire sont sup\u00e9rieures aux forces de coh\u00e9sion entre les mol\u00e9cules du liquide, le liquide &#8220;rampe&#8221; dans le capillaire, m\u00eame contre la gravit\u00e9 et plus les capillaires sont \/ deviennent \u00e9troits. Si le liquide est transport\u00e9 par ce processus du mat\u00e9riau (par exemple la ma\u00e7onnerie) vers la surface, o\u00f9 il s&#8217;\u00e9vapore ensuite, on parle de s\u00e9chage capillaire. L&#8217;enduit ext\u00e9rieur a un syst\u00e8me capillaire plus fin que la ma\u00e7onnerie, et la membrane r\u00e9fl\u00e9chissante a un syst\u00e8me capillaire plus fin que l&#8217;enduit ext\u00e9rieur. Cela cr\u00e9e un transport directionnel, ce qui donne des murs plus secs.[\/vc_column_text][vc_separator type=&#8221;normal&#8221; border_style=&#8221;&#8221; down=&#8221;30&#8243;][vc_column_text css=&#8221;.vc_custom_1770296274510{padding-bottom: 30px !important;}&#8221;]<\/p>\n<h2>Technologie de membrane r\u00e9fl\u00e9chissante<\/h2>\n<p>Ce terme d\u00e9crit le mode d&#8217;action de la peinture fonctionnelle, qui contient <strong>des particules creuses en vitroc\u00e9ramique<\/strong> sp\u00e9cialement con\u00e7ues, qui renferment un <strong>vide<\/strong>. Ces corps creux en vitroc\u00e9ramique sont combin\u00e9s \u00e0 une dispersion extr\u00eamement adh\u00e9rente sp\u00e9cialement d\u00e9velopp\u00e9e et \u00e0 des activateurs s\u00e9lectionn\u00e9s. Apr\u00e8s l&#8217;application, c&#8217;est-\u00e0-dire apr\u00e8s l&#8217;application sur le support, le rev\u00eatement forme ce que l&#8217;on appelle une membrane r\u00e9fl\u00e9chissante. On pourrait \u00e9galement parler d&#8217;une &#8220;peau qui respire&#8221;, pour utiliser une comparaison compr\u00e9hensible.<\/p>\n<p>L&#8217;effet et les avantages de la peinture sont bas\u00e9s sur ces<strong> processus physiques de construction :<\/strong> R\u00e9flexion de la lumi\u00e8re solaire, \u00e9vaporation dirig\u00e9e par capillarit\u00e9, distribution de chaleur et anti-\u00e9lectricit\u00e9.<\/p>\n<p>Le graphique montre les processus physiques de refroidissement par \u00e9vaporation par transport d&#8217;humidit\u00e9 par capillarit\u00e9 ainsi que la r\u00e9flexion de la lumi\u00e8re solaire (protection thermique estivale).<\/p>\n<p><img loading=\"lazy\" decoding=\"async\" class=\"alignnone wp-image-57162 size-full\" title=\"Refroidissement par \u00e9vaporation ThermoProtect\" src=\"https:\/\/www.climatecoating.com\/wp-content\/uploads\/2026\/01\/ThermoProtect_Verdunstungskuehlung_FR.png\" alt=\"Refroidissement par \u00e9vaporation ThermoProtect\" width=\"1500\" height=\"1024\" \/>[\/vc_column_text][vc_separator type=&#8221;normal&#8221; border_style=&#8221;&#8221; down=&#8221;30&#8243;][vc_column_text css=&#8221;.vc_custom_1612193724677{padding-bottom: 30px !important;}&#8221;]<\/p>\n<h2>Transport de chaleur par transmission\/pertes de chaleur par transmission<\/h2>\n<p>Transport de l&#8217;\u00e9nergie (thermique) entre des zones de temp\u00e9rature diff\u00e9rente gr\u00e2ce \u00e0 la conduction thermique dans des corps solides tels que le mur (les mol\u00e9cules entrent en collision les unes avec les autres). Le flux de chaleur s&#8217;\u00e9coule toujours des zones d&#8217;\u00e9nergie sup\u00e9rieure vers les zones d&#8217;\u00e9nergie inf\u00e9rieure, c&#8217;est-\u00e0-dire ici : du chaud vers le froid. La perte d&#8217;\u00e9nergie sur ce transport est \u00e9galement appel\u00e9e perte de chaleur de transmission. Celles-ci sont d\u00e9termin\u00e9es par le coefficient de transfert de chaleur. D&#8217;autres formes de transfert d&#8217;\u00e9nergie sont la convection et le rayonnement. La transmission peut \u00eatre r\u00e9duite en diminuant le rayonnement sur la fa\u00e7ade.[\/vc_column_text][\/vc_column][\/vc_row]<\/p>\n<\/div>","protected":false},"excerpt":{"rendered":"<p>[vc_row row_type=&#8221;row&#8221; use_row_as_full_screen_section=&#8221;no&#8221; type=&#8221;full_width&#8221; text_align=&#8221;left&#8221; background_animation=&#8221;none&#8221; padding_bottom=&#8221;45&#8243; css_animation=&#8221;&#8221;][vc_column width=&#8221;1\/4&#8243;][\/vc_column][vc_column width=&#8221;3\/4&#8243;][vc_column_text] Glossaire [\/vc_column_text][vc_separator type=&#8221;normal&#8221; border_style=&#8221;&#8221; down=&#8221;30&#8243;][vc_column_text css=&#8221;.vc_custom_1612193662536{padding-bottom: 30px !important;}&#8221;] Brumisation D\u00e9p\u00f4t de particules sombres (poussi\u00e8re noire) sur les murs int\u00e9rieurs. Dans les cas graves, une impression de suie est cr\u00e9\u00e9e. Les causes ne sont pas encore&#8230;<\/p>\n","protected":false},"author":1,"featured_media":0,"parent":61494,"menu_order":690,"comment_status":"closed","ping_status":"closed","template":"","meta":{"footnotes":""},"class_list":["post-28301","page","type-page","status-publish","hentry"],"_links":{"self":[{"href":"https:\/\/www.climatecoating.com\/fr\/wp-json\/wp\/v2\/pages\/28301","targetHints":{"allow":["GET"]}}],"collection":[{"href":"https:\/\/www.climatecoating.com\/fr\/wp-json\/wp\/v2\/pages"}],"about":[{"href":"https:\/\/www.climatecoating.com\/fr\/wp-json\/wp\/v2\/types\/page"}],"author":[{"embeddable":true,"href":"https:\/\/www.climatecoating.com\/fr\/wp-json\/wp\/v2\/users\/1"}],"replies":[{"embeddable":true,"href":"https:\/\/www.climatecoating.com\/fr\/wp-json\/wp\/v2\/comments?post=28301"}],"version-history":[{"count":10,"href":"https:\/\/www.climatecoating.com\/fr\/wp-json\/wp\/v2\/pages\/28301\/revisions"}],"predecessor-version":[{"id":63422,"href":"https:\/\/www.climatecoating.com\/fr\/wp-json\/wp\/v2\/pages\/28301\/revisions\/63422"}],"up":[{"embeddable":true,"href":"https:\/\/www.climatecoating.com\/fr\/wp-json\/wp\/v2\/pages\/61494"}],"wp:attachment":[{"href":"https:\/\/www.climatecoating.com\/fr\/wp-json\/wp\/v2\/media?parent=28301"}],"curies":[{"name":"wp","href":"https:\/\/api.w.org\/{rel}","templated":true}]}}