{"id":28308,"date":"2021-06-08T12:12:42","date_gmt":"2021-06-08T10:12:42","guid":{"rendered":"https:\/\/www.climatecoating.com\/mentions-legales\/politique-de-confidentialite-ue\/"},"modified":"2021-07-15T12:28:44","modified_gmt":"2021-07-15T10:28:44","slug":"politique-de-confidentialite-ue","status":"publish","type":"page","link":"https:\/\/www.climatecoating.com\/fr\/mentions-legales\/politique-de-confidentialite-ue\/","title":{"rendered":"Politique de confidentialit\u00e9 (UE)"},"content":{"rendered":"<div class=\"wpb-content-wrapper\"><p>[vc_row row_type=&#8221;row&#8221; use_row_as_full_screen_section=&#8221;no&#8221; type=&#8221;full_width&#8221; text_align=&#8221;left&#8221; background_animation=&#8221;none&#8221; css_animation=&#8221;&#8221;][vc_column][vc_column_text]<\/p>\n<h1>Politique de confidentialit\u00e9 (UE)<\/h1>\n<p>\n<!-- Legal document generated by Complianz | GDPR\/CCPA Cookie Consent https:\/\/wordpress.org\/plugins\/complianz-gdpr -->\n<div id=\"cmplz-document\" class=\"cmplz-document privacy-statement cmplz-document-eu\"><p><i>Cette d\u00e9claration de confidentialit\u00e9 a \u00e9t\u00e9 mise \u00e0 jour le 13 janvier 2026 et s\u2019applique aux citoyens et aux r\u00e9sidents permanents l\u00e9gaux de l\u2019Espace \u00e9conomique europ\u00e9en et de la Suisse.<\/i><br \/><br \/><\/p><p><p>Dans cette d\u00e9claration de confidentialit\u00e9, nous expliquons ce que nous faisons avec les donn\u00e9es que nous obtenons \u00e0 votre sujet via <a href=\"https:\/\/www.climatecoating.com\/fr\/\">https:\/\/www.climatecoating.com\/fr\/<\/a>. Nous vous recommandons de lire attentivement cette d\u00e9claration. Lors de notre traitement, nous nous conformons aux exigences de la l\u00e9gislation sur la confidentialit\u00e9. Cela signifie, entre autres, que\u00a0:<\/p><ul>\n                <li>nous indiquons clairement dans quelles finalit\u00e9s nous traitons les donn\u00e9es personnelles. Nous faisons cela au moyen de cette d\u00e9claration de confidentialit\u00e9\u00a0;<\/li>\n                <li>nous visons \u00e0 limiter notre recueil de donn\u00e9es personnelles uniquement aux donn\u00e9es personnelles n\u00e9cessaires \u00e0 des finalit\u00e9s l\u00e9gitimes;<\/li>\n                <li>nous demandons d\u2019abord votre consentement explicite pour traiter vos donn\u00e9es personnelles dans les cas n\u00e9cessitant votre consentement;<\/li>\n                <li>nous prenons des mesures de s\u00e9curit\u00e9 appropri\u00e9es afin de prot\u00e9ger vos donn\u00e9es personnelles, et nous en demandons autant des parties traitant des donn\u00e9es personnelles pour nous;<\/li>\n                <li>nous respectons votre droit de consulter, corriger ou supprimer vos donn\u00e9es personnelles si vous en formulez la demande.<\/li>\n            <\/ul><p>Si vous avez des questions ou souhaitez savoir exactement quelles donn\u00e9es nous conservons, veuillez nous contacter.<\/p><\/p><h2>1. Finalit\u00e9, donn\u00e9es et dur\u00e9e de conservation<\/h2>Nous pouvons collecter ou recevoir des informations personnelles pour un certain nombre de raisons li\u00e9es \u00e0 nos activit\u00e9s commerciales, notamment les suivantes\u00a0: (cliquez pour d\u00e9plier)<details class=\"cmplz-dropdown dropdown-privacy-statement\"><summary><div><h3>1.1 Contact - Par t\u00e9l\u00e9phone, courrier, e-mail et\/ou formulaires web<\/h3><\/div><\/summary><p class=\"cmplz-subtitle\">Dans cette finalit\u00e9, nous utilisons les donn\u00e9es suivantes\u00a0:<\/p><p><ul><li>Un pr\u00e9nom et un nom de famille<\/li><li>Nom du compte ou pseudonyme<\/li><li>Un domicile ou une autre adresse physique, incluant le nom d\u2019une rue et le nom d\u2019une ville ou d\u2019un village<\/li><li>Une adresse e-mail<\/li><li>Un num\u00e9ro de t\u00e9l\u00e9phone<\/li><li>Adresse IP<\/li><li>Sexe<\/li><\/ul><\/p><p class=\"cmplz-subtitle\">La base sur laquelle nous pouvons traiter ces donn\u00e9es est\u00a0:<\/p><p><a target=\"_blank\" rel=\"noopener noreferrer nofollow\" href=\"https:\/\/cookiedatabase.org\/legal-bases\/#consent\">Apr\u00e8s avoir donn\u00e9 son consentement.<\/a><\/p><p class=\"cmplz-subtitle\">Dur\u00e9e de conservation<\/p><p>Nous conservons ces donn\u00e9es jusqu\u2019\u00e0 la fin du service.<\/p><\/details><details class=\"cmplz-dropdown dropdown-privacy-statement\"><summary><div><h3>1.2 Paiements<\/h3><\/div><\/summary><p class=\"cmplz-subtitle\">Dans cette finalit\u00e9, nous utilisons les donn\u00e9es suivantes\u00a0:<\/p><p><ul><li>Un pr\u00e9nom et un nom de famille<\/li><li>Un domicile ou une autre adresse physique, incluant le nom d\u2019une rue et le nom d\u2019une ville ou d\u2019un village<\/li><li>Une adresse e-mail<\/li><li>Nom du compte ou pseudonyme<\/li><li>Sexe<\/li><li>Adresse IP<\/li><li>Un num\u00e9ro de t\u00e9l\u00e9phone<\/li><\/ul><\/p><p class=\"cmplz-subtitle\">La base sur laquelle nous pouvons traiter ces donn\u00e9es est\u00a0:<\/p><p><a target=\"_blank\" rel=\"noopener noreferrer nofollow\" href=\"https:\/\/cookiedatabase.org\/legal-bases\/#consent\">Apr\u00e8s avoir donn\u00e9 son consentement.<\/a><\/p><p class=\"cmplz-subtitle\">Dur\u00e9e de conservation<\/p><p>Nous conservons ces donn\u00e9es jusqu\u2019\u00e0 la fin du service.<\/p><\/details><details class=\"cmplz-dropdown dropdown-privacy-statement\"><summary><div><h3>1.3 Enregistrement d\u2019un compte<\/h3><\/div><\/summary><p class=\"cmplz-subtitle\">Dans cette finalit\u00e9, nous utilisons les donn\u00e9es suivantes\u00a0:<\/p><p><ul><li>Un pr\u00e9nom et un nom de famille<\/li><li>Un domicile ou une autre adresse physique, incluant le nom d\u2019une rue et le nom d\u2019une ville ou d\u2019un village<\/li><li>Une adresse e-mail<\/li><li>Nom du compte ou pseudonyme<\/li><li>Sexe<\/li><li>Adresse IP<\/li><li>Un num\u00e9ro de t\u00e9l\u00e9phone<\/li><\/ul><\/p><p class=\"cmplz-subtitle\">La base sur laquelle nous pouvons traiter ces donn\u00e9es est\u00a0:<\/p><p><a target=\"_blank\" rel=\"noopener noreferrer nofollow\" href=\"https:\/\/cookiedatabase.org\/legal-bases\/#consent\">Apr\u00e8s avoir donn\u00e9 son consentement.<\/a><\/p><p class=\"cmplz-subtitle\">Dur\u00e9e de conservation<\/p><p>Nous conservons ces donn\u00e9es jusqu\u2019\u00e0 la fin du service.<\/p><\/details><details class=\"cmplz-dropdown dropdown-privacy-statement\"><summary><div><h3>1.4 Pour prendre en charge les services ou produits que votre client souhaite acheter ou a achet\u00e9s<\/h3><\/div><\/summary><p class=\"cmplz-subtitle\">Dans cette finalit\u00e9, nous utilisons les donn\u00e9es suivantes\u00a0:<\/p><p><ul><li>Un pr\u00e9nom et un nom de famille<\/li><li>Nom du compte ou pseudonyme<\/li><li>Un domicile ou une autre adresse physique, incluant le nom d\u2019une rue et le nom d\u2019une ville ou d\u2019un village<\/li><li>Une adresse e-mail<\/li><li>Un num\u00e9ro de t\u00e9l\u00e9phone<\/li><li>Adresse IP<\/li><li>Date de naissance<\/li><li>Sexe<\/li><\/ul><\/p><p class=\"cmplz-subtitle\">La base sur laquelle nous pouvons traiter ces donn\u00e9es est\u00a0:<\/p><p><a target=\"_blank\" rel=\"noopener noreferrer nofollow\" href=\"https:\/\/cookiedatabase.org\/legal-bases\/#consent\">Apr\u00e8s avoir donn\u00e9 son consentement.<\/a><\/p><p class=\"cmplz-subtitle\">Dur\u00e9e de conservation<\/p><p>Nous conservons ces donn\u00e9es jusqu\u2019\u00e0 la fin du service.<\/p><\/details><details class=\"cmplz-dropdown dropdown-privacy-statement\"><summary><div><h3>1.5 Pour pouvoir se conformer aux obligations l\u00e9gales<\/h3><\/div><\/summary><p class=\"cmplz-subtitle\">Dans cette finalit\u00e9, nous utilisons les donn\u00e9es suivantes\u00a0:<\/p><p><ul><li>Un pr\u00e9nom et un nom de famille<\/li><li>Un domicile ou une autre adresse physique, incluant le nom d\u2019une rue et le nom d\u2019une ville ou d\u2019un village<\/li><li>Une adresse e-mail<\/li><li>Un num\u00e9ro de t\u00e9l\u00e9phone<\/li><\/ul><\/p><p class=\"cmplz-subtitle\">La base sur laquelle nous pouvons traiter ces donn\u00e9es est\u00a0:<\/p><p><a target=\"_blank\" rel=\"noopener noreferrer nofollow\" href=\"https:\/\/cookiedatabase.org\/legal-bases\/#consent\">Apr\u00e8s avoir donn\u00e9 son consentement.<\/a><\/p><p class=\"cmplz-subtitle\">Dur\u00e9e de conservation<\/p><p>Nous conservons ces donn\u00e9es jusqu\u2019\u00e0 la fin du service.<\/p><\/details><details class=\"cmplz-dropdown dropdown-privacy-statement\"><summary><div><h3>1.6 Livraisons<\/h3><\/div><\/summary><p class=\"cmplz-subtitle\">Dans cette finalit\u00e9, nous utilisons les donn\u00e9es suivantes\u00a0:<\/p><p><ul><li>Un pr\u00e9nom et un nom de famille<\/li><li>Un domicile ou une autre adresse physique, incluant le nom d\u2019une rue et le nom d\u2019une ville ou d\u2019un village<\/li><li>Une adresse e-mail<\/li><li>Nom du compte ou pseudonyme<\/li><li>Sexe<\/li><li>Un num\u00e9ro de t\u00e9l\u00e9phone<\/li><\/ul><\/p><p class=\"cmplz-subtitle\">La base sur laquelle nous pouvons traiter ces donn\u00e9es est\u00a0:<\/p><p><a target=\"_blank\" rel=\"noopener noreferrer nofollow\" href=\"https:\/\/cookiedatabase.org\/legal-bases\/#consent\">Apr\u00e8s avoir donn\u00e9 son consentement.<\/a><\/p><p class=\"cmplz-subtitle\">Dur\u00e9e de conservation<\/p><p>Nous conservons ces donn\u00e9es jusqu\u2019\u00e0 la fin du service.<\/p><\/details><h2>2. Partage avec d\u2019autres parties<\/h2><p>Nous ne partageons ou divulguons ces donn\u00e9es aux sous-traitants que dans les finalit\u00e9s suivantes\u00a0:<\/p><p class=\"cmplz-subtitle\">Sous-traitants<\/p><p><b>Nom:<\/b>&nbsp;<br \/>\n            <b>Pays:<\/b>&nbsp;<br \/>\n            <b>Finalit\u00e9\u00a0:<\/b>&nbsp;<br \/>\n            <\/p><h2>3. Cookies<\/h2><p>Notre site web utilise des cookies. Pour plus d\u2019informations sur les cookies, veuillez vous r\u00e9f\u00e9rer \u00e0 notre <a href=\"https:\/\/www.climatecoating.com\/fr\/mentions-legales\/directive-sur-les-cookies-ue\/\">Politique de cookies<\/a>.&nbsp;<\/p><h2>4. Pratiques de divulgation<\/h2><p><p>Nous divulguons des informations personnelles si nous y sommes tenus par la loi ou par une ordonnance du tribunal, en r\u00e9ponse \u00e0 un organisme d\u2019application de la loi, dans la mesure permise par d\u2019autres dispositions de la loi, pour fournir des informations, ou pour une enqu\u00eate sur une question li\u00e9e \u00e0 la s\u00e9curit\u00e9 publique.<\/p><p>Si notre site web ou notre organisation est repris, vendu ou impliqu\u00e9 dans une fusion ou une acquisition, vos donn\u00e9es peuvent \u00eatre divulgu\u00e9es \u00e0 nos conseillers et \u00e0 tout acheteur potentiel et seront transmises aux nouveaux propri\u00e9taires.<\/p><\/p><p>Nous avons conclu un accord de traitement des donn\u00e9es avec Google.<\/p><p>Google ne peut utiliser les donn\u00e9es pour aucun autre service Google.<\/p><p>L\u2019inclusion d\u2019adresses IP compl\u00e8tes est bloqu\u00e9e par nous.<\/p><h2>5. S\u00e9curit\u00e9<\/h2><p>Nous nous engageons \u00e0 la s\u00e9curit\u00e9 des donn\u00e9es personnelles. Nous prenons les mesures de s\u00e9curit\u00e9 appropri\u00e9es pour limiter les abus et l\u2019acc\u00e8s non autoris\u00e9 aux donn\u00e9es personnelles. Cela garantit que seules les personnes n\u00e9cessaires ont acc\u00e8s \u00e0 vos donn\u00e9es, que l\u2019acc\u00e8s aux donn\u00e9es est prot\u00e9g\u00e9 et que nos mesures de s\u00e9curit\u00e9 sont r\u00e9guli\u00e8rement revues.<\/p><h2>6. Sites web tierces parties<\/h2><p>Cette d\u00e9claration de confidentialit\u00e9 ne s\u2019applique pas aux sites web de tierces parties connect\u00e9s par des liens sur notre site web. Nous ne pouvons garantir que ces tierces parties g\u00e8rent vos donn\u00e9es personnelles de mani\u00e8re fiable ou s\u00e9curis\u00e9e. Nous vous recommandons de lire les d\u00e9clarations de confidentialit\u00e9 de ces sites web avant de les utiliser.<\/p><h2>7. Modifications apport\u00e9es \u00e0 cette d\u00e9claration de confidentialit\u00e9<\/h2><p>Nous nous r\u00e9servons le droit de modifier la pr\u00e9sente d\u00e9claration de confidentialit\u00e9. Il est recommand\u00e9 de consulter r\u00e9guli\u00e8rement cette d\u00e9claration de confidentialit\u00e9 afin de prendre connaissance de toute modification \u00e9ventuelle. De plus, nous vous informerons activement dans la mesure du possible.<\/p><h2>8. Acc\u00e9der \u00e0 vos donn\u00e9es et les modifier<\/h2><p>Si vous avez des questions ou souhaitez savoir quelles sont les donn\u00e9es personnelles que nous avons \u00e0 votre sujet, veuillez nous contacter. Vous pouvez nous contacter en utilisant les informations ci-dessous. Vous avez les droits suivants:<\/p><ul>\n                <li>Vous avez le droit de savoir pourquoi vos donn\u00e9es personnelles sont n\u00e9cessaires, ce qui leur arrivera et combien de temps elles seront conserv\u00e9es.<\/li>\n                <li>Droit d\u2019acc\u00e8s\u00a0: vous avez le droit d\u2019acc\u00e9der \u00e0 vos donn\u00e9es personnelles que nous connaissons.<\/li>\n                <li>Droit de rectification\u00a0: vous avez le droit \u00e0 tout moment de compl\u00e9ter, corriger, faire supprimer ou bloquer vos donn\u00e9es personnelles.<\/li>\n                <li>Si vous nous donnez votre consentement pour le traitement de vos donn\u00e9es, vous avez le droit de r\u00e9voquer ce consentement et de faire supprimer vos donn\u00e9es personnelles.<\/li>\n                <li>Droit de transf\u00e9rer vos donn\u00e9es\u00a0: vous avez le droit de demander toutes vos donn\u00e9es personnelles au responsable du traitement et de les transf\u00e9rer dans leur int\u00e9gralit\u00e9 \u00e0 un autre responsable du traitement.<\/li>\n                <li>Droit d\u2019opposition\u00a0: vous pouvez vous opposer au traitement de vos donn\u00e9es. Nous obtemp\u00e9rerons, \u00e0 moins que certaines raisons ne justifient ce traitement.<\/li>\n            <\/ul><p>Assurez-vous de toujours indiquer clairement qui vous \u00eates, afin que nous puissions \u00eatre certains de ne pas modifier ni supprimer les donn\u00e9es de la mauvaise personne.<\/p><h2>9. D\u00e9poser une plainte<\/h2><p>Si vous n\u2019\u00eates pas satisfait de la mani\u00e8re dont nous traitons (une r\u00e9clamation concernant) le traitement de vos donn\u00e9es personnelles, vous avez le droit de d\u00e9poser une r\u00e9clamation aupr\u00e8s de l\u2019autorit\u00e9 de protection des donn\u00e9es.<\/p><h2>10. D\u00e9l\u00e9gu\u00e9 \u00e0 la protection des donn\u00e9es<\/h2><p>Notre d\u00e9l\u00e9gu\u00e9 \u00e0 la protection des donn\u00e9es \u00e0 \u00e9t\u00e9 enregistr\u00e9 aupr\u00e8s des autorit\u00e9s charg\u00e9es de la protection des donn\u00e9es dans un \u00c9tat membre de l\u2019UE. Si vous avez des questions ou demandes concernant cette d\u00e9claration de confidentialit\u00e9 ou pour le d\u00e9l\u00e9gu\u00e9 \u00e0 la protection des donn\u00e9es, vous pouvez contacter STR Rechtssicher.Org UG (haftungsbeschr\u00e4nkt), via https:\/\/www.rechtssicher.org ou extdsb@rechtssicher.org ou par t\u00e9l\u00e9phone au +49 4537 701185.<\/p><h2>11. Coordonn\u00e9es<\/h2><p>SICC Coatings GmbH<br \/>\n        Wackenbergstra\u00dfe 78 \u2013 82<br \/>\r\nDE-13156 Berlin<br \/>\n        Allemagne<br \/>\n        Site web\u00a0: <a href=\"https:\/\/www.climatecoating.com\/fr\/\">https:\/\/www.climatecoating.com\/fr\/<\/a> <br \/>\n        E-mail\u00a0: <span class=\"cmplz-obfuscate\">in&#102;&#111;@<span class=\"cmplz-fmail-domain\">&#101;&#120;&#046;&#099;&#111;&#109;<\/span>s&#105;c&#099;&#046;d&#101;<\/span> <br \/>\n        Num\u00e9ro de t\u00e9l\u00e9phone\u00a0: +49 (0) 30 \/ 50 01 96-0<\/p><h2>Annexe<\/h2><p><h3>WPML<\/h3>\nWPML utilise des cookies pour d\u00e9terminer la langue actuelle du visiteur, la derni\u00e8re langue visit\u00e9e et la langue des utilisateurs qui se sont connect\u00e9s.\n\nAu fur et \u00e0 mesure que vous utilisez le plugin, WPML partagera des donn\u00e9es relatives au site via le programme d'installation. Aucune donn\u00e9e n'est partag\u00e9e par l'utilisateur lui-m\u00eame.\n<h3>WooCommerce<\/h3>\n<div class=\"wp-suggested-text\">\n<p class=\"privacy-policy-tutorial\">Cet exemple montre des informations de base sur les informations personnelles que votre boutique pourrait collecter, stocker et partager, et qui pourrait avoir acc\u00e8s \u00e0 ces informations. Selon les param\u00e8tres activ\u00e9s et les plugins suppl\u00e9mentaires utilis\u00e9s, les informations sp\u00e9cifiques utilis\u00e9es par votre boutique seront diff\u00e9rentes. Nous vous recommandons de consulter un avocat pour clarifier les informations \u00e0 inclure dans votre politique de confidentialit\u00e9.<\/p>\nNous collectons des informations vous concernant au cours du processus de commande dans notre boutique.\n<h2>Ce que nous collectons et stockons<\/h2>\nPendant que vous visitez notre site Web, nous enregistrons :\n<ul>\n <li>Produits consult\u00e9s\u00a0: nous vous montrons ici les produits que vous avez r\u00e9cemment consult\u00e9s.<\/li>\n <li>Localisation, adresse IP et type de navigateur\u00a0: nous les utilisons \u00e0 des fins telles que l'estimation des taxes et des frais d'exp\u00e9dition<\/li>\n <li>Adresse d'exp\u00e9dition\u00a0: nous vous demanderons de la fournir afin que nous puissions, par exemple, d\u00e9terminer les frais d'exp\u00e9dition avant que vous ne passiez une commande et pour pouvoir vous exp\u00e9dier la commande.<\/li>\n<\/ul>\nNous utilisons \u00e9galement des cookies pour suivre le contenu de votre panier pendant que vous naviguez sur notre site Web.\n<p class=\"privacy-policy-tutorial\">Remarque\u00a0: Vous devez mettre \u00e0 jour votre politique en mati\u00e8re de cookies avec plus de d\u00e9tails et cr\u00e9er un lien vers cette section ici.<\/p>\nLorsque vous magasinez avec nous, nous vous demanderons de fournir des informations telles que votre nom, vos adresses de facturation et de livraison, votre adresse e-mail et votre num\u00e9ro de t\u00e9l\u00e9phone, les d\u00e9tails de votre carte de cr\u00e9dit\/paiement et des informations de compte facultatives telles qu'un nom d'utilisateur et un mot de passe. Nous utilisons ces informations aux fins suivantes :\n<ul>\n <li>Envoi d'informations sur votre compte et votre commande<\/li>\n <li>R\u00e9ponse \u00e0 vos demandes, y compris les remboursements et les r\u00e9clamations<\/li>\n <li>Traitement des transactions de paiement et pr\u00e9vention de la fraude<\/li>\n <li>Configurez votre compte pour notre boutique<\/li>\n <li>Respect de toutes les obligations l\u00e9gales, telles que le calcul des taxes<\/li>\n <li>Am\u00e9liorer nos offres en magasin<\/li>\n <li>Envoyez des messages marketing si vous choisissez de les recevoir<\/li>\n<\/ul>\nLorsque vous cr\u00e9ez un compte chez nous, nous stockons votre nom, votre adresse, votre adresse e-mail et votre num\u00e9ro de t\u00e9l\u00e9phone. Ces informations seront utilis\u00e9es pour remplir les informations de paiement pour les commandes futures.\n\nNous stockons g\u00e9n\u00e9ralement les informations vous concernant aussi longtemps que nous en avons besoin \u00e0 des fins de collecte et d'utilisation et que nous sommes oblig\u00e9s de les stocker. Par exemple, nous stockons les informations de commande pendant XXX ans pour des raisons fiscales et de facturation. Cela inclut votre nom, votre adresse e-mail et votre adresse de facturation et de livraison.\n\nNous stockons \u00e9galement des commentaires ou des \u00e9valuations si vous choisissez de les laisser.\n<h2>Qui de notre \u00e9quipe a acc\u00e8s<\/h2>\nLes membres de notre \u00e9quipe ont acc\u00e8s aux informations que vous nous fournissez. Par exemple, les administrateurs et les responsables de boutique peuvent acc\u00e9der\u00a0:\n<ul>\n <li>Informations sur la commande telles que les produits achet\u00e9s, l'heure d'achat et l'adresse de livraison, et<\/li>\n <li>Informations client telles que votre nom, votre adresse e-mail et vos informations de facturation et d'exp\u00e9dition<\/li>\n<\/ul>\nLes membres de notre \u00e9quipe ont acc\u00e8s \u00e0 ces informations pour traiter les commandes, \u00e9mettre des remboursements et vous fournir une assistance.\n<h2>Ce que nous partageons avec les autres<\/h2>\n<p class=\"privacy-policy-tutorial\">Dans cette section, vous devez indiquer avec qui vous partagez des informations et dans quel but. Cela peut inclure, mais sans s'y limiter, l'analyse, le marketing, les passerelles de paiement, les fournisseurs d'exp\u00e9dition et les \u00e9l\u00e9ments tiers.<\/p>\nNous partageons des informations avec des tiers qui nous aident \u00e0 vous livrer nos commandes et nos services. Par exemple --\n<h3>Paiements<\/h3>\n<p class=\"privacy-policy-tutorial\">Dans cette sous-section, vous devez r\u00e9pertorier les processeurs de paiement externes qui traitent les paiements dans votre boutique, car ils peuvent traiter les donn\u00e9es des clients. Nous utilisons PayPal comme exemple, mais si vous n'utilisez pas PayPal, vous devez le supprimer.<\/p>\nNous acceptons les paiements avec PayPal. Lors du traitement du paiement, certaines de vos donn\u00e9es seront transmises \u00e0 PayPal. Seules les informations n\u00e9cessaires au traitement ou au paiement sont transmises, telles que le prix d'achat total et les informations de paiement.\n\nVous pouvez consulter la <a href=\"https:\/\/www.paypal.com\/us\/webapps\/mpp\/ua\/privacy-full\">Politique de confidentialit\u00e9 PayPal<\/a> ici.\n\n<\/div>\n<h3>Traduction de m\u00e9dias WPML<\/h3>\nWPML Media Translation enverra l'adresse e-mail et le nom de chaque responsable, du traducteur d\u00e9sign\u00e9, ainsi que le contenu lui-m\u00eame \u00e0 l'\u00e9diteur de traduction avanc\u00e9 et aux services de traduction sous contrat.\n<h3>WooCommerce multilingue<\/h3>\nWooCommerce Multilingual utilise des cookies pour comprendre les informations contenues dans le panier lors de l'utilisation de langues dans les domaines et pour transf\u00e9rer des donn\u00e9es entre les domaines.\n\nWooCommerce Multilingual utilise \u00e9galement des cookies pour identifier la langue et la devise de la commande de chaque client, ainsi que la langue des rapports g\u00e9n\u00e9r\u00e9s par WooCommerce. WooCommerce Multilingual \u00e9tend ces rapports en ajoutant des informations sur les devises.\n<h3>Gestion des traductions WPML<\/h3>\nWPML Translation Management enverra l'adresse e-mail et le nom de chaque responsable ainsi que le traducteur affect\u00e9 et le contenu lui-m\u00eame \u00e0 l'\u00e9diteur de traduction avanc\u00e9 et aux services de traduction d\u00e9ploy\u00e9s.\n<h3>Traduction de cha\u00eenes WPML<\/h3>\nWPML String Translation enverra toutes les cha\u00eenes \u00e0 l'\u00e9diteur de traduction avanc\u00e9 de WPML et aux services de traduction d\u00e9ploy\u00e9s.\n<h3>Vraiment SimpleSSL<\/h3>\nReally Simple SSL et Really Simple SSL Add-ons ne traitent aucune donn\u00e9e personnelle, de sorte que le GDPR ne s'applique pas \u00e0 ces plugins ou \u00e0 l'utilisation de ces plugins sur votre site Web. Vous pouvez trouver notre d\u00e9claration de confidentialit\u00e9 <a href=\"https:\/\/really-simple-ssl.com\/privacy-statement\/\" target=\"_blank\" rel=\"noopener\">ici<\/a>.\n<h3>Plug-ins YITH<\/h3>\n<div class=\"wp-suggested-text\">\n<p class=\"privacy-policy-tutorial\">Cet exemple de langage inclut les bases concernant les donn\u00e9es personnelles que votre boutique peut collecter, stocker et partager, ainsi que les personnes pouvant avoir acc\u00e8s \u00e0 ces donn\u00e9es. Selon les param\u00e8tres activ\u00e9s et les plug-ins suppl\u00e9mentaires utilis\u00e9s, les informations sp\u00e9cifiques partag\u00e9es par votre boutique varieront. Nous vous recommandons de consulter un avocat pour d\u00e9cider des informations \u00e0 divulguer dans votre politique de confidentialit\u00e9.<\/p>\n&lt;\/div<\/p><\/div>[\/vc_column_text][\/vc_column][\/vc_row]<\/p>\n<\/div>","protected":false},"excerpt":{"rendered":"<p>[vc_row row_type=&#8221;row&#8221; use_row_as_full_screen_section=&#8221;no&#8221; type=&#8221;full_width&#8221; text_align=&#8221;left&#8221; background_animation=&#8221;none&#8221; css_animation=&#8221;&#8221;][vc_column][vc_column_text] Politique de confidentialit\u00e9 (UE) [\/vc_column_text][\/vc_column][\/vc_row]<\/p>\n","protected":false},"author":1,"featured_media":0,"parent":28029,"menu_order":820,"comment_status":"closed","ping_status":"closed","template":"","meta":{"footnotes":""},"class_list":["post-28308","page","type-page","status-publish","hentry"],"_links":{"self":[{"href":"https:\/\/www.climatecoating.com\/fr\/wp-json\/wp\/v2\/pages\/28308","targetHints":{"allow":["GET"]}}],"collection":[{"href":"https:\/\/www.climatecoating.com\/fr\/wp-json\/wp\/v2\/pages"}],"about":[{"href":"https:\/\/www.climatecoating.com\/fr\/wp-json\/wp\/v2\/types\/page"}],"author":[{"embeddable":true,"href":"https:\/\/www.climatecoating.com\/fr\/wp-json\/wp\/v2\/users\/1"}],"replies":[{"embeddable":true,"href":"https:\/\/www.climatecoating.com\/fr\/wp-json\/wp\/v2\/comments?post=28308"}],"version-history":[{"count":0,"href":"https:\/\/www.climatecoating.com\/fr\/wp-json\/wp\/v2\/pages\/28308\/revisions"}],"up":[{"embeddable":true,"href":"https:\/\/www.climatecoating.com\/fr\/wp-json\/wp\/v2\/pages\/28029"}],"wp:attachment":[{"href":"https:\/\/www.climatecoating.com\/fr\/wp-json\/wp\/v2\/media?parent=28308"}],"curies":[{"name":"wp","href":"https:\/\/api.w.org\/{rel}","templated":true}]}}